{"id":28239,"date":"2025-04-25T09:30:03","date_gmt":"2025-04-25T09:30:03","guid":{"rendered":"https:\/\/www.freeshopfrontiera.ch\/shop\/la-mer-the-moisturizing-fresh-cream-60ml\/"},"modified":"2025-04-25T10:05:30","modified_gmt":"2025-04-25T10:05:30","slug":"la-mer-the-moisturizing-fresh-cream-60ml","status":"publish","type":"product","link":"https:\/\/www.freeshopfrontiera.ch\/de\/shop\/la-mer-the-moisturizing-fresh-cream-60ml\/","title":{"rendered":"LA MER The Moisturizing Fresh Cream 60ml"},"content":{"rendered":"<p class=\"\" data-start=\"3411\" data-end=\"3776\"><strong data-start=\"3411\" data-end=\"3443\">The Moisturizing Fresh Cream<\/strong> von <strong data-start=\"3448\" data-end=\"3458\">La Mer<\/strong> ist eine frische Neuinterpretation der ikonischen Pflege der Marke \u2013 ideal f\u00fcr alle, die eine leichtere Textur bevorzugen, ohne auf die regenerierende Kraft der legend\u00e4ren <strong data-start=\"3631\" data-end=\"3649\">Miracle Broth\u2122<\/strong> zu verzichten. Sanft und erfrischend im Auftrag, spendet diese Creme intensive Feuchtigkeit mit einem schwerelosen Hautgef\u00fchl.<\/p>\n<p class=\"\" data-start=\"3778\" data-end=\"4098\">Angereichert mit dem <strong data-start=\"3799\" data-end=\"3829\">fermentierten Algenelixier<\/strong>, beruhigt, revitalisiert und verbessert The Moisturizing Fresh Cream sichtbar das Hautbild. Tag f\u00fcr Tag wirkt die Haut geschmeidiger, elastischer und strahlender. Zeichen von M\u00fcdigkeit werden gemildert, die Hautbarriere gest\u00e4rkt \u2013 f\u00fcr einen gesunden, erneuerten Teint.<\/p>\n<p class=\"\" data-start=\"4100\" data-end=\"4309\">Die ultra-seidige Textur verschmilzt sofort mit der Haut und hinterl\u00e4sst ein frisches, nicht fettendes Finish. Ideal f\u00fcr normale bis Mischhaut oder f\u00fcr alle, die eine leichte, aber wirkungsvolle Pflege suchen.<\/p>\n<p class=\"\" data-start=\"4311\" data-end=\"4543\">Wie bei allen La Mer Produkten geh\u00f6rt auch hier ein spezielles Ritual dazu: Eine kleine Menge zwischen den Fingern erw\u00e4rmen, um die Wirkstoffe zu aktivieren, dann sanft in die Haut pressen. Ein luxuri\u00f6ser Pflegemoment f\u00fcr jeden Tag.<\/p>\n<p class=\"\" data-start=\"4545\" data-end=\"4724\">In einem eleganten <strong data-start=\"4564\" data-end=\"4573\">60 ml<\/strong> Tiegel verpackt, ist The Moisturizing Fresh Cream die ideale t\u00e4gliche Pflege \u2013 besonders geeignet f\u00fcr w\u00e4rmere Monate oder Liebhaber leichter Texturen.<\/p>\n<p class=\"\" data-start=\"4726\" data-end=\"4875\">Entdecken Sie <strong data-start=\"4740\" data-end=\"4779\">LA MER The Moisturizing Fresh Cream<\/strong>: frische Feuchtigkeit, die Ihre Haut Tag f\u00fcr Tag erneuert, regeneriert und zum Strahlen bringt.<\/p>\n<p data-start=\"1721\" data-end=\"1856\">Follow us! <a href=\"https:\/\/www.instagram.com\/freeshopswiss\/\" target=\"_blank\" rel=\"noopener\">@freeshopswiss<\/a><\/p>\n","protected":false},"excerpt":{"rendered":"<p>The Moisturizing Fresh Cream von La Mer ist eine frische Neuinterpretation der ikonischen Pflege der Marke \u2013 ideal f\u00fcr alle, die eine leichtere Textur bevorzugen, ohne auf die regenerierende Kraft der legend\u00e4ren Miracle Broth\u2122 zu verzichten. Sanft und erfrischend im Auftrag, spendet diese Creme intensive Feuchtigkeit mit einem schwerelosen Hautgef\u00fchl. Angereichert mit dem fermentierten Algenelixier, [&hellip;]<\/p>\n","protected":false},"featured_media":28230,"comment_status":"open","ping_status":"closed","template":"","meta":[],"pwb-brand":[962],"product_brand":[],"product_cat":[292,111,546],"product_tag":[419,293,300],"class_list":{"0":"post-28239","1":"product","2":"type-product","3":"status-publish","4":"has-post-thumbnail","6":"pwb-brand-la-mer","7":"product_cat-behandlungen","8":"product_cat-fur-sie-de","9":"product_cat-gesichtsbehandlung","10":"product_tag-behandlungen-de","11":"product_tag-frau","12":"product_tag-gesichtsbehandlungen","14":"first","15":"instock","16":"sale","17":"taxable","18":"shipping-taxable","19":"purchasable","20":"product-type-simple"},"brands":[{"id":962,"name":"La Mer","slug":"la-mer"}],"_links":{"self":[{"href":"https:\/\/www.freeshopfrontiera.ch\/de\/wp-json\/wp\/v2\/product\/28239","targetHints":{"allow":["GET"]}}],"collection":[{"href":"https:\/\/www.freeshopfrontiera.ch\/de\/wp-json\/wp\/v2\/product"}],"about":[{"href":"https:\/\/www.freeshopfrontiera.ch\/de\/wp-json\/wp\/v2\/types\/product"}],"replies":[{"embeddable":true,"href":"https:\/\/www.freeshopfrontiera.ch\/de\/wp-json\/wp\/v2\/comments?post=28239"}],"version-history":[{"count":3,"href":"https:\/\/www.freeshopfrontiera.ch\/de\/wp-json\/wp\/v2\/product\/28239\/revisions"}],"predecessor-version":[{"id":28259,"href":"https:\/\/www.freeshopfrontiera.ch\/de\/wp-json\/wp\/v2\/product\/28239\/revisions\/28259"}],"wp:featuredmedia":[{"embeddable":true,"href":"https:\/\/www.freeshopfrontiera.ch\/de\/wp-json\/wp\/v2\/media\/28230"}],"wp:attachment":[{"href":"https:\/\/www.freeshopfrontiera.ch\/de\/wp-json\/wp\/v2\/media?parent=28239"}],"wp:term":[{"taxonomy":"pwb-brand","embeddable":true,"href":"https:\/\/www.freeshopfrontiera.ch\/de\/wp-json\/wp\/v2\/pwb-brand?post=28239"},{"taxonomy":"product_brand","embeddable":true,"href":"https:\/\/www.freeshopfrontiera.ch\/de\/wp-json\/wp\/v2\/product_brand?post=28239"},{"taxonomy":"product_cat","embeddable":true,"href":"https:\/\/www.freeshopfrontiera.ch\/de\/wp-json\/wp\/v2\/product_cat?post=28239"},{"taxonomy":"product_tag","embeddable":true,"href":"https:\/\/www.freeshopfrontiera.ch\/de\/wp-json\/wp\/v2\/product_tag?post=28239"}],"curies":[{"name":"wp","href":"https:\/\/api.w.org\/{rel}","templated":true}]}}