{"id":28254,"date":"2025-04-25T09:50:15","date_gmt":"2025-04-25T09:50:15","guid":{"rendered":"https:\/\/www.freeshopfrontiera.ch\/shop\/grace-day-collagen-cellulose-mask-1-sheet-27g\/"},"modified":"2025-04-25T10:11:48","modified_gmt":"2025-04-25T10:11:48","slug":"grace-day-collagen-cellulose-mask-1-sheet-27g","status":"publish","type":"product","link":"https:\/\/www.freeshopfrontiera.ch\/de\/shop\/grace-day-collagen-cellulose-mask-1-sheet-27g\/","title":{"rendered":"GRACE DAY Collagen Cellulose Maske 1 sheet (27g)"},"content":{"rendered":"<p class=\"\" data-start=\"3484\" data-end=\"3788\">Die <strong data-start=\"3488\" data-end=\"3516\">Collagen Cellulose Maske<\/strong> von <strong data-start=\"3521\" data-end=\"3534\">Grace Day<\/strong> ist eine einzeln verpackte Tuchmaske, die eine intensive Sch\u00f6nheitsbehandlung mit reichhaltigem <strong data-start=\"3631\" data-end=\"3643\">Kollagen<\/strong> bietet \u2013 dem Schl\u00fcssel zu straffer, jugendlicher Haut. Eine t\u00e4gliche Pflege, die die Haut tiefenwirksam n\u00e4hrt und ihr neue Strahlkraft verleiht.<\/p>\n<p class=\"\" data-start=\"3790\" data-end=\"4110\">Die Formel mit <strong data-start=\"3805\" data-end=\"3832\">hydrolysiertem Kollagen<\/strong> wirkt gl\u00e4ttend und straffend, reduziert sichtbar feine Linien und l\u00e4sst die Haut erholter und ges\u00fcnder aussehen. Angereichert mit feuchtigkeitsspendenden und beruhigenden Inhaltsstoffen, st\u00e4rkt die Maske die Hautbarriere und sorgt f\u00fcr ein geschmeidiges, gesch\u00fctztes Hautgef\u00fchl.<\/p>\n<p class=\"\" data-start=\"4112\" data-end=\"4362\">Das <strong data-start=\"4116\" data-end=\"4145\">nat\u00fcrliche Cellulose-Tuch<\/strong> passt sich perfekt den Gesichtskonturen an und f\u00f6rdert die Aufnahme der Wirkstoffe, w\u00e4hrend es angenehm k\u00fchlend wirkt. Die Serum-Textur ist leicht, aber reichhaltig \u2013 ideal f\u00fcr alle Hauttypen, auch empfindliche Haut.<\/p>\n<p class=\"\" data-start=\"4364\" data-end=\"4561\">Ob nach einem anstrengenden Tag oder als Vorbereitung vor dem Make-up \u2013 die <strong data-start=\"4440\" data-end=\"4459\">Grace Day Maske<\/strong> hinterl\u00e4sst die Haut bereits nach einer Anwendung sichtbar hydratisiert, strahlend und aufgepolstert.<\/p>\n<p class=\"\" data-start=\"4563\" data-end=\"4723\">Anwendung: Nach der Reinigung die Maske auf das Gesicht auflegen und 15\u201320 Minuten einwirken lassen. Danach abnehmen und das restliche Serum sanft einmassieren.<\/p>\n<p class=\"\" data-start=\"4725\" data-end=\"4854\">Mit ihrem praktischen Format von <strong data-start=\"4758\" data-end=\"4774\">1 Tuch (27g)<\/strong> eignet sie sich perfekt f\u00fcr Reisen oder eine entspannte Pflegeroutine zu Hause.<\/p>\n<p class=\"\" data-start=\"4856\" data-end=\"4984\">Entdecken Sie die <strong data-start=\"4874\" data-end=\"4916\">Collagen Cellulose Maske von Grace Day<\/strong> \u2013 f\u00fcr mehr Feuchtigkeit, Festigkeit und Wohlbefinden f\u00fcr Ihre Haut.<\/p>\n<p data-start=\"1792\" data-end=\"1913\">Follow all our news! <a href=\"https:\/\/www.instagram.com\/freeshopswiss\/\" target=\"_blank\" rel=\"noopener\">@freeshopswiss<\/a><\/p>\n","protected":false},"excerpt":{"rendered":"<p>Die Collagen Cellulose Maske von Grace Day ist eine einzeln verpackte Tuchmaske, die eine intensive Sch\u00f6nheitsbehandlung mit reichhaltigem Kollagen bietet \u2013 dem Schl\u00fcssel zu straffer, jugendlicher Haut. Eine t\u00e4gliche Pflege, die die Haut tiefenwirksam n\u00e4hrt und ihr neue Strahlkraft verleiht. Die Formel mit hydrolysiertem Kollagen wirkt gl\u00e4ttend und straffend, reduziert sichtbar feine Linien und l\u00e4sst [&hellip;]<\/p>\n","protected":false},"featured_media":28250,"comment_status":"open","ping_status":"closed","template":"","meta":[],"pwb-brand":[945],"product_brand":[],"product_cat":[292,111,546,3769],"product_tag":[419,293,300,3612],"class_list":{"0":"post-28254","1":"product","2":"type-product","3":"status-publish","4":"has-post-thumbnail","6":"pwb-brand-grace-day","7":"product_cat-behandlungen","8":"product_cat-fur-sie-de","9":"product_cat-gesichtsbehandlung","10":"product_cat-k-beauty-de","11":"product_tag-behandlungen-de","12":"product_tag-frau","13":"product_tag-gesichtsbehandlungen","14":"product_tag-k-beauty-de","16":"first","17":"outofstock","18":"sale","19":"taxable","20":"shipping-taxable","21":"purchasable","22":"product-type-simple"},"brands":[{"id":945,"name":"Grace Day","slug":"grace-day"}],"_links":{"self":[{"href":"https:\/\/www.freeshopfrontiera.ch\/de\/wp-json\/wp\/v2\/product\/28254","targetHints":{"allow":["GET"]}}],"collection":[{"href":"https:\/\/www.freeshopfrontiera.ch\/de\/wp-json\/wp\/v2\/product"}],"about":[{"href":"https:\/\/www.freeshopfrontiera.ch\/de\/wp-json\/wp\/v2\/types\/product"}],"replies":[{"embeddable":true,"href":"https:\/\/www.freeshopfrontiera.ch\/de\/wp-json\/wp\/v2\/comments?post=28254"}],"version-history":[{"count":2,"href":"https:\/\/www.freeshopfrontiera.ch\/de\/wp-json\/wp\/v2\/product\/28254\/revisions"}],"predecessor-version":[{"id":28258,"href":"https:\/\/www.freeshopfrontiera.ch\/de\/wp-json\/wp\/v2\/product\/28254\/revisions\/28258"}],"wp:featuredmedia":[{"embeddable":true,"href":"https:\/\/www.freeshopfrontiera.ch\/de\/wp-json\/wp\/v2\/media\/28250"}],"wp:attachment":[{"href":"https:\/\/www.freeshopfrontiera.ch\/de\/wp-json\/wp\/v2\/media?parent=28254"}],"wp:term":[{"taxonomy":"pwb-brand","embeddable":true,"href":"https:\/\/www.freeshopfrontiera.ch\/de\/wp-json\/wp\/v2\/pwb-brand?post=28254"},{"taxonomy":"product_brand","embeddable":true,"href":"https:\/\/www.freeshopfrontiera.ch\/de\/wp-json\/wp\/v2\/product_brand?post=28254"},{"taxonomy":"product_cat","embeddable":true,"href":"https:\/\/www.freeshopfrontiera.ch\/de\/wp-json\/wp\/v2\/product_cat?post=28254"},{"taxonomy":"product_tag","embeddable":true,"href":"https:\/\/www.freeshopfrontiera.ch\/de\/wp-json\/wp\/v2\/product_tag?post=28254"}],"curies":[{"name":"wp","href":"https:\/\/api.w.org\/{rel}","templated":true}]}}