{"id":28370,"date":"2025-04-25T13:00:32","date_gmt":"2025-04-25T13:00:32","guid":{"rendered":"https:\/\/www.freeshopfrontiera.ch\/shop\/grace-day-pomegranate-cellulose-mask-1-sheet-27g\/"},"modified":"2025-04-25T13:20:27","modified_gmt":"2025-04-25T13:20:27","slug":"grace-day-pomegranate-cellulose-mask-1-sheet-27g","status":"publish","type":"product","link":"https:\/\/www.freeshopfrontiera.ch\/de\/shop\/grace-day-pomegranate-cellulose-mask-1-sheet-27g\/","title":{"rendered":"GRACE DAY Pomegranate Cellulose Mask 1 sheet (27g)"},"content":{"rendered":"<p class=\"\" data-start=\"3135\" data-end=\"3519\">Die <strong data-start=\"3139\" data-end=\"3170\">Granatapfel Cellulose-Maske<\/strong> von <strong data-start=\"3175\" data-end=\"3188\">Grace Day<\/strong> ist eine Einweg-Tuchmaske, angereichert mit <strong data-start=\"3233\" data-end=\"3255\">Granatapfelextrakt<\/strong>, einem starken Antioxidans, das hilft, die Haut zu revitalisieren und ihr Aussehen zu verbessern. Granatapfel ist bekannt f\u00fcr seine n\u00e4hrenden Eigenschaften, die die Kollagenproduktion f\u00f6rdern, die Hautelastizit\u00e4t verbessern und Zeichen der Hautalterung bek\u00e4mpfen.<\/p>\n<p class=\"\" data-start=\"3521\" data-end=\"3837\">Diese Maske ist daf\u00fcr entwickelt, die Haut zu erfrischen und zu straffen, Anzeichen von Stress und M\u00fcdigkeit zu reduzieren. Der <strong data-start=\"3649\" data-end=\"3671\">Granatapfelextrakt<\/strong>, reich an Vitaminen und Mineralstoffen, spendet der Haut tiefenwirksam Feuchtigkeit und revitalisiert sie, sodass sie weich, elastisch und sichtbar strahlender wird.<\/p>\n<p class=\"\" data-start=\"3839\" data-end=\"4163\">Der <strong data-start=\"3843\" data-end=\"3873\">nat\u00fcrliche Cellulose-Stoff<\/strong> passt sich perfekt den Konturen des Gesichts an und erm\u00f6glicht es den aktiven Inhaltsstoffen, effektiv einzudringen, ohne klebrige R\u00fcckst\u00e4nde zu hinterlassen. Die leichte, frische Textur des Serums n\u00e4hrt und hydratisiert die Haut und verleiht ihr ein ges\u00fcnderes und strahlenderes Aussehen.<\/p>\n<p class=\"\" data-start=\"4165\" data-end=\"4373\"><strong data-start=\"4165\" data-end=\"4178\">Anwendung<\/strong>: Nach der Gesichtsreinigung die Maske auftragen und 15\u201320 Minuten einwirken lassen. Entfernen Sie die Maske und massieren Sie das verbleibende Serum sanft ein, bis es vollst\u00e4ndig absorbiert ist.<\/p>\n<p class=\"\" data-start=\"4375\" data-end=\"4548\">Perfekt f\u00fcr eine w\u00f6chentliche Anwendung oder um der Haut vor einem besonderen Anlass einen Frischekick zu verleihen, ist die <strong data-start=\"4500\" data-end=\"4517\">1 Blatt (27g)<\/strong> Maske praktisch f\u00fcr unterwegs.<\/p>\n<p class=\"\" data-start=\"4550\" data-end=\"4691\">Entdecken Sie die <strong data-start=\"4568\" data-end=\"4599\">Granatapfel Cellulose-Maske<\/strong> von Grace Day: die ideale Behandlung f\u00fcr gen\u00e4hrte, straffere und nat\u00fcrlich strahlende Haut.<\/p>\n<p data-start=\"1361\" data-end=\"1492\">Follow us! <a href=\"https:\/\/www.instagram.com\/freeshopswiss\/\" target=\"_blank\" rel=\"noopener\">@freeshopswiss<\/a><\/p>\n","protected":false},"excerpt":{"rendered":"<p>Die Granatapfel Cellulose-Maske von Grace Day ist eine Einweg-Tuchmaske, angereichert mit Granatapfelextrakt, einem starken Antioxidans, das hilft, die Haut zu revitalisieren und ihr Aussehen zu verbessern. Granatapfel ist bekannt f\u00fcr seine n\u00e4hrenden Eigenschaften, die die Kollagenproduktion f\u00f6rdern, die Hautelastizit\u00e4t verbessern und Zeichen der Hautalterung bek\u00e4mpfen. Diese Maske ist daf\u00fcr entwickelt, die Haut zu erfrischen und [&hellip;]<\/p>\n","protected":false},"featured_media":28364,"comment_status":"open","ping_status":"closed","template":"","meta":[],"pwb-brand":[945],"product_brand":[],"product_cat":[292,111,546,3769],"product_tag":[419,293,300,3612],"class_list":{"0":"post-28370","1":"product","2":"type-product","3":"status-publish","4":"has-post-thumbnail","6":"pwb-brand-grace-day","7":"product_cat-behandlungen","8":"product_cat-fur-sie-de","9":"product_cat-gesichtsbehandlung","10":"product_cat-k-beauty-de","11":"product_tag-behandlungen-de","12":"product_tag-frau","13":"product_tag-gesichtsbehandlungen","14":"product_tag-k-beauty-de","16":"first","17":"outofstock","18":"sale","19":"taxable","20":"shipping-taxable","21":"purchasable","22":"product-type-simple"},"brands":[{"id":945,"name":"Grace Day","slug":"grace-day"}],"_links":{"self":[{"href":"https:\/\/www.freeshopfrontiera.ch\/de\/wp-json\/wp\/v2\/product\/28370","targetHints":{"allow":["GET"]}}],"collection":[{"href":"https:\/\/www.freeshopfrontiera.ch\/de\/wp-json\/wp\/v2\/product"}],"about":[{"href":"https:\/\/www.freeshopfrontiera.ch\/de\/wp-json\/wp\/v2\/types\/product"}],"replies":[{"embeddable":true,"href":"https:\/\/www.freeshopfrontiera.ch\/de\/wp-json\/wp\/v2\/comments?post=28370"}],"version-history":[{"count":1,"href":"https:\/\/www.freeshopfrontiera.ch\/de\/wp-json\/wp\/v2\/product\/28370\/revisions"}],"predecessor-version":[{"id":28375,"href":"https:\/\/www.freeshopfrontiera.ch\/de\/wp-json\/wp\/v2\/product\/28370\/revisions\/28375"}],"wp:featuredmedia":[{"embeddable":true,"href":"https:\/\/www.freeshopfrontiera.ch\/de\/wp-json\/wp\/v2\/media\/28364"}],"wp:attachment":[{"href":"https:\/\/www.freeshopfrontiera.ch\/de\/wp-json\/wp\/v2\/media?parent=28370"}],"wp:term":[{"taxonomy":"pwb-brand","embeddable":true,"href":"https:\/\/www.freeshopfrontiera.ch\/de\/wp-json\/wp\/v2\/pwb-brand?post=28370"},{"taxonomy":"product_brand","embeddable":true,"href":"https:\/\/www.freeshopfrontiera.ch\/de\/wp-json\/wp\/v2\/product_brand?post=28370"},{"taxonomy":"product_cat","embeddable":true,"href":"https:\/\/www.freeshopfrontiera.ch\/de\/wp-json\/wp\/v2\/product_cat?post=28370"},{"taxonomy":"product_tag","embeddable":true,"href":"https:\/\/www.freeshopfrontiera.ch\/de\/wp-json\/wp\/v2\/product_tag?post=28370"}],"curies":[{"name":"wp","href":"https:\/\/api.w.org\/{rel}","templated":true}]}}