{"id":28384,"date":"2025-04-25T13:36:32","date_gmt":"2025-04-25T13:36:32","guid":{"rendered":"https:\/\/www.freeshopfrontiera.ch\/shop\/grace-day-aloe-cellulose-mask-1-sheet-27g\/"},"modified":"2025-04-25T13:43:57","modified_gmt":"2025-04-25T13:43:57","slug":"grace-day-aloe-cellulose-mask-1-sheet-27g","status":"publish","type":"product","link":"https:\/\/www.freeshopfrontiera.ch\/de\/shop\/grace-day-aloe-cellulose-mask-1-sheet-27g\/","title":{"rendered":"GRACE DAY Aloe Cellulose Mask 1 sheet (27g)"},"content":{"rendered":"<p class=\"\" data-start=\"3274\" data-end=\"3650\">Die <strong data-start=\"3278\" data-end=\"3312\">GRACE DAY Aloe Cellulose-Maske<\/strong> ist eine Einweg-Tuchmaske, angereichert mit <strong data-start=\"3357\" data-end=\"3378\">Aloe-Vera-Extrakt<\/strong>, der f\u00fcr seine beruhigenden, feuchtigkeitsspendenden und regenerierenden Eigenschaften bekannt ist. Diese Maske ist ideal f\u00fcr Haut, die eine erfrischende und beruhigende Behandlung ben\u00f6tigt, besonders geeignet f\u00fcr empfindliche, gereizte oder durch Sonne gesch\u00e4digte Haut.<\/p>\n<p class=\"\" data-start=\"3652\" data-end=\"3985\"><strong data-start=\"3652\" data-end=\"3665\">Aloe Vera<\/strong> ist reich an Vitaminen, Mineralstoffen und Aminos\u00e4uren, die die Haut n\u00e4hren und regenerieren und ihr helfen, sich von Stress und Dehydrierung zu erholen. Mit ihrer feuchtigkeitsspendenden Kraft hilft Aloe, das nat\u00fcrliche Feuchtigkeitsgleichgewicht der Haut wiederherzustellen, wodurch sie sich frisch und weich anf\u00fchlt.<\/p>\n<p class=\"\" data-start=\"3987\" data-end=\"4324\">Der <strong data-start=\"3991\" data-end=\"4021\">nat\u00fcrliche Cellulose-Stoff<\/strong> passt sich perfekt den Konturen des Gesichts an, sodass die aktiven Inhaltsstoffe tief eindringen k\u00f6nnen, ohne klebrige R\u00fcckst\u00e4nde zu hinterlassen. Die leichte, erfrischende Textur des Serums spendet sofortige und langanhaltende Feuchtigkeit und l\u00e4sst die Haut sichtbar straffer und strahlender wirken.<\/p>\n<p class=\"\" data-start=\"4326\" data-end=\"4515\"><strong data-start=\"4326\" data-end=\"4339\">Anwendung<\/strong>: Nach der Gesichtsreinigung die Maske auftragen und 15\u201320 Minuten einwirken lassen. Entfernen und das verbleibende Serum sanft einmassieren, bis es vollst\u00e4ndig absorbiert ist.<\/p>\n<p class=\"\" data-start=\"4517\" data-end=\"4672\">Perfekt f\u00fcr eine w\u00f6chentliche Anwendung oder um die Haut nach einem intensiven Tag zu beruhigen, ist diese Maske ideal f\u00fcr empfindliche oder gereizte Haut.<\/p>\n<p class=\"\" data-start=\"4674\" data-end=\"4754\">Mit dem praktischen <strong data-start=\"4694\" data-end=\"4711\">1 Blatt (27g)<\/strong> Format ist sie \u00fcberall leicht mitzunehmen.<\/p>\n<p class=\"\" data-start=\"4756\" data-end=\"4887\">Entdecken Sie die <strong data-start=\"4774\" data-end=\"4798\">Aloe Cellulose-Maske<\/strong> von Grace Day: die perfekte Behandlung f\u00fcr hydratisierte, beruhigte und erfrischte Haut.<\/p>\n<p data-start=\"1469\" data-end=\"1586\">Follow us! <a href=\"https:\/\/www.instagram.com\/freeshopswiss\/\" target=\"_blank\" rel=\"noopener\">@freeshopswiss<\/a><\/p>\n","protected":false},"excerpt":{"rendered":"<p>Die GRACE DAY Aloe Cellulose-Maske ist eine Einweg-Tuchmaske, angereichert mit Aloe-Vera-Extrakt, der f\u00fcr seine beruhigenden, feuchtigkeitsspendenden und regenerierenden Eigenschaften bekannt ist. Diese Maske ist ideal f\u00fcr Haut, die eine erfrischende und beruhigende Behandlung ben\u00f6tigt, besonders geeignet f\u00fcr empfindliche, gereizte oder durch Sonne gesch\u00e4digte Haut. Aloe Vera ist reich an Vitaminen, Mineralstoffen und Aminos\u00e4uren, die die [&hellip;]<\/p>\n","protected":false},"featured_media":28380,"comment_status":"open","ping_status":"closed","template":"","meta":[],"pwb-brand":[945],"product_brand":[],"product_cat":[292,111,546,3769],"product_tag":[419,293,300,3612],"class_list":{"0":"post-28384","1":"product","2":"type-product","3":"status-publish","4":"has-post-thumbnail","6":"pwb-brand-grace-day","7":"product_cat-behandlungen","8":"product_cat-fur-sie-de","9":"product_cat-gesichtsbehandlung","10":"product_cat-k-beauty-de","11":"product_tag-behandlungen-de","12":"product_tag-frau","13":"product_tag-gesichtsbehandlungen","14":"product_tag-k-beauty-de","16":"first","17":"outofstock","18":"sale","19":"taxable","20":"shipping-taxable","21":"purchasable","22":"product-type-simple"},"brands":[{"id":945,"name":"Grace Day","slug":"grace-day"}],"_links":{"self":[{"href":"https:\/\/www.freeshopfrontiera.ch\/de\/wp-json\/wp\/v2\/product\/28384","targetHints":{"allow":["GET"]}}],"collection":[{"href":"https:\/\/www.freeshopfrontiera.ch\/de\/wp-json\/wp\/v2\/product"}],"about":[{"href":"https:\/\/www.freeshopfrontiera.ch\/de\/wp-json\/wp\/v2\/types\/product"}],"replies":[{"embeddable":true,"href":"https:\/\/www.freeshopfrontiera.ch\/de\/wp-json\/wp\/v2\/comments?post=28384"}],"version-history":[{"count":3,"href":"https:\/\/www.freeshopfrontiera.ch\/de\/wp-json\/wp\/v2\/product\/28384\/revisions"}],"predecessor-version":[{"id":28393,"href":"https:\/\/www.freeshopfrontiera.ch\/de\/wp-json\/wp\/v2\/product\/28384\/revisions\/28393"}],"wp:featuredmedia":[{"embeddable":true,"href":"https:\/\/www.freeshopfrontiera.ch\/de\/wp-json\/wp\/v2\/media\/28380"}],"wp:attachment":[{"href":"https:\/\/www.freeshopfrontiera.ch\/de\/wp-json\/wp\/v2\/media?parent=28384"}],"wp:term":[{"taxonomy":"pwb-brand","embeddable":true,"href":"https:\/\/www.freeshopfrontiera.ch\/de\/wp-json\/wp\/v2\/pwb-brand?post=28384"},{"taxonomy":"product_brand","embeddable":true,"href":"https:\/\/www.freeshopfrontiera.ch\/de\/wp-json\/wp\/v2\/product_brand?post=28384"},{"taxonomy":"product_cat","embeddable":true,"href":"https:\/\/www.freeshopfrontiera.ch\/de\/wp-json\/wp\/v2\/product_cat?post=28384"},{"taxonomy":"product_tag","embeddable":true,"href":"https:\/\/www.freeshopfrontiera.ch\/de\/wp-json\/wp\/v2\/product_tag?post=28384"}],"curies":[{"name":"wp","href":"https:\/\/api.w.org\/{rel}","templated":true}]}}