{"id":28423,"date":"2025-04-25T14:39:03","date_gmt":"2025-04-25T14:39:03","guid":{"rendered":"https:\/\/www.freeshopfrontiera.ch\/shop\/babor-set-hsr-lifting\/"},"modified":"2025-04-25T14:48:31","modified_gmt":"2025-04-25T14:48:31","slug":"babor-set-hsr-lifting","status":"publish","type":"product","link":"https:\/\/www.freeshopfrontiera.ch\/de\/shop\/babor-set-hsr-lifting\/","title":{"rendered":"BABOR SET HSR Lifting"},"content":{"rendered":"<p class=\"\" data-start=\"292\" data-end=\"666\">Das <strong data-start=\"296\" data-end=\"321\">BABOR HSR Lifting Set<\/strong> ist ein hochwirksames Anti-Aging-Pflegeset, das zwei Premium-Produkte vereint, die speziell zur umfassenden Bek\u00e4mpfung aller Arten von Falten entwickelt wurden. Mit innovativen Wirkstoffen und modernster Forschung setzt diese Pflegelinie neue Ma\u00dfst\u00e4be im kosmetischen Lifting und sorgt f\u00fcr sichtbar straffere, gegl\u00e4ttete und jugendlichere Haut.<\/p>\n<p class=\"\" data-start=\"668\" data-end=\"688\"><strong data-start=\"668\" data-end=\"688\">Das Set enth\u00e4lt:<\/strong><\/p>\n<ul data-start=\"690\" data-end=\"1873\">\n<li class=\"\" data-start=\"690\" data-end=\"1360\">\n<p class=\"\" data-start=\"692\" data-end=\"1360\"><strong data-start=\"692\" data-end=\"721\">HSR Lifting Cream (50 ml)<\/strong><br data-start=\"721\" data-end=\"724\" \/>Diese luxuri\u00f6se Anti-Falten-Creme kombiniert sechs leistungsstarke Wirkstoffe, die synergetisch gegen Schwerkraftfalten, Plisseefalten und Mimikfalten wirken \u2013 etwa Zornesfalten und Nasolabialfalten. Sie mildert nicht nur bereits vorhandene Falten, sondern verlangsamt durch ein nat\u00fcrliches Glucosid auch die Entstehung neuer Linien. Dar\u00fcber hinaus wird der Abbau von Kollagen und Elastin reduziert und die durch Glykation verursachten Hautsch\u00e4den werden sichtbar verbessert. Der Teint erscheint ebenm\u00e4\u00dfiger, praller und jugendlicher. Zus\u00e4tzlich hilft die Creme, Pigmentst\u00f6rungen zu minimieren und sorgt f\u00fcr einen strahlenden Hautton.<\/p>\n<\/li>\n<li class=\"\" data-start=\"1362\" data-end=\"1873\">\n<p class=\"\" data-start=\"1364\" data-end=\"1873\"><strong data-start=\"1364\" data-end=\"1410\">HSR Lifting Anti-Wrinkle Eye Cream (15 ml)<\/strong><br data-start=\"1410\" data-end=\"1413\" \/>Die hochwirksame Augencreme wurde speziell f\u00fcr die empfindliche Augenpartie entwickelt. Sie reduziert sichtbar Kr\u00e4henf\u00fc\u00dfe, Schwellungen und dunkle Augenringe. Dank eines maritimen Wirkstoffkomplexes aus Meerwasser und Algin wird die Haut um die Augen gestrafft und das Oberlid wirkt optisch angehoben. Der Blick erscheint sofort frischer, wacher und strahlender. Gleichzeitig wird die Haut intensiv mit Feuchtigkeit versorgt und vor neuen F\u00e4ltchen gesch\u00fctzt.<\/p>\n<\/li>\n<\/ul>\n<p class=\"\" data-start=\"1875\" data-end=\"2126\">Dieses Set ist ideal f\u00fcr alle, die sich eine intensive Anti-Falten-Pflege auf h\u00f6chstem Niveau w\u00fcnschen \u2013 ob zur t\u00e4glichen Anwendung oder als exklusives Geschenk. Besonders geeignet f\u00fcr reife, anspruchsvolle oder durch \u00e4u\u00dfere Einfl\u00fcsse gestresste Haut.<\/p>\n<p class=\"\" data-start=\"2128\" data-end=\"2288\">Erleben Sie mit dem BABOR HSR Lifting Set ein pers\u00f6nliches Luxus-Lifting mit sichtbaren Ergebnissen \u2013 f\u00fcr eine gegl\u00e4ttete, gest\u00e4rkte und jugendlich sch\u00f6ne Haut.<\/p>\n<p data-start=\"1650\" data-end=\"1739\">Follow us! <a href=\"https:\/\/www.instagram.com\/freeshopswiss\/\" target=\"_blank\" rel=\"noopener\">@freeshopswiss<\/a><\/p>\n","protected":false},"excerpt":{"rendered":"<p>Das BABOR HSR Lifting Set ist ein hochwirksames Anti-Aging-Pflegeset, das zwei Premium-Produkte vereint, die speziell zur umfassenden Bek\u00e4mpfung aller Arten von Falten entwickelt wurden. Mit innovativen Wirkstoffen und modernster Forschung setzt diese Pflegelinie neue Ma\u00dfst\u00e4be im kosmetischen Lifting und sorgt f\u00fcr sichtbar straffere, gegl\u00e4ttete und jugendlichere Haut. Das Set enth\u00e4lt: HSR Lifting Cream (50 ml)Diese [&hellip;]<\/p>\n","protected":false},"featured_media":28419,"comment_status":"open","ping_status":"closed","template":"","meta":[],"pwb-brand":[808],"product_brand":[],"product_cat":[292,111,485,546],"product_tag":[419,293,300],"class_list":{"0":"post-28423","1":"product","2":"type-product","3":"status-publish","4":"has-post-thumbnail","6":"pwb-brand-babor","7":"product_cat-behandlungen","8":"product_cat-fur-sie-de","9":"product_cat-geschenkbox","10":"product_cat-gesichtsbehandlung","11":"product_tag-behandlungen-de","12":"product_tag-frau","13":"product_tag-gesichtsbehandlungen","15":"first","16":"outofstock","17":"sale","18":"taxable","19":"shipping-taxable","20":"purchasable","21":"product-type-simple"},"brands":[{"id":808,"name":"Babor","slug":"babor"}],"_links":{"self":[{"href":"https:\/\/www.freeshopfrontiera.ch\/de\/wp-json\/wp\/v2\/product\/28423","targetHints":{"allow":["GET"]}}],"collection":[{"href":"https:\/\/www.freeshopfrontiera.ch\/de\/wp-json\/wp\/v2\/product"}],"about":[{"href":"https:\/\/www.freeshopfrontiera.ch\/de\/wp-json\/wp\/v2\/types\/product"}],"replies":[{"embeddable":true,"href":"https:\/\/www.freeshopfrontiera.ch\/de\/wp-json\/wp\/v2\/comments?post=28423"}],"version-history":[{"count":2,"href":"https:\/\/www.freeshopfrontiera.ch\/de\/wp-json\/wp\/v2\/product\/28423\/revisions"}],"predecessor-version":[{"id":28428,"href":"https:\/\/www.freeshopfrontiera.ch\/de\/wp-json\/wp\/v2\/product\/28423\/revisions\/28428"}],"wp:featuredmedia":[{"embeddable":true,"href":"https:\/\/www.freeshopfrontiera.ch\/de\/wp-json\/wp\/v2\/media\/28419"}],"wp:attachment":[{"href":"https:\/\/www.freeshopfrontiera.ch\/de\/wp-json\/wp\/v2\/media?parent=28423"}],"wp:term":[{"taxonomy":"pwb-brand","embeddable":true,"href":"https:\/\/www.freeshopfrontiera.ch\/de\/wp-json\/wp\/v2\/pwb-brand?post=28423"},{"taxonomy":"product_brand","embeddable":true,"href":"https:\/\/www.freeshopfrontiera.ch\/de\/wp-json\/wp\/v2\/product_brand?post=28423"},{"taxonomy":"product_cat","embeddable":true,"href":"https:\/\/www.freeshopfrontiera.ch\/de\/wp-json\/wp\/v2\/product_cat?post=28423"},{"taxonomy":"product_tag","embeddable":true,"href":"https:\/\/www.freeshopfrontiera.ch\/de\/wp-json\/wp\/v2\/product_tag?post=28423"}],"curies":[{"name":"wp","href":"https:\/\/api.w.org\/{rel}","templated":true}]}}