{"id":28442,"date":"2025-04-25T16:05:19","date_gmt":"2025-04-25T16:05:19","guid":{"rendered":"https:\/\/www.freeshopfrontiera.ch\/shop\/elroel-prestige-collagen-lifting-capsule-toner-135ml\/"},"modified":"2025-04-28T07:21:27","modified_gmt":"2025-04-28T07:21:27","slug":"elroel-prestige-collagen-lifting-capsule-toner-135ml","status":"publish","type":"product","link":"https:\/\/www.freeshopfrontiera.ch\/de\/shop\/elroel-prestige-collagen-lifting-capsule-toner-135ml\/","title":{"rendered":"ELROEL Prestige Collagen Lifting Capsule Toner 135ml"},"content":{"rendered":"<p class=\"\" data-start=\"3639\" data-end=\"3753\"><strong data-start=\"3639\" data-end=\"3753\">ELROEL Prestige Collagen Lifting Capsule Toner \u2013 Lifting-Gesichtswasser mit Kollagenkapseln gegen Hautalterung<\/strong><\/p>\n<p class=\"\" data-start=\"3755\" data-end=\"4143\">Der Prestige Collagen Lifting Capsule Toner von ELROEL ist eine innovative Toner-Behandlung, die die Anti-Aging-Wirkung von Kollagen mit einer tiefenwirksamen Feuchtigkeits- und Straffungsformel vereint. Dank seiner mit aktiven Mikrokapseln angereicherten Formel verleiht dieses Gesichtswasser der Haut einen sichtbaren Lifting-Effekt und ein sofortiges Gef\u00fchl von Frische und Spannkraft.<\/p>\n<p class=\"\" data-start=\"4145\" data-end=\"4593\">Die Kollagenkapseln l\u00f6sen sich beim Kontakt mit der Haut auf und setzen wirkungsvolle Aktivstoffe frei, die helfen, die Elastizit\u00e4t der Haut zu verbessern, Falten sichtbar zu reduzieren und die Haut fester und kompakter erscheinen zu lassen. Unterst\u00fctzt wird dieser Effekt durch feuchtigkeitsspendende und beruhigende Inhaltsstoffe wie Hyalurons\u00e4ure und pflanzliche Extrakte, die das nat\u00fcrliche Feuchtigkeitsgleichgewicht der Haut wiederherstellen.<\/p>\n<p class=\"\" data-start=\"4595\" data-end=\"4924\">Ideal als erster Schritt der Hautpflegeroutine, bereitet dieses Gesichtswasser die Haut optimal auf die nachfolgenden Pflegeprodukte vor und verst\u00e4rkt deren Wirkung. Die leichte, dennoch n\u00e4hrende Textur zieht schnell ein, ohne klebrige R\u00fcckst\u00e4nde zu hinterlassen, und ist somit auch f\u00fcr Mischhaut oder empfindliche Haut geeignet.<\/p>\n<p class=\"\" data-start=\"4926\" data-end=\"5116\">Bei regelm\u00e4\u00dfiger Anwendung wirkt die Haut straffer, glatter und strahlender \u2013 sichtbar j\u00fcnger und revitalisiert. Besonders empfohlen f\u00fcr reife, m\u00fcde oder erste Altersanzeichen zeigende Haut.<\/p>\n<p class=\"\" data-start=\"5118\" data-end=\"5356\"><strong data-start=\"5118\" data-end=\"5132\">Anwendung:<\/strong> Nach der Reinigung die Flasche leicht sch\u00fctteln, um die Kapseln zu vermischen. Eine kleine Menge auf ein Wattepad oder direkt auf die H\u00e4nde geben und sanft mit aufw\u00e4rts gerichteten Bewegungen auf Gesicht und Hals auftragen.<\/p>\n<p class=\"\" data-start=\"5358\" data-end=\"5547\">Entdecken Sie die Kraft des Kollagens in einem Toner: <strong data-start=\"5412\" data-end=\"5462\">ELROEL Prestige Collagen Lifting Capsule Toner<\/strong>, die Sch\u00f6nheitsgeste, die Ihre t\u00e4gliche Routine in eine luxuri\u00f6se Pflege verwandelt.<\/p>\n<p data-start=\"1793\" data-end=\"1987\">Follow us! <a href=\"https:\/\/www.instagram.com\/freeshopswiss\/\" target=\"_blank\" rel=\"noopener\">@freeshopswiss<\/a><\/p>\n","protected":false},"excerpt":{"rendered":"<p>ELROEL Prestige Collagen Lifting Capsule Toner \u2013 Lifting-Gesichtswasser mit Kollagenkapseln gegen Hautalterung Der Prestige Collagen Lifting Capsule Toner von ELROEL ist eine innovative Toner-Behandlung, die die Anti-Aging-Wirkung von Kollagen mit einer tiefenwirksamen Feuchtigkeits- und Straffungsformel vereint. Dank seiner mit aktiven Mikrokapseln angereicherten Formel verleiht dieses Gesichtswasser der Haut einen sichtbaren Lifting-Effekt und ein sofortiges Gef\u00fchl [&hellip;]<\/p>\n","protected":false},"featured_media":28446,"comment_status":"open","ping_status":"closed","template":"","meta":[],"pwb-brand":[971],"product_brand":[],"product_cat":[292,111,546],"product_tag":[419,293,300],"class_list":{"0":"post-28442","1":"product","2":"type-product","3":"status-publish","4":"has-post-thumbnail","6":"pwb-brand-elroel","7":"product_cat-behandlungen","8":"product_cat-fur-sie-de","9":"product_cat-gesichtsbehandlung","10":"product_tag-behandlungen-de","11":"product_tag-frau","12":"product_tag-gesichtsbehandlungen","14":"first","15":"outofstock","16":"sale","17":"taxable","18":"shipping-taxable","19":"purchasable","20":"product-type-simple"},"brands":[{"id":971,"name":"Elroel","slug":"elroel"}],"_links":{"self":[{"href":"https:\/\/www.freeshopfrontiera.ch\/de\/wp-json\/wp\/v2\/product\/28442","targetHints":{"allow":["GET"]}}],"collection":[{"href":"https:\/\/www.freeshopfrontiera.ch\/de\/wp-json\/wp\/v2\/product"}],"about":[{"href":"https:\/\/www.freeshopfrontiera.ch\/de\/wp-json\/wp\/v2\/types\/product"}],"replies":[{"embeddable":true,"href":"https:\/\/www.freeshopfrontiera.ch\/de\/wp-json\/wp\/v2\/comments?post=28442"}],"version-history":[{"count":2,"href":"https:\/\/www.freeshopfrontiera.ch\/de\/wp-json\/wp\/v2\/product\/28442\/revisions"}],"predecessor-version":[{"id":28453,"href":"https:\/\/www.freeshopfrontiera.ch\/de\/wp-json\/wp\/v2\/product\/28442\/revisions\/28453"}],"wp:featuredmedia":[{"embeddable":true,"href":"https:\/\/www.freeshopfrontiera.ch\/de\/wp-json\/wp\/v2\/media\/28446"}],"wp:attachment":[{"href":"https:\/\/www.freeshopfrontiera.ch\/de\/wp-json\/wp\/v2\/media?parent=28442"}],"wp:term":[{"taxonomy":"pwb-brand","embeddable":true,"href":"https:\/\/www.freeshopfrontiera.ch\/de\/wp-json\/wp\/v2\/pwb-brand?post=28442"},{"taxonomy":"product_brand","embeddable":true,"href":"https:\/\/www.freeshopfrontiera.ch\/de\/wp-json\/wp\/v2\/product_brand?post=28442"},{"taxonomy":"product_cat","embeddable":true,"href":"https:\/\/www.freeshopfrontiera.ch\/de\/wp-json\/wp\/v2\/product_cat?post=28442"},{"taxonomy":"product_tag","embeddable":true,"href":"https:\/\/www.freeshopfrontiera.ch\/de\/wp-json\/wp\/v2\/product_tag?post=28442"}],"curies":[{"name":"wp","href":"https:\/\/api.w.org\/{rel}","templated":true}]}}