{"id":28559,"date":"2025-04-28T09:13:55","date_gmt":"2025-04-28T09:13:55","guid":{"rendered":"https:\/\/www.freeshopfrontiera.ch\/shop\/sensai-set-awakening-creamy-eye\/"},"modified":"2025-04-28T09:26:56","modified_gmt":"2025-04-28T09:26:56","slug":"sensai-set-awakening-creamy-eye","status":"publish","type":"product","link":"https:\/\/www.freeshopfrontiera.ch\/de\/shop\/sensai-set-awakening-creamy-eye\/","title":{"rendered":"SENSAI SET Awakening Creamy Eye"},"content":{"rendered":"<p class=\"\" data-start=\"4064\" data-end=\"4183\"><strong data-start=\"4064\" data-end=\"4183\">SENSAI SET Awakening Creamy Eye, TOTAL LIP TREATMENT und THROAT &amp; BUST LIFTING EFFECT Set \u2013 Intensive Anti-Aging Behandlungen<\/strong><\/p>\n<p class=\"\" data-start=\"4185\" data-end=\"4547\">Dieses exklusive <strong data-start=\"4202\" data-end=\"4224\">Limitierte Edition<\/strong> Set wurde entwickelt, um eine umfassende Behandlung f\u00fcr Gesicht und K\u00f6rper zu bieten, mit drei innovativen und hochwirksamen Produkten. Jedes Produkt ist mit hochwertigen Inhaltsstoffen formuliert, die im Zusammenspiel wirken, um das allgemeine Hautbild zu verbessern und ein j\u00fcngeres, strahlenderes Aussehen zu verleihen.<\/p>\n<ul data-start=\"4549\" data-end=\"5901\">\n<li class=\"\" data-start=\"4549\" data-end=\"5097\">\n<p class=\"\" data-start=\"4551\" data-end=\"5097\"><strong data-start=\"4551\" data-end=\"4588\">AWAKENING CREAMY EYE ESSENCE 20ml<\/strong>: Diese Augenpflege, mit ihrer einzigartigen Textur, die sich von Creme zu Essenz verwandelt, hilft, die empfindliche Haut um die Augen zu hydratisieren und zu st\u00e4rken. Bei regelm\u00e4\u00dfiger Anwendung reduziert sie sichtbar Augenringe, Falten und sorgt f\u00fcr einen erfrischenden und straffenden Effekt. Dank der kraftvollen Inhaltsstoffe wie <strong data-start=\"4923\" data-end=\"4952\">Koishimaru Silk Royal\u2122 AE<\/strong> und dem <strong data-start=\"4961\" data-end=\"4986\">Awakening Eye Complex<\/strong>, erscheint die Augenpartie sichtbar straffer und strahlender, mit einem erfrischten und jugendlichen Aussehen.<\/p>\n<\/li>\n<li class=\"\" data-start=\"5099\" data-end=\"5492\">\n<p class=\"\" data-start=\"5101\" data-end=\"5492\"><strong data-start=\"5101\" data-end=\"5128\">TOTAL LIP TREATMENT 5ml<\/strong>: Eine pflegende Behandlung, die die empfindliche Haut der Lippen und des Lippenkonturs anspricht. Diese n\u00e4hrstoffreiche Formel hilft, feine Linien zu reduzieren und verleiht den Lippen Volumen, Elastizit\u00e4t und Weichheit, w\u00e4hrend sie Trockenheit und F\u00e4ltchen bek\u00e4mpft. Die seidige, feuchtigkeitsspendende Textur l\u00e4sst die Lippen sichtbar glatter und voller wirken.<\/p>\n<\/li>\n<li class=\"\" data-start=\"5494\" data-end=\"5901\">\n<p class=\"\" data-start=\"5496\" data-end=\"5901\"><strong data-start=\"5496\" data-end=\"5556\">CELLULAR PERFORMANCE THROAT AND BUST LIFTING EFFECT 19ml<\/strong>: Eine spezielle Behandlung f\u00fcr Hals und Dekollet\u00e9, die hilft, die empfindliche Haut in diesen Bereichen zu straffen, zu gl\u00e4tten und zu tonisieren. Mit seiner leichten Formel bek\u00e4mpft dieses Serum die Anzeichen der Hautalterung, verbessert die Festigkeit und Elastizit\u00e4t und verleiht dem Hals und Dekollet\u00e9 ein jugendliches und glattes Aussehen.<\/p>\n<\/li>\n<\/ul>\n<p class=\"\" data-start=\"5903\" data-end=\"6225\">SENSAI SET Awakening Creamy Eye ist ideal f\u00fcr diejenigen, die empfindliche Bereiche pflegen m\u00f6chten, die anf\u00e4llig f\u00fcr Zeichen des Alterns sind. Jedes Produkt wurde entwickelt, um die bestm\u00f6gliche Pflege zu bieten, und verwandelt Ihre Sch\u00f6nheitsroutine in eine wahre Luxusbehandlung mit sichtbaren und langanhaltenden Ergebnissen.<\/p>\n<p data-start=\"1950\" data-end=\"2159\">Follow us! <a href=\"https:\/\/www.instagram.com\/freeshopswiss\/\" target=\"_blank\" rel=\"noopener\">@freeshopswiss<\/a><\/p>\n","protected":false},"excerpt":{"rendered":"<p>SENSAI SET Awakening Creamy Eye, TOTAL LIP TREATMENT und THROAT &amp; BUST LIFTING EFFECT Set \u2013 Intensive Anti-Aging Behandlungen Dieses exklusive Limitierte Edition Set wurde entwickelt, um eine umfassende Behandlung f\u00fcr Gesicht und K\u00f6rper zu bieten, mit drei innovativen und hochwirksamen Produkten. Jedes Produkt ist mit hochwertigen Inhaltsstoffen formuliert, die im Zusammenspiel wirken, um das [&hellip;]<\/p>\n","protected":false},"featured_media":28555,"comment_status":"open","ping_status":"closed","template":"","meta":[],"pwb-brand":[596],"product_brand":[],"product_cat":[292,111,546],"product_tag":[482,419,293,300],"class_list":{"0":"post-28559","1":"product","2":"type-product","3":"status-publish","4":"has-post-thumbnail","6":"pwb-brand-sensai","7":"product_cat-behandlungen","8":"product_cat-fur-sie-de","9":"product_cat-gesichtsbehandlung","10":"product_tag-anti-falten","11":"product_tag-behandlungen-de","12":"product_tag-frau","13":"product_tag-gesichtsbehandlungen","15":"first","16":"outofstock","17":"sale","18":"taxable","19":"shipping-taxable","20":"purchasable","21":"product-type-simple"},"brands":[{"id":596,"name":"Sensai","slug":"sensai"}],"_links":{"self":[{"href":"https:\/\/www.freeshopfrontiera.ch\/de\/wp-json\/wp\/v2\/product\/28559","targetHints":{"allow":["GET"]}}],"collection":[{"href":"https:\/\/www.freeshopfrontiera.ch\/de\/wp-json\/wp\/v2\/product"}],"about":[{"href":"https:\/\/www.freeshopfrontiera.ch\/de\/wp-json\/wp\/v2\/types\/product"}],"replies":[{"embeddable":true,"href":"https:\/\/www.freeshopfrontiera.ch\/de\/wp-json\/wp\/v2\/comments?post=28559"}],"version-history":[{"count":2,"href":"https:\/\/www.freeshopfrontiera.ch\/de\/wp-json\/wp\/v2\/product\/28559\/revisions"}],"predecessor-version":[{"id":28564,"href":"https:\/\/www.freeshopfrontiera.ch\/de\/wp-json\/wp\/v2\/product\/28559\/revisions\/28564"}],"wp:featuredmedia":[{"embeddable":true,"href":"https:\/\/www.freeshopfrontiera.ch\/de\/wp-json\/wp\/v2\/media\/28555"}],"wp:attachment":[{"href":"https:\/\/www.freeshopfrontiera.ch\/de\/wp-json\/wp\/v2\/media?parent=28559"}],"wp:term":[{"taxonomy":"pwb-brand","embeddable":true,"href":"https:\/\/www.freeshopfrontiera.ch\/de\/wp-json\/wp\/v2\/pwb-brand?post=28559"},{"taxonomy":"product_brand","embeddable":true,"href":"https:\/\/www.freeshopfrontiera.ch\/de\/wp-json\/wp\/v2\/product_brand?post=28559"},{"taxonomy":"product_cat","embeddable":true,"href":"https:\/\/www.freeshopfrontiera.ch\/de\/wp-json\/wp\/v2\/product_cat?post=28559"},{"taxonomy":"product_tag","embeddable":true,"href":"https:\/\/www.freeshopfrontiera.ch\/de\/wp-json\/wp\/v2\/product_tag?post=28559"}],"curies":[{"name":"wp","href":"https:\/\/api.w.org\/{rel}","templated":true}]}}