{"id":28577,"date":"2025-04-28T09:43:03","date_gmt":"2025-04-28T09:43:03","guid":{"rendered":"https:\/\/www.freeshopfrontiera.ch\/shop\/sensai-silky-purifiying-sponge-chief\/"},"modified":"2025-04-28T09:54:52","modified_gmt":"2025-04-28T09:54:52","slug":"sensai-silky-purifiying-sponge-chief","status":"publish","type":"product","link":"https:\/\/www.freeshopfrontiera.ch\/de\/shop\/sensai-silky-purifiying-sponge-chief\/","title":{"rendered":"SENSAI Silky Purifiying Sponge Chief"},"content":{"rendered":"<p class=\"\" data-start=\"3188\" data-end=\"3277\"><strong data-start=\"3188\" data-end=\"3277\">SENSAI Silky Purifying Sponge Chief \u2013 Luxuri\u00f6ser Reinigungsschwamm f\u00fcr makellose Haut<\/strong><\/p>\n<p class=\"\" data-start=\"3279\" data-end=\"3708\">Der <strong data-start=\"3283\" data-end=\"3322\">SENSAI Silky Purifying Sponge Chief<\/strong> ist ein exklusives Sch\u00f6nheitsaccessoire, das f\u00fcr ein tiefes und gleichzeitig sanftes Reinigungserlebnis entwickelt wurde. Hergestellt aus hochwertigen Materialien, ist dieser Schwamm der perfekte Begleiter, um Ihre Reinigungsroutine zu optimieren und Unreinheiten, \u00fcbersch\u00fcssiges Sebum und Make-up-R\u00fcckst\u00e4nde effektiv zu entfernen, ohne das nat\u00fcrliche Gleichgewicht der Haut zu st\u00f6ren.<\/p>\n<p class=\"\" data-start=\"3710\" data-end=\"4216\">Seine <strong data-start=\"3716\" data-end=\"3726\">weiche<\/strong> und <strong data-start=\"3731\" data-end=\"3754\">seidenartige Textur<\/strong> ist darauf ausgelegt, einen reichen, cremigen Schaum zu erzeugen, sodass die Reinigung zu einem echten Vergn\u00fcgen wird. In Kombination mit Ihrem bevorzugten SENSAI-Reiniger sorgt der Schwamm f\u00fcr eine gr\u00fcndliche Reinigung und verst\u00e4rkt die Wirksamkeit der anschlie\u00dfenden Hautpflegeprodukte. Das ergonomische Design und die F\u00e4higkeit, die Haut <strong data-start=\"4096\" data-end=\"4118\">sanft zu massieren<\/strong> und die Mikrozirkulation zu stimulieren, machen die Reinigungsroutine zu einem luxuri\u00f6sen Ritual.<\/p>\n<p class=\"\" data-start=\"4218\" data-end=\"4613\"><strong data-start=\"4218\" data-end=\"4249\">Ideal f\u00fcr empfindliche Haut<\/strong>, hinterl\u00e4sst der <strong data-start=\"4267\" data-end=\"4306\">SENSAI Silky Purifying Sponge Chief<\/strong> die Haut frisch, glatt und gereinigt, ohne Irritationen oder Trockenheit zu verursachen. Er eignet sich f\u00fcr alle Hauttypen, einschlie\u00dflich empfindlicher Haut, und bietet eine <strong data-start=\"4482\" data-end=\"4508\">hochwirksame Reinigung<\/strong>, die die Haut auf die folgenden Behandlungen vorbereitet und ein gesundes, strahlendes Aussehen f\u00f6rdert.<\/p>\n<p class=\"\" data-start=\"4615\" data-end=\"4848\"><strong data-start=\"4615\" data-end=\"4629\">Anwendung:<\/strong> Den Schwamm mit warmem Wasser anfeuchten, eine kleine Menge Reiniger auftragen und das Gesicht sanft in kreisenden Bewegungen massieren. Nach der Anwendung den Schwamm aussp\u00fclen und an einem k\u00fchlen Ort trocknen lassen.<\/p>\n<p data-start=\"1433\" data-end=\"1665\">Follow us! <a href=\"https:\/\/www.instagram.com\/freeshopswiss\/\" target=\"_blank\" rel=\"noopener\">@freeshopswiss<\/a><\/p>\n","protected":false},"excerpt":{"rendered":"<p>SENSAI Silky Purifying Sponge Chief \u2013 Luxuri\u00f6ser Reinigungsschwamm f\u00fcr makellose Haut Der SENSAI Silky Purifying Sponge Chief ist ein exklusives Sch\u00f6nheitsaccessoire, das f\u00fcr ein tiefes und gleichzeitig sanftes Reinigungserlebnis entwickelt wurde. Hergestellt aus hochwertigen Materialien, ist dieser Schwamm der perfekte Begleiter, um Ihre Reinigungsroutine zu optimieren und Unreinheiten, \u00fcbersch\u00fcssiges Sebum und Make-up-R\u00fcckst\u00e4nde effektiv zu entfernen, [&hellip;]<\/p>\n","protected":false},"featured_media":28569,"comment_status":"open","ping_status":"closed","template":"","meta":[],"pwb-brand":[596],"product_brand":[],"product_cat":[111,567],"product_tag":[293,473,468],"class_list":{"0":"post-28577","1":"product","2":"type-product","3":"status-publish","4":"has-post-thumbnail","6":"pwb-brand-sensai","7":"product_cat-fur-sie-de","8":"product_cat-make-up-de-2","9":"product_tag-frau","10":"product_tag-gesichts-make-up","11":"product_tag-make-up-zubehor","13":"first","14":"instock","15":"sale","16":"taxable","17":"shipping-taxable","18":"purchasable","19":"product-type-simple"},"brands":[{"id":596,"name":"Sensai","slug":"sensai"}],"_links":{"self":[{"href":"https:\/\/www.freeshopfrontiera.ch\/de\/wp-json\/wp\/v2\/product\/28577","targetHints":{"allow":["GET"]}}],"collection":[{"href":"https:\/\/www.freeshopfrontiera.ch\/de\/wp-json\/wp\/v2\/product"}],"about":[{"href":"https:\/\/www.freeshopfrontiera.ch\/de\/wp-json\/wp\/v2\/types\/product"}],"replies":[{"embeddable":true,"href":"https:\/\/www.freeshopfrontiera.ch\/de\/wp-json\/wp\/v2\/comments?post=28577"}],"version-history":[{"count":2,"href":"https:\/\/www.freeshopfrontiera.ch\/de\/wp-json\/wp\/v2\/product\/28577\/revisions"}],"predecessor-version":[{"id":28581,"href":"https:\/\/www.freeshopfrontiera.ch\/de\/wp-json\/wp\/v2\/product\/28577\/revisions\/28581"}],"wp:featuredmedia":[{"embeddable":true,"href":"https:\/\/www.freeshopfrontiera.ch\/de\/wp-json\/wp\/v2\/media\/28569"}],"wp:attachment":[{"href":"https:\/\/www.freeshopfrontiera.ch\/de\/wp-json\/wp\/v2\/media?parent=28577"}],"wp:term":[{"taxonomy":"pwb-brand","embeddable":true,"href":"https:\/\/www.freeshopfrontiera.ch\/de\/wp-json\/wp\/v2\/pwb-brand?post=28577"},{"taxonomy":"product_brand","embeddable":true,"href":"https:\/\/www.freeshopfrontiera.ch\/de\/wp-json\/wp\/v2\/product_brand?post=28577"},{"taxonomy":"product_cat","embeddable":true,"href":"https:\/\/www.freeshopfrontiera.ch\/de\/wp-json\/wp\/v2\/product_cat?post=28577"},{"taxonomy":"product_tag","embeddable":true,"href":"https:\/\/www.freeshopfrontiera.ch\/de\/wp-json\/wp\/v2\/product_tag?post=28577"}],"curies":[{"name":"wp","href":"https:\/\/api.w.org\/{rel}","templated":true}]}}