{"id":28594,"date":"2025-04-28T10:06:17","date_gmt":"2025-04-28T10:06:17","guid":{"rendered":"https:\/\/www.freeshopfrontiera.ch\/shop\/lancome-set-hydrazen\/"},"modified":"2025-11-21T11:02:30","modified_gmt":"2025-11-21T11:02:30","slug":"lancome-set-hydrazen","status":"publish","type":"product","link":"https:\/\/www.freeshopfrontiera.ch\/de\/shop\/lancome-set-hydrazen\/","title":{"rendered":"LANCOME SET HydraZen"},"content":{"rendered":"<p data-start=\"2144\" data-end=\"2221\"><strong data-start=\"2144\" data-end=\"2221\">Lanc\u00f4me HydraZen Set \u2013 Vollst\u00e4ndige Hydratation, Komfort und Regeneration<\/strong><\/p>\n<p data-start=\"2223\" data-end=\"2658\">Entdecken Sie das Geheimnis gesunder, strahlender und perfekt hydratisierter Haut mit dem <strong data-start=\"2313\" data-end=\"2337\">Lanc\u00f4me HydraZen Set<\/strong>, einer vollst\u00e4ndigen Routine, die die effektivsten Behandlungen zur Hydratation, Beruhigung und Regeneration der Haut kombiniert. Entwickelt f\u00fcr alle, die einen Premium-Ansatz f\u00fcr die t\u00e4gliche Hautpflege suchen, ist dieses Set sowohl als luxuri\u00f6ses Geschenk als auch zum Selbstverw\u00f6hnen mit hochwertigen Produkten ideal.<\/p>\n<p data-start=\"2660\" data-end=\"3005\">Dank der Kombination aus Creme, Serum und Augenpflege erscheint die Haut sichtbar weicher, elastischer und strahlender, mit einer deutlichen Reduzierung von M\u00fcdigkeits- und Stresszeichen. Geeignet f\u00fcr alle Hauttypen, auch empfindliche Haut, ist das Lanc\u00f4me HydraZen Set der perfekte Begleiter f\u00fcr eine vollst\u00e4ndige Tages- und Nachtpflegeroutine.<\/p>\n<p data-start=\"3007\" data-end=\"3027\"><strong data-start=\"3007\" data-end=\"3027\">Das Set enth\u00e4lt:<\/strong><\/p>\n<p data-start=\"3029\" data-end=\"3450\"><strong data-start=\"3029\" data-end=\"3077\">HydraZen Cr\u00e8me Hydratante et Apaisante 50 ml<\/strong><br data-start=\"3077\" data-end=\"3080\" \/>Feuchtigkeitsspendende und beruhigende Gesichtscreme, die sofortigen Komfort f\u00fcr gestresste Haut bietet. Die Formel sch\u00fctzt die Hautbarriere, reduziert R\u00f6tungen und Empfindlichkeit und hinterl\u00e4sst die Haut weich, frisch und gen\u00e4hrt. Ideal f\u00fcr die t\u00e4gliche Anwendung, sorgt sie f\u00fcr einen gleichm\u00e4\u00dfigen und strahlenden Teint und bereitet die Haut auf \u00e4u\u00dfere Einfl\u00fcsse vor.<\/p>\n<p data-start=\"3452\" data-end=\"3829\"><strong data-start=\"3452\" data-end=\"3474\">Genifique Eye 5 ml<\/strong><br data-start=\"3474\" data-end=\"3477\" \/>Hochwirksame Augenpflege, die die empfindliche Augenpartie beleuchtet und regeneriert. Sichtbare Reduktion von Schwellungen und dunklen Ringen, gl\u00e4ttet feine Linien und verleiht den Augen ein erholtes und jugendliches Aussehen. Die Augenpartie wirkt hydratisiert, frisch und gesch\u00fctzt und erg\u00e4nzt die Gesichtspflege-Routine mit einem belebenden Effekt.<\/p>\n<p data-start=\"3831\" data-end=\"4267\"><strong data-start=\"3831\" data-end=\"3865\">Genifique Ultimate Serum 10 ml<\/strong><br data-start=\"3865\" data-end=\"3868\" \/>Fortschrittliches regenerierendes Serum, das die Zellneuerung stimuliert, die Elastizit\u00e4t und Festigkeit der Haut verbessert und sichtbare Zeichen der Hautalterung reduziert. Die leichte, konzentrierte Formel zieht schnell ein und hinterl\u00e4sst das Gesicht strahlend, ebenm\u00e4\u00dfig und sichtbar j\u00fcnger. Ideal als zentrales Element der t\u00e4glichen Routine, verst\u00e4rkt es die Wirkung von Creme und Augenpflege.<\/p>\n<p data-start=\"1989\" data-end=\"2313\">Follow us! <a href=\"https:\/\/www.instagram.com\/freeshopswiss\/\" target=\"_blank\" rel=\"noopener\">@freeshopswiss<\/a><\/p>\n","protected":false},"excerpt":{"rendered":"<p>Lanc\u00f4me HydraZen Set \u2013 Vollst\u00e4ndige Hydratation, Komfort und Regeneration Entdecken Sie das Geheimnis gesunder, strahlender und perfekt hydratisierter Haut mit dem Lanc\u00f4me HydraZen Set, einer vollst\u00e4ndigen Routine, die die effektivsten Behandlungen zur Hydratation, Beruhigung und Regeneration der Haut kombiniert. Entwickelt f\u00fcr alle, die einen Premium-Ansatz f\u00fcr die t\u00e4gliche Hautpflege suchen, ist dieses Set sowohl als [&hellip;]<\/p>\n","protected":false},"featured_media":37318,"comment_status":"open","ping_status":"closed","template":"","meta":[],"pwb-brand":[262],"product_brand":[],"product_cat":[292,111,546],"product_tag":[482,419,462,300,460],"class_list":{"0":"post-28594","1":"product","2":"type-product","3":"status-publish","4":"has-post-thumbnail","6":"pwb-brand-lancome","7":"product_cat-behandlungen","8":"product_cat-fur-sie-de","9":"product_cat-gesichtsbehandlung","10":"product_tag-anti-falten","11":"product_tag-behandlungen-de","12":"product_tag-geschenkset-fuer-damen","13":"product_tag-gesichtsbehandlungen","14":"product_tag-parfuem-geschenkset","16":"first","17":"outofstock","18":"sale","19":"taxable","20":"shipping-taxable","21":"purchasable","22":"product-type-simple"},"brands":[{"id":262,"name":"Lanc\u00f4me","slug":"lancome"}],"_links":{"self":[{"href":"https:\/\/www.freeshopfrontiera.ch\/de\/wp-json\/wp\/v2\/product\/28594","targetHints":{"allow":["GET"]}}],"collection":[{"href":"https:\/\/www.freeshopfrontiera.ch\/de\/wp-json\/wp\/v2\/product"}],"about":[{"href":"https:\/\/www.freeshopfrontiera.ch\/de\/wp-json\/wp\/v2\/types\/product"}],"replies":[{"embeddable":true,"href":"https:\/\/www.freeshopfrontiera.ch\/de\/wp-json\/wp\/v2\/comments?post=28594"}],"version-history":[{"count":2,"href":"https:\/\/www.freeshopfrontiera.ch\/de\/wp-json\/wp\/v2\/product\/28594\/revisions"}],"predecessor-version":[{"id":37322,"href":"https:\/\/www.freeshopfrontiera.ch\/de\/wp-json\/wp\/v2\/product\/28594\/revisions\/37322"}],"wp:featuredmedia":[{"embeddable":true,"href":"https:\/\/www.freeshopfrontiera.ch\/de\/wp-json\/wp\/v2\/media\/37318"}],"wp:attachment":[{"href":"https:\/\/www.freeshopfrontiera.ch\/de\/wp-json\/wp\/v2\/media?parent=28594"}],"wp:term":[{"taxonomy":"pwb-brand","embeddable":true,"href":"https:\/\/www.freeshopfrontiera.ch\/de\/wp-json\/wp\/v2\/pwb-brand?post=28594"},{"taxonomy":"product_brand","embeddable":true,"href":"https:\/\/www.freeshopfrontiera.ch\/de\/wp-json\/wp\/v2\/product_brand?post=28594"},{"taxonomy":"product_cat","embeddable":true,"href":"https:\/\/www.freeshopfrontiera.ch\/de\/wp-json\/wp\/v2\/product_cat?post=28594"},{"taxonomy":"product_tag","embeddable":true,"href":"https:\/\/www.freeshopfrontiera.ch\/de\/wp-json\/wp\/v2\/product_tag?post=28594"}],"curies":[{"name":"wp","href":"https:\/\/api.w.org\/{rel}","templated":true}]}}