{"id":28620,"date":"2025-04-28T10:44:16","date_gmt":"2025-04-28T10:44:16","guid":{"rendered":"https:\/\/www.freeshopfrontiera.ch\/shop\/valmont-set-prime\/"},"modified":"2025-04-28T10:57:24","modified_gmt":"2025-04-28T10:57:24","slug":"valmont-set-prime","status":"publish","type":"product","link":"https:\/\/www.freeshopfrontiera.ch\/de\/shop\/valmont-set-prime\/","title":{"rendered":"VALMONT SET Prime"},"content":{"rendered":"<p class=\"\" data-start=\"6477\" data-end=\"6681\"><strong data-start=\"6477\" data-end=\"6681\">VALMONT Set Prime Renewing Pack, Restoring Perfection SPF50, Moisturizing Booster, Moisturizing Cream, Vital Falls, Elixir Yeaux, Fizzy Mint und Vanity \u2013 Komplette Pflege f\u00fcr Sch\u00f6nheit und Hydratation<\/strong><\/p>\n<p class=\"\" data-start=\"6683\" data-end=\"7100\">Dieses exklusive <strong data-start=\"6700\" data-end=\"6715\">VALMONT Set<\/strong> stellt eine vollst\u00e4ndige Luxusbehandlung f\u00fcr das Gesicht dar, die auf die Bed\u00fcrfnisse reifer, dehydrierter und gestresster Haut abgestimmt ist. Mit einer Kombination innovativer und hochwirksamer Produkte bietet das Set intensive Hydratation, fortschrittlichen Sonnenschutz und eine regenerierende Behandlung, die der Haut ein strahlendes, jugendliches und gesundes Aussehen verleiht.<\/p>\n<ul data-start=\"7102\" data-end=\"9482\">\n<li class=\"\" data-start=\"7102\" data-end=\"7473\">\n<p class=\"\" data-start=\"7104\" data-end=\"7473\"><strong data-start=\"7104\" data-end=\"7132\">Prime Renewing Pack 15ml<\/strong> : Eine innovative Maske mit einer reichhaltigen, cremigen Textur, die die Haut revitalisiert und erneuert. Sie verleiht der Haut wieder Leuchtkraft, Gl\u00e4tte und Festigkeit und bek\u00e4mpft gleichzeitig Anzeichen von M\u00fcdigkeit und Stress. Ideal f\u00fcr eine intensive Verj\u00fcngungskur, die der Haut ein sichtbar j\u00fcngeres und frisches Aussehen verleiht.<\/p>\n<\/li>\n<li class=\"\" data-start=\"7475\" data-end=\"7848\">\n<p class=\"\" data-start=\"7477\" data-end=\"7848\"><strong data-start=\"7477\" data-end=\"7512\">Restoring Perfection SPF50 15ml<\/strong> : Ein perfektionierendes Fluid mit SPF50 Sonnenschutz, ideal, um die Haut vor UV-Sch\u00e4den zu sch\u00fctzen. Die leichte, regenerierende Formel hilft dabei, sichtbare Zeichen der Hautalterung zu reduzieren und die Hautelastizit\u00e4t und -struktur zu verbessern. Perfekt f\u00fcr die t\u00e4gliche Anwendung als feuchtigkeitsspendende und sch\u00fctzende Creme.<\/p>\n<\/li>\n<li class=\"\" data-start=\"7850\" data-end=\"8134\">\n<p class=\"\" data-start=\"7852\" data-end=\"8134\"><strong data-start=\"7852\" data-end=\"7881\">Moisturizing Booster 10ml<\/strong> : Ein leistungsstarker Feuchtigkeitsbooster, der die Hautbarriere st\u00e4rkt und der Haut intensive, langanhaltende Feuchtigkeit spendet. Die konzentrierte Formel sorgt f\u00fcr eine tiefe Hydratation und l\u00e4sst die Haut sichtbar weicher und seidiger erscheinen.<\/p>\n<\/li>\n<li class=\"\" data-start=\"8136\" data-end=\"8476\">\n<p class=\"\" data-start=\"8138\" data-end=\"8476\"><strong data-start=\"8138\" data-end=\"8165\">Moisturizing Cream 15ml<\/strong> : Eine reichhaltige Feuchtigkeitscreme, die die Hauthydratation und -schutz verst\u00e4rkt und die Haut frisch, weich und glatt hinterl\u00e4sst. Perfekt f\u00fcr die t\u00e4gliche Anwendung hilft diese Creme, das richtige hydrolipidische Gleichgewicht zu bewahren, w\u00e4hrend sie Trockenheit und Anzeichen von Hautalterung bek\u00e4mpft.<\/p>\n<\/li>\n<li class=\"\" data-start=\"8478\" data-end=\"8801\">\n<p class=\"\" data-start=\"8480\" data-end=\"8801\"><strong data-start=\"8480\" data-end=\"8500\">Vital Falls 30ml<\/strong> : Eine regenerierende Behandlung, die tief in die Haut eindringt und ihr Vitalit\u00e4t und Leuchtkraft zur\u00fcckgibt. Die n\u00e4hrenden und feuchtigkeitsspendenden Eigenschaften verleihen der Haut ein gesundes, strahlendes Aussehen und verbessern ihre Qualit\u00e4t, w\u00e4hrend Anzeichen von M\u00fcdigkeit reduziert werden.<\/p>\n<\/li>\n<li class=\"\" data-start=\"8803\" data-end=\"9039\">\n<p class=\"\" data-start=\"8805\" data-end=\"9039\"><strong data-start=\"8805\" data-end=\"8825\">Elixir Yeaux 5ml<\/strong> : Ein hochkonzentriertes Elixier f\u00fcr die empfindliche Augenpartie. Es bek\u00e4mpft Augenringe, Schwellungen und Falten, verbessert die Hautelastizit\u00e4t und verleiht der Augenpartie ein frischeres und erholtes Aussehen.<\/p>\n<\/li>\n<li class=\"\" data-start=\"9041\" data-end=\"9334\">\n<p class=\"\" data-start=\"9043\" data-end=\"9334\"><strong data-start=\"9043\" data-end=\"9062\">Fizzy Mint 10ml<\/strong> : Ein leichter Gel mit einem erfrischenden Effekt, der sofortige Erleichterung f\u00fcr gestresste und m\u00fcde Haut bietet. Der prickelnde Effekt regt die Durchblutung an, verbessert das allgemeine Erscheinungsbild der Haut und l\u00e4sst sie sichtbar straffer und strahlender wirken.<\/p>\n<\/li>\n<li class=\"\" data-start=\"9336\" data-end=\"9482\">\n<p class=\"\" data-start=\"9338\" data-end=\"9482\"><strong data-start=\"9338\" data-end=\"9348\">Vanity<\/strong> : Ein elegantes Reiseetui, das es Ihnen erm\u00f6glicht, Ihre VALMONT-Produkte \u00fcberallhin mitzunehmen, auf praktische und stilvolle Weise.<\/p>\n<\/li>\n<\/ul>\n<p class=\"\" data-start=\"9484\" data-end=\"9917\"><strong data-start=\"9484\" data-end=\"9506\">Dieses VALMONT Set<\/strong> ist der perfekte Begleiter f\u00fcr alle, die eine vollst\u00e4ndige und regenerierende Behandlung suchen. Mit einer Reihe von feuchtigkeitsspendenden, sch\u00fctzenden und anti-aging Produkten wird die Haut sichtbar j\u00fcnger, frischer und strahlender. Jedes Produkt ist so formuliert, dass es den Bed\u00fcrfnissen reifer und dehydrierter Haut gerecht wird und die Elastizit\u00e4t und Leuchtkraft mit sichtbaren Ergebnissen verbessert.<\/p>\n<p data-start=\"3043\" data-end=\"3426\">Follow us! <a href=\"https:\/\/www.instagram.com\/freeshopswiss\/\" target=\"_blank\" rel=\"noopener\">@freeshopswiss<\/a><\/p>\n","protected":false},"excerpt":{"rendered":"<p>VALMONT Set Prime Renewing Pack, Restoring Perfection SPF50, Moisturizing Booster, Moisturizing Cream, Vital Falls, Elixir Yeaux, Fizzy Mint und Vanity \u2013 Komplette Pflege f\u00fcr Sch\u00f6nheit und Hydratation Dieses exklusive VALMONT Set stellt eine vollst\u00e4ndige Luxusbehandlung f\u00fcr das Gesicht dar, die auf die Bed\u00fcrfnisse reifer, dehydrierter und gestresster Haut abgestimmt ist. Mit einer Kombination innovativer und [&hellip;]<\/p>\n","protected":false},"featured_media":28616,"comment_status":"open","ping_status":"closed","template":"","meta":[],"pwb-brand":[977],"product_brand":[],"product_cat":[292,485,546],"product_tag":[419,293,462,300,460],"class_list":{"0":"post-28620","1":"product","2":"type-product","3":"status-publish","4":"has-post-thumbnail","6":"pwb-brand-valmont","7":"product_cat-behandlungen","8":"product_cat-geschenkbox","9":"product_cat-gesichtsbehandlung","10":"product_tag-behandlungen-de","11":"product_tag-frau","12":"product_tag-geschenkset-fuer-damen","13":"product_tag-gesichtsbehandlungen","14":"product_tag-parfuem-geschenkset","16":"first","17":"outofstock","18":"sale","19":"taxable","20":"shipping-taxable","21":"purchasable","22":"product-type-simple"},"brands":[{"id":977,"name":"Valmont","slug":"valmont"}],"_links":{"self":[{"href":"https:\/\/www.freeshopfrontiera.ch\/de\/wp-json\/wp\/v2\/product\/28620","targetHints":{"allow":["GET"]}}],"collection":[{"href":"https:\/\/www.freeshopfrontiera.ch\/de\/wp-json\/wp\/v2\/product"}],"about":[{"href":"https:\/\/www.freeshopfrontiera.ch\/de\/wp-json\/wp\/v2\/types\/product"}],"replies":[{"embeddable":true,"href":"https:\/\/www.freeshopfrontiera.ch\/de\/wp-json\/wp\/v2\/comments?post=28620"}],"version-history":[{"count":3,"href":"https:\/\/www.freeshopfrontiera.ch\/de\/wp-json\/wp\/v2\/product\/28620\/revisions"}],"predecessor-version":[{"id":28628,"href":"https:\/\/www.freeshopfrontiera.ch\/de\/wp-json\/wp\/v2\/product\/28620\/revisions\/28628"}],"wp:featuredmedia":[{"embeddable":true,"href":"https:\/\/www.freeshopfrontiera.ch\/de\/wp-json\/wp\/v2\/media\/28616"}],"wp:attachment":[{"href":"https:\/\/www.freeshopfrontiera.ch\/de\/wp-json\/wp\/v2\/media?parent=28620"}],"wp:term":[{"taxonomy":"pwb-brand","embeddable":true,"href":"https:\/\/www.freeshopfrontiera.ch\/de\/wp-json\/wp\/v2\/pwb-brand?post=28620"},{"taxonomy":"product_brand","embeddable":true,"href":"https:\/\/www.freeshopfrontiera.ch\/de\/wp-json\/wp\/v2\/product_brand?post=28620"},{"taxonomy":"product_cat","embeddable":true,"href":"https:\/\/www.freeshopfrontiera.ch\/de\/wp-json\/wp\/v2\/product_cat?post=28620"},{"taxonomy":"product_tag","embeddable":true,"href":"https:\/\/www.freeshopfrontiera.ch\/de\/wp-json\/wp\/v2\/product_tag?post=28620"}],"curies":[{"name":"wp","href":"https:\/\/api.w.org\/{rel}","templated":true}]}}