{"id":28637,"date":"2025-04-28T11:14:00","date_gmt":"2025-04-28T11:14:00","guid":{"rendered":"https:\/\/www.freeshopfrontiera.ch\/shop\/valmont-set\/"},"modified":"2025-04-28T11:30:22","modified_gmt":"2025-04-28T11:30:22","slug":"valmont-set","status":"publish","type":"product","link":"https:\/\/www.freeshopfrontiera.ch\/de\/shop\/valmont-set\/","title":{"rendered":"VALMONT SET"},"content":{"rendered":"<p class=\"\" data-start=\"5175\" data-end=\"5261\"><strong data-start=\"5175\" data-end=\"5261\">VALMONT Set &#8222;A Taste of Valmont&#8220; \u2013 Komplette Pflege f\u00fcr Sch\u00f6nheit und Regeneration<\/strong><\/p>\n<p class=\"\" data-start=\"5263\" data-end=\"5706\">Das exklusive <strong data-start=\"5277\" data-end=\"5313\">VALMONT Set &#8222;A Taste of Valmont&#8220;<\/strong> bietet eine Auswahl der besten Produkte von Valmont, die darauf ausgelegt sind, der Haut eine vollst\u00e4ndige Behandlung f\u00fcr Sch\u00f6nheit, Hydratation und Schutz zu bieten. Jedes Produkt ist mit hochwertigen Inhaltsstoffen formuliert, um sichtbare Ergebnisse zu gew\u00e4hrleisten und verschiedene Bed\u00fcrfnisse der Haut zu adressieren, von Regeneration und Sonnenschutz bis hin zu intensiver Hydratation.<\/p>\n<p class=\"\" data-start=\"5708\" data-end=\"5728\"><strong data-start=\"5708\" data-end=\"5728\">Das Set enth\u00e4lt:<\/strong><\/p>\n<ul data-start=\"5730\" data-end=\"7658\">\n<li class=\"\" data-start=\"5730\" data-end=\"6040\">\n<p class=\"\" data-start=\"5732\" data-end=\"6040\"><strong data-start=\"5732\" data-end=\"5760\">Prime Renewing Pack 30ml<\/strong> : Eine innovative Maske, die die Haut revitalisiert und ihr Leuchtkraft, Geschmeidigkeit und Festigkeit verleiht. Ihre reichhaltige, cremige Textur hilft, Anzeichen von M\u00fcdigkeit und Stress zu reduzieren und verbessert die Hautqualit\u00e4t f\u00fcr ein frisches und jugendliches Aussehen.<\/p>\n<\/li>\n<li class=\"\" data-start=\"6042\" data-end=\"6328\">\n<p class=\"\" data-start=\"6044\" data-end=\"6328\"><strong data-start=\"6044\" data-end=\"6079\">Restoring Perfection SPF50 15ml<\/strong> : Ein perfektionierendes Fluid mit SPF50 Sonnenschutz, das die Haut vor UV-Sch\u00e4den sch\u00fctzt. Die leichte, aber leistungsstarke Formel hilft, die Elastizit\u00e4t und Textur der Haut zu verbessern und die Anzeichen der Hautalterung sichtbar zu reduzieren.<\/p>\n<\/li>\n<li class=\"\" data-start=\"6330\" data-end=\"6569\">\n<p class=\"\" data-start=\"6332\" data-end=\"6569\"><strong data-start=\"6332\" data-end=\"6361\">Moisturizing Booster 10ml<\/strong> : Ein hochkonzentrierter Booster, der die Hautfeuchtigkeit verst\u00e4rkt und ihre sch\u00fctzende Barriere wiederherstellt. Die Haut erscheint sichtbar weicher und hydratisierter, mit einer sofort gl\u00e4ttenden Wirkung.<\/p>\n<\/li>\n<li class=\"\" data-start=\"6571\" data-end=\"6842\">\n<p class=\"\" data-start=\"6573\" data-end=\"6842\"><strong data-start=\"6573\" data-end=\"6607\">Moisturizing with a Cream 15ml<\/strong> : Eine reichhaltige Creme, die tiefgehende Hydratation spendet und die Haut frisch und weich hinterl\u00e4sst. Perfekt f\u00fcr die t\u00e4gliche Anwendung hilft diese Creme, die Hautstruktur zu verbessern und sie strahlender und ges\u00fcnder zu machen.<\/p>\n<\/li>\n<li class=\"\" data-start=\"6844\" data-end=\"7140\">\n<p class=\"\" data-start=\"6846\" data-end=\"7140\"><strong data-start=\"6846\" data-end=\"6866\">Vital Falls 30ml<\/strong> : Eine Behandlung, die tief in die Haut eindringt, um Vitalit\u00e4t und Leuchtkraft zur\u00fcckzugeben. Ihre feuchtigkeitsspendenden und regenerierenden Eigenschaften verbessern das allgemeine Erscheinungsbild der Haut und reduzieren sichtbar die Anzeichen von M\u00fcdigkeit und Stress.<\/p>\n<\/li>\n<li class=\"\" data-start=\"7142\" data-end=\"7422\">\n<p class=\"\" data-start=\"7144\" data-end=\"7422\"><strong data-start=\"7144\" data-end=\"7165\">Prime Contour 5ml<\/strong> : Eine gezielte Behandlung f\u00fcr die empfindliche Augenpartie, die Augenringe, Schwellungen und Falten sichtbar reduziert. Die konzentrierte Formel hilft, die Hautelastizit\u00e4t zu verbessern und sorgt daf\u00fcr, dass die Augenpartie frischer und erholter aussieht.<\/p>\n<\/li>\n<li class=\"\" data-start=\"7424\" data-end=\"7658\">\n<p class=\"\" data-start=\"7426\" data-end=\"7658\"><strong data-start=\"7426\" data-end=\"7452\">Valmont White L Vanity<\/strong> : Ein elegantes Vanity Case, das ideal ist, um Ihre Valmont-Produkte auf praktische und stilvolle Weise zu transportieren. Perfekt f\u00fcr Reisen, ohne auf die Qualit\u00e4t Ihrer Behandlungen verzichten zu m\u00fcssen.<\/p>\n<\/li>\n<\/ul>\n<p class=\"\" data-start=\"7660\" data-end=\"7993\"><strong data-start=\"7660\" data-end=\"7692\">Das Set &#8222;A Taste of Valmont&#8220;<\/strong> ist eine einzigartige Gelegenheit, die Wirksamkeit der Valmont-Behandlungen in einem praktischen und praktischen Format zu erleben. Mit einer Kombination aus Hydratation, Schutz und Regeneration ist dieses Set perfekt f\u00fcr diejenigen, die eine sichtbar j\u00fcngere, ges\u00fcndere und strahlendere Haut suchen.<\/p>\n<p data-start=\"2312\" data-end=\"2607\">Follow us! <a href=\"https:\/\/www.instagram.com\/freeshopswiss\/\" target=\"_blank\" rel=\"noopener\">@freeshopswiss<\/a><\/p>\n","protected":false},"excerpt":{"rendered":"<p>VALMONT Set &#8222;A Taste of Valmont&#8220; \u2013 Komplette Pflege f\u00fcr Sch\u00f6nheit und Regeneration Das exklusive VALMONT Set &#8222;A Taste of Valmont&#8220; bietet eine Auswahl der besten Produkte von Valmont, die darauf ausgelegt sind, der Haut eine vollst\u00e4ndige Behandlung f\u00fcr Sch\u00f6nheit, Hydratation und Schutz zu bieten. Jedes Produkt ist mit hochwertigen Inhaltsstoffen formuliert, um sichtbare Ergebnisse [&hellip;]<\/p>\n","protected":false},"featured_media":28633,"comment_status":"open","ping_status":"closed","template":"","meta":[],"pwb-brand":[977],"product_brand":[],"product_cat":[292,111,485,546],"product_tag":[419,293,460],"class_list":{"0":"post-28637","1":"product","2":"type-product","3":"status-publish","4":"has-post-thumbnail","6":"pwb-brand-valmont","7":"product_cat-behandlungen","8":"product_cat-fur-sie-de","9":"product_cat-geschenkbox","10":"product_cat-gesichtsbehandlung","11":"product_tag-behandlungen-de","12":"product_tag-frau","13":"product_tag-parfuem-geschenkset","15":"first","16":"outofstock","17":"sale","18":"taxable","19":"shipping-taxable","20":"purchasable","21":"product-type-simple"},"brands":[{"id":977,"name":"Valmont","slug":"valmont"}],"_links":{"self":[{"href":"https:\/\/www.freeshopfrontiera.ch\/de\/wp-json\/wp\/v2\/product\/28637","targetHints":{"allow":["GET"]}}],"collection":[{"href":"https:\/\/www.freeshopfrontiera.ch\/de\/wp-json\/wp\/v2\/product"}],"about":[{"href":"https:\/\/www.freeshopfrontiera.ch\/de\/wp-json\/wp\/v2\/types\/product"}],"replies":[{"embeddable":true,"href":"https:\/\/www.freeshopfrontiera.ch\/de\/wp-json\/wp\/v2\/comments?post=28637"}],"version-history":[{"count":1,"href":"https:\/\/www.freeshopfrontiera.ch\/de\/wp-json\/wp\/v2\/product\/28637\/revisions"}],"predecessor-version":[{"id":28642,"href":"https:\/\/www.freeshopfrontiera.ch\/de\/wp-json\/wp\/v2\/product\/28637\/revisions\/28642"}],"wp:featuredmedia":[{"embeddable":true,"href":"https:\/\/www.freeshopfrontiera.ch\/de\/wp-json\/wp\/v2\/media\/28633"}],"wp:attachment":[{"href":"https:\/\/www.freeshopfrontiera.ch\/de\/wp-json\/wp\/v2\/media?parent=28637"}],"wp:term":[{"taxonomy":"pwb-brand","embeddable":true,"href":"https:\/\/www.freeshopfrontiera.ch\/de\/wp-json\/wp\/v2\/pwb-brand?post=28637"},{"taxonomy":"product_brand","embeddable":true,"href":"https:\/\/www.freeshopfrontiera.ch\/de\/wp-json\/wp\/v2\/product_brand?post=28637"},{"taxonomy":"product_cat","embeddable":true,"href":"https:\/\/www.freeshopfrontiera.ch\/de\/wp-json\/wp\/v2\/product_cat?post=28637"},{"taxonomy":"product_tag","embeddable":true,"href":"https:\/\/www.freeshopfrontiera.ch\/de\/wp-json\/wp\/v2\/product_tag?post=28637"}],"curies":[{"name":"wp","href":"https:\/\/api.w.org\/{rel}","templated":true}]}}