{"id":28651,"date":"2025-04-28T11:39:13","date_gmt":"2025-04-28T11:39:13","guid":{"rendered":"https:\/\/www.freeshopfrontiera.ch\/shop\/sensai-lasting-plump-lispstick-holder\/"},"modified":"2025-04-28T11:49:38","modified_gmt":"2025-04-28T11:49:38","slug":"sensai-lasting-plump-lispstick-holder","status":"publish","type":"product","link":"https:\/\/www.freeshopfrontiera.ch\/de\/shop\/sensai-lasting-plump-lispstick-holder\/","title":{"rendered":"SENSAI Lasting Plump Lispstick Holder"},"content":{"rendered":"<article class=\"text-token-text-primary w-full\" dir=\"auto\" data-testid=\"conversation-turn-48\" data-scroll-anchor=\"true\">\n<div class=\"text-base my-auto mx-auto py-5 [--thread-content-margin:--spacing(4)] @[37rem]:[--thread-content-margin:--spacing(6)] @[70rem]:[--thread-content-margin:--spacing(12)] px-(--thread-content-margin)\">\n<div class=\"[--thread-content-max-width:32rem] @[34rem]:[--thread-content-max-width:40rem] @[64rem]:[--thread-content-max-width:48rem] mx-auto flex max-w-(--thread-content-max-width) flex-1 text-base gap-4 md:gap-5 lg:gap-6 group\/turn-messages focus-visible:outline-hidden\" tabindex=\"-1\">\n<div class=\"group\/conversation-turn relative flex w-full min-w-0 flex-col agent-turn\">\n<div class=\"relative flex-col gap-1 md:gap-3\">\n<div class=\"flex max-w-full flex-col grow\">\n<div class=\"min-h-8 text-message relative flex w-full flex-col items-end gap-2 text-start break-words whitespace-normal [.text-message+&amp;]:mt-5\" dir=\"auto\" data-message-author-role=\"assistant\" data-message-id=\"c75b40c2-3454-4372-ac2c-66ec205656d2\" data-message-model-slug=\"gpt-4o-mini\">\n<div class=\"flex w-full flex-col gap-1 empty:hidden first:pt-[3px]\">\n<div class=\"markdown prose dark:prose-invert w-full break-words light\">\n<p class=\"\" data-start=\"1467\" data-end=\"1894\"><strong data-start=\"1467\" data-end=\"1507\">SENSAI Lasting Plump Lipstick Holder<\/strong> ist ein elegantes und praktisches Accessoire, das speziell entwickelt wurde, um die <strong data-start=\"1592\" data-end=\"1626\">SENSAI Lasting Plump Lipsticks<\/strong> aufzubewahren und zu laden. Diese raffinierte H\u00fclle bietet sicheren Schutz und eine optimale Aufbewahrung f\u00fcr den Lippenstift, sodass mehrere Lippenstifte bequem im selben Holder verstaut werden k\u00f6nnen. Ein Muss f\u00fcr alle, die jederzeit einen makellosen Look w\u00fcnschen.<\/p>\n<p class=\"\" data-start=\"1896\" data-end=\"2329\">Das Design, das auf Praktikabilit\u00e4t und Stil ausgelegt ist, erm\u00f6glicht es, mehr als einen Lippenstift mitzunehmen, was es ideal f\u00fcr diejenigen macht, die ihr Make-up im Laufe des Tages variieren m\u00f6chten. Es ist aus hochwertigen Materialien gefertigt und sehr langlebig. Die kompakte Form und der leicht zu bedienende Lademechanismus sorgen daf\u00fcr, dass der perfekte Lippenstift immer griffbereit f\u00fcr einen schnellen Nachschminken ist.<\/p>\n<p class=\"\" data-start=\"2331\" data-end=\"2349\"><strong data-start=\"2331\" data-end=\"2349\">Hauptmerkmale:<\/strong><\/p>\n<ul data-start=\"2350\" data-end=\"2605\">\n<li class=\"\" data-start=\"2350\" data-end=\"2410\">\n<p class=\"\" data-start=\"2352\" data-end=\"2410\">Elegant und funktional, mit Platz f\u00fcr mehrere Lippenstifte<\/p>\n<\/li>\n<li class=\"\" data-start=\"2411\" data-end=\"2463\">\n<p class=\"\" data-start=\"2413\" data-end=\"2463\">Kompaktes und praktisches Design, ideal f\u00fcr Reisen<\/p>\n<\/li>\n<li class=\"\" data-start=\"2464\" data-end=\"2506\">\n<p class=\"\" data-start=\"2466\" data-end=\"2506\">Aus hochwertigen Materialien hergestellt<\/p>\n<\/li>\n<li class=\"\" data-start=\"2507\" data-end=\"2545\">\n<p class=\"\" data-start=\"2509\" data-end=\"2545\">Sicherer Schutz f\u00fcr die Lippenstifte<\/p>\n<\/li>\n<li class=\"\" data-start=\"2546\" data-end=\"2605\">\n<p class=\"\" data-start=\"2548\" data-end=\"2605\">Leicht zu transportieren und bequem im t\u00e4glichen Gebrauch<\/p>\n<\/li>\n<\/ul>\n<p class=\"\" data-start=\"2607\" data-end=\"2956\">Mit dem <strong data-start=\"2615\" data-end=\"2655\">SENSAI Lasting Plump Lipstick Holder<\/strong> haben Sie nicht nur ein schickes und praktisches Accessoire, sondern k\u00f6nnen auch mehrere <strong data-start=\"2745\" data-end=\"2755\">SENSAI<\/strong> Lippenstifte mitnehmen, sie gesch\u00fctzt aufbewahren und jederzeit den gew\u00fcnschten Look kreieren. Der <strong data-start=\"2855\" data-end=\"2895\">SENSAI Lasting Plump Lipstick Holder<\/strong> ist mit allen <strong data-start=\"2910\" data-end=\"2944\">SENSAI Lasting Plump Lipsticks<\/strong> kompatibel.<\/p>\n<\/div>\n<\/div>\n<\/div>\n<\/div>\n<\/div>\n<\/div>\n<\/div>\n<\/div>\n<\/article>\n<div class=\"pointer-events-none h-px w-px\" aria-hidden=\"true\" data-edge=\"true\"><\/div>\n<div aria-hidden=\"true\" data-edge=\"true\">Follow us! <a href=\"https:\/\/www.instagram.com\/freeshopswiss\/\" target=\"_blank\" rel=\"noopener\">@freeshopswiss<\/a><\/div>\n","protected":false},"excerpt":{"rendered":"<p>SENSAI Lasting Plump Lipstick Holder ist ein elegantes und praktisches Accessoire, das speziell entwickelt wurde, um die SENSAI Lasting Plump Lipsticks aufzubewahren und zu laden. Diese raffinierte H\u00fclle bietet sicheren Schutz und eine optimale Aufbewahrung f\u00fcr den Lippenstift, sodass mehrere Lippenstifte bequem im selben Holder verstaut werden k\u00f6nnen. Ein Muss f\u00fcr alle, die jederzeit einen [&hellip;]<\/p>\n","protected":false},"featured_media":28647,"comment_status":"open","ping_status":"closed","template":"","meta":[],"pwb-brand":[596],"product_brand":[],"product_cat":[111,588,567],"product_tag":[293,589,476,468],"class_list":{"0":"post-28651","1":"product","2":"type-product","3":"status-publish","4":"has-post-thumbnail","6":"pwb-brand-sensai","7":"product_cat-fur-sie-de","8":"product_cat-lippen-make-up-de","9":"product_cat-make-up-de-2","10":"product_tag-frau","11":"product_tag-lippen-make-up-de","12":"product_tag-make-up-de","13":"product_tag-make-up-zubehor","15":"first","16":"instock","17":"sale","18":"taxable","19":"shipping-taxable","20":"purchasable","21":"product-type-simple"},"brands":[{"id":596,"name":"Sensai","slug":"sensai"}],"_links":{"self":[{"href":"https:\/\/www.freeshopfrontiera.ch\/de\/wp-json\/wp\/v2\/product\/28651","targetHints":{"allow":["GET"]}}],"collection":[{"href":"https:\/\/www.freeshopfrontiera.ch\/de\/wp-json\/wp\/v2\/product"}],"about":[{"href":"https:\/\/www.freeshopfrontiera.ch\/de\/wp-json\/wp\/v2\/types\/product"}],"replies":[{"embeddable":true,"href":"https:\/\/www.freeshopfrontiera.ch\/de\/wp-json\/wp\/v2\/comments?post=28651"}],"version-history":[{"count":3,"href":"https:\/\/www.freeshopfrontiera.ch\/de\/wp-json\/wp\/v2\/product\/28651\/revisions"}],"predecessor-version":[{"id":37629,"href":"https:\/\/www.freeshopfrontiera.ch\/de\/wp-json\/wp\/v2\/product\/28651\/revisions\/37629"}],"wp:featuredmedia":[{"embeddable":true,"href":"https:\/\/www.freeshopfrontiera.ch\/de\/wp-json\/wp\/v2\/media\/28647"}],"wp:attachment":[{"href":"https:\/\/www.freeshopfrontiera.ch\/de\/wp-json\/wp\/v2\/media?parent=28651"}],"wp:term":[{"taxonomy":"pwb-brand","embeddable":true,"href":"https:\/\/www.freeshopfrontiera.ch\/de\/wp-json\/wp\/v2\/pwb-brand?post=28651"},{"taxonomy":"product_brand","embeddable":true,"href":"https:\/\/www.freeshopfrontiera.ch\/de\/wp-json\/wp\/v2\/product_brand?post=28651"},{"taxonomy":"product_cat","embeddable":true,"href":"https:\/\/www.freeshopfrontiera.ch\/de\/wp-json\/wp\/v2\/product_cat?post=28651"},{"taxonomy":"product_tag","embeddable":true,"href":"https:\/\/www.freeshopfrontiera.ch\/de\/wp-json\/wp\/v2\/product_tag?post=28651"}],"curies":[{"name":"wp","href":"https:\/\/api.w.org\/{rel}","templated":true}]}}