{"id":28740,"date":"2025-04-28T14:36:12","date_gmt":"2025-04-28T14:36:12","guid":{"rendered":"https:\/\/www.freeshopfrontiera.ch\/shop\/maison-heritage-tuileries-100ml\/"},"modified":"2025-04-28T14:41:02","modified_gmt":"2025-04-28T14:41:02","slug":"maison-heritage-tuileries-100ml","status":"publish","type":"product","link":"https:\/\/www.freeshopfrontiera.ch\/de\/shop\/maison-heritage-tuileries-100ml\/","title":{"rendered":"MAISON HERITAGE Tuileries 100ml"},"content":{"rendered":"<p class=\"\" data-start=\"1382\" data-end=\"1667\"><strong data-start=\"1382\" data-end=\"1436\">MAISON HERITAGE Tuileries Eau de Parfum Vapo 100ml<\/strong> ist ein Parf\u00fcm, das die Eleganz der Pariser G\u00e4rten feiert und die Sch\u00f6nheit der Blumen sowie die Frische der Natur einf\u00e4ngt. Ein raffinierter und femininer Duft, perfekt f\u00fcr die Frau, die einen eleganten und lebendigen Duft sucht.<\/p>\n<p class=\"\" data-start=\"1669\" data-end=\"1899\"><strong data-start=\"1669\" data-end=\"1681\">Kopfnote<\/strong>: Das Parf\u00fcm er\u00f6ffnet mit einem frischen Hauch aus <strong data-start=\"1732\" data-end=\"1744\">Bergamot<\/strong> und <strong data-start=\"1749\" data-end=\"1759\">Orange<\/strong>, der einen sonnigen und spritzigen Beginn schafft, der die Energie eines Spaziergangs durch die bl\u00fchenden G\u00e4rten von Paris heraufbeschw\u00f6rt.<\/p>\n<p class=\"\" data-start=\"1901\" data-end=\"2094\"><strong data-start=\"1901\" data-end=\"1913\">Herznote<\/strong>: Im Herzen des Parf\u00fcms bl\u00fchen zarte und raffinierte Noten von <strong data-start=\"1976\" data-end=\"1984\">Rose<\/strong> und <strong data-start=\"1989\" data-end=\"2000\">Freesie<\/strong> auf, die eine florale S\u00fc\u00dfe hinzuf\u00fcgen und eine Atmosph\u00e4re von Reinheit und Harmonie schaffen.<\/p>\n<p class=\"\" data-start=\"2096\" data-end=\"2451\"><strong data-start=\"2096\" data-end=\"2109\">Basisnote<\/strong>: Die Basis des Parf\u00fcms ist einh\u00fcllend und sinnlich, dank der Kombination von <strong data-start=\"2187\" data-end=\"2196\">Birne<\/strong>, <strong data-start=\"2198\" data-end=\"2214\">Orangenbl\u00fcte<\/strong> und <strong data-start=\"2219\" data-end=\"2229\">Jasmin<\/strong>, die dem Duft elegante und anspruchsvolle Tiefe verleihen. Diese floralen und fruchtigen Noten hinterlassen eine anhaltende und faszinierende Spur, perfekt f\u00fcr eine Frau, die einen Duft sucht, der nicht unbeachtet bleibt.<\/p>\n<p class=\"\" data-start=\"2453\" data-end=\"2755\">Die 100-ml-Flasche mit ihrem eleganten und modernen Design ist das perfekte Symbol f\u00fcr den Stil und die Qualit\u00e4t von <strong data-start=\"2570\" data-end=\"2589\">MAISON HERITAGE<\/strong>. <strong data-start=\"2591\" data-end=\"2604\">Tuileries<\/strong> ist der ideale Duft f\u00fcr diejenigen, die einen frischen, floralen und einh\u00fcllenden Duft suchen, der zu jeder Gelegenheit, vom Tag bis zum Abend, passt.<\/p>\n<p data-start=\"1103\" data-end=\"1379\">Follow us! <a href=\"https:\/\/www.instagram.com\/freeshopswiss\/\" target=\"_blank\" rel=\"noopener\">@freeshopswiss<\/a><\/p>\n","protected":false},"excerpt":{"rendered":"<p><em><strong>Eau de Parfum<\/strong><\/em><\/p>\n","protected":false},"featured_media":28736,"comment_status":"open","ping_status":"closed","template":"","meta":[],"pwb-brand":[915],"product_brand":[],"product_cat":[84,111],"product_tag":[790,952,254,293],"class_list":{"0":"post-28740","1":"product","2":"type-product","3":"status-publish","4":"has-post-thumbnail","6":"pwb-brand-maison-heritage","7":"product_cat-duefte","8":"product_cat-fur-sie-de","9":"product_tag-womens-fragrances-de","10":"product_tag-profumi-de","11":"product_tag-eau-de-parfum-de","12":"product_tag-frau","14":"first","15":"outofstock","16":"sale","17":"taxable","18":"shipping-taxable","19":"purchasable","20":"product-type-simple"},"brands":[{"id":915,"name":"Maison Heritage","slug":"maison-heritage"}],"_links":{"self":[{"href":"https:\/\/www.freeshopfrontiera.ch\/de\/wp-json\/wp\/v2\/product\/28740","targetHints":{"allow":["GET"]}}],"collection":[{"href":"https:\/\/www.freeshopfrontiera.ch\/de\/wp-json\/wp\/v2\/product"}],"about":[{"href":"https:\/\/www.freeshopfrontiera.ch\/de\/wp-json\/wp\/v2\/types\/product"}],"replies":[{"embeddable":true,"href":"https:\/\/www.freeshopfrontiera.ch\/de\/wp-json\/wp\/v2\/comments?post=28740"}],"version-history":[{"count":1,"href":"https:\/\/www.freeshopfrontiera.ch\/de\/wp-json\/wp\/v2\/product\/28740\/revisions"}],"predecessor-version":[{"id":28744,"href":"https:\/\/www.freeshopfrontiera.ch\/de\/wp-json\/wp\/v2\/product\/28740\/revisions\/28744"}],"wp:featuredmedia":[{"embeddable":true,"href":"https:\/\/www.freeshopfrontiera.ch\/de\/wp-json\/wp\/v2\/media\/28736"}],"wp:attachment":[{"href":"https:\/\/www.freeshopfrontiera.ch\/de\/wp-json\/wp\/v2\/media?parent=28740"}],"wp:term":[{"taxonomy":"pwb-brand","embeddable":true,"href":"https:\/\/www.freeshopfrontiera.ch\/de\/wp-json\/wp\/v2\/pwb-brand?post=28740"},{"taxonomy":"product_brand","embeddable":true,"href":"https:\/\/www.freeshopfrontiera.ch\/de\/wp-json\/wp\/v2\/product_brand?post=28740"},{"taxonomy":"product_cat","embeddable":true,"href":"https:\/\/www.freeshopfrontiera.ch\/de\/wp-json\/wp\/v2\/product_cat?post=28740"},{"taxonomy":"product_tag","embeddable":true,"href":"https:\/\/www.freeshopfrontiera.ch\/de\/wp-json\/wp\/v2\/product_tag?post=28740"}],"curies":[{"name":"wp","href":"https:\/\/api.w.org\/{rel}","templated":true}]}}