{"id":28974,"date":"2025-04-29T13:41:10","date_gmt":"2025-04-29T13:41:10","guid":{"rendered":"https:\/\/www.freeshopfrontiera.ch\/shop\/valentino-born-in-roma-uomo-extradose\/"},"modified":"2025-07-29T08:24:54","modified_gmt":"2025-07-29T08:24:54","slug":"valentino-born-in-roma-uomo-extradose","status":"publish","type":"product","link":"https:\/\/www.freeshopfrontiera.ch\/de\/shop\/valentino-born-in-roma-uomo-extradose\/","title":{"rendered":"VALENTINO Born in Roma Uomo Extradose"},"content":{"rendered":"<p class=\"\" data-start=\"1582\" data-end=\"1870\"><strong data-start=\"1582\" data-end=\"1644\">VALENTINO Born in Roma Uomo Extradose Le Parfum Vapo 100ml<\/strong> ist eine Hommage an die Intensit\u00e4t. Ein k\u00fchner, tiefer und raffinierter Duft, der die moderne Eleganz des r\u00f6mischen Mannes verk\u00f6rpert. Kraftvoll und sinnlich \u2013 f\u00fcr M\u00e4nner, die mit Leidenschaft leben und Eindruck hinterlassen.<\/p>\n<p class=\"\" data-start=\"1872\" data-end=\"2074\">Der Duft startet mit vibrierenden Noten von Ingwer und Bergamotte. Ein frischer, w\u00fcrziger Auftakt voller Energie, der sofort Aufmerksamkeit weckt. Ausdruck einer freien und selbstbewussten M\u00e4nnlichkeit.<\/p>\n<p class=\"\" data-start=\"2076\" data-end=\"2266\">Im Herzen wird der Duft w\u00e4rmer und markanter. Aromatischer Salbei vereint sich mit Vetiver zu einer eleganten und zeitgem\u00e4\u00dfen Komposition. Eine Duftsignatur zwischen Tradition und Rebellion.<\/p>\n<p class=\"\" data-start=\"2268\" data-end=\"2521\">Die Basis ist intensiv und umh\u00fcllend. Bourbon-Vanille verbindet sich mit Amber- und Holznoten und hinterl\u00e4sst eine reiche, langanhaltende und magnetische Spur. Jeder Spr\u00fchsto\u00df erz\u00e4hlt von Kontrasten \u2013 St\u00e4rke und Sanftheit, M\u00e4nnlichkeit und Sinnlichkeit.<\/p>\n<p class=\"\" data-start=\"2523\" data-end=\"2705\"><strong data-start=\"2523\" data-end=\"2554\">Born in Roma Uomo Extradose<\/strong> ist f\u00fcr M\u00e4nner, die den Mut haben, anders zu sein. Ein Duft voller Charakter und Stil \u2013 ideal f\u00fcr besondere Abende und auff\u00e4llig genug f\u00fcr den Alltag.<\/p>\n<p class=\"\" data-start=\"2707\" data-end=\"2877\">Der Flakon in Schwarz mit bernsteinfarbenen Reflexen zeigt das ikonische Valentino-Nietendesign. Elegant und rebellisch \u2013 ein Symbol f\u00fcr Pers\u00f6nlichkeit und urbanen Luxus.<\/p>\n<p class=\"\" data-start=\"2879\" data-end=\"3044\"><strong data-start=\"2879\" data-end=\"2930\">VALENTINO Born in Roma Uomo Extradose Le Parfum<\/strong> ist mehr als nur ein Duft. Es ist ein Statement. F\u00fcr alle, die ihre Geschichte mit Intensit\u00e4t und Stil schreiben.<\/p>\n<p data-start=\"1512\" data-end=\"1661\">Follow us! <a href=\"https:\/\/www.instagram.com\/freeshopswiss\/\" target=\"_blank\" rel=\"noopener\">@freeshopswiss<\/a><\/p>\n","protected":false},"excerpt":{"rendered":"<p>VALENTINO Born in Roma Uomo Extradose Le Parfum Vapo 100ml ist eine Hommage an die Intensit\u00e4t. Ein k\u00fchner, tiefer und raffinierter Duft, der die moderne Eleganz des r\u00f6mischen Mannes verk\u00f6rpert. Kraftvoll und sinnlich \u2013 f\u00fcr M\u00e4nner, die mit Leidenschaft leben und Eindruck hinterlassen. Der Duft startet mit vibrierenden Noten von Ingwer und Bergamotte. Ein frischer, [&hellip;]<\/p>\n","protected":false},"featured_media":28956,"comment_status":"open","ping_status":"closed","template":"","meta":[],"pwb-brand":[298],"product_brand":[],"product_cat":[84,86],"product_tag":[952,254,953,1642],"class_list":{"0":"post-28974","1":"product","2":"type-product","3":"status-publish","4":"has-post-thumbnail","6":"pwb-brand-valentino","7":"product_cat-duefte","8":"product_cat-fur-ihn-de","9":"product_tag-profumi-de","10":"product_tag-eau-de-parfum-de","11":"product_tag-uomo-de","12":"product_tag-mens-fragrances-de","14":"first","15":"outofstock","16":"sale","17":"taxable","18":"shipping-taxable","19":"purchasable","20":"product-type-variable","21":"has-default-attributes"},"brands":[{"id":298,"name":"Valentino","slug":"valentino"}],"_links":{"self":[{"href":"https:\/\/www.freeshopfrontiera.ch\/de\/wp-json\/wp\/v2\/product\/28974","targetHints":{"allow":["GET"]}}],"collection":[{"href":"https:\/\/www.freeshopfrontiera.ch\/de\/wp-json\/wp\/v2\/product"}],"about":[{"href":"https:\/\/www.freeshopfrontiera.ch\/de\/wp-json\/wp\/v2\/types\/product"}],"replies":[{"embeddable":true,"href":"https:\/\/www.freeshopfrontiera.ch\/de\/wp-json\/wp\/v2\/comments?post=28974"}],"version-history":[{"count":3,"href":"https:\/\/www.freeshopfrontiera.ch\/de\/wp-json\/wp\/v2\/product\/28974\/revisions"}],"predecessor-version":[{"id":28985,"href":"https:\/\/www.freeshopfrontiera.ch\/de\/wp-json\/wp\/v2\/product\/28974\/revisions\/28985"}],"wp:featuredmedia":[{"embeddable":true,"href":"https:\/\/www.freeshopfrontiera.ch\/de\/wp-json\/wp\/v2\/media\/28956"}],"wp:attachment":[{"href":"https:\/\/www.freeshopfrontiera.ch\/de\/wp-json\/wp\/v2\/media?parent=28974"}],"wp:term":[{"taxonomy":"pwb-brand","embeddable":true,"href":"https:\/\/www.freeshopfrontiera.ch\/de\/wp-json\/wp\/v2\/pwb-brand?post=28974"},{"taxonomy":"product_brand","embeddable":true,"href":"https:\/\/www.freeshopfrontiera.ch\/de\/wp-json\/wp\/v2\/product_brand?post=28974"},{"taxonomy":"product_cat","embeddable":true,"href":"https:\/\/www.freeshopfrontiera.ch\/de\/wp-json\/wp\/v2\/product_cat?post=28974"},{"taxonomy":"product_tag","embeddable":true,"href":"https:\/\/www.freeshopfrontiera.ch\/de\/wp-json\/wp\/v2\/product_tag?post=28974"}],"curies":[{"name":"wp","href":"https:\/\/api.w.org\/{rel}","templated":true}]}}