{"id":29001,"date":"2025-04-29T14:30:53","date_gmt":"2025-04-29T14:30:53","guid":{"rendered":"https:\/\/www.freeshopfrontiera.ch\/shop\/shiseido-vital-perfection-uplifting\/"},"modified":"2025-04-29T15:03:43","modified_gmt":"2025-04-29T15:03:43","slug":"shiseido-vital-perfection-uplifting","status":"publish","type":"product","link":"https:\/\/www.freeshopfrontiera.ch\/de\/shop\/shiseido-vital-perfection-uplifting\/","title":{"rendered":"SHISEIDO Vital Perfection Cream Soft 50ml"},"content":{"rendered":"<p class=\"\" data-start=\"1496\" data-end=\"1814\"><strong data-start=\"1496\" data-end=\"1572\">SHISEIDO Vital Perfection Uplifting and Firming Advanced Cream Soft 50ml<\/strong> ist eine fortschrittliche Anti-Aging-Creme, die die Haut festigt, liftet und zum Strahlen bringt. Die seidige, leichte Textur eignet sich ideal f\u00fcr alle, die eine wirksame, aber angenehme Pflege suchen \u2013 besonders bei normaler bis Mischhaut.<\/p>\n<p class=\"\" data-start=\"1816\" data-end=\"2112\">Dank der <strong data-start=\"1825\" data-end=\"1851\">ReNeura++\u2122-Technologie<\/strong> und dem <strong data-start=\"1860\" data-end=\"1887\">KURENAI-TruLift-Komplex<\/strong> unterst\u00fctzt die Creme die nat\u00fcrlichen Hautfunktionen zur Verbesserung von Elastizit\u00e4t und Spannkraft. Mit jeder Anwendung wirken die Gesichtskonturen definierter, Falten reduziert und der Teint gleichm\u00e4\u00dfiger und strahlender.<\/p>\n<p class=\"\" data-start=\"2114\" data-end=\"2371\">Die Formel enth\u00e4lt au\u00dferdem <strong data-start=\"2142\" data-end=\"2160\">Distel-Extrakt<\/strong>, der f\u00fcr seine antioxidativen und revitalisierenden Eigenschaften bekannt ist. Er hilft, die Haut zu st\u00e4rken und M\u00fcdigkeitsanzeichen zu bek\u00e4mpfen. Das Ergebnis: sichtbar glattere, festere und leuchtendere Haut.<\/p>\n<p class=\"\" data-start=\"2373\" data-end=\"2545\">Die softe Textur zieht schnell ein und hinterl\u00e4sst ein frisches, hydratisiertes Hautgef\u00fchl \u2013 ohne Fettfilm. Ideal f\u00fcr die Anwendung am Morgen und Abend, auch unter Make-up.<\/p>\n<p class=\"\" data-start=\"2547\" data-end=\"2810\"><strong data-start=\"2547\" data-end=\"2587\">SHISEIDO Vital Perfection Cream Soft<\/strong> ist die perfekte Pflege f\u00fcr alle, die die Zeichen der Hautalterung sanft und wirkungsvoll bek\u00e4mpfen m\u00f6chten. Schon nach wenigen Wochen wirkt die Haut revitalisiert, mit einem sichtbaren und lang anhaltenden Lifting-Effekt. SHISEIDO Vital Perfection 50ml ist eine fortschrittliche Anti-Aging-Creme, die die Haut festigt, liftet und zum Strahlen bringt.<\/p>\n<p class=\"\" data-start=\"2812\" data-end=\"2898\">Dermatologisch getestet. Geeignet f\u00fcr alle Hauttypen, besonders normale bis Mischhaut.<\/p>\n<p data-start=\"1504\" data-end=\"1598\">Follow us! <a href=\"https:\/\/www.instagram.com\/freeshopswiss\/\" target=\"_blank\" rel=\"noopener\">@freeshopswiss<\/a><\/p>\n","protected":false},"excerpt":{"rendered":"<p>SHISEIDO Vital Perfection Uplifting and Firming Advanced Cream Soft 50ml ist eine fortschrittliche Anti-Aging-Creme, die die Haut festigt, liftet und zum Strahlen bringt. Die seidige, leichte Textur eignet sich ideal f\u00fcr alle, die eine wirksame, aber angenehme Pflege suchen \u2013 besonders bei normaler bis Mischhaut. Dank der ReNeura++\u2122-Technologie und dem KURENAI-TruLift-Komplex unterst\u00fctzt die Creme die [&hellip;]<\/p>\n","protected":false},"featured_media":28993,"comment_status":"open","ping_status":"closed","template":"","meta":[],"pwb-brand":[312],"product_brand":[],"product_cat":[292,111,546],"product_tag":[419,300,953,5051],"class_list":{"0":"post-29001","1":"product","2":"type-product","3":"status-publish","4":"has-post-thumbnail","6":"pwb-brand-shiseido","7":"product_cat-behandlungen","8":"product_cat-fur-sie-de","9":"product_cat-gesichtsbehandlung","10":"product_tag-behandlungen-de","11":"product_tag-gesichtsbehandlungen","12":"product_tag-uomo-de","13":"product_tag-muttertag","15":"first","16":"instock","17":"sale","18":"taxable","19":"shipping-taxable","20":"purchasable","21":"product-type-simple"},"brands":[{"id":312,"name":"Shiseido","slug":"shiseido"}],"_links":{"self":[{"href":"https:\/\/www.freeshopfrontiera.ch\/de\/wp-json\/wp\/v2\/product\/29001","targetHints":{"allow":["GET"]}}],"collection":[{"href":"https:\/\/www.freeshopfrontiera.ch\/de\/wp-json\/wp\/v2\/product"}],"about":[{"href":"https:\/\/www.freeshopfrontiera.ch\/de\/wp-json\/wp\/v2\/types\/product"}],"replies":[{"embeddable":true,"href":"https:\/\/www.freeshopfrontiera.ch\/de\/wp-json\/wp\/v2\/comments?post=29001"}],"version-history":[{"count":3,"href":"https:\/\/www.freeshopfrontiera.ch\/de\/wp-json\/wp\/v2\/product\/29001\/revisions"}],"predecessor-version":[{"id":29011,"href":"https:\/\/www.freeshopfrontiera.ch\/de\/wp-json\/wp\/v2\/product\/29001\/revisions\/29011"}],"wp:featuredmedia":[{"embeddable":true,"href":"https:\/\/www.freeshopfrontiera.ch\/de\/wp-json\/wp\/v2\/media\/28993"}],"wp:attachment":[{"href":"https:\/\/www.freeshopfrontiera.ch\/de\/wp-json\/wp\/v2\/media?parent=29001"}],"wp:term":[{"taxonomy":"pwb-brand","embeddable":true,"href":"https:\/\/www.freeshopfrontiera.ch\/de\/wp-json\/wp\/v2\/pwb-brand?post=29001"},{"taxonomy":"product_brand","embeddable":true,"href":"https:\/\/www.freeshopfrontiera.ch\/de\/wp-json\/wp\/v2\/product_brand?post=29001"},{"taxonomy":"product_cat","embeddable":true,"href":"https:\/\/www.freeshopfrontiera.ch\/de\/wp-json\/wp\/v2\/product_cat?post=29001"},{"taxonomy":"product_tag","embeddable":true,"href":"https:\/\/www.freeshopfrontiera.ch\/de\/wp-json\/wp\/v2\/product_tag?post=29001"}],"curies":[{"name":"wp","href":"https:\/\/api.w.org\/{rel}","templated":true}]}}