{"id":29038,"date":"2025-04-29T15:39:01","date_gmt":"2025-04-29T15:39:01","guid":{"rendered":"https:\/\/www.freeshopfrontiera.ch\/shop\/olaplex-n-5p-blond-enhancer-conditioner-250ml\/"},"modified":"2025-04-29T16:00:24","modified_gmt":"2025-04-29T16:00:24","slug":"olaplex-n-5p-blond-enhancer-conditioner-250ml","status":"publish","type":"product","link":"https:\/\/www.freeshopfrontiera.ch\/de\/shop\/olaplex-n-5p-blond-enhancer-conditioner-250ml\/","title":{"rendered":"OLAPLEX N. 5P Blond Enhancer Conditioner 250ml"},"content":{"rendered":"<p class=\"\" data-start=\"1431\" data-end=\"1728\"><strong data-start=\"1431\" data-end=\"1480\">OLAPLEX N.5P Blond Enhancer Conditioner 250ml<\/strong> ist ein intensiv pflegender, tonisierender Conditioner f\u00fcr blondes, blondiertes oder graues Haar. Mit der patentierten OLAPLEX Bond Building-Technologie repariert er gesch\u00e4digte Haarverbindungen und sorgt f\u00fcr sichtbar kr\u00e4ftigeres, ges\u00fcnderes Haar.<\/p>\n<p class=\"\" data-start=\"1730\" data-end=\"1962\">Die violett pigmentierte Formel neutralisiert unerw\u00fcnschte Gelb- und Kupferstiche und verleiht dem Haar Leuchtkraft und Frische. Ideal zur Pflege von k\u00fchlem Blond, elegantem Grau oder strahlendem Platin zwischen den Friseurbesuchen.<\/p>\n<p class=\"\" data-start=\"1964\" data-end=\"2178\">Die reichhaltige, aber leichte Textur spendet intensive Feuchtigkeit, entwirrt das Haar und macht es geschmeidig und elastisch. Nach der Anwendung wirkt das Haar farblich gleichm\u00e4\u00dfiger, gl\u00e4nzender und seidig weich.<\/p>\n<p class=\"\" data-start=\"2180\" data-end=\"2347\"><strong data-start=\"2180\" data-end=\"2196\">OLAPLEX N.5P<\/strong> ist frei von Sulfaten, Parabenen und Phthalaten. Vegan, tierversuchsfrei und f\u00fcr chemisch behandeltes Haar geeignet \u2013 auch bei regelm\u00e4\u00dfiger Anwendung.<\/p>\n<p class=\"\" data-start=\"2349\" data-end=\"2541\"><strong data-start=\"2349\" data-end=\"2362\">Anwendung<\/strong>: Nach dem Waschen auf das feuchte Haar auftragen, von der Mitte bis in die Spitzen. Je nach gew\u00fcnschtem Effekt 1 bis 5 Minuten einwirken lassen, anschlie\u00dfend gr\u00fcndlich aussp\u00fclen.<\/p>\n<p class=\"\" data-start=\"2543\" data-end=\"2711\">In Kombination mit dem OLAPLEX N.4P Shampoo ergibt sich eine vollst\u00e4ndige Pflegeroutine f\u00fcr sichtbar sch\u00f6neres blondes oder graues Haar \u2013 schon ab der ersten Anwendung. OLAPLEX N.5P Blond Enhancer Conditioner 250ml ist ein intensiv pflegender, tonisierender Conditioner f\u00fcr blondes, blondiertes oder graues Haar.<\/p>\n<p class=\"\" data-start=\"2713\" data-end=\"2813\">Mit seinem <strong data-start=\"2724\" data-end=\"2733\">250ml<\/strong>-Format bietet er professionelle Ergebnisse f\u00fcr die t\u00e4gliche Anwendung zu Hause.<\/p>\n<p data-start=\"1430\" data-end=\"1582\">Follow us!\u00a0<a href=\"https:\/\/www.instagram.com\/freeshopswiss\/\" target=\"_blank\" rel=\"noopener\">@freeshopswiss<\/a><\/p>\n","protected":false},"excerpt":{"rendered":"<p>OLAPLEX N.5P Blond Enhancer Conditioner 250ml ist ein intensiv pflegender, tonisierender Conditioner f\u00fcr blondes, blondiertes oder graues Haar. Mit der patentierten OLAPLEX Bond Building-Technologie repariert er gesch\u00e4digte Haarverbindungen und sorgt f\u00fcr sichtbar kr\u00e4ftigeres, ges\u00fcnderes Haar. Die violett pigmentierte Formel neutralisiert unerw\u00fcnschte Gelb- und Kupferstiche und verleiht dem Haar Leuchtkraft und Frische. Ideal zur Pflege von [&hellip;]<\/p>\n","protected":false},"featured_media":29030,"comment_status":"open","ping_status":"closed","template":"","meta":[],"pwb-brand":[412],"product_brand":[],"product_cat":[292,111,543],"product_tag":[419,293,420],"class_list":{"0":"post-29038","1":"product","2":"type-product","3":"status-publish","4":"has-post-thumbnail","6":"pwb-brand-olaplex","7":"product_cat-behandlungen","8":"product_cat-fur-sie-de","9":"product_cat-haarbehandlung","10":"product_tag-behandlungen-de","11":"product_tag-frau","12":"product_tag-haarbehandlung-de","14":"first","15":"instock","16":"taxable","17":"shipping-taxable","18":"purchasable","19":"product-type-simple"},"brands":[{"id":412,"name":"Olaplex","slug":"olaplex"}],"_links":{"self":[{"href":"https:\/\/www.freeshopfrontiera.ch\/de\/wp-json\/wp\/v2\/product\/29038","targetHints":{"allow":["GET"]}}],"collection":[{"href":"https:\/\/www.freeshopfrontiera.ch\/de\/wp-json\/wp\/v2\/product"}],"about":[{"href":"https:\/\/www.freeshopfrontiera.ch\/de\/wp-json\/wp\/v2\/types\/product"}],"replies":[{"embeddable":true,"href":"https:\/\/www.freeshopfrontiera.ch\/de\/wp-json\/wp\/v2\/comments?post=29038"}],"version-history":[{"count":3,"href":"https:\/\/www.freeshopfrontiera.ch\/de\/wp-json\/wp\/v2\/product\/29038\/revisions"}],"predecessor-version":[{"id":29052,"href":"https:\/\/www.freeshopfrontiera.ch\/de\/wp-json\/wp\/v2\/product\/29038\/revisions\/29052"}],"wp:featuredmedia":[{"embeddable":true,"href":"https:\/\/www.freeshopfrontiera.ch\/de\/wp-json\/wp\/v2\/media\/29030"}],"wp:attachment":[{"href":"https:\/\/www.freeshopfrontiera.ch\/de\/wp-json\/wp\/v2\/media?parent=29038"}],"wp:term":[{"taxonomy":"pwb-brand","embeddable":true,"href":"https:\/\/www.freeshopfrontiera.ch\/de\/wp-json\/wp\/v2\/pwb-brand?post=29038"},{"taxonomy":"product_brand","embeddable":true,"href":"https:\/\/www.freeshopfrontiera.ch\/de\/wp-json\/wp\/v2\/product_brand?post=29038"},{"taxonomy":"product_cat","embeddable":true,"href":"https:\/\/www.freeshopfrontiera.ch\/de\/wp-json\/wp\/v2\/product_cat?post=29038"},{"taxonomy":"product_tag","embeddable":true,"href":"https:\/\/www.freeshopfrontiera.ch\/de\/wp-json\/wp\/v2\/product_tag?post=29038"}],"curies":[{"name":"wp","href":"https:\/\/api.w.org\/{rel}","templated":true}]}}