{"id":29282,"date":"2025-04-30T14:17:05","date_gmt":"2025-04-30T14:17:05","guid":{"rendered":"https:\/\/www.freeshopfrontiera.ch\/shop\/skin1004-madagascar-centella-light-cleansing-oil-200ml\/"},"modified":"2025-04-30T14:25:15","modified_gmt":"2025-04-30T14:25:15","slug":"skin1004-madagascar-centella-light-cleansing-oil-200ml","status":"publish","type":"product","link":"https:\/\/www.freeshopfrontiera.ch\/de\/shop\/skin1004-madagascar-centella-light-cleansing-oil-200ml\/","title":{"rendered":"SKIN1004 Madagascar Centella Light Cleansing Oil 200ml"},"content":{"rendered":"<p class=\"\" data-start=\"3363\" data-end=\"3582\">G\u00f6nne deiner Haut eine gr\u00fcndliche und zugleich sanfte Reinigung mit dem <strong data-start=\"3435\" data-end=\"3487\">SKIN1004 Madagascar Centella Light Cleansing Oil<\/strong> \u2013 ein leichtes, wirksames Reinigungs\u00f6l, das das nat\u00fcrliche Gleichgewicht der Haut respektiert.<\/p>\n<p class=\"\" data-start=\"3584\" data-end=\"3921\">Die fl\u00fcssige Textur emulgiert beim Kontakt mit Wasser m\u00fchelos und verwandelt sich in eine seidige Milch, die Make-up, \u00fcbersch\u00fcssigen Talg, Sonnenschutz und Umweltschmutz sanft entfernt. Ideal als <strong data-start=\"3780\" data-end=\"3818\">erster Schritt der Doppelreinigung<\/strong>, hinterl\u00e4sst es die Haut frisch, klar und strahlend \u2013 ohne zu beschweren oder die Poren zu verstopfen.<\/p>\n<p class=\"\" data-start=\"3923\" data-end=\"4166\">Die Formel ist mit <strong data-start=\"3942\" data-end=\"3978\">Centella Asiatica aus Madagaskar<\/strong> angereichert, bekannt f\u00fcr ihre beruhigenden, heilenden und st\u00e4rkenden Eigenschaften. Perfekt auch f\u00fcr empfindliche oder reaktive Haut, da sie R\u00f6tungen lindert und die Hautbarriere st\u00e4rkt.<\/p>\n<p class=\"\" data-start=\"4168\" data-end=\"4453\">Das \u00d6l enth\u00e4lt eine ausgewogene Mischung aus nat\u00fcrlichen Pflanzen\u00f6len und botanischen Extrakten, die selbst wasserfestes Make-up sanft entfernen \u2013 ohne die Haut auszutrocknen. Nach der Anwendung f\u00fchlt sich die Haut weich, gepflegt und vollst\u00e4ndig gereinigt an, ohne fettige R\u00fcckst\u00e4nde.<\/p>\n<p class=\"\" data-start=\"4455\" data-end=\"4668\">Geeignet f\u00fcr <strong data-start=\"4468\" data-end=\"4486\">alle Hauttypen<\/strong>, auch f\u00fcr fettige, Mischhaut oder zu Akne neigende Haut. <strong data-start=\"4544\" data-end=\"4588\">Nicht komedogen, parf\u00fcmfrei, alkoholfrei<\/strong>, <strong data-start=\"4590\" data-end=\"4599\">vegan<\/strong> und <strong data-start=\"4604\" data-end=\"4624\">tierversuchsfrei<\/strong> \u2013 ideal f\u00fcr selbst die empfindlichste Haut.<\/p>\n<p class=\"\" data-start=\"4670\" data-end=\"4892\">Das praktische <strong data-start=\"4685\" data-end=\"4702\">200 ml Format<\/strong> eignet sich perfekt f\u00fcr die t\u00e4gliche Anwendung morgens und abends und ist besonders ergiebig. Ein Must-have f\u00fcr alle, die eine sanfte und effektive Hautpflege auf koreanischer Basis suchen.<\/p>\n<p class=\"\" data-start=\"4894\" data-end=\"5039\">Mit <strong data-start=\"4898\" data-end=\"4910\">SKIN1004<\/strong> wird Reinigung zu einem Moment des Wohlbefindens. Eine einfache Geste f\u00fcr sichtbar ges\u00fcndere, ausgeglichene und strahlende Haut.<\/p>\n<p data-start=\"1629\" data-end=\"1793\">Follow us! <a href=\"https:\/\/www.instagram.com\/freeshopswiss\/\" target=\"_blank\" rel=\"noopener\">@freeshopswiss<\/a><\/p>\n","protected":false},"excerpt":{"rendered":"<p>G\u00f6nne deiner Haut eine gr\u00fcndliche und zugleich sanfte Reinigung mit dem SKIN1004 Madagascar Centella Light Cleansing Oil \u2013 ein leichtes, wirksames Reinigungs\u00f6l, das das nat\u00fcrliche Gleichgewicht der Haut respektiert. Die fl\u00fcssige Textur emulgiert beim Kontakt mit Wasser m\u00fchelos und verwandelt sich in eine seidige Milch, die Make-up, \u00fcbersch\u00fcssigen Talg, Sonnenschutz und Umweltschmutz sanft entfernt. Ideal [&hellip;]<\/p>\n","protected":false},"featured_media":29274,"comment_status":"open","ping_status":"closed","template":"","meta":[],"pwb-brand":[985],"product_brand":[],"product_cat":[292,111,546,3769],"product_tag":[419,293,300,3612,5051,5047],"class_list":{"0":"post-29282","1":"product","2":"type-product","3":"status-publish","4":"has-post-thumbnail","6":"pwb-brand-skin-1004","7":"product_cat-behandlungen","8":"product_cat-fur-sie-de","9":"product_cat-gesichtsbehandlung","10":"product_cat-k-beauty-de","11":"product_tag-behandlungen-de","12":"product_tag-frau","13":"product_tag-gesichtsbehandlungen","14":"product_tag-k-beauty-de","15":"product_tag-muttertag","16":"product_tag-unter-30-chf","18":"first","19":"instock","20":"sale","21":"taxable","22":"shipping-taxable","23":"purchasable","24":"product-type-simple"},"brands":[{"id":985,"name":"Skin 1004","slug":"skin-1004"}],"_links":{"self":[{"href":"https:\/\/www.freeshopfrontiera.ch\/de\/wp-json\/wp\/v2\/product\/29282","targetHints":{"allow":["GET"]}}],"collection":[{"href":"https:\/\/www.freeshopfrontiera.ch\/de\/wp-json\/wp\/v2\/product"}],"about":[{"href":"https:\/\/www.freeshopfrontiera.ch\/de\/wp-json\/wp\/v2\/types\/product"}],"replies":[{"embeddable":true,"href":"https:\/\/www.freeshopfrontiera.ch\/de\/wp-json\/wp\/v2\/comments?post=29282"}],"version-history":[{"count":4,"href":"https:\/\/www.freeshopfrontiera.ch\/de\/wp-json\/wp\/v2\/product\/29282\/revisions"}],"predecessor-version":[{"id":29291,"href":"https:\/\/www.freeshopfrontiera.ch\/de\/wp-json\/wp\/v2\/product\/29282\/revisions\/29291"}],"wp:featuredmedia":[{"embeddable":true,"href":"https:\/\/www.freeshopfrontiera.ch\/de\/wp-json\/wp\/v2\/media\/29274"}],"wp:attachment":[{"href":"https:\/\/www.freeshopfrontiera.ch\/de\/wp-json\/wp\/v2\/media?parent=29282"}],"wp:term":[{"taxonomy":"pwb-brand","embeddable":true,"href":"https:\/\/www.freeshopfrontiera.ch\/de\/wp-json\/wp\/v2\/pwb-brand?post=29282"},{"taxonomy":"product_brand","embeddable":true,"href":"https:\/\/www.freeshopfrontiera.ch\/de\/wp-json\/wp\/v2\/product_brand?post=29282"},{"taxonomy":"product_cat","embeddable":true,"href":"https:\/\/www.freeshopfrontiera.ch\/de\/wp-json\/wp\/v2\/product_cat?post=29282"},{"taxonomy":"product_tag","embeddable":true,"href":"https:\/\/www.freeshopfrontiera.ch\/de\/wp-json\/wp\/v2\/product_tag?post=29282"}],"curies":[{"name":"wp","href":"https:\/\/api.w.org\/{rel}","templated":true}]}}