{"id":29306,"date":"2025-04-30T14:38:15","date_gmt":"2025-04-30T14:38:15","guid":{"rendered":"https:\/\/www.freeshopfrontiera.ch\/shop\/skin1004-madagascar-centella-ampoule-55ml\/"},"modified":"2025-10-06T21:41:23","modified_gmt":"2025-10-06T21:41:23","slug":"skin1004-madagascar-centella-ampoule-55ml","status":"publish","type":"product","link":"https:\/\/www.freeshopfrontiera.ch\/de\/shop\/skin1004-madagascar-centella-ampoule-55ml\/","title":{"rendered":"SKIN1004 Madagascar Centella Ampoule 55ml"},"content":{"rendered":"<p class=\"\" data-start=\"3016\" data-end=\"3241\">Bringe deine Haut mit der <strong data-start=\"3042\" data-end=\"3082\">SKIN1004 Madagascar Centella Ampoule<\/strong> wieder ins Gleichgewicht und spende intensive Feuchtigkeit \u2013 mit einem hochkonzentrierten Serum aus <strong data-start=\"3183\" data-end=\"3240\">100\u202f% reinem Centella Asiatica Extrakt aus Madagaskar<\/strong>.<\/p>\n<p class=\"\" data-start=\"3243\" data-end=\"3545\">Diese Ampulle wurde speziell f\u00fcr empfindliche, gereizte oder gestresste Haut entwickelt, ist jedoch dank ihrer leichten, schnell einziehenden Textur f\u00fcr alle Hauttypen geeignet. Sie ist weder fettig noch klebrig und sorgt bereits nach der ersten Anwendung f\u00fcr ein beruhigtes, hydratisiertes Hautgef\u00fchl.<\/p>\n<p class=\"\" data-start=\"3547\" data-end=\"3859\"><strong data-start=\"3547\" data-end=\"3568\">Centella Asiatica Extrakt aus Madagaskar.<\/strong> ist bekannt f\u00fcr ihre beruhigenden, regenerierenden und st\u00e4rkenden Eigenschaften. Sie hilft, R\u00f6tungen und Irritationen zu reduzieren, st\u00e4rkt die Hautbarriere, unterst\u00fctzt die Zellerneuerung und verbessert die Elastizit\u00e4t. Ideal bei Feuchtigkeitsmangel, Reizungen oder umweltbedingtem Stress.<\/p>\n<p class=\"\" data-start=\"3861\" data-end=\"4106\">Die Formel ist <strong data-start=\"3876\" data-end=\"3956\">minimalistisch, vegan und frei von Duftstoffen, Alkohol und \u00e4therischen \u00d6len<\/strong> \u2013 auch f\u00fcr sehr empfindliche Haut bestens geeignet. Sie kann allein als t\u00e4gliches Serum verwendet oder mit anderen Pflegeprodukten kombiniert werden.<\/p>\n<p class=\"\" data-start=\"4108\" data-end=\"4301\">Das gro\u00dfz\u00fcgige <strong data-start=\"4123\" data-end=\"4139\">55-ml-Format<\/strong> eignet sich perfekt f\u00fcr die t\u00e4gliche Anwendung morgens und abends. Schon wenige Tropfen auf gereinigter Haut bringen Komfort, Frische und einen nat\u00fcrlichen Glow.<\/p>\n<p class=\"\" data-start=\"4303\" data-end=\"4564\"><strong data-start=\"4303\" data-end=\"4343\">SKIN1004 Madagascar Centella Ampoule<\/strong> ist ein unverzichtbares Produkt f\u00fcr alle, die sichtbare Ergebnisse mit einer einfachen und hautfreundlichen Pflege erzielen m\u00f6chten. Ein Kultprodukt der koreanischen Hautpflege \u2013 bekannt f\u00fcr seine Reinheit und Sanftheit.<\/p>\n<p data-start=\"1518\" data-end=\"1742\">Follow us! <a href=\"https:\/\/www.instagram.com\/freeshopswiss\/\" target=\"_blank\" rel=\"noopener\">@freeshopswiss<\/a><\/p>\n","protected":false},"excerpt":{"rendered":"<p>Bringe deine Haut mit der SKIN1004 Madagascar Centella Ampoule wieder ins Gleichgewicht und spende intensive Feuchtigkeit \u2013 mit einem hochkonzentrierten Serum aus 100\u202f% reinem Centella Asiatica Extrakt aus Madagaskar. Diese Ampulle wurde speziell f\u00fcr empfindliche, gereizte oder gestresste Haut entwickelt, ist jedoch dank ihrer leichten, schnell einziehenden Textur f\u00fcr alle Hauttypen geeignet. Sie ist weder [&hellip;]<\/p>\n","protected":false},"featured_media":29297,"comment_status":"open","ping_status":"closed","template":"","meta":[],"pwb-brand":[985],"product_brand":[],"product_cat":[292,111,546,3769],"product_tag":[419,293,4349,300,3612,5051,5047],"class_list":{"0":"post-29306","1":"product","2":"type-product","3":"status-publish","4":"has-post-thumbnail","6":"pwb-brand-skin-1004","7":"product_cat-behandlungen","8":"product_cat-fur-sie-de","9":"product_cat-gesichtsbehandlung","10":"product_cat-k-beauty-de","11":"product_tag-behandlungen-de","12":"product_tag-frau","13":"product_tag-frauentag","14":"product_tag-gesichtsbehandlungen","15":"product_tag-k-beauty-de","16":"product_tag-muttertag","17":"product_tag-unter-30-chf","19":"first","20":"instock","21":"sale","22":"taxable","23":"shipping-taxable","24":"purchasable","25":"product-type-simple"},"brands":[{"id":985,"name":"Skin 1004","slug":"skin-1004"}],"_links":{"self":[{"href":"https:\/\/www.freeshopfrontiera.ch\/de\/wp-json\/wp\/v2\/product\/29306","targetHints":{"allow":["GET"]}}],"collection":[{"href":"https:\/\/www.freeshopfrontiera.ch\/de\/wp-json\/wp\/v2\/product"}],"about":[{"href":"https:\/\/www.freeshopfrontiera.ch\/de\/wp-json\/wp\/v2\/types\/product"}],"replies":[{"embeddable":true,"href":"https:\/\/www.freeshopfrontiera.ch\/de\/wp-json\/wp\/v2\/comments?post=29306"}],"version-history":[{"count":2,"href":"https:\/\/www.freeshopfrontiera.ch\/de\/wp-json\/wp\/v2\/product\/29306\/revisions"}],"predecessor-version":[{"id":29311,"href":"https:\/\/www.freeshopfrontiera.ch\/de\/wp-json\/wp\/v2\/product\/29306\/revisions\/29311"}],"wp:featuredmedia":[{"embeddable":true,"href":"https:\/\/www.freeshopfrontiera.ch\/de\/wp-json\/wp\/v2\/media\/29297"}],"wp:attachment":[{"href":"https:\/\/www.freeshopfrontiera.ch\/de\/wp-json\/wp\/v2\/media?parent=29306"}],"wp:term":[{"taxonomy":"pwb-brand","embeddable":true,"href":"https:\/\/www.freeshopfrontiera.ch\/de\/wp-json\/wp\/v2\/pwb-brand?post=29306"},{"taxonomy":"product_brand","embeddable":true,"href":"https:\/\/www.freeshopfrontiera.ch\/de\/wp-json\/wp\/v2\/product_brand?post=29306"},{"taxonomy":"product_cat","embeddable":true,"href":"https:\/\/www.freeshopfrontiera.ch\/de\/wp-json\/wp\/v2\/product_cat?post=29306"},{"taxonomy":"product_tag","embeddable":true,"href":"https:\/\/www.freeshopfrontiera.ch\/de\/wp-json\/wp\/v2\/product_tag?post=29306"}],"curies":[{"name":"wp","href":"https:\/\/api.w.org\/{rel}","templated":true}]}}