{"id":29325,"date":"2025-04-30T15:03:41","date_gmt":"2025-04-30T15:03:41","guid":{"rendered":"https:\/\/www.freeshopfrontiera.ch\/shop\/skin1004-madagascar-centella-soothing-cream-75ml\/"},"modified":"2025-04-30T15:44:50","modified_gmt":"2025-04-30T15:44:50","slug":"skin1004-madagascar-centella-soothing-cream-75ml","status":"publish","type":"product","link":"https:\/\/www.freeshopfrontiera.ch\/de\/shop\/skin1004-madagascar-centella-soothing-cream-75ml\/","title":{"rendered":"SKIN1004 Madagascar Centella Soothing Cream 75ml"},"content":{"rendered":"<p class=\"\" data-start=\"3324\" data-end=\"3523\">Beruhige, pflege und sch\u00fctze deine Haut mit der <strong data-start=\"3372\" data-end=\"3419\">SKIN1004 Madagascar Centella Soothing Cream<\/strong>, einer leichten, aber intensiv n\u00e4hrenden Creme \u2013 ideal f\u00fcr empfindliche, gereizte oder gestresste Haut.<\/p>\n<p class=\"\" data-start=\"3525\" data-end=\"3867\">Die Formel ist angereichert mit <strong data-start=\"3557\" data-end=\"3593\">Centella Asiatica aus Madagaskar<\/strong>, einem bew\u00e4hrten Wirkstoff der koreanischen Hautpflege, bekannt f\u00fcr seine beruhigenden, regenerierenden und antioxidativen Eigenschaften. Die Pflanze hilft, R\u00f6tungen, Entz\u00fcndungen und Irritationen zu reduzieren, st\u00e4rkt die Hautbarriere und unterst\u00fctzt die Zellregeneration.<\/p>\n<p class=\"\" data-start=\"3869\" data-end=\"4102\">Die Gel-Creme-Textur zieht schnell ein, ohne zu fetten, und hinterl\u00e4sst die Haut weich, frisch und gesch\u00fctzt. Ideal f\u00fcr die t\u00e4gliche Anwendung morgens und abends \u2013 selbst bei sehr empfindlicher Haut sorgt sie sofort f\u00fcr Wohlbefinden.<\/p>\n<p class=\"\" data-start=\"4104\" data-end=\"4420\">Die Creme ist mit <strong data-start=\"4122\" data-end=\"4173\">sanften, sorgf\u00e4ltig ausgew\u00e4hlten Inhaltsstoffen<\/strong> formuliert: <strong data-start=\"4186\" data-end=\"4240\">ohne Duftstoffe, ohne Alkohol, ohne \u00e4therische \u00d6le<\/strong>, <strong data-start=\"4242\" data-end=\"4251\">vegan<\/strong> und <strong data-start=\"4256\" data-end=\"4276\">tierversuchsfrei<\/strong>. Geeignet f\u00fcr <strong data-start=\"4291\" data-end=\"4309\">alle Hauttypen<\/strong>, auch f\u00fcr fettige oder zu Akne neigende Haut, da sie tiefenwirksam hydratisiert, ohne die Poren zu verstopfen.<\/p>\n<p class=\"\" data-start=\"4422\" data-end=\"4586\">Zus\u00e4tzliche beruhigende Wirkstoffe wie Ceramide und Panthenol verst\u00e4rken den pflegenden Effekt \u2013 perfekt f\u00fcr eine minimalistische und hautfreundliche Pflegeroutine.<\/p>\n<p class=\"\" data-start=\"4588\" data-end=\"4686\">Das <strong data-start=\"4592\" data-end=\"4608\">75-ml-Format<\/strong> ist praktisch und ergiebig \u2013 ideal f\u00fcr den t\u00e4glichen Gebrauch oder unterwegs. SKIN1004 Madagascar Centella Soothing Cream, einer leichten, aber intensiv n\u00e4hrenden Creme \u2013 ideal f\u00fcr empfindliche, gereizte oder gestresste Haut.<\/p>\n<p class=\"\" data-start=\"4688\" data-end=\"4871\"><strong data-start=\"4688\" data-end=\"4735\">SKIN1004 Madagascar Centella Soothing Cream<\/strong> ist die perfekte Wahl f\u00fcr eine ausgeglichene, geschmeidige und sichtbar ges\u00fcndere Haut \u2013 mit der sanften Kraft der koreanischen Pflege.<\/p>\n<p data-start=\"1723\" data-end=\"1930\">Follow us! <a href=\"https:\/\/www.instagram.com\/freeshopswiss\/\" target=\"_blank\" rel=\"noopener\">@freeshopswiss<\/a><\/p>\n","protected":false},"excerpt":{"rendered":"<p>Beruhige, pflege und sch\u00fctze deine Haut mit der SKIN1004 Madagascar Centella Soothing Cream, einer leichten, aber intensiv n\u00e4hrenden Creme \u2013 ideal f\u00fcr empfindliche, gereizte oder gestresste Haut. Die Formel ist angereichert mit Centella Asiatica aus Madagaskar, einem bew\u00e4hrten Wirkstoff der koreanischen Hautpflege, bekannt f\u00fcr seine beruhigenden, regenerierenden und antioxidativen Eigenschaften. Die Pflanze hilft, R\u00f6tungen, Entz\u00fcndungen [&hellip;]<\/p>\n","protected":false},"featured_media":29925,"comment_status":"open","ping_status":"closed","template":"","meta":[],"pwb-brand":[985],"product_brand":[],"product_cat":[292,111,3769],"product_tag":[419,5077,293,4349,3612,5051,5047],"class_list":{"0":"post-29325","1":"product","2":"type-product","3":"status-publish","4":"has-post-thumbnail","6":"pwb-brand-skin-1004","7":"product_cat-behandlungen","8":"product_cat-fur-sie-de","9":"product_cat-k-beauty-de","10":"product_tag-behandlungen-de","11":"product_tag-behandlungen-und-make-up-zum-muttertag","12":"product_tag-frau","13":"product_tag-frauentag","14":"product_tag-k-beauty-de","15":"product_tag-muttertag","16":"product_tag-unter-30-chf","18":"first","19":"instock","20":"sale","21":"taxable","22":"shipping-taxable","23":"purchasable","24":"product-type-simple"},"brands":[{"id":985,"name":"Skin 1004","slug":"skin-1004"}],"_links":{"self":[{"href":"https:\/\/www.freeshopfrontiera.ch\/de\/wp-json\/wp\/v2\/product\/29325","targetHints":{"allow":["GET"]}}],"collection":[{"href":"https:\/\/www.freeshopfrontiera.ch\/de\/wp-json\/wp\/v2\/product"}],"about":[{"href":"https:\/\/www.freeshopfrontiera.ch\/de\/wp-json\/wp\/v2\/types\/product"}],"replies":[{"embeddable":true,"href":"https:\/\/www.freeshopfrontiera.ch\/de\/wp-json\/wp\/v2\/comments?post=29325"}],"version-history":[{"count":3,"href":"https:\/\/www.freeshopfrontiera.ch\/de\/wp-json\/wp\/v2\/product\/29325\/revisions"}],"predecessor-version":[{"id":29329,"href":"https:\/\/www.freeshopfrontiera.ch\/de\/wp-json\/wp\/v2\/product\/29325\/revisions\/29329"}],"wp:featuredmedia":[{"embeddable":true,"href":"https:\/\/www.freeshopfrontiera.ch\/de\/wp-json\/wp\/v2\/media\/29925"}],"wp:attachment":[{"href":"https:\/\/www.freeshopfrontiera.ch\/de\/wp-json\/wp\/v2\/media?parent=29325"}],"wp:term":[{"taxonomy":"pwb-brand","embeddable":true,"href":"https:\/\/www.freeshopfrontiera.ch\/de\/wp-json\/wp\/v2\/pwb-brand?post=29325"},{"taxonomy":"product_brand","embeddable":true,"href":"https:\/\/www.freeshopfrontiera.ch\/de\/wp-json\/wp\/v2\/product_brand?post=29325"},{"taxonomy":"product_cat","embeddable":true,"href":"https:\/\/www.freeshopfrontiera.ch\/de\/wp-json\/wp\/v2\/product_cat?post=29325"},{"taxonomy":"product_tag","embeddable":true,"href":"https:\/\/www.freeshopfrontiera.ch\/de\/wp-json\/wp\/v2\/product_tag?post=29325"}],"curies":[{"name":"wp","href":"https:\/\/api.w.org\/{rel}","templated":true}]}}