{"id":29404,"date":"2025-05-02T07:38:07","date_gmt":"2025-05-02T07:38:07","guid":{"rendered":"https:\/\/www.freeshopfrontiera.ch\/shop\/cosrx-the-6-peptide-skin-booster-serum-150ml\/"},"modified":"2025-05-02T07:44:32","modified_gmt":"2025-05-02T07:44:32","slug":"cosrx-the-6-peptide-skin-booster-serum-150ml","status":"publish","type":"product","link":"https:\/\/www.freeshopfrontiera.ch\/de\/shop\/cosrx-the-6-peptide-skin-booster-serum-150ml\/","title":{"rendered":"COSRX The 6 Peptide Skin Booster Serum 150ml"},"content":{"rendered":"<p class=\"\" data-start=\"3057\" data-end=\"3242\">Erfrische deine Pflegeroutine mit dem <strong data-start=\"3095\" data-end=\"3137\">COSRX The 6 Peptide Skin Booster Serum<\/strong>, einem federleichten Serum mit sechs Peptiden f\u00fcr eine sichtbar festere, glattere und strahlendere Haut.<\/p>\n<p class=\"\" data-start=\"3244\" data-end=\"3499\">Die Formel ist ideal, um die Haut auf weitere Pflege vorzubereiten und deren Wirkung zu verst\u00e4rken. Die <strong data-start=\"3348\" data-end=\"3372\">6 Arten von Peptiden<\/strong> wirken zusammen, um die Elastizit\u00e4t zu verbessern, feine Linien zu mildern und die Haut zu festigen \u2013 ganz ohne zu beschweren.<\/p>\n<p class=\"\" data-start=\"3501\" data-end=\"3729\">Zus\u00e4tzlich enth\u00e4lt es <strong data-start=\"3523\" data-end=\"3537\">Niacinamid<\/strong>, das den Teint aufhellt und ausgleicht, sowie <strong data-start=\"3584\" data-end=\"3597\">Panthenol<\/strong>, das intensiv hydratisiert und beruhigt. Ohne Alkohol, k\u00fcnstliche Duftstoffe oder Mineral\u00f6le \u2013 auch f\u00fcr empfindliche Haut geeignet.<\/p>\n<p class=\"\" data-start=\"3731\" data-end=\"3936\">Die w\u00e4ssrige Textur zieht in Sekunden ein und hinterl\u00e4sst ein frisches Gef\u00fchl. Die Haut ist optimal vorbereitet f\u00fcr Seren, Cremes oder Spezialpflege. Morgens und abends direkt nach der Reinigung auftragen.<\/p>\n<p class=\"\" data-start=\"3938\" data-end=\"4113\">Der <strong data-start=\"3942\" data-end=\"3958\">150ml-Flakon<\/strong> bietet langanhaltende Anwendung und ein hervorragendes Preis-Leistungs-Verh\u00e4ltnis. Ideal f\u00fcr die t\u00e4gliche Pflege oder als Teil einer mehrstufigen Routine.<\/p>\n<p class=\"\" data-start=\"4115\" data-end=\"4144\"><strong data-start=\"4115\" data-end=\"4144\">Darum wirst du es lieben:<\/strong><\/p>\n<ul data-start=\"4145\" data-end=\"4382\">\n<li class=\"\" data-start=\"4145\" data-end=\"4182\">\n<p class=\"\" data-start=\"4147\" data-end=\"4182\">6 funktionelle Anti-Aging-Peptide<\/p>\n<\/li>\n<li class=\"\" data-start=\"4183\" data-end=\"4226\">\n<p class=\"\" data-start=\"4185\" data-end=\"4226\">Verbessert Elastizit\u00e4t und Hautstruktur<\/p>\n<\/li>\n<li class=\"\" data-start=\"4227\" data-end=\"4277\">\n<p class=\"\" data-start=\"4229\" data-end=\"4277\">Spendet Feuchtigkeit, beruhigt und bringt Glow<\/p>\n<\/li>\n<li class=\"\" data-start=\"4278\" data-end=\"4304\">\n<p class=\"\" data-start=\"4280\" data-end=\"4304\">Sanfte, leichte Formel<\/p>\n<\/li>\n<li class=\"\" data-start=\"4305\" data-end=\"4352\">\n<p class=\"\" data-start=\"4307\" data-end=\"4352\">Perfekter erster Schritt nach der Reinigung<\/p>\n<\/li>\n<li class=\"\" data-start=\"4353\" data-end=\"4382\">\n<p class=\"\" data-start=\"4355\" data-end=\"4382\">F\u00fcr alle Hauttypen geeignet<\/p>\n<\/li>\n<\/ul>\n<p class=\"\" data-start=\"4384\" data-end=\"4498\">Mit dem <strong data-start=\"4392\" data-end=\"4428\">6 Peptide Skin Booster von COSRX<\/strong> wird deine Haut Tag f\u00fcr Tag ges\u00fcnder, strahlender und ausgeglichener. COSRX The 6 Peptide Skin Booster Serum, einem federleichten Serum mit sechs Peptiden f\u00fcr eine sichtbar festere, glattere und strahlendere Haut.<\/p>\n<p data-start=\"1698\" data-end=\"1824\">Follow us! <a href=\"https:\/\/www.instagram.com\/freeshopswiss\/\" target=\"_blank\" rel=\"noopener\">@freeshopswiss<\/a><\/p>\n","protected":false},"excerpt":{"rendered":"<p>Erfrische deine Pflegeroutine mit dem COSRX The 6 Peptide Skin Booster Serum, einem federleichten Serum mit sechs Peptiden f\u00fcr eine sichtbar festere, glattere und strahlendere Haut. Die Formel ist ideal, um die Haut auf weitere Pflege vorzubereiten und deren Wirkung zu verst\u00e4rken. Die 6 Arten von Peptiden wirken zusammen, um die Elastizit\u00e4t zu verbessern, feine [&hellip;]<\/p>\n","protected":false},"featured_media":29400,"comment_status":"open","ping_status":"closed","template":"","meta":[],"pwb-brand":[576],"product_brand":[],"product_cat":[292,546,3769],"product_tag":[419,293,300,3612],"class_list":{"0":"post-29404","1":"product","2":"type-product","3":"status-publish","4":"has-post-thumbnail","6":"pwb-brand-cosrx","7":"product_cat-behandlungen","8":"product_cat-gesichtsbehandlung","9":"product_cat-k-beauty-de","10":"product_tag-behandlungen-de","11":"product_tag-frau","12":"product_tag-gesichtsbehandlungen","13":"product_tag-k-beauty-de","15":"first","16":"outofstock","17":"sale","18":"taxable","19":"shipping-taxable","20":"purchasable","21":"product-type-simple"},"brands":[{"id":576,"name":"Cosrx","slug":"cosrx"}],"_links":{"self":[{"href":"https:\/\/www.freeshopfrontiera.ch\/de\/wp-json\/wp\/v2\/product\/29404","targetHints":{"allow":["GET"]}}],"collection":[{"href":"https:\/\/www.freeshopfrontiera.ch\/de\/wp-json\/wp\/v2\/product"}],"about":[{"href":"https:\/\/www.freeshopfrontiera.ch\/de\/wp-json\/wp\/v2\/types\/product"}],"replies":[{"embeddable":true,"href":"https:\/\/www.freeshopfrontiera.ch\/de\/wp-json\/wp\/v2\/comments?post=29404"}],"version-history":[{"count":2,"href":"https:\/\/www.freeshopfrontiera.ch\/de\/wp-json\/wp\/v2\/product\/29404\/revisions"}],"predecessor-version":[{"id":29409,"href":"https:\/\/www.freeshopfrontiera.ch\/de\/wp-json\/wp\/v2\/product\/29404\/revisions\/29409"}],"wp:featuredmedia":[{"embeddable":true,"href":"https:\/\/www.freeshopfrontiera.ch\/de\/wp-json\/wp\/v2\/media\/29400"}],"wp:attachment":[{"href":"https:\/\/www.freeshopfrontiera.ch\/de\/wp-json\/wp\/v2\/media?parent=29404"}],"wp:term":[{"taxonomy":"pwb-brand","embeddable":true,"href":"https:\/\/www.freeshopfrontiera.ch\/de\/wp-json\/wp\/v2\/pwb-brand?post=29404"},{"taxonomy":"product_brand","embeddable":true,"href":"https:\/\/www.freeshopfrontiera.ch\/de\/wp-json\/wp\/v2\/product_brand?post=29404"},{"taxonomy":"product_cat","embeddable":true,"href":"https:\/\/www.freeshopfrontiera.ch\/de\/wp-json\/wp\/v2\/product_cat?post=29404"},{"taxonomy":"product_tag","embeddable":true,"href":"https:\/\/www.freeshopfrontiera.ch\/de\/wp-json\/wp\/v2\/product_tag?post=29404"}],"curies":[{"name":"wp","href":"https:\/\/api.w.org\/{rel}","templated":true}]}}