{"id":29426,"date":"2025-05-02T08:21:51","date_gmt":"2025-05-02T08:21:51","guid":{"rendered":"https:\/\/www.freeshopfrontiera.ch\/shop\/babor-ampoule-serum-concentrate-nutri-restore-7x2ml\/"},"modified":"2025-05-02T10:59:00","modified_gmt":"2025-05-02T10:59:00","slug":"babor-ampoule-serum-concentrate-nutri-restore-7x2ml","status":"publish","type":"product","link":"https:\/\/www.freeshopfrontiera.ch\/de\/shop\/babor-ampoule-serum-concentrate-nutri-restore-7x2ml\/","title":{"rendered":"BABOR Ampoule Serum Concentrate Nutri Restore 7x2ml"},"content":{"rendered":"<p class=\"\" data-start=\"193\" data-end=\"248\"><strong data-start=\"193\" data-end=\"248\">BABOR Ampoule Serum Concentrate Nutri Restore 7x2ml<\/strong><\/p>\n<p class=\"\" data-start=\"3478\" data-end=\"3693\">Erlebe die Kraft intensiver Pflege mit <strong data-start=\"3517\" data-end=\"3540\">BABOR Nutri Restore<\/strong>, dem regenerierenden Ampullen-Serum im 7-Tage-Kurformat. Jede Ampulle versorgt gestresste, trockene oder geschw\u00e4chte Haut tiefenwirksam mit N\u00e4hrstoffen.<\/p>\n<p class=\"\" data-start=\"3695\" data-end=\"3930\">Die Formel enth\u00e4lt <strong data-start=\"3714\" data-end=\"3734\">wertvolle Lipide<\/strong> und <strong data-start=\"3739\" data-end=\"3751\">Ceramide<\/strong>, die die Hautbarriere st\u00e4rken und die Widerstandsf\u00e4higkeit verbessern. Die Wirkstoffe wirken beruhigend, reduzieren <strong data-start=\"3868\" data-end=\"3880\">R\u00f6tungen<\/strong> und schenken <strong data-start=\"3894\" data-end=\"3929\">Elastizit\u00e4t und Geschmeidigkeit<\/strong>.<\/p>\n<p class=\"\" data-start=\"3932\" data-end=\"4172\">Jede Ampulle liefert eine exakte Dosis frischer, hochkonzentrierter Wirkstoffe. Die Textur ist seidig, leicht und zieht schnell ein \u2013 ohne R\u00fcckst\u00e4nde. Nach dem Auftragen f\u00fchlt sich die Haut sofort glatter, hydratisierter und gesch\u00fctzter an.<\/p>\n<p class=\"\" data-start=\"4174\" data-end=\"4386\">Geeignet f\u00fcr alle Hauttypen, besonders f\u00fcr <strong data-start=\"4217\" data-end=\"4271\">empfindliche, trockene oder feuchtigkeitsarme Haut<\/strong>. Ideal als SOS-Pflege nach K\u00e4lte, Wind oder Umweltstress. Ohne Duftstoffe, ohne Silikone. Dermatologisch getestet.<\/p>\n<p class=\"\" data-start=\"4388\" data-end=\"4605\"><strong data-start=\"4388\" data-end=\"4402\">Anwendung:<\/strong> Ampulle gut sch\u00fctteln. Mit dem beiliegenden \u00d6ffner aufbrechen. Den Inhalt auf Gesicht, Hals und Dekollet\u00e9 auftragen und sanft einklopfen. Eine Ampulle t\u00e4glich \u00fcber 7 Tage verwenden, vorzugsweise abends.<\/p>\n<p class=\"\" data-start=\"4607\" data-end=\"4636\"><strong data-start=\"4607\" data-end=\"4636\">Darum wirst du es lieben:<\/strong><\/p>\n<ul data-start=\"4637\" data-end=\"4857\">\n<li class=\"\" data-start=\"4637\" data-end=\"4659\">\n<p class=\"\" data-start=\"4639\" data-end=\"4659\">7-Tage Intensivkur<\/p>\n<\/li>\n<li class=\"\" data-start=\"4660\" data-end=\"4699\">\n<p class=\"\" data-start=\"4662\" data-end=\"4699\">Mit Ceramiden und n\u00e4hrenden Lipiden<\/p>\n<\/li>\n<li class=\"\" data-start=\"4700\" data-end=\"4727\">\n<p class=\"\" data-start=\"4702\" data-end=\"4727\">St\u00e4rkt die Hautbarriere<\/p>\n<\/li>\n<li class=\"\" data-start=\"4728\" data-end=\"4770\">\n<p class=\"\" data-start=\"4730\" data-end=\"4770\">Beruhigt und sch\u00fctzt empfindliche Haut<\/p>\n<\/li>\n<li class=\"\" data-start=\"4771\" data-end=\"4810\">\n<p class=\"\" data-start=\"4773\" data-end=\"4810\">Leichte, schnell einziehende Textur<\/p>\n<\/li>\n<li class=\"\" data-start=\"4811\" data-end=\"4857\">\n<p class=\"\" data-start=\"4813\" data-end=\"4857\">Praktisches, hygienisches Einzeldosis-Format<\/p>\n<\/li>\n<\/ul>\n<p class=\"\" data-start=\"4859\" data-end=\"4974\">Mit <strong data-start=\"4863\" data-end=\"4886\">BABOR Nutri Restore<\/strong> findet deine Haut zu neuer Balance, wird sichtbar ges\u00fcnder, strahlender und gest\u00e4rkter. Erlebe die Kraft intensiver Pflege mit BABOR Nutri Restore Restore 7x2ml, dem regenerierenden Ampullen-Serum im 7-Tage-Kurformat.<\/p>\n<p data-start=\"1793\" data-end=\"1926\">Follow us! <a href=\"https:\/\/www.instagram.com\/freeshopswiss\/\" target=\"_blank\" rel=\"noopener\">@freeshopswiss<\/a><\/p>\n","protected":false},"excerpt":{"rendered":"<p>BABOR Ampoule Serum Concentrate Nutri Restore 7x2ml Erlebe die Kraft intensiver Pflege mit BABOR Nutri Restore, dem regenerierenden Ampullen-Serum im 7-Tage-Kurformat. Jede Ampulle versorgt gestresste, trockene oder geschw\u00e4chte Haut tiefenwirksam mit N\u00e4hrstoffen. Die Formel enth\u00e4lt wertvolle Lipide und Ceramide, die die Hautbarriere st\u00e4rken und die Widerstandsf\u00e4higkeit verbessern. Die Wirkstoffe wirken beruhigend, reduzieren R\u00f6tungen und schenken [&hellip;]<\/p>\n","protected":false},"featured_media":29414,"comment_status":"open","ping_status":"closed","template":"","meta":[],"pwb-brand":[808],"product_brand":[],"product_cat":[292,546],"product_tag":[419,293,300],"class_list":{"0":"post-29426","1":"product","2":"type-product","3":"status-publish","4":"has-post-thumbnail","6":"pwb-brand-babor","7":"product_cat-behandlungen","8":"product_cat-gesichtsbehandlung","9":"product_tag-behandlungen-de","10":"product_tag-frau","11":"product_tag-gesichtsbehandlungen","13":"first","14":"instock","15":"sale","16":"taxable","17":"shipping-taxable","18":"purchasable","19":"product-type-simple"},"brands":[{"id":808,"name":"Babor","slug":"babor"}],"_links":{"self":[{"href":"https:\/\/www.freeshopfrontiera.ch\/de\/wp-json\/wp\/v2\/product\/29426","targetHints":{"allow":["GET"]}}],"collection":[{"href":"https:\/\/www.freeshopfrontiera.ch\/de\/wp-json\/wp\/v2\/product"}],"about":[{"href":"https:\/\/www.freeshopfrontiera.ch\/de\/wp-json\/wp\/v2\/types\/product"}],"replies":[{"embeddable":true,"href":"https:\/\/www.freeshopfrontiera.ch\/de\/wp-json\/wp\/v2\/comments?post=29426"}],"version-history":[{"count":2,"href":"https:\/\/www.freeshopfrontiera.ch\/de\/wp-json\/wp\/v2\/product\/29426\/revisions"}],"predecessor-version":[{"id":29431,"href":"https:\/\/www.freeshopfrontiera.ch\/de\/wp-json\/wp\/v2\/product\/29426\/revisions\/29431"}],"wp:featuredmedia":[{"embeddable":true,"href":"https:\/\/www.freeshopfrontiera.ch\/de\/wp-json\/wp\/v2\/media\/29414"}],"wp:attachment":[{"href":"https:\/\/www.freeshopfrontiera.ch\/de\/wp-json\/wp\/v2\/media?parent=29426"}],"wp:term":[{"taxonomy":"pwb-brand","embeddable":true,"href":"https:\/\/www.freeshopfrontiera.ch\/de\/wp-json\/wp\/v2\/pwb-brand?post=29426"},{"taxonomy":"product_brand","embeddable":true,"href":"https:\/\/www.freeshopfrontiera.ch\/de\/wp-json\/wp\/v2\/product_brand?post=29426"},{"taxonomy":"product_cat","embeddable":true,"href":"https:\/\/www.freeshopfrontiera.ch\/de\/wp-json\/wp\/v2\/product_cat?post=29426"},{"taxonomy":"product_tag","embeddable":true,"href":"https:\/\/www.freeshopfrontiera.ch\/de\/wp-json\/wp\/v2\/product_tag?post=29426"}],"curies":[{"name":"wp","href":"https:\/\/api.w.org\/{rel}","templated":true}]}}