{"id":29446,"date":"2025-05-02T11:16:46","date_gmt":"2025-05-02T11:16:46","guid":{"rendered":"https:\/\/www.freeshopfrontiera.ch\/shop\/erborian-bamboo-shot-mask-15gr\/"},"modified":"2025-05-02T11:28:24","modified_gmt":"2025-05-02T11:28:24","slug":"erborian-bamboo-shot-mask-15gr","status":"publish","type":"product","link":"https:\/\/www.freeshopfrontiera.ch\/de\/shop\/erborian-bamboo-shot-mask-15gr\/","title":{"rendered":"ERBORIAN Bamboo Shot Mask 15gr"},"content":{"rendered":"<p class=\"\" data-start=\"1545\" data-end=\"1942\">Entdecken Sie die sofortige Wirkung der <strong data-start=\"1585\" data-end=\"1614\">Erborian Bamboo Shot Mask<\/strong>, einer Tuchmaske, inspiriert von koreanischen Sch\u00f6nheitsritualen. Sie schenkt der Haut in nur 15 Minuten intensive Feuchtigkeit und neue Frische. Angereichert mit Bambus-Extrakt wirkt diese Maske wie ein echter Feuchtigkeits-Booster \u2013 f\u00fcr eine prallere, strahlendere und sichtbar ges\u00fcndere Haut schon nach der ersten Anwendung.<\/p>\n<p class=\"\" data-start=\"1944\" data-end=\"2272\">ERBORIAN Bamboo Shot Mask 15gr ist bekannt f\u00fcr seine au\u00dfergew\u00f6hnlich feuchtigkeitsspendenden und straffenden Eigenschaften. Er hilft, Feuchtigkeit in den Hautschichten zu speichern und h\u00e4lt die Haut geschmeidig und weich. Die ultra-frische Textur und die perfekte Passform sorgen f\u00fcr eine gleichm\u00e4\u00dfige Wirkstoffverteilung und ein angenehmes Hautgef\u00fchl.<\/p>\n<p class=\"\" data-start=\"2274\" data-end=\"2545\">Ideal f\u00fcr dehydrierte, m\u00fcde oder fahle Haut ist die <strong data-start=\"1585\" data-end=\"1614\">Erborian Bamboo Shot Mask<\/strong> die perfekte Express-Pflege \u2013 vor einem besonderen Anlass oder wann immer Ihre Haut einen Frischekick braucht. Nach der Anwendung wirkt die Haut glatter, frischer und intensiv mit Feuchtigkeit versorgt.<\/p>\n<p class=\"\" data-start=\"2547\" data-end=\"2690\">Anwendung: Auf die gereinigte, trockene Haut auflegen, 15 Minuten einwirken lassen, abnehmen und R\u00fcckst\u00e4nde sanft einmassieren. Nicht absp\u00fclen. Entdecken Sie die sofortige Wirkung der Erborian Bamboo Shot Mask, einer Tuchmaske, inspiriert von koreanischen Sch\u00f6nheitsritualen.<\/p>\n<p class=\"\" data-start=\"2692\" data-end=\"2788\">Geeignet f\u00fcr alle Hauttypen, auch f\u00fcr empfindliche Haut. Ohne Parabene. Dermatologisch getestet.<\/p>\n<p class=\"\" data-start=\"2790\" data-end=\"2891\">G\u00f6nnen Sie sich eine schnelle, effektive Pflege \u2013 f\u00fcr erfrischte und belebte Haut zu jeder Tageszeit.<\/p>\n<p data-start=\"1538\" data-end=\"1681\">Follow us! <a href=\"https:\/\/www.instagram.com\/freeshopswiss\/\" target=\"_blank\" rel=\"noopener\">@freeshopswiss<\/a><\/p>\n","protected":false},"excerpt":{"rendered":"<p>Entdecken Sie die sofortige Wirkung der Erborian Bamboo Shot Mask, einer Tuchmaske, inspiriert von koreanischen Sch\u00f6nheitsritualen. Sie schenkt der Haut in nur 15 Minuten intensive Feuchtigkeit und neue Frische. Angereichert mit Bambus-Extrakt wirkt diese Maske wie ein echter Feuchtigkeits-Booster \u2013 f\u00fcr eine prallere, strahlendere und sichtbar ges\u00fcndere Haut schon nach der ersten Anwendung. ERBORIAN Bamboo [&hellip;]<\/p>\n","protected":false},"featured_media":29437,"comment_status":"open","ping_status":"closed","template":"","meta":[],"pwb-brand":[411],"product_brand":[],"product_cat":[292,546,3769],"product_tag":[419,293,300,3612],"class_list":{"0":"post-29446","1":"product","2":"type-product","3":"status-publish","4":"has-post-thumbnail","6":"pwb-brand-erborian","7":"product_cat-behandlungen","8":"product_cat-gesichtsbehandlung","9":"product_cat-k-beauty-de","10":"product_tag-behandlungen-de","11":"product_tag-frau","12":"product_tag-gesichtsbehandlungen","13":"product_tag-k-beauty-de","15":"first","16":"outofstock","17":"sale","18":"taxable","19":"shipping-taxable","20":"purchasable","21":"product-type-simple"},"brands":[{"id":411,"name":"Erborian","slug":"erborian"}],"_links":{"self":[{"href":"https:\/\/www.freeshopfrontiera.ch\/de\/wp-json\/wp\/v2\/product\/29446","targetHints":{"allow":["GET"]}}],"collection":[{"href":"https:\/\/www.freeshopfrontiera.ch\/de\/wp-json\/wp\/v2\/product"}],"about":[{"href":"https:\/\/www.freeshopfrontiera.ch\/de\/wp-json\/wp\/v2\/types\/product"}],"replies":[{"embeddable":true,"href":"https:\/\/www.freeshopfrontiera.ch\/de\/wp-json\/wp\/v2\/comments?post=29446"}],"version-history":[{"count":3,"href":"https:\/\/www.freeshopfrontiera.ch\/de\/wp-json\/wp\/v2\/product\/29446\/revisions"}],"predecessor-version":[{"id":29455,"href":"https:\/\/www.freeshopfrontiera.ch\/de\/wp-json\/wp\/v2\/product\/29446\/revisions\/29455"}],"wp:featuredmedia":[{"embeddable":true,"href":"https:\/\/www.freeshopfrontiera.ch\/de\/wp-json\/wp\/v2\/media\/29437"}],"wp:attachment":[{"href":"https:\/\/www.freeshopfrontiera.ch\/de\/wp-json\/wp\/v2\/media?parent=29446"}],"wp:term":[{"taxonomy":"pwb-brand","embeddable":true,"href":"https:\/\/www.freeshopfrontiera.ch\/de\/wp-json\/wp\/v2\/pwb-brand?post=29446"},{"taxonomy":"product_brand","embeddable":true,"href":"https:\/\/www.freeshopfrontiera.ch\/de\/wp-json\/wp\/v2\/product_brand?post=29446"},{"taxonomy":"product_cat","embeddable":true,"href":"https:\/\/www.freeshopfrontiera.ch\/de\/wp-json\/wp\/v2\/product_cat?post=29446"},{"taxonomy":"product_tag","embeddable":true,"href":"https:\/\/www.freeshopfrontiera.ch\/de\/wp-json\/wp\/v2\/product_tag?post=29446"}],"curies":[{"name":"wp","href":"https:\/\/api.w.org\/{rel}","templated":true}]}}