{"id":29566,"date":"2025-05-05T10:07:56","date_gmt":"2025-05-05T10:07:56","guid":{"rendered":"https:\/\/www.freeshopfrontiera.ch\/shop\/erborian-set-cc-clair\/"},"modified":"2025-05-05T10:10:57","modified_gmt":"2025-05-05T10:10:57","slug":"erborian-set-cc-clair","status":"publish","type":"product","link":"https:\/\/www.freeshopfrontiera.ch\/de\/shop\/erborian-set-cc-clair\/","title":{"rendered":"ERBORIAN SET CC Clair"},"content":{"rendered":"<p class=\"\" data-start=\"1674\" data-end=\"2028\">Entdecke den perfekten Teint mit dem <strong data-start=\"1711\" data-end=\"1780\">Erborian Set: CC Creme Clair 45ml + Super BB Concealer Clair 10ml<\/strong>, dem idealen Duo f\u00fcr sichtbar ebenm\u00e4\u00dfige, strahlende und nat\u00fcrlich leuchtende Haut. Dieses Set von Erborian vereint die Leichtigkeit der koreanischen Hautpflege mit der Wirksamkeit intelligenter Kosmetik \u2013 f\u00fcr ein makelloses Ergebnis, Tag f\u00fcr Tag.<\/p>\n<p class=\"\" data-start=\"2030\" data-end=\"2604\">Die <strong data-start=\"2034\" data-end=\"2052\">CC Creme Clair<\/strong> ist eine multifunktionale Creme mit verkapselten Pigmenten, die sich beim Kontakt mit der Haut aktivieren und sich perfekt deinem Hautton anpassen \u2013 f\u00fcr einen \u201eZweite-Haut\u201c-Effekt. Angereichert mit <strong data-start=\"2251\" data-end=\"2272\">Centella Asiatica<\/strong>, bekannt f\u00fcr ihre beruhigenden und regenerierenden Eigenschaften, spendet sie intensiv Feuchtigkeit, verbessert die Hautstruktur und sch\u00fctzt mit <strong data-start=\"2418\" data-end=\"2427\">SPF25<\/strong> vor UV-Strahlen. Die leichte, schmelzende Textur sorgt f\u00fcr ein nat\u00fcrliches, leuchtendes Finish und reduziert sichtbar R\u00f6tungen, M\u00fcdigkeitszeichen und kleine Unregelm\u00e4\u00dfigkeiten.<\/p>\n<p class=\"\" data-start=\"2606\" data-end=\"3025\">Der <strong data-start=\"2610\" data-end=\"2638\">Super BB Concealer Clair<\/strong> rundet deine Pflegeroutine mit <strong data-start=\"2670\" data-end=\"2689\">hoher Deckkraft<\/strong> und aktiven Pflegewirkstoffen ab. Dank <strong data-start=\"2729\" data-end=\"2746\">5% Niacinamid<\/strong> und <strong data-start=\"2751\" data-end=\"2789\">fermentiertem Ginsengbl\u00fctenextrakt<\/strong> kaschiert er nicht nur zuverl\u00e4ssig Augenringe, Pigmentflecken und Unreinheiten, sondern verbessert auch den Hautton langfristig und reduziert M\u00fcdigkeitsanzeichen. Die cremige Textur verschmilzt perfekt mit der Haut \u2013 ohne Maskeneffekt.<\/p>\n<p class=\"\" data-start=\"3027\" data-end=\"3281\">Geeignet f\u00fcr alle Hauttypen, auch f\u00fcr empfindliche Haut, ist dieses Set ideal f\u00fcr alle, die sich mit wenigen Handgriffen einen frischen, ebenm\u00e4\u00dfigen und strahlenden Teint w\u00fcnschen. Perfekt f\u00fcr den t\u00e4glichen Gebrauch \u2013 auch als Alternative zur Foundation.<\/p>\n<p data-start=\"1551\" data-end=\"1802\">Follow us! <a href=\"https:\/\/www.instagram.com\/freeshopswiss\/\" target=\"_blank\" rel=\"noopener\">@freeshopswiss<\/a><\/p>\n","protected":false},"excerpt":{"rendered":"<p>Entdecke den perfekten Teint mit dem Erborian Set: CC Creme Clair 45ml + Super BB Concealer Clair 10ml, dem idealen Duo f\u00fcr sichtbar ebenm\u00e4\u00dfige, strahlende und nat\u00fcrlich leuchtende Haut. Dieses Set von Erborian vereint die Leichtigkeit der koreanischen Hautpflege mit der Wirksamkeit intelligenter Kosmetik \u2013 f\u00fcr ein makelloses Ergebnis, Tag f\u00fcr Tag. Die CC Creme [&hellip;]<\/p>\n","protected":false},"featured_media":31222,"comment_status":"open","ping_status":"closed","template":"","meta":[],"pwb-brand":[411],"product_brand":[],"product_cat":[292,111,546,3769],"product_tag":[419,293,300,3612],"class_list":{"0":"post-29566","1":"product","2":"type-product","3":"status-publish","4":"has-post-thumbnail","6":"pwb-brand-erborian","7":"product_cat-behandlungen","8":"product_cat-fur-sie-de","9":"product_cat-gesichtsbehandlung","10":"product_cat-k-beauty-de","11":"product_tag-behandlungen-de","12":"product_tag-frau","13":"product_tag-gesichtsbehandlungen","14":"product_tag-k-beauty-de","16":"first","17":"outofstock","18":"sale","19":"taxable","20":"shipping-taxable","21":"purchasable","22":"product-type-simple"},"brands":[{"id":411,"name":"Erborian","slug":"erborian"}],"_links":{"self":[{"href":"https:\/\/www.freeshopfrontiera.ch\/de\/wp-json\/wp\/v2\/product\/29566","targetHints":{"allow":["GET"]}}],"collection":[{"href":"https:\/\/www.freeshopfrontiera.ch\/de\/wp-json\/wp\/v2\/product"}],"about":[{"href":"https:\/\/www.freeshopfrontiera.ch\/de\/wp-json\/wp\/v2\/types\/product"}],"replies":[{"embeddable":true,"href":"https:\/\/www.freeshopfrontiera.ch\/de\/wp-json\/wp\/v2\/comments?post=29566"}],"version-history":[{"count":1,"href":"https:\/\/www.freeshopfrontiera.ch\/de\/wp-json\/wp\/v2\/product\/29566\/revisions"}],"predecessor-version":[{"id":29569,"href":"https:\/\/www.freeshopfrontiera.ch\/de\/wp-json\/wp\/v2\/product\/29566\/revisions\/29569"}],"wp:featuredmedia":[{"embeddable":true,"href":"https:\/\/www.freeshopfrontiera.ch\/de\/wp-json\/wp\/v2\/media\/31222"}],"wp:attachment":[{"href":"https:\/\/www.freeshopfrontiera.ch\/de\/wp-json\/wp\/v2\/media?parent=29566"}],"wp:term":[{"taxonomy":"pwb-brand","embeddable":true,"href":"https:\/\/www.freeshopfrontiera.ch\/de\/wp-json\/wp\/v2\/pwb-brand?post=29566"},{"taxonomy":"product_brand","embeddable":true,"href":"https:\/\/www.freeshopfrontiera.ch\/de\/wp-json\/wp\/v2\/product_brand?post=29566"},{"taxonomy":"product_cat","embeddable":true,"href":"https:\/\/www.freeshopfrontiera.ch\/de\/wp-json\/wp\/v2\/product_cat?post=29566"},{"taxonomy":"product_tag","embeddable":true,"href":"https:\/\/www.freeshopfrontiera.ch\/de\/wp-json\/wp\/v2\/product_tag?post=29566"}],"curies":[{"name":"wp","href":"https:\/\/api.w.org\/{rel}","templated":true}]}}