{"id":29580,"date":"2025-05-05T10:19:10","date_gmt":"2025-05-05T10:19:10","guid":{"rendered":"https:\/\/www.freeshopfrontiera.ch\/shop\/erborian-set-cc-dore\/"},"modified":"2025-05-05T10:29:17","modified_gmt":"2025-05-05T10:29:17","slug":"erborian-set-cc-dore","status":"publish","type":"product","link":"https:\/\/www.freeshopfrontiera.ch\/de\/shop\/erborian-set-cc-dore\/","title":{"rendered":"ERBORIAN SET CC Dore"},"content":{"rendered":"<p class=\"\" data-start=\"1756\" data-end=\"2123\">Entdecke die nat\u00fcrliche Sch\u00f6nheit deiner Haut mit dem <strong data-start=\"1810\" data-end=\"1876\">Erborian CC Creme Dor\u00e9 45ml + Super BB Concealer Dor\u00e9 10ml Set<\/strong>, dem perfekten Duo f\u00fcr einen strahlenden, ebenm\u00e4\u00dfigen und sichtbar perfektionierten Teint. Ideal f\u00fcr mittlere bis goldene Hautt\u00f6ne bietet dieses Set einen leuchtenden \u201eZweite-Haut\u201c-Effekt mit individuell anpassbarer Deckkraft \u2013 ganz ohne Schwere.<\/p>\n<p class=\"\" data-start=\"2125\" data-end=\"2658\">Die <strong data-start=\"2129\" data-end=\"2146\">CC Creme Dor\u00e9<\/strong> ist eine intelligente Creme mit verkapselten Pigmenten, die sich beim Kontakt mit der Haut aktivieren und sich perfekt deinem nat\u00fcrlichen Hautton anpassen. Angereichert mit <strong data-start=\"2320\" data-end=\"2341\">Centella Asiatica<\/strong>, bekannt f\u00fcr ihre beruhigenden und regenerierenden Eigenschaften, spendet sie Feuchtigkeit, beruhigt und verbessert sichtbar die Hautstruktur. Mit <strong data-start=\"2489\" data-end=\"2513\">Lichtschutzfaktor 25<\/strong> sch\u00fctzt sie au\u00dferdem vor UV-Strahlen und beugt so vorzeitiger Hautalterung vor. Das Ergebnis: ein gleichm\u00e4\u00dfiger, strahlender und gesunder Teint.<\/p>\n<p class=\"\" data-start=\"2660\" data-end=\"3114\">Der <strong data-start=\"2664\" data-end=\"2691\">Super BB Concealer Dor\u00e9<\/strong> erg\u00e4nzt die Pflege mit <strong data-start=\"2715\" data-end=\"2734\">hoher Deckkraft<\/strong>, um Augenringe, Hautunreinheiten und Pigmentflecken zuverl\u00e4ssig zu kaschieren \u2013 ganz ohne Maskeneffekt. Die Formel mit <strong data-start=\"2854\" data-end=\"2872\">5\u202f% Niacinamid<\/strong> und <strong data-start=\"2877\" data-end=\"2915\">fermentiertem Ginsengbl\u00fctenextrakt<\/strong> pflegt die Haut zus\u00e4tzlich, gleicht den Hautton aus und mildert Anzeichen von M\u00fcdigkeit langfristig. Die cremige Textur verschmilzt sanft mit der Haut f\u00fcr ein nat\u00fcrliches und langanhaltendes Finish.<\/p>\n<p class=\"\" data-start=\"3116\" data-end=\"3446\">Geeignet f\u00fcr alle Hauttypen \u2013 auch empfindliche \u2013, ist dieses Set ideal f\u00fcr alle, die sich eine einfache, aber effektive Gesichtspflege mit sichtbaren Ergebnissen w\u00fcnschen. T\u00e4glich angewendet, sorgt es f\u00fcr einen frischen, gepflegten und nat\u00fcrlich strahlenden Look. Eine clevere Kombination aus Pflege und Make-up in einem Schritt.<\/p>\n<p data-start=\"1475\" data-end=\"1809\">Follow us! <a href=\"https:\/\/www.instagram.com\/freeshopswiss\/\" target=\"_blank\" rel=\"noopener\">@freeshopswiss<\/a><\/p>\n","protected":false},"excerpt":{"rendered":"<p>Entdecke die nat\u00fcrliche Sch\u00f6nheit deiner Haut mit dem Erborian CC Creme Dor\u00e9 45ml + Super BB Concealer Dor\u00e9 10ml Set, dem perfekten Duo f\u00fcr einen strahlenden, ebenm\u00e4\u00dfigen und sichtbar perfektionierten Teint. Ideal f\u00fcr mittlere bis goldene Hautt\u00f6ne bietet dieses Set einen leuchtenden \u201eZweite-Haut\u201c-Effekt mit individuell anpassbarer Deckkraft \u2013 ganz ohne Schwere. Die CC Creme Dor\u00e9 [&hellip;]<\/p>\n","protected":false},"featured_media":29575,"comment_status":"open","ping_status":"closed","template":"","meta":[],"pwb-brand":[411],"product_brand":[],"product_cat":[292,540,546,3769,567],"product_tag":[419,293,473,300,3612,476],"class_list":{"0":"post-29580","1":"product","2":"type-product","3":"status-publish","4":"has-post-thumbnail","6":"pwb-brand-erborian","7":"product_cat-behandlungen","8":"product_cat-gesicht-make-up","9":"product_cat-gesichtsbehandlung","10":"product_cat-k-beauty-de","11":"product_cat-make-up-de-2","12":"product_tag-behandlungen-de","13":"product_tag-frau","14":"product_tag-gesichts-make-up","15":"product_tag-gesichtsbehandlungen","16":"product_tag-k-beauty-de","17":"product_tag-make-up-de","19":"first","20":"outofstock","21":"sale","22":"taxable","23":"shipping-taxable","24":"purchasable","25":"product-type-simple"},"brands":[{"id":411,"name":"Erborian","slug":"erborian"}],"_links":{"self":[{"href":"https:\/\/www.freeshopfrontiera.ch\/de\/wp-json\/wp\/v2\/product\/29580","targetHints":{"allow":["GET"]}}],"collection":[{"href":"https:\/\/www.freeshopfrontiera.ch\/de\/wp-json\/wp\/v2\/product"}],"about":[{"href":"https:\/\/www.freeshopfrontiera.ch\/de\/wp-json\/wp\/v2\/types\/product"}],"replies":[{"embeddable":true,"href":"https:\/\/www.freeshopfrontiera.ch\/de\/wp-json\/wp\/v2\/comments?post=29580"}],"version-history":[{"count":2,"href":"https:\/\/www.freeshopfrontiera.ch\/de\/wp-json\/wp\/v2\/product\/29580\/revisions"}],"predecessor-version":[{"id":29586,"href":"https:\/\/www.freeshopfrontiera.ch\/de\/wp-json\/wp\/v2\/product\/29580\/revisions\/29586"}],"wp:featuredmedia":[{"embeddable":true,"href":"https:\/\/www.freeshopfrontiera.ch\/de\/wp-json\/wp\/v2\/media\/29575"}],"wp:attachment":[{"href":"https:\/\/www.freeshopfrontiera.ch\/de\/wp-json\/wp\/v2\/media?parent=29580"}],"wp:term":[{"taxonomy":"pwb-brand","embeddable":true,"href":"https:\/\/www.freeshopfrontiera.ch\/de\/wp-json\/wp\/v2\/pwb-brand?post=29580"},{"taxonomy":"product_brand","embeddable":true,"href":"https:\/\/www.freeshopfrontiera.ch\/de\/wp-json\/wp\/v2\/product_brand?post=29580"},{"taxonomy":"product_cat","embeddable":true,"href":"https:\/\/www.freeshopfrontiera.ch\/de\/wp-json\/wp\/v2\/product_cat?post=29580"},{"taxonomy":"product_tag","embeddable":true,"href":"https:\/\/www.freeshopfrontiera.ch\/de\/wp-json\/wp\/v2\/product_tag?post=29580"}],"curies":[{"name":"wp","href":"https:\/\/api.w.org\/{rel}","templated":true}]}}