{"id":29648,"date":"2025-05-05T11:40:23","date_gmt":"2025-05-05T11:40:23","guid":{"rendered":"https:\/\/www.freeshopfrontiera.ch\/shop\/les-poulettes-masque-coup-declat-18ml\/"},"modified":"2025-05-05T11:50:28","modified_gmt":"2025-05-05T11:50:28","slug":"les-poulettes-masque-coup-declat-18ml","status":"publish","type":"product","link":"https:\/\/www.freeshopfrontiera.ch\/de\/shop\/les-poulettes-masque-coup-declat-18ml\/","title":{"rendered":"LES POULETTES &#8211; Masque Coup d&#8217;Eclat 18ml"},"content":{"rendered":"<p class=\"\" data-start=\"3047\" data-end=\"3344\">Schenken Sie Ihrer Haut neue Strahlkraft mit der <strong data-start=\"3096\" data-end=\"3138\">Les Poulettes Masque Coup d\u2019\u00c9clat 18ml<\/strong>, der biologischen Tuchmaske, die m\u00fcder und fahler Haut sofortige Frische und Energie zur\u00fcckgibt. Die perfekte Express-Pflege vor einem besonderen Anlass oder wann immer Ihre Haut einen Frischekick braucht.<\/p>\n<p class=\"\" data-start=\"3346\" data-end=\"3692\">Mit <strong data-start=\"3350\" data-end=\"3395\">99 % Inhaltsstoffen nat\u00fcrlichen Ursprungs<\/strong> und <strong data-start=\"3400\" data-end=\"3431\">COSMOS ORGANIC zertifiziert<\/strong>, kombiniert diese sanfte, aber wirkungsvolle Pflege hochwirksame nat\u00fcrliche Aktivstoffe. Hauptbestandteil ist <strong data-start=\"3542\" data-end=\"3557\">Bio-Argan\u00f6l<\/strong>, reich an <strong data-start=\"3568\" data-end=\"3581\">Vitamin E<\/strong> und <strong data-start=\"3586\" data-end=\"3614\">unges\u00e4ttigten Fetts\u00e4uren<\/strong>, das die Hautbarriere st\u00e4rkt und die Elastizit\u00e4t und Ausstrahlung verbessert.<\/p>\n<p class=\"\" data-start=\"3694\" data-end=\"3853\">Zus\u00e4tzlich enth\u00e4lt die Maske <strong data-start=\"3723\" data-end=\"3740\">Bio-Aloe Vera<\/strong>, das Feuchtigkeit spendet und beruhigt, sowie <strong data-start=\"3787\" data-end=\"3812\">pflanzliches Glycerin<\/strong>, das Wasser bindet und die Haut gl\u00e4ttet.<\/p>\n<p class=\"\" data-start=\"3855\" data-end=\"4078\">Das <strong data-start=\"3859\" data-end=\"3902\">biologisch abbaubare Tuch aus Zellulose<\/strong> passt sich optimal dem Gesicht an und unterst\u00fctzt die Aufnahme der Wirkstoffe. Bereits nach <strong data-start=\"3995\" data-end=\"4012\">10\u201315 Minuten<\/strong> wirkt die Haut sichtbar frischer, hydratisierter und strahlender.<\/p>\n<p class=\"\" data-start=\"4080\" data-end=\"4314\">Die <strong data-start=\"4084\" data-end=\"4107\">Masque Coup d\u2019\u00c9clat<\/strong> ist <strong data-start=\"4112\" data-end=\"4139\">dermatologisch getestet<\/strong>, frei von synthetischen Duftstoffen, Parabenen und Silikonen und eignet sich auch f\u00fcr empfindliche Haut. Ideal f\u00fcr die w\u00f6chentliche Pflege oder als schneller Frische-Booster. Schenken Sie Ihrer Haut neue Strahlkraft mit der <strong data-start=\"3096\" data-end=\"3138\">Les Poulettes Masque Coup d\u2019\u00c9clat 18ml<\/strong>, der biologischen Tuchmaske, die m\u00fcder und fahler Haut sofortige Frische und Energie zur\u00fcckgibt.<\/p>\n<p class=\"\" data-start=\"4316\" data-end=\"4412\">Entdecken Sie nat\u00fcrliche, wirksame und umweltfreundliche Hautpflege mit <strong data-start=\"4388\" data-end=\"4411\">Les Poulettes Paris<\/strong>.<\/p>\n<p data-start=\"1836\" data-end=\"1977\">Follow us! <a href=\"https:\/\/www.instagram.com\/freeshopswiss\/\" target=\"_blank\" rel=\"noopener\">@freeshopswiss<\/a><\/p>\n","protected":false},"excerpt":{"rendered":"<p>Schenken Sie Ihrer Haut neue Strahlkraft mit der Les Poulettes Masque Coup d\u2019\u00c9clat 18ml, der biologischen Tuchmaske, die m\u00fcder und fahler Haut sofortige Frische und Energie zur\u00fcckgibt. Die perfekte Express-Pflege vor einem besonderen Anlass oder wann immer Ihre Haut einen Frischekick braucht. Mit 99 % Inhaltsstoffen nat\u00fcrlichen Ursprungs und COSMOS ORGANIC zertifiziert, kombiniert diese sanfte, [&hellip;]<\/p>\n","protected":false},"featured_media":29644,"comment_status":"open","ping_status":"closed","template":"","meta":[],"pwb-brand":[986],"product_brand":[],"product_cat":[292,111,546],"product_tag":[482,419,293,300],"class_list":{"0":"post-29648","1":"product","2":"type-product","3":"status-publish","4":"has-post-thumbnail","6":"pwb-brand-les-poulettes","7":"product_cat-behandlungen","8":"product_cat-fur-sie-de","9":"product_cat-gesichtsbehandlung","10":"product_tag-anti-falten","11":"product_tag-behandlungen-de","12":"product_tag-frau","13":"product_tag-gesichtsbehandlungen","15":"first","16":"instock","17":"sale","18":"taxable","19":"shipping-taxable","20":"purchasable","21":"product-type-simple"},"brands":[{"id":986,"name":"Les Poulettes","slug":"les-poulettes"}],"_links":{"self":[{"href":"https:\/\/www.freeshopfrontiera.ch\/de\/wp-json\/wp\/v2\/product\/29648","targetHints":{"allow":["GET"]}}],"collection":[{"href":"https:\/\/www.freeshopfrontiera.ch\/de\/wp-json\/wp\/v2\/product"}],"about":[{"href":"https:\/\/www.freeshopfrontiera.ch\/de\/wp-json\/wp\/v2\/types\/product"}],"replies":[{"embeddable":true,"href":"https:\/\/www.freeshopfrontiera.ch\/de\/wp-json\/wp\/v2\/comments?post=29648"}],"version-history":[{"count":2,"href":"https:\/\/www.freeshopfrontiera.ch\/de\/wp-json\/wp\/v2\/product\/29648\/revisions"}],"predecessor-version":[{"id":29654,"href":"https:\/\/www.freeshopfrontiera.ch\/de\/wp-json\/wp\/v2\/product\/29648\/revisions\/29654"}],"wp:featuredmedia":[{"embeddable":true,"href":"https:\/\/www.freeshopfrontiera.ch\/de\/wp-json\/wp\/v2\/media\/29644"}],"wp:attachment":[{"href":"https:\/\/www.freeshopfrontiera.ch\/de\/wp-json\/wp\/v2\/media?parent=29648"}],"wp:term":[{"taxonomy":"pwb-brand","embeddable":true,"href":"https:\/\/www.freeshopfrontiera.ch\/de\/wp-json\/wp\/v2\/pwb-brand?post=29648"},{"taxonomy":"product_brand","embeddable":true,"href":"https:\/\/www.freeshopfrontiera.ch\/de\/wp-json\/wp\/v2\/product_brand?post=29648"},{"taxonomy":"product_cat","embeddable":true,"href":"https:\/\/www.freeshopfrontiera.ch\/de\/wp-json\/wp\/v2\/product_cat?post=29648"},{"taxonomy":"product_tag","embeddable":true,"href":"https:\/\/www.freeshopfrontiera.ch\/de\/wp-json\/wp\/v2\/product_tag?post=29648"}],"curies":[{"name":"wp","href":"https:\/\/api.w.org\/{rel}","templated":true}]}}