{"id":29723,"date":"2025-05-05T13:36:53","date_gmt":"2025-05-05T13:36:53","guid":{"rendered":"https:\/\/www.freeshopfrontiera.ch\/shop\/beauty-of-joseon-calming-serum-green-tea-panthenol\/"},"modified":"2025-05-05T13:44:51","modified_gmt":"2025-05-05T13:44:51","slug":"beauty-of-joseon-calming-serum-green-tea-panthenol","status":"publish","type":"product","link":"https:\/\/www.freeshopfrontiera.ch\/de\/shop\/beauty-of-joseon-calming-serum-green-tea-panthenol\/","title":{"rendered":"BEAUTY OF JOSEON Calming Serum Green Tea + Panthenol"},"content":{"rendered":"<p class=\"\" data-start=\"3338\" data-end=\"3643\">Erlebe die beruhigende Wirkung des <strong data-start=\"3373\" data-end=\"3412\">Calming Serums von BEAUTY OF JOSEON Green Tea + Panthenol<\/strong>, mit gr\u00fcnem Tee und Panthenol \u2013 ein leichtes, aber hochwirksames Serum, das empfindliche Haut beruhigt, intensiv mit Feuchtigkeit versorgt und die Hautbarriere st\u00e4rkt. Ideal f\u00fcr gestresste, gereizte oder zu R\u00f6tungen neigende Haut.<\/p>\n<p class=\"\" data-start=\"3645\" data-end=\"4019\"><strong data-start=\"3645\" data-end=\"3659\">Gr\u00fcner Tee<\/strong>, reich an Antioxidantien, stammt aus koreanischen Anbaugebieten und wirkt entz\u00fcndungshemmend. Er hilft, Irritationen zu lindern, \u00fcbersch\u00fcssigen Talg zu regulieren und die Haut vor Umwelteinfl\u00fcssen zu sch\u00fctzen. <strong data-start=\"3870\" data-end=\"3883\">Panthenol<\/strong> (Provitamin B5) unterst\u00fctzt die Feuchtigkeitsbindung und f\u00f6rdert die Regeneration, wodurch die Haut geschmeidiger und elastischer wird.<\/p>\n<p class=\"\" data-start=\"4021\" data-end=\"4180\">Zus\u00e4tzliche Wirkstoffe wie <strong data-start=\"4048\" data-end=\"4065\">Hyalurons\u00e4ure<\/strong> sorgen f\u00fcr sofortige Feuchtigkeit, w\u00e4hrend <strong data-start=\"4109\" data-end=\"4138\">Centella Asiatica-Extrakt<\/strong> R\u00f6tungen reduziert und die Haut beruhigt.<\/p>\n<p class=\"\" data-start=\"4182\" data-end=\"4400\">Die seidige, w\u00e4ssrige Textur zieht schnell ein, ohne zu fetten \u2013 perfekt f\u00fcr die t\u00e4gliche Pflege und auch als Basis unter dem Make-up geeignet. Ideal f\u00fcr alle Hauttypen, besonders bei Mischhaut oder empfindlicher Haut.<\/p>\n<p class=\"\" data-start=\"4402\" data-end=\"4564\"><strong data-start=\"4402\" data-end=\"4415\">Anwendung<\/strong>: Nach der Reinigung und dem Toner einige Tropfen auftragen, sanft einmassieren und vollst\u00e4ndig einziehen lassen. Danach mit einer Creme abschlie\u00dfen. Erlebe die beruhigende Wirkung des Calming Serums von BEAUTY OF JOSEON Green Tea + Panthenol \u2013 ein leichtes, aber hochwirksames Serum.<\/p>\n<p class=\"\" data-start=\"4566\" data-end=\"4790\">Ohne synthetische Duftstoffe, Alkohol oder Parabene formuliert, vereint das <strong data-start=\"4642\" data-end=\"4676\">Beauty of Joseon Calming Serum<\/strong> traditionelle koreanische Pflanzenheilkunde mit moderner Hautpflege f\u00fcr ein ausgeglichenes und gesundes Hautbild.<\/p>\n<p data-start=\"1727\" data-end=\"1920\">Follow us! <a href=\"https:\/\/www.instagram.com\/freeshopswiss\/\" target=\"_blank\" rel=\"noopener\">@freeshopswiss<\/a><\/p>\n","protected":false},"excerpt":{"rendered":"<p>Erlebe die beruhigende Wirkung des Calming Serums von BEAUTY OF JOSEON Green Tea + Panthenol, mit gr\u00fcnem Tee und Panthenol \u2013 ein leichtes, aber hochwirksames Serum, das empfindliche Haut beruhigt, intensiv mit Feuchtigkeit versorgt und die Hautbarriere st\u00e4rkt. Ideal f\u00fcr gestresste, gereizte oder zu R\u00f6tungen neigende Haut. Gr\u00fcner Tee, reich an Antioxidantien, stammt aus koreanischen [&hellip;]<\/p>\n","protected":false},"featured_media":29715,"comment_status":"open","ping_status":"closed","template":"","meta":[],"pwb-brand":[574],"product_brand":[],"product_cat":[292,111,546,3769],"product_tag":[419,293,300,3612],"class_list":{"0":"post-29723","1":"product","2":"type-product","3":"status-publish","4":"has-post-thumbnail","6":"pwb-brand-beauty-of-joseon","7":"product_cat-behandlungen","8":"product_cat-fur-sie-de","9":"product_cat-gesichtsbehandlung","10":"product_cat-k-beauty-de","11":"product_tag-behandlungen-de","12":"product_tag-frau","13":"product_tag-gesichtsbehandlungen","14":"product_tag-k-beauty-de","16":"first","17":"outofstock","18":"sale","19":"taxable","20":"shipping-taxable","21":"purchasable","22":"product-type-simple"},"brands":[{"id":574,"name":"Beauty of Joseon","slug":"beauty-of-joseon"}],"_links":{"self":[{"href":"https:\/\/www.freeshopfrontiera.ch\/de\/wp-json\/wp\/v2\/product\/29723","targetHints":{"allow":["GET"]}}],"collection":[{"href":"https:\/\/www.freeshopfrontiera.ch\/de\/wp-json\/wp\/v2\/product"}],"about":[{"href":"https:\/\/www.freeshopfrontiera.ch\/de\/wp-json\/wp\/v2\/types\/product"}],"replies":[{"embeddable":true,"href":"https:\/\/www.freeshopfrontiera.ch\/de\/wp-json\/wp\/v2\/comments?post=29723"}],"version-history":[{"count":2,"href":"https:\/\/www.freeshopfrontiera.ch\/de\/wp-json\/wp\/v2\/product\/29723\/revisions"}],"predecessor-version":[{"id":29726,"href":"https:\/\/www.freeshopfrontiera.ch\/de\/wp-json\/wp\/v2\/product\/29723\/revisions\/29726"}],"wp:featuredmedia":[{"embeddable":true,"href":"https:\/\/www.freeshopfrontiera.ch\/de\/wp-json\/wp\/v2\/media\/29715"}],"wp:attachment":[{"href":"https:\/\/www.freeshopfrontiera.ch\/de\/wp-json\/wp\/v2\/media?parent=29723"}],"wp:term":[{"taxonomy":"pwb-brand","embeddable":true,"href":"https:\/\/www.freeshopfrontiera.ch\/de\/wp-json\/wp\/v2\/pwb-brand?post=29723"},{"taxonomy":"product_brand","embeddable":true,"href":"https:\/\/www.freeshopfrontiera.ch\/de\/wp-json\/wp\/v2\/product_brand?post=29723"},{"taxonomy":"product_cat","embeddable":true,"href":"https:\/\/www.freeshopfrontiera.ch\/de\/wp-json\/wp\/v2\/product_cat?post=29723"},{"taxonomy":"product_tag","embeddable":true,"href":"https:\/\/www.freeshopfrontiera.ch\/de\/wp-json\/wp\/v2\/product_tag?post=29723"}],"curies":[{"name":"wp","href":"https:\/\/api.w.org\/{rel}","templated":true}]}}