{"id":29739,"date":"2025-05-05T14:02:35","date_gmt":"2025-05-05T14:02:35","guid":{"rendered":"https:\/\/www.freeshopfrontiera.ch\/shop\/cosrx-advanced-snail-92-all-in-one-cream-jar-100g\/"},"modified":"2025-05-05T14:10:01","modified_gmt":"2025-05-05T14:10:01","slug":"cosrx-advanced-snail-92-all-in-one-cream-jar-100g","status":"publish","type":"product","link":"https:\/\/www.freeshopfrontiera.ch\/de\/shop\/cosrx-advanced-snail-92-all-in-one-cream-jar-100g\/","title":{"rendered":"COSRX Advanced Snail 92 All In One Cream Jar 100g"},"content":{"rendered":"<p class=\"\" data-start=\"3194\" data-end=\"3640\">Entdecke die multifunktionale Pflege der koreanischen Kosmetik mit der <strong data-start=\"3265\" data-end=\"3309\">COSRX Advanced Snail 92 All In One Cream<\/strong> \u2013 eine feuchtigkeitsspendende, regenerierende und beruhigende Gesichtscreme mit 92 % Schneckenschleimfiltrat. Dieser nat\u00fcrliche Inhaltsstoff ist bekannt f\u00fcr seine au\u00dfergew\u00f6hnlichen Reparatureigenschaften, die die Hautelastizit\u00e4t verbessern, Zeichen der Hautalterung mindern und den Teint ebenm\u00e4\u00dfig und strahlend erscheinen lassen.<\/p>\n<p class=\"\" data-start=\"3642\" data-end=\"3961\">Die reichhaltige, aber leichte Textur zieht schnell ein und hinterl\u00e4sst ein intensiv gen\u00e4hrtes Hautgef\u00fchl \u2013 ganz ohne Fettfilm. Die Creme eignet sich f\u00fcr alle Hauttypen, insbesondere f\u00fcr empfindliche Haut, und bietet eine Rundumpflege in einem einzigen Produkt: Feuchtigkeit, Regeneration und St\u00e4rkung der Hautbarriere.<\/p>\n<p class=\"\" data-start=\"3963\" data-end=\"4238\">Das gefilterte und gereinigte <strong data-start=\"3993\" data-end=\"4020\">Schneckenschleimfiltrat<\/strong> hilft effektiv bei Aknenarben, Pigmentflecken und feinen Linien. Zus\u00e4tzlich enth\u00e4lt die Formel <strong data-start=\"4116\" data-end=\"4133\">Hyalurons\u00e4ure<\/strong> f\u00fcr langanhaltende Feuchtigkeit und <strong data-start=\"4170\" data-end=\"4181\">Betaine<\/strong>, um das Feuchtigkeitsgleichgewicht der Haut zu bewahren.<\/p>\n<p class=\"\" data-start=\"4240\" data-end=\"4421\">Die <strong data-start=\"4244\" data-end=\"4271\">Advanced Snail 92 Cream<\/strong> ist frei von Parabenen, k\u00fcnstlichen Duftstoffen, Alkohol und Mineral\u00f6len. Dermatologisch getestet \u2013 auch f\u00fcr empfindliche und gereizte Haut geeignet.<\/p>\n<p class=\"\" data-start=\"4423\" data-end=\"4591\"><strong data-start=\"4423\" data-end=\"4436\">Anwendung<\/strong>: Morgens und abends nach dem Serum eine angemessene Menge auf Gesicht und Hals auftragen und sanft einmassieren, bis die Creme vollst\u00e4ndig eingezogen ist.<\/p>\n<p class=\"\" data-start=\"4593\" data-end=\"4804\">Vertraue auf die Qualit\u00e4t von <strong data-start=\"4623\" data-end=\"4632\">COSRX<\/strong>, einer der beliebtesten Marken in der K-Beauty-Welt, und bereichere deine Pflegeroutine mit einer Creme, die Tradition, Innovation und dermatologische Wirksamkeit vereint.<\/p>\n<p data-start=\"1557\" data-end=\"1750\">Follow us! <a href=\"https:\/\/www.instagram.com\/freeshopswiss\/\" target=\"_blank\" rel=\"noopener\">@freeshopswiss<\/a><\/p>\n","protected":false},"excerpt":{"rendered":"<p>Entdecke die multifunktionale Pflege der koreanischen Kosmetik mit der COSRX Advanced Snail 92 All In One Cream \u2013 eine feuchtigkeitsspendende, regenerierende und beruhigende Gesichtscreme mit 92 % Schneckenschleimfiltrat. Dieser nat\u00fcrliche Inhaltsstoff ist bekannt f\u00fcr seine au\u00dfergew\u00f6hnlichen Reparatureigenschaften, die die Hautelastizit\u00e4t verbessern, Zeichen der Hautalterung mindern und den Teint ebenm\u00e4\u00dfig und strahlend erscheinen lassen. Die reichhaltige, [&hellip;]<\/p>\n","protected":false},"featured_media":29731,"comment_status":"open","ping_status":"closed","template":"","meta":[],"pwb-brand":[576],"product_brand":[],"product_cat":[292,111,3769],"product_tag":[419,293,3612],"class_list":{"0":"post-29739","1":"product","2":"type-product","3":"status-publish","4":"has-post-thumbnail","6":"pwb-brand-cosrx","7":"product_cat-behandlungen","8":"product_cat-fur-sie-de","9":"product_cat-k-beauty-de","10":"product_tag-behandlungen-de","11":"product_tag-frau","12":"product_tag-k-beauty-de","14":"first","15":"instock","16":"sale","17":"taxable","18":"shipping-taxable","19":"purchasable","20":"product-type-simple"},"brands":[{"id":576,"name":"Cosrx","slug":"cosrx"}],"_links":{"self":[{"href":"https:\/\/www.freeshopfrontiera.ch\/de\/wp-json\/wp\/v2\/product\/29739","targetHints":{"allow":["GET"]}}],"collection":[{"href":"https:\/\/www.freeshopfrontiera.ch\/de\/wp-json\/wp\/v2\/product"}],"about":[{"href":"https:\/\/www.freeshopfrontiera.ch\/de\/wp-json\/wp\/v2\/types\/product"}],"replies":[{"embeddable":true,"href":"https:\/\/www.freeshopfrontiera.ch\/de\/wp-json\/wp\/v2\/comments?post=29739"}],"version-history":[{"count":2,"href":"https:\/\/www.freeshopfrontiera.ch\/de\/wp-json\/wp\/v2\/product\/29739\/revisions"}],"predecessor-version":[{"id":29747,"href":"https:\/\/www.freeshopfrontiera.ch\/de\/wp-json\/wp\/v2\/product\/29739\/revisions\/29747"}],"wp:featuredmedia":[{"embeddable":true,"href":"https:\/\/www.freeshopfrontiera.ch\/de\/wp-json\/wp\/v2\/media\/29731"}],"wp:attachment":[{"href":"https:\/\/www.freeshopfrontiera.ch\/de\/wp-json\/wp\/v2\/media?parent=29739"}],"wp:term":[{"taxonomy":"pwb-brand","embeddable":true,"href":"https:\/\/www.freeshopfrontiera.ch\/de\/wp-json\/wp\/v2\/pwb-brand?post=29739"},{"taxonomy":"product_brand","embeddable":true,"href":"https:\/\/www.freeshopfrontiera.ch\/de\/wp-json\/wp\/v2\/product_brand?post=29739"},{"taxonomy":"product_cat","embeddable":true,"href":"https:\/\/www.freeshopfrontiera.ch\/de\/wp-json\/wp\/v2\/product_cat?post=29739"},{"taxonomy":"product_tag","embeddable":true,"href":"https:\/\/www.freeshopfrontiera.ch\/de\/wp-json\/wp\/v2\/product_tag?post=29739"}],"curies":[{"name":"wp","href":"https:\/\/api.w.org\/{rel}","templated":true}]}}