{"id":29756,"date":"2025-05-05T14:27:11","date_gmt":"2025-05-05T14:27:11","guid":{"rendered":"https:\/\/www.freeshopfrontiera.ch\/shop\/doctor-babor-microbiomic-herbal-balancing-toner-7-niacinamide-200ml\/"},"modified":"2025-05-05T14:39:50","modified_gmt":"2025-05-05T14:39:50","slug":"doctor-babor-microbiomic-herbal-balancing-toner-7-niacinamide-200ml","status":"publish","type":"product","link":"https:\/\/www.freeshopfrontiera.ch\/de\/shop\/doctor-babor-microbiomic-herbal-balancing-toner-7-niacinamide-200ml\/","title":{"rendered":"DOCTOR BABOR MicroBiomic Herbal Balancing Toner 200ml"},"content":{"rendered":"<p class=\"\" data-start=\"3585\" data-end=\"3942\">Bringe deine Haut wieder ins Gleichgewicht mit dem <strong data-start=\"3636\" data-end=\"3687\">DOCTOR BABOR MicroBiomic Herbal Balancing Toner<\/strong>, einem hochwirksamen Gesichtstoner zur St\u00e4rkung der Hautbarriere und Unterst\u00fctzung eines gesunden Mikrobioms. Mit <strong data-start=\"3802\" data-end=\"3820\">7 % Niacinamid<\/strong> verfeinert er sichtbar die Poren, reduziert R\u00f6tungen und Unreinheiten und sorgt f\u00fcr einen ebenm\u00e4\u00dfigen, strahlenden Teint.<\/p>\n<p class=\"\" data-start=\"3944\" data-end=\"4212\">Die fortschrittliche Formel vereint <strong data-start=\"3980\" data-end=\"4016\">beruhigende pflanzliche Extrakte<\/strong> mit mikrobiomfreundlichen Wirkstoffen, um das nat\u00fcrliche Gleichgewicht der Haut wiederherzustellen. Der spezielle MicroBiomic-Komplex unterst\u00fctzt die Hautflora und sch\u00fctzt vor \u00e4u\u00dferen Einfl\u00fcssen.<\/p>\n<p class=\"\" data-start=\"4214\" data-end=\"4537\"><strong data-start=\"4214\" data-end=\"4245\">7 % Niacinamid (Vitamin B3)<\/strong> wirkt gezielt gegen Pigmentflecken, fahle Haut und erste Anzeichen der Hautalterung. Es reguliert die Talgproduktion, gl\u00e4ttet das Hautbild und st\u00e4rkt die Hautschutzbarriere. <strong data-start=\"4420\" data-end=\"4455\">Hamamelis- und Kamillenextrakte<\/strong> wirken beruhigend und kl\u00e4rend \u2013 perfekt auch f\u00fcr empfindliche oder reaktive Haut.<\/p>\n<p class=\"\" data-start=\"4539\" data-end=\"4774\">Bei t\u00e4glicher Anwendung nach der Reinigung erfrischt der Toner die Haut und verbessert die Aufnahme nachfolgender Pflegeprodukte. Die leichte, w\u00e4ssrige Textur zieht schnell ein und hinterl\u00e4sst ein gepflegtes, hydratisiertes Hautgef\u00fchl.<\/p>\n<p class=\"\" data-start=\"4776\" data-end=\"4922\"><strong data-start=\"4776\" data-end=\"4789\">Anwendung<\/strong>: Morgens und abends nach der Reinigung mit einem Wattepad oder den H\u00e4nden auf Gesicht, Hals und Dekollet\u00e9 auftragen. Nicht absp\u00fclen.<\/p>\n<p class=\"\" data-start=\"4924\" data-end=\"5034\">Frei von k\u00fcnstlichen Duftstoffen, Parabenen und Alkohol. Dermatologisch getestet. F\u00fcr alle Hauttypen geeignet.<\/p>\n<p class=\"\" data-start=\"5036\" data-end=\"5163\">Vertraue auf <strong data-start=\"5049\" data-end=\"5065\">DOCTOR BABOR<\/strong> \u2013 f\u00fcr professionelle Hautpflege, die das nat\u00fcrliche \u00d6kosystem deiner Haut respektiert und st\u00e4rkt.<\/p>\n<p data-start=\"1839\" data-end=\"1959\">Follow us! <a href=\"https:\/\/www.instagram.com\/freeshopswiss\/\" target=\"_blank\" rel=\"noopener\">@freeshopswiss<\/a><\/p>\n","protected":false},"excerpt":{"rendered":"<p>Bringe deine Haut wieder ins Gleichgewicht mit dem DOCTOR BABOR MicroBiomic Herbal Balancing Toner, einem hochwirksamen Gesichtstoner zur St\u00e4rkung der Hautbarriere und Unterst\u00fctzung eines gesunden Mikrobioms. Mit 7 % Niacinamid verfeinert er sichtbar die Poren, reduziert R\u00f6tungen und Unreinheiten und sorgt f\u00fcr einen ebenm\u00e4\u00dfigen, strahlenden Teint. Die fortschrittliche Formel vereint beruhigende pflanzliche Extrakte mit mikrobiomfreundlichen [&hellip;]<\/p>\n","protected":false},"featured_media":29752,"comment_status":"open","ping_status":"closed","template":"","meta":[],"pwb-brand":[808],"product_brand":[],"product_cat":[292,111,546],"product_tag":[419,293,300],"class_list":{"0":"post-29756","1":"product","2":"type-product","3":"status-publish","4":"has-post-thumbnail","6":"pwb-brand-babor","7":"product_cat-behandlungen","8":"product_cat-fur-sie-de","9":"product_cat-gesichtsbehandlung","10":"product_tag-behandlungen-de","11":"product_tag-frau","12":"product_tag-gesichtsbehandlungen","14":"first","15":"instock","16":"sale","17":"taxable","18":"shipping-taxable","19":"purchasable","20":"product-type-simple"},"brands":[{"id":808,"name":"Babor","slug":"babor"}],"_links":{"self":[{"href":"https:\/\/www.freeshopfrontiera.ch\/de\/wp-json\/wp\/v2\/product\/29756","targetHints":{"allow":["GET"]}}],"collection":[{"href":"https:\/\/www.freeshopfrontiera.ch\/de\/wp-json\/wp\/v2\/product"}],"about":[{"href":"https:\/\/www.freeshopfrontiera.ch\/de\/wp-json\/wp\/v2\/types\/product"}],"replies":[{"embeddable":true,"href":"https:\/\/www.freeshopfrontiera.ch\/de\/wp-json\/wp\/v2\/comments?post=29756"}],"version-history":[{"count":3,"href":"https:\/\/www.freeshopfrontiera.ch\/de\/wp-json\/wp\/v2\/product\/29756\/revisions"}],"predecessor-version":[{"id":29766,"href":"https:\/\/www.freeshopfrontiera.ch\/de\/wp-json\/wp\/v2\/product\/29756\/revisions\/29766"}],"wp:featuredmedia":[{"embeddable":true,"href":"https:\/\/www.freeshopfrontiera.ch\/de\/wp-json\/wp\/v2\/media\/29752"}],"wp:attachment":[{"href":"https:\/\/www.freeshopfrontiera.ch\/de\/wp-json\/wp\/v2\/media?parent=29756"}],"wp:term":[{"taxonomy":"pwb-brand","embeddable":true,"href":"https:\/\/www.freeshopfrontiera.ch\/de\/wp-json\/wp\/v2\/pwb-brand?post=29756"},{"taxonomy":"product_brand","embeddable":true,"href":"https:\/\/www.freeshopfrontiera.ch\/de\/wp-json\/wp\/v2\/product_brand?post=29756"},{"taxonomy":"product_cat","embeddable":true,"href":"https:\/\/www.freeshopfrontiera.ch\/de\/wp-json\/wp\/v2\/product_cat?post=29756"},{"taxonomy":"product_tag","embeddable":true,"href":"https:\/\/www.freeshopfrontiera.ch\/de\/wp-json\/wp\/v2\/product_tag?post=29756"}],"curies":[{"name":"wp","href":"https:\/\/api.w.org\/{rel}","templated":true}]}}