{"id":29811,"date":"2025-05-06T11:09:40","date_gmt":"2025-05-06T11:09:40","guid":{"rendered":"https:\/\/www.freeshopfrontiera.ch\/shop\/clarins-creme-solaire-corps-spf30-150ml\/"},"modified":"2025-05-06T11:30:20","modified_gmt":"2025-05-06T11:30:20","slug":"clarins-creme-solaire-corps-spf30-150ml","status":"publish","type":"product","link":"https:\/\/www.freeshopfrontiera.ch\/de\/shop\/clarins-creme-solaire-corps-spf30-150ml\/","title":{"rendered":"CLARINS Creme Solaire Corps SPF30 150ml"},"content":{"rendered":"<p class=\"\" data-start=\"3330\" data-end=\"3649\">Die <strong data-start=\"3334\" data-end=\"3379\">Clarins Sonnencreme f\u00fcr den K\u00f6rper SPF 30<\/strong> bietet die ideale Kombination aus <strong data-start=\"3414\" data-end=\"3465\">zuverl\u00e4ssigem Schutz und gepflegtem Sommerteint<\/strong>. Mit ihrer <strong data-start=\"3477\" data-end=\"3505\">pflanzenbasierten Formel<\/strong> sch\u00fctzt sie die Haut zuverl\u00e4ssig vor UVA- und UVB-Strahlen, reduziert das Risiko von Sonnenbrand, Austrocknung und lichtbedingter Hautalterung.<\/p>\n<p class=\"\" data-start=\"3651\" data-end=\"3898\">Die <strong data-start=\"3655\" data-end=\"3682\">samtige, cremige Textur<\/strong> zieht schnell ein, ohne zu fetten oder wei\u00dfe R\u00fcckst\u00e4nde zu hinterlassen. Die Haut f\u00fchlt sich sofort weich, hydratisiert und angenehm an. Perfekt f\u00fcr moderate Sonneneinstrahlung oder bereits sonnengew\u00f6hnte Hauttypen.<\/p>\n<p class=\"\" data-start=\"3900\" data-end=\"4234\">Der <strong data-start=\"3904\" data-end=\"3934\">exklusive SunPlant-Komplex<\/strong> von Clarins vereint pflegende Pflanzenextrakte wie <strong data-start=\"3986\" data-end=\"4020\">Aloe Vera, Baobab und Wegerich<\/strong>, die die Haut beruhigen, ihre Schutzbarriere st\u00e4rken und f\u00fcr ein frisches Hautgef\u00fchl sorgen. Die Creme ist <strong data-start=\"4128\" data-end=\"4160\">wasser- und schwei\u00dfresistent<\/strong> \u2013 ideal f\u00fcr Aktivit\u00e4ten im Freien, Sport oder entspannte Stunden am Meer.<\/p>\n<p class=\"\" data-start=\"4236\" data-end=\"4446\"><strong data-start=\"4236\" data-end=\"4263\">Dermatologisch getestet<\/strong> und f\u00fcr alle Hauttypen geeignet, selbst f\u00fcr empfindliche Haut. Die <strong data-start=\"4331\" data-end=\"4359\">umweltfreundliche Formel<\/strong> ist <strong data-start=\"4364\" data-end=\"4386\">korallenfreundlich<\/strong> und enth\u00e4lt keine UV-Filter, die das Meeresleben gef\u00e4hrden.<\/p>\n<p class=\"\" data-start=\"4448\" data-end=\"4477\"><strong data-start=\"4448\" data-end=\"4477\">Vorteile auf einen Blick:<\/strong><\/p>\n<ul data-start=\"4478\" data-end=\"4704\">\n<li class=\"\" data-start=\"4478\" data-end=\"4509\">\n<p class=\"\" data-start=\"4480\" data-end=\"4509\">Mittlerer Sonnenschutz SPF 30<\/p>\n<\/li>\n<li class=\"\" data-start=\"4510\" data-end=\"4557\">\n<p class=\"\" data-start=\"4512\" data-end=\"4557\">Unterst\u00fctzt eine gleichm\u00e4\u00dfige, goldene Br\u00e4une<\/p>\n<\/li>\n<li class=\"\" data-start=\"4558\" data-end=\"4608\">\n<p class=\"\" data-start=\"4560\" data-end=\"4608\">Intensive Feuchtigkeit und sofortiges Wohlgef\u00fchl<\/p>\n<\/li>\n<li class=\"\" data-start=\"4609\" data-end=\"4658\">\n<p class=\"\" data-start=\"4611\" data-end=\"4658\">Wasserfest, auch f\u00fcr empfindliche Haut geeignet<\/p>\n<\/li>\n<li class=\"\" data-start=\"4659\" data-end=\"4704\">\n<p class=\"\" data-start=\"4661\" data-end=\"4704\">Umweltfreundlich &amp; sicher f\u00fcr Korallenriffe<\/p>\n<\/li>\n<\/ul>\n<p class=\"\" data-start=\"4706\" data-end=\"4781\">Mit Clarins genie\u00dfen Sie die Sonne mit Verantwortung, Pflege und Sch\u00f6nheit.<\/p>\n<p data-start=\"1854\" data-end=\"1929\">Follow us! <a href=\"https:\/\/www.instagram.com\/freeshopswiss\/\" target=\"_blank\" rel=\"noopener\">@freeshopswiss<\/a><\/p>\n","protected":false},"excerpt":{"rendered":"<p>Die Clarins Sonnencreme f\u00fcr den K\u00f6rper SPF 30 bietet die ideale Kombination aus zuverl\u00e4ssigem Schutz und gepflegtem Sommerteint. Mit ihrer pflanzenbasierten Formel sch\u00fctzt sie die Haut zuverl\u00e4ssig vor UVA- und UVB-Strahlen, reduziert das Risiko von Sonnenbrand, Austrocknung und lichtbedingter Hautalterung. Die samtige, cremige Textur zieht schnell ein, ohne zu fetten oder wei\u00dfe R\u00fcckst\u00e4nde zu hinterlassen. [&hellip;]<\/p>\n","protected":false},"featured_media":29807,"comment_status":"open","ping_status":"closed","template":"","meta":[],"pwb-brand":[311],"product_brand":[],"product_cat":[292,86,111,425],"product_tag":[293,953,554,492],"class_list":{"0":"post-29811","1":"product","2":"type-product","3":"status-publish","4":"has-post-thumbnail","6":"pwb-brand-clarins","7":"product_cat-behandlungen","8":"product_cat-fur-ihn-de","9":"product_cat-fur-sie-de","10":"product_cat-solari-de","11":"product_tag-frau","12":"product_tag-uomo-de","13":"product_tag-sonnenschutzcreme","14":"product_tag-sonnenschutzmittel","16":"first","17":"outofstock","18":"sale","19":"taxable","20":"shipping-taxable","21":"purchasable","22":"product-type-simple"},"brands":[{"id":311,"name":"Clarins","slug":"clarins"}],"_links":{"self":[{"href":"https:\/\/www.freeshopfrontiera.ch\/de\/wp-json\/wp\/v2\/product\/29811","targetHints":{"allow":["GET"]}}],"collection":[{"href":"https:\/\/www.freeshopfrontiera.ch\/de\/wp-json\/wp\/v2\/product"}],"about":[{"href":"https:\/\/www.freeshopfrontiera.ch\/de\/wp-json\/wp\/v2\/types\/product"}],"replies":[{"embeddable":true,"href":"https:\/\/www.freeshopfrontiera.ch\/de\/wp-json\/wp\/v2\/comments?post=29811"}],"version-history":[{"count":3,"href":"https:\/\/www.freeshopfrontiera.ch\/de\/wp-json\/wp\/v2\/product\/29811\/revisions"}],"predecessor-version":[{"id":29825,"href":"https:\/\/www.freeshopfrontiera.ch\/de\/wp-json\/wp\/v2\/product\/29811\/revisions\/29825"}],"wp:featuredmedia":[{"embeddable":true,"href":"https:\/\/www.freeshopfrontiera.ch\/de\/wp-json\/wp\/v2\/media\/29807"}],"wp:attachment":[{"href":"https:\/\/www.freeshopfrontiera.ch\/de\/wp-json\/wp\/v2\/media?parent=29811"}],"wp:term":[{"taxonomy":"pwb-brand","embeddable":true,"href":"https:\/\/www.freeshopfrontiera.ch\/de\/wp-json\/wp\/v2\/pwb-brand?post=29811"},{"taxonomy":"product_brand","embeddable":true,"href":"https:\/\/www.freeshopfrontiera.ch\/de\/wp-json\/wp\/v2\/product_brand?post=29811"},{"taxonomy":"product_cat","embeddable":true,"href":"https:\/\/www.freeshopfrontiera.ch\/de\/wp-json\/wp\/v2\/product_cat?post=29811"},{"taxonomy":"product_tag","embeddable":true,"href":"https:\/\/www.freeshopfrontiera.ch\/de\/wp-json\/wp\/v2\/product_tag?post=29811"}],"curies":[{"name":"wp","href":"https:\/\/api.w.org\/{rel}","templated":true}]}}