{"id":29845,"date":"2025-05-06T12:35:46","date_gmt":"2025-05-06T12:35:46","guid":{"rendered":"https:\/\/www.freeshopfrontiera.ch\/shop\/collistar-sun-face-cream-anti-age-spf50-50ml\/"},"modified":"2025-05-06T12:42:19","modified_gmt":"2025-05-06T12:42:19","slug":"collistar-sun-face-cream-anti-age-spf50-50ml","status":"publish","type":"product","link":"https:\/\/www.freeshopfrontiera.ch\/de\/shop\/collistar-sun-face-cream-anti-age-spf50-50ml\/","title":{"rendered":"COLLISTAR Sun Face Cream Anti-Age SPF50+ 50ml"},"content":{"rendered":"<p class=\"\" data-start=\"3569\" data-end=\"3958\">Die <strong data-start=\"3573\" data-end=\"3637\">Collistar Active Protection Sonnencreme f\u00fcrs Gesicht SPF 50+<\/strong> ist die perfekte Wahl f\u00fcr alle, die eine <strong data-start=\"3679\" data-end=\"3712\">sehr hohe Sonnenschutzwirkung<\/strong> mit gezielter <strong data-start=\"3727\" data-end=\"3749\">Anti-Aging-Wirkung<\/strong> kombinieren m\u00f6chten. Speziell f\u00fcr die empfindliche Gesichtshaut entwickelt, sch\u00fctzt sie effektiv vor <strong data-start=\"3851\" data-end=\"3908\">UVA-\/UVB-Strahlen, Infrarotstrahlung und blauem Licht<\/strong> \u2013 den Hauptverursachern vorzeitiger Hautalterung.<\/p>\n<p class=\"\" data-start=\"3960\" data-end=\"4296\">Die <strong data-start=\"3964\" data-end=\"3991\">hochvertr\u00e4gliche Formel<\/strong> mit aktivem Anti-Aging-Komplex hilft, Falten, Pigmentflecken und Festigkeitsverlust vorzubeugen. Die Haut wirkt sichtbar glatter, elastischer und strahlender. Die <strong data-start=\"4155\" data-end=\"4182\">leichte, cremige Textur<\/strong> zieht schnell ein, ohne wei\u00dfe R\u00fcckst\u00e4nde oder fettiges Gef\u00fchl zu hinterlassen \u2013 ideal auch als Make-up-Unterlage.<\/p>\n<p class=\"\" data-start=\"4298\" data-end=\"4593\">Besonders geeignet f\u00fcr <strong data-start=\"4321\" data-end=\"4349\">helle, empfindliche Haut<\/strong> und bei l\u00e4ngerer Sonneneinstrahlung. Die Creme ist <strong data-start=\"4401\" data-end=\"4415\">wasserfest<\/strong>, bietet langanhaltende Feuchtigkeit und zuverl\u00e4ssigen Schutz \u2013 auch bei Hitze und Schwitzen. Ideal f\u00fcr den <strong data-start=\"4523\" data-end=\"4545\">t\u00e4glichen Gebrauch<\/strong>, ob in der Stadt, am Strand oder in den Bergen.<\/p>\n<p class=\"\" data-start=\"4595\" data-end=\"4731\"><strong data-start=\"4595\" data-end=\"4622\">Dermatologisch getestet<\/strong>, <strong data-start=\"4624\" data-end=\"4643\">nicht komedogen<\/strong> und <strong data-start=\"4648\" data-end=\"4663\">parabenfrei<\/strong> \u2013 ein Muss f\u00fcr jugendlich aussehende Haut mit maximaler Sicherheit.<\/p>\n<p class=\"\" data-start=\"4733\" data-end=\"4762\"><strong data-start=\"4733\" data-end=\"4762\">Vorteile auf einen Blick:<\/strong><\/p>\n<ul data-start=\"4763\" data-end=\"5067\">\n<li class=\"\" data-start=\"4763\" data-end=\"4830\">\n<p class=\"\" data-start=\"4765\" data-end=\"4830\">Sehr hoher Lichtschutzfaktor SPF 50+ (UVA, UVB, IR, blaues Licht)<\/p>\n<\/li>\n<li class=\"\" data-start=\"4831\" data-end=\"4888\">\n<p class=\"\" data-start=\"4833\" data-end=\"4888\">Anti-Aging-Wirkung: beugt Falten und Pigmentflecken vor<\/p>\n<\/li>\n<li class=\"\" data-start=\"4889\" data-end=\"4951\">\n<p class=\"\" data-start=\"4891\" data-end=\"4951\">Leichte, feuchtigkeitsspendende Textur ohne wei\u00dfe R\u00fcckst\u00e4nde<\/p>\n<\/li>\n<li class=\"\" data-start=\"4952\" data-end=\"4989\">\n<p class=\"\" data-start=\"4954\" data-end=\"4989\">Auch f\u00fcr empfindliche Haut geeignet<\/p>\n<\/li>\n<li class=\"\" data-start=\"4990\" data-end=\"5027\">\n<p class=\"\" data-start=\"4992\" data-end=\"5027\">Wasserfest und ideal f\u00fcr den Alltag<\/p>\n<\/li>\n<li class=\"\" data-start=\"5028\" data-end=\"5067\">\n<p class=\"\" data-start=\"5030\" data-end=\"5067\">Parabenfrei &amp; dermatologisch getestet<\/p>\n<\/li>\n<\/ul>\n<p class=\"\" data-start=\"5069\" data-end=\"5155\">Mit <strong data-start=\"5073\" data-end=\"5086\">Collistar<\/strong> sch\u00fctzen Sie Ihre Haut jeden Tag \u2013 wissenschaftlich, wirksam, sch\u00f6n.<\/p>\n<p data-start=\"1842\" data-end=\"1946\">Follow us! <a href=\"https:\/\/www.instagram.com\/freeshopswiss\/\" target=\"_blank\" rel=\"noopener\">@freeshopswiss<\/a><\/p>\n","protected":false},"excerpt":{"rendered":"<p>Die Collistar Active Protection Sonnencreme f\u00fcrs Gesicht SPF 50+ ist die perfekte Wahl f\u00fcr alle, die eine sehr hohe Sonnenschutzwirkung mit gezielter Anti-Aging-Wirkung kombinieren m\u00f6chten. Speziell f\u00fcr die empfindliche Gesichtshaut entwickelt, sch\u00fctzt sie effektiv vor UVA-\/UVB-Strahlen, Infrarotstrahlung und blauem Licht \u2013 den Hauptverursachern vorzeitiger Hautalterung. Die hochvertr\u00e4gliche Formel mit aktivem Anti-Aging-Komplex hilft, Falten, Pigmentflecken und [&hellip;]<\/p>\n","protected":false},"featured_media":29837,"comment_status":"open","ping_status":"closed","template":"","meta":[],"pwb-brand":[437],"product_brand":[],"product_cat":[292,86,111,425],"product_tag":[419,554,492],"class_list":{"0":"post-29845","1":"product","2":"type-product","3":"status-publish","4":"has-post-thumbnail","6":"pwb-brand-collistar","7":"product_cat-behandlungen","8":"product_cat-fur-ihn-de","9":"product_cat-fur-sie-de","10":"product_cat-solari-de","11":"product_tag-behandlungen-de","12":"product_tag-sonnenschutzcreme","13":"product_tag-sonnenschutzmittel","15":"first","16":"instock","17":"sale","18":"taxable","19":"shipping-taxable","20":"purchasable","21":"product-type-simple"},"brands":[{"id":437,"name":"Collistar","slug":"collistar"}],"_links":{"self":[{"href":"https:\/\/www.freeshopfrontiera.ch\/de\/wp-json\/wp\/v2\/product\/29845","targetHints":{"allow":["GET"]}}],"collection":[{"href":"https:\/\/www.freeshopfrontiera.ch\/de\/wp-json\/wp\/v2\/product"}],"about":[{"href":"https:\/\/www.freeshopfrontiera.ch\/de\/wp-json\/wp\/v2\/types\/product"}],"replies":[{"embeddable":true,"href":"https:\/\/www.freeshopfrontiera.ch\/de\/wp-json\/wp\/v2\/comments?post=29845"}],"version-history":[{"count":1,"href":"https:\/\/www.freeshopfrontiera.ch\/de\/wp-json\/wp\/v2\/product\/29845\/revisions"}],"predecessor-version":[{"id":29850,"href":"https:\/\/www.freeshopfrontiera.ch\/de\/wp-json\/wp\/v2\/product\/29845\/revisions\/29850"}],"wp:featuredmedia":[{"embeddable":true,"href":"https:\/\/www.freeshopfrontiera.ch\/de\/wp-json\/wp\/v2\/media\/29837"}],"wp:attachment":[{"href":"https:\/\/www.freeshopfrontiera.ch\/de\/wp-json\/wp\/v2\/media?parent=29845"}],"wp:term":[{"taxonomy":"pwb-brand","embeddable":true,"href":"https:\/\/www.freeshopfrontiera.ch\/de\/wp-json\/wp\/v2\/pwb-brand?post=29845"},{"taxonomy":"product_brand","embeddable":true,"href":"https:\/\/www.freeshopfrontiera.ch\/de\/wp-json\/wp\/v2\/product_brand?post=29845"},{"taxonomy":"product_cat","embeddable":true,"href":"https:\/\/www.freeshopfrontiera.ch\/de\/wp-json\/wp\/v2\/product_cat?post=29845"},{"taxonomy":"product_tag","embeddable":true,"href":"https:\/\/www.freeshopfrontiera.ch\/de\/wp-json\/wp\/v2\/product_tag?post=29845"}],"curies":[{"name":"wp","href":"https:\/\/api.w.org\/{rel}","templated":true}]}}