{"id":29895,"date":"2025-05-07T07:31:10","date_gmt":"2025-05-07T07:31:10","guid":{"rendered":"https:\/\/www.freeshopfrontiera.ch\/shop\/les-poulettes-patchs-yeux-5g\/"},"modified":"2025-05-07T08:13:26","modified_gmt":"2025-05-07T08:13:26","slug":"les-poulettes-patchs-yeux-5g","status":"publish","type":"product","link":"https:\/\/www.freeshopfrontiera.ch\/de\/shop\/les-poulettes-patchs-yeux-5g\/","title":{"rendered":"LES POULETTES Patchs Yeux 5g"},"content":{"rendered":"<p class=\"\" data-start=\"1558\" data-end=\"1819\">G\u00f6nnen Sie Ihrer Augenpartie einen Frische- und Feuchtigkeitskick mit den <strong data-start=\"1632\" data-end=\"1665\">LES POULETTES Augenpatches 5g<\/strong>. Speziell entwickelt, um Anzeichen von M\u00fcdigkeit, Schwellungen und feinen Linien zu mildern \u2013 f\u00fcr einen strahlenden, wachen Blick in nur wenigen Minuten.<\/p>\n<p class=\"\" data-start=\"1821\" data-end=\"2093\">Die nat\u00fcrliche Formel mit <strong data-start=\"1847\" data-end=\"1864\">Hyalurons\u00e4ure<\/strong>, <strong data-start=\"1866\" data-end=\"1883\">Bio-Aloe Vera<\/strong> und <strong data-start=\"1888\" data-end=\"1908\">Kornblumenwasser<\/strong> spendet intensive Feuchtigkeit, beruhigt die Haut und wirkt abschwellend. Die weiche Hydrogel-Textur passt sich perfekt der Augenpartie an und erm\u00f6glicht eine optimale Wirkstoffabgabe.<\/p>\n<p class=\"\" data-start=\"2095\" data-end=\"2336\">In nur 15 Minuten wirkt der Blick frischer, die Haut glatter und gestraffter \u2013 mit einem sofortigen Lifting- und Aufpolsterungseffekt. Ideal vor einem Event, nach einer kurzen Nacht oder immer dann, wenn Ihre Haut einen Energie-Kick braucht.<\/p>\n<p class=\"\" data-start=\"2338\" data-end=\"2474\">Das handliche <strong data-start=\"2352\" data-end=\"2365\">5g-Format<\/strong> ist perfekt f\u00fcr unterwegs \u2013 ob auf Reisen, im B\u00fcro oder in der Handtasche f\u00fcr einen schnellen Beauty-Moment.<\/p>\n<p class=\"\" data-start=\"2476\" data-end=\"2601\">Die <strong data-start=\"2480\" data-end=\"2510\">LES POULETTES Augenpatches<\/strong> sind <strong data-start=\"2516\" data-end=\"2562\">bio-zertifiziert, vegan und Made in France<\/strong> \u2013 sanft zur Haut und umweltfreundlich.<\/p>\n<h4 class=\"\" data-start=\"2603\" data-end=\"2636\">Warum Sie sie lieben werden:<\/h4>\n<ul data-start=\"2637\" data-end=\"2779\">\n<li class=\"\" data-start=\"2637\" data-end=\"2677\">\n<p class=\"\" data-start=\"2639\" data-end=\"2677\">Sofortiger Frische- und Leuchteffekt<\/p>\n<\/li>\n<li class=\"\" data-start=\"2678\" data-end=\"2718\">\n<p class=\"\" data-start=\"2680\" data-end=\"2718\">Nat\u00fcrliche, zertifizierte Bio-Formel<\/p>\n<\/li>\n<li class=\"\" data-start=\"2719\" data-end=\"2749\">\n<p class=\"\" data-start=\"2721\" data-end=\"2749\">K\u00fchlende, angenehme Textur<\/p>\n<\/li>\n<li class=\"\" data-start=\"2750\" data-end=\"2779\">\n<p class=\"\" data-start=\"2752\" data-end=\"2779\">F\u00fcr alle Hauttypen geeignet<\/p>\n<\/li>\n<\/ul>\n<p class=\"\" data-start=\"2781\" data-end=\"2902\">Verleihen Sie Ihrem Blick neue Strahlkraft \u2013 mit den LES POULETTES Augenpatches, Ihrem nat\u00fcrlichen Anti-M\u00fcdigkeitshelfer.<\/p>\n<p data-start=\"1515\" data-end=\"1632\">Follow us!\u00a0<a href=\"https:\/\/www.instagram.com\/freeshopswiss\/\" target=\"_blank\" rel=\"noopener\">@freeshopswiss<\/a><\/p>\n","protected":false},"excerpt":{"rendered":"<p>G\u00f6nnen Sie Ihrer Augenpartie einen Frische- und Feuchtigkeitskick mit den LES POULETTES Augenpatches 5g. Speziell entwickelt, um Anzeichen von M\u00fcdigkeit, Schwellungen und feinen Linien zu mildern \u2013 f\u00fcr einen strahlenden, wachen Blick in nur wenigen Minuten. Die nat\u00fcrliche Formel mit Hyalurons\u00e4ure, Bio-Aloe Vera und Kornblumenwasser spendet intensive Feuchtigkeit, beruhigt die Haut und wirkt abschwellend. Die [&hellip;]<\/p>\n","protected":false},"featured_media":29890,"comment_status":"open","ping_status":"closed","template":"","meta":[],"pwb-brand":[986],"product_brand":[],"product_cat":[292,111,549],"product_tag":[478,419,293],"class_list":{"0":"post-29895","1":"product","2":"type-product","3":"status-publish","4":"has-post-thumbnail","6":"pwb-brand-les-poulettes","7":"product_cat-behandlungen","8":"product_cat-fur-sie-de","9":"product_cat-augenpflegebehandlung","10":"product_tag-augenbehandlungen","11":"product_tag-behandlungen-de","12":"product_tag-frau","14":"first","15":"outofstock","16":"taxable","17":"shipping-taxable","18":"purchasable","19":"product-type-simple"},"brands":[{"id":986,"name":"Les Poulettes","slug":"les-poulettes"}],"_links":{"self":[{"href":"https:\/\/www.freeshopfrontiera.ch\/de\/wp-json\/wp\/v2\/product\/29895","targetHints":{"allow":["GET"]}}],"collection":[{"href":"https:\/\/www.freeshopfrontiera.ch\/de\/wp-json\/wp\/v2\/product"}],"about":[{"href":"https:\/\/www.freeshopfrontiera.ch\/de\/wp-json\/wp\/v2\/types\/product"}],"replies":[{"embeddable":true,"href":"https:\/\/www.freeshopfrontiera.ch\/de\/wp-json\/wp\/v2\/comments?post=29895"}],"version-history":[{"count":2,"href":"https:\/\/www.freeshopfrontiera.ch\/de\/wp-json\/wp\/v2\/product\/29895\/revisions"}],"predecessor-version":[{"id":29901,"href":"https:\/\/www.freeshopfrontiera.ch\/de\/wp-json\/wp\/v2\/product\/29895\/revisions\/29901"}],"wp:featuredmedia":[{"embeddable":true,"href":"https:\/\/www.freeshopfrontiera.ch\/de\/wp-json\/wp\/v2\/media\/29890"}],"wp:attachment":[{"href":"https:\/\/www.freeshopfrontiera.ch\/de\/wp-json\/wp\/v2\/media?parent=29895"}],"wp:term":[{"taxonomy":"pwb-brand","embeddable":true,"href":"https:\/\/www.freeshopfrontiera.ch\/de\/wp-json\/wp\/v2\/pwb-brand?post=29895"},{"taxonomy":"product_brand","embeddable":true,"href":"https:\/\/www.freeshopfrontiera.ch\/de\/wp-json\/wp\/v2\/product_brand?post=29895"},{"taxonomy":"product_cat","embeddable":true,"href":"https:\/\/www.freeshopfrontiera.ch\/de\/wp-json\/wp\/v2\/product_cat?post=29895"},{"taxonomy":"product_tag","embeddable":true,"href":"https:\/\/www.freeshopfrontiera.ch\/de\/wp-json\/wp\/v2\/product_tag?post=29895"}],"curies":[{"name":"wp","href":"https:\/\/api.w.org\/{rel}","templated":true}]}}