{"id":29937,"date":"2025-05-07T09:15:09","date_gmt":"2025-05-07T09:15:09","guid":{"rendered":"https:\/\/www.freeshopfrontiera.ch\/shop\/dirty-works-hand-it-over-coconut-hand-cream-100ml\/"},"modified":"2025-05-07T09:22:42","modified_gmt":"2025-05-07T09:22:42","slug":"dirty-works-hand-it-over-coconut-hand-cream-100ml","status":"publish","type":"product","link":"https:\/\/www.freeshopfrontiera.ch\/de\/shop\/dirty-works-hand-it-over-coconut-hand-cream-100ml\/","title":{"rendered":"DIRTY WORKS Hand It Over Coconut Hand Cream 100ml"},"content":{"rendered":"<p class=\"\" data-start=\"214\" data-end=\"596\">G\u00f6nn deinen H\u00e4nden eine tropische Auszeit mit der <strong data-start=\"264\" data-end=\"314\">Hand It Over Coconut Handcreme von DIRTY WORKS<\/strong>. Diese reichhaltige, zart schmelzende Handpflege verw\u00f6hnt trockene und beanspruchte H\u00e4nde mit intensiver Feuchtigkeit und einem unverwechselbar exotischen Kokosnussduft. Ideal f\u00fcr den t\u00e4glichen Gebrauch, insbesondere w\u00e4hrend der kalten Jahreszeiten oder nach h\u00e4ufigem H\u00e4ndewaschen.<\/p>\n<p class=\"\" data-start=\"598\" data-end=\"1108\">Dank der einzigartigen Formel mit <strong data-start=\"632\" data-end=\"643\">Kokos\u00f6l<\/strong>, <strong data-start=\"645\" data-end=\"659\">Sheabutter<\/strong> und <strong data-start=\"664\" data-end=\"676\">Mandel\u00f6l<\/strong> bietet diese Handcreme eine tiefenwirksame Pflege, die deine Haut weich, geschmeidig und perfekt mit Feuchtigkeit versorgt. Kokos\u00f6l ist bekannt f\u00fcr seine feuchtigkeitsspendenden und regenerierenden Eigenschaften, w\u00e4hrend Sheabutter die Haut intensiv n\u00e4hrt und Mandel\u00f6l die Haut vor dem Austrocknen sch\u00fctzt. Die schnell einziehende, nicht fettende Textur hinterl\u00e4sst ein angenehmes Hautgef\u00fchl und sorgt f\u00fcr eine sanfte, weiche Haut.<\/p>\n<p class=\"\" data-start=\"1110\" data-end=\"1378\">Der <strong data-start=\"1114\" data-end=\"1128\">100ml-Tube<\/strong> ist die perfekte Gr\u00f6\u00dfe f\u00fcr die Handtasche, den Schreibtisch oder das Badezimmer \u2013 so hast du immer eine Portion tropisches Feeling zur Hand, wann immer du es brauchst. Perfekt f\u00fcr unterwegs, im B\u00fcro oder als kleine Auszeit nach einem stressigen Tag.<\/p>\n<p class=\"\" data-start=\"1380\" data-end=\"1541\">Ideal auch als Geschenk \u2013 das farbenfrohe und verspielte Design macht die Handcreme zu einem echten Hingucker und sorgt garantiert f\u00fcr Freude bei der Beschenken.<\/p>\n<h4 class=\"\" data-start=\"1543\" data-end=\"1574\">Warum du sie lieben wirst:<\/h4>\n<ul data-start=\"1575\" data-end=\"1869\">\n<li class=\"\" data-start=\"1575\" data-end=\"1635\">\n<p class=\"\" data-start=\"1577\" data-end=\"1635\"><strong data-start=\"1577\" data-end=\"1597\">Intensive Pflege<\/strong> f\u00fcr trockene und strapazierte H\u00e4nde<\/p>\n<\/li>\n<li class=\"\" data-start=\"1636\" data-end=\"1703\">\n<p class=\"\" data-start=\"1638\" data-end=\"1703\"><strong data-start=\"1638\" data-end=\"1666\">Tropischer Kokosnussduft<\/strong> f\u00fcr ein exotisches Verw\u00f6hnerlebnis<\/p>\n<\/li>\n<li class=\"\" data-start=\"1704\" data-end=\"1746\">\n<p class=\"\" data-start=\"1706\" data-end=\"1746\"><strong data-start=\"1706\" data-end=\"1728\">Schnell einziehend<\/strong>, ohne zu fetten<\/p>\n<\/li>\n<li class=\"\" data-start=\"1747\" data-end=\"1810\">\n<p class=\"\" data-start=\"1749\" data-end=\"1810\"><strong data-start=\"1749\" data-end=\"1787\">Mit Kokos\u00f6l, Sheabutter &amp; Mandel\u00f6l<\/strong> f\u00fcr optimalen Schutz<\/p>\n<\/li>\n<li class=\"\" data-start=\"1811\" data-end=\"1869\">\n<p class=\"\" data-start=\"1813\" data-end=\"1869\"><strong data-start=\"1813\" data-end=\"1833\">Praktische Gr\u00f6\u00dfe<\/strong> f\u00fcr unterwegs oder als Geschenkidee<\/p>\n<\/li>\n<\/ul>\n<p class=\"\" data-start=\"1871\" data-end=\"2065\">Mit der <strong data-start=\"1879\" data-end=\"1917\">DIRTY WORKS Hand It Over Handcreme<\/strong> wird jede Anwendung zu einer kleinen, exotischen Auszeit, die deine H\u00e4nde perfekt pflegt und ein St\u00fcck tropisches Paradies in deinen Alltag bringt.<\/p>\n<p data-start=\"1577\" data-end=\"1715\">Follow us!\u00a0<a href=\"https:\/\/www.instagram.com\/freeshopswiss\/\" target=\"_blank\" rel=\"noopener\">@freeshopswiss<\/a><\/p>\n","protected":false},"excerpt":{"rendered":"<p>G\u00f6nn deinen H\u00e4nden eine tropische Auszeit mit der Hand It Over Coconut Handcreme von DIRTY WORKS. Diese reichhaltige, zart schmelzende Handpflege verw\u00f6hnt trockene und beanspruchte H\u00e4nde mit intensiver Feuchtigkeit und einem unverwechselbar exotischen Kokosnussduft. Ideal f\u00fcr den t\u00e4glichen Gebrauch, insbesondere w\u00e4hrend der kalten Jahreszeiten oder nach h\u00e4ufigem H\u00e4ndewaschen. Dank der einzigartigen Formel mit Kokos\u00f6l, Sheabutter [&hellip;]<\/p>\n","protected":false},"featured_media":29933,"comment_status":"open","ping_status":"closed","template":"","meta":[],"pwb-brand":[998],"product_brand":[],"product_cat":[292,111],"product_tag":[419,293],"class_list":{"0":"post-29937","1":"product","2":"type-product","3":"status-publish","4":"has-post-thumbnail","6":"pwb-brand-dirty-works","7":"product_cat-behandlungen","8":"product_cat-fur-sie-de","9":"product_tag-behandlungen-de","10":"product_tag-frau","12":"first","13":"outofstock","14":"sale","15":"taxable","16":"shipping-taxable","17":"purchasable","18":"product-type-simple"},"brands":[{"id":998,"name":"Dirty Works","slug":"dirty-works"}],"_links":{"self":[{"href":"https:\/\/www.freeshopfrontiera.ch\/de\/wp-json\/wp\/v2\/product\/29937","targetHints":{"allow":["GET"]}}],"collection":[{"href":"https:\/\/www.freeshopfrontiera.ch\/de\/wp-json\/wp\/v2\/product"}],"about":[{"href":"https:\/\/www.freeshopfrontiera.ch\/de\/wp-json\/wp\/v2\/types\/product"}],"replies":[{"embeddable":true,"href":"https:\/\/www.freeshopfrontiera.ch\/de\/wp-json\/wp\/v2\/comments?post=29937"}],"version-history":[{"count":2,"href":"https:\/\/www.freeshopfrontiera.ch\/de\/wp-json\/wp\/v2\/product\/29937\/revisions"}],"predecessor-version":[{"id":29942,"href":"https:\/\/www.freeshopfrontiera.ch\/de\/wp-json\/wp\/v2\/product\/29937\/revisions\/29942"}],"wp:featuredmedia":[{"embeddable":true,"href":"https:\/\/www.freeshopfrontiera.ch\/de\/wp-json\/wp\/v2\/media\/29933"}],"wp:attachment":[{"href":"https:\/\/www.freeshopfrontiera.ch\/de\/wp-json\/wp\/v2\/media?parent=29937"}],"wp:term":[{"taxonomy":"pwb-brand","embeddable":true,"href":"https:\/\/www.freeshopfrontiera.ch\/de\/wp-json\/wp\/v2\/pwb-brand?post=29937"},{"taxonomy":"product_brand","embeddable":true,"href":"https:\/\/www.freeshopfrontiera.ch\/de\/wp-json\/wp\/v2\/product_brand?post=29937"},{"taxonomy":"product_cat","embeddable":true,"href":"https:\/\/www.freeshopfrontiera.ch\/de\/wp-json\/wp\/v2\/product_cat?post=29937"},{"taxonomy":"product_tag","embeddable":true,"href":"https:\/\/www.freeshopfrontiera.ch\/de\/wp-json\/wp\/v2\/product_tag?post=29937"}],"curies":[{"name":"wp","href":"https:\/\/api.w.org\/{rel}","templated":true}]}}