{"id":30047,"date":"2025-05-09T10:32:36","date_gmt":"2025-05-09T10:32:36","guid":{"rendered":"https:\/\/www.freeshopfrontiera.ch\/shop\/growth-bomb-supercharge-conditioner-250ml\/"},"modified":"2025-05-09T11:10:31","modified_gmt":"2025-05-09T11:10:31","slug":"growth-bomb-supercharge-conditioner-250ml","status":"publish","type":"product","link":"https:\/\/www.freeshopfrontiera.ch\/de\/shop\/growth-bomb-supercharge-conditioner-250ml\/","title":{"rendered":"GROWTH BOMB Supercharge Conditioner 250ml"},"content":{"rendered":"<h3 class=\"\" data-start=\"139\" data-end=\"205\">Growth Bomb Supercharge Conditioner Silky, Soft &amp; Strong 250ml<\/h3>\n<p class=\"\" data-start=\"3248\" data-end=\"3399\"><strong data-start=\"3248\" data-end=\"3399\">F\u00fcr seidig weiches, kr\u00e4ftiges Haar \u2013 der Growth Bomb Supercharge Conditioner pflegt intensiv und st\u00e4rkt das Haar von der Wurzel bis in die Spitzen.<\/strong><\/p>\n<p class=\"\" data-start=\"3401\" data-end=\"3659\">Diese pflegende Formel kombiniert nat\u00fcrliche Wirkstoffe wie <strong data-start=\"3461\" data-end=\"3475\">Yerba Mat\u00e9<\/strong>, eine koffeinreiche Pflanze, die die Kopfhaut stimuliert und gesundes Haarwachstum unterst\u00fctzt. <strong data-start=\"3572\" data-end=\"3599\">Niacinamid (Vitamin B3)<\/strong> st\u00e4rkt die Haarstruktur und hilft, Haarbruch zu reduzieren.<\/p>\n<p class=\"\" data-start=\"3661\" data-end=\"3889\">Der Conditioner enth\u00e4lt zudem <strong data-start=\"3691\" data-end=\"3719\">S\u00e4gepalme (Saw Palmetto)<\/strong> zur F\u00f6rderung der Haardichte sowie <strong data-start=\"3755\" data-end=\"3776\">Native Snowflower<\/strong>, eine australische Pflanze, die intensiv Feuchtigkeit spendet, beruhigt und dem Haar nat\u00fcrlichen Glanz verleiht.<\/p>\n<p class=\"\" data-start=\"3891\" data-end=\"4125\">Die cremige Textur dringt tief in die Haarfaser ein und macht das Haar geschmeidig, leicht k\u00e4mmbar und frei von Knoten \u2013 ganz ohne zu beschweren. Ideal f\u00fcr alle Haartypen, auch f\u00fcr feines, trockenes, coloriertes oder behandeltes Haar.<\/p>\n<p class=\"\" data-start=\"4127\" data-end=\"4353\"><strong data-start=\"4127\" data-end=\"4141\">Anwendung:<\/strong> Nach dem Shampoonieren auf L\u00e4ngen und Spitzen auftragen. 2\u20133 Minuten einwirken lassen, anschlie\u00dfend gr\u00fcndlich aussp\u00fclen. F\u00fcr beste Ergebnisse in Kombination mit dem <strong data-start=\"4307\" data-end=\"4342\">Growth Bomb Supercharge Shampoo<\/strong> verwenden.<\/p>\n<p class=\"\" data-start=\"4355\" data-end=\"4373\"><strong data-start=\"4355\" data-end=\"4373\">Hauptvorteile:<\/strong><\/p>\n<ul data-start=\"4375\" data-end=\"4544\">\n<li class=\"\" data-start=\"4375\" data-end=\"4420\">\n<p class=\"\" data-start=\"4377\" data-end=\"4420\">Macht das Haar weich, seidig und gl\u00e4nzend<\/p>\n<\/li>\n<li class=\"\" data-start=\"4421\" data-end=\"4466\">\n<p class=\"\" data-start=\"4423\" data-end=\"4466\">St\u00e4rkt sichtbar und sch\u00fctzt vor Haarbruch<\/p>\n<\/li>\n<li class=\"\" data-start=\"4467\" data-end=\"4500\">\n<p class=\"\" data-start=\"4469\" data-end=\"4500\">F\u00f6rdert eine gesunde Kopfhaut<\/p>\n<\/li>\n<li class=\"\" data-start=\"4501\" data-end=\"4544\">\n<p class=\"\" data-start=\"4503\" data-end=\"4544\">Spendet Feuchtigkeit ohne zu beschweren<\/p>\n<\/li>\n<\/ul>\n<p class=\"\" data-start=\"4546\" data-end=\"4661\"><strong data-start=\"4546\" data-end=\"4661\">Pflegen Sie intensiv, st\u00e4rken Sie sichtbar, und bringen Sie die nat\u00fcrliche Sch\u00f6nheit Ihres Haars zum Vorschein. <\/strong>F\u00fcr seidig weiches, kr\u00e4ftiges Haar \u2013 der Growth Bomb Supercharge Conditioner pflegt intensiv und st\u00e4rkt das Haar von der Wurzel bis in die Spitzen.<\/p>\n<p data-start=\"1691\" data-end=\"1787\">Follow us! <a href=\"https:\/\/www.instagram.com\/freeshopswiss\/\" target=\"_blank\" rel=\"noopener\">@freeshopswiss\u00a0<\/a><\/p>\n","protected":false},"excerpt":{"rendered":"<p>Growth Bomb Supercharge Conditioner Silky, Soft &amp; Strong 250ml F\u00fcr seidig weiches, kr\u00e4ftiges Haar \u2013 der Growth Bomb Supercharge Conditioner pflegt intensiv und st\u00e4rkt das Haar von der Wurzel bis in die Spitzen. Diese pflegende Formel kombiniert nat\u00fcrliche Wirkstoffe wie Yerba Mat\u00e9, eine koffeinreiche Pflanze, die die Kopfhaut stimuliert und gesundes Haarwachstum unterst\u00fctzt. Niacinamid (Vitamin [&hellip;]<\/p>\n","protected":false},"featured_media":30039,"comment_status":"open","ping_status":"closed","template":"","meta":[],"pwb-brand":[999],"product_brand":[],"product_cat":[292,111,543],"product_tag":[419,293,420],"class_list":{"0":"post-30047","1":"product","2":"type-product","3":"status-publish","4":"has-post-thumbnail","6":"pwb-brand-growth-bomb","7":"product_cat-behandlungen","8":"product_cat-fur-sie-de","9":"product_cat-haarbehandlung","10":"product_tag-behandlungen-de","11":"product_tag-frau","12":"product_tag-haarbehandlung-de","14":"first","15":"outofstock","16":"taxable","17":"shipping-taxable","18":"purchasable","19":"product-type-simple"},"brands":[{"id":999,"name":"Growth Bomb","slug":"growth-bomb"}],"_links":{"self":[{"href":"https:\/\/www.freeshopfrontiera.ch\/de\/wp-json\/wp\/v2\/product\/30047","targetHints":{"allow":["GET"]}}],"collection":[{"href":"https:\/\/www.freeshopfrontiera.ch\/de\/wp-json\/wp\/v2\/product"}],"about":[{"href":"https:\/\/www.freeshopfrontiera.ch\/de\/wp-json\/wp\/v2\/types\/product"}],"replies":[{"embeddable":true,"href":"https:\/\/www.freeshopfrontiera.ch\/de\/wp-json\/wp\/v2\/comments?post=30047"}],"version-history":[{"count":2,"href":"https:\/\/www.freeshopfrontiera.ch\/de\/wp-json\/wp\/v2\/product\/30047\/revisions"}],"predecessor-version":[{"id":30052,"href":"https:\/\/www.freeshopfrontiera.ch\/de\/wp-json\/wp\/v2\/product\/30047\/revisions\/30052"}],"wp:featuredmedia":[{"embeddable":true,"href":"https:\/\/www.freeshopfrontiera.ch\/de\/wp-json\/wp\/v2\/media\/30039"}],"wp:attachment":[{"href":"https:\/\/www.freeshopfrontiera.ch\/de\/wp-json\/wp\/v2\/media?parent=30047"}],"wp:term":[{"taxonomy":"pwb-brand","embeddable":true,"href":"https:\/\/www.freeshopfrontiera.ch\/de\/wp-json\/wp\/v2\/pwb-brand?post=30047"},{"taxonomy":"product_brand","embeddable":true,"href":"https:\/\/www.freeshopfrontiera.ch\/de\/wp-json\/wp\/v2\/product_brand?post=30047"},{"taxonomy":"product_cat","embeddable":true,"href":"https:\/\/www.freeshopfrontiera.ch\/de\/wp-json\/wp\/v2\/product_cat?post=30047"},{"taxonomy":"product_tag","embeddable":true,"href":"https:\/\/www.freeshopfrontiera.ch\/de\/wp-json\/wp\/v2\/product_tag?post=30047"}],"curies":[{"name":"wp","href":"https:\/\/api.w.org\/{rel}","templated":true}]}}