{"id":30066,"date":"2025-05-09T10:56:17","date_gmt":"2025-05-09T10:56:17","guid":{"rendered":"https:\/\/www.freeshopfrontiera.ch\/shop\/growth-bomb-strengthening-hair-mask-175ml\/"},"modified":"2025-05-09T11:08:10","modified_gmt":"2025-05-09T11:08:10","slug":"growth-bomb-strengthening-hair-mask-175ml","status":"publish","type":"product","link":"https:\/\/www.freeshopfrontiera.ch\/de\/shop\/growth-bomb-strengthening-hair-mask-175ml\/","title":{"rendered":"GROWTH BOMB Strengthening Hair Mask 175ml"},"content":{"rendered":"<p data-start=\"231\" data-end=\"379\"><strong>GROWTH BOMB Strengthening Hair Mask 175ml<\/strong><\/p>\n<p class=\"\" data-start=\"3610\" data-end=\"3821\"><strong data-start=\"3610\" data-end=\"3821\">Reparieren, revitalisieren und sch\u00fctzen Sie Ihr Haar mit der Growth Bomb Strengthening Haarmaske, die speziell entwickelt wurde, um besch\u00e4digtes, trockenes oder geschw\u00e4chtes Haar zu n\u00e4hren und zu reparieren.<\/strong><\/p>\n<p class=\"\" data-start=\"3823\" data-end=\"4100\">Anreicherte mit einer Mischung aus <strong data-start=\"3858\" data-end=\"3888\">nat\u00fcrlichen Inhaltsstoffen<\/strong> und <strong data-start=\"3893\" data-end=\"3919\">wirksamen Aktivstoffen<\/strong>, hilft diese Maske, das Haar zu regenerieren und zu st\u00e4rken. <strong data-start=\"3981\" data-end=\"4004\">Pflanzliche Keratin<\/strong> dringt tief in die Haarstruktur ein und macht das Haar sichtbar st\u00e4rker und widerstandsf\u00e4higer.<\/p>\n<p class=\"\" data-start=\"4102\" data-end=\"4357\"><strong data-start=\"4102\" data-end=\"4113\">Argan\u00f6l<\/strong> und <strong data-start=\"4118\" data-end=\"4133\">Macadamia\u00f6l<\/strong>, reich an Antioxidantien und essentiellen Fetts\u00e4uren, spenden intensive Feuchtigkeit und n\u00e4hren das Haar, w\u00e4hrend <strong data-start=\"4248\" data-end=\"4273\">Ginsengwurzel-Extrakt<\/strong> die Mikrozirkulation der Kopfhaut anregt und ges\u00fcnderes, gl\u00e4nzenderes Haar f\u00f6rdert.<\/p>\n<p class=\"\" data-start=\"4359\" data-end=\"4548\">Die Formel enth\u00e4lt au\u00dferdem <strong data-start=\"4387\" data-end=\"4405\">Seidenproteine<\/strong>, die Glanz verleihen, und <strong data-start=\"4432\" data-end=\"4445\">Vitamin E<\/strong>, das hilft, das Haar vor Umweltsch\u00e4den zu sch\u00fctzen, sodass es weich, seidig und leicht k\u00e4mmbar bleibt.<\/p>\n<p class=\"\" data-start=\"4550\" data-end=\"4791\"><strong data-start=\"4550\" data-end=\"4564\">Anwendung:<\/strong> Nach dem Shampoonieren eine ausreichende Menge der Maske auf die L\u00e4ngen und Spitzen auftragen, sanft einmassieren und 5\u201310 Minuten einwirken lassen. Gr\u00fcndlich aussp\u00fclen. Einmal pro Woche oder h\u00e4ufiger je nach Bedarf verwenden.<\/p>\n<p class=\"\" data-start=\"4793\" data-end=\"4811\"><strong data-start=\"4793\" data-end=\"4811\">Hauptvorteile:<\/strong><\/p>\n<ul data-start=\"4813\" data-end=\"5105\">\n<li class=\"\" data-start=\"4813\" data-end=\"4899\">\n<p class=\"\" data-start=\"4815\" data-end=\"4899\"><strong data-start=\"4815\" data-end=\"4840\">Repariert und st\u00e4rkt:<\/strong> n\u00e4hrt und stellt die Haarstruktur tiefgehend wieder her.<\/p>\n<\/li>\n<li class=\"\" data-start=\"4900\" data-end=\"4964\">\n<p class=\"\" data-start=\"4902\" data-end=\"4964\"><strong data-start=\"4902\" data-end=\"4914\">Sch\u00fctzt:<\/strong> sch\u00fctzt vor Umweltsch\u00e4den und t\u00e4glichem Stress.<\/p>\n<\/li>\n<li class=\"\" data-start=\"4965\" data-end=\"5025\">\n<p class=\"\" data-start=\"4967\" data-end=\"5025\"><strong data-start=\"4967\" data-end=\"4994\">Intensive Feuchtigkeit:<\/strong> dank Argan- und Macadamia\u00f6l.<\/p>\n<\/li>\n<li class=\"\" data-start=\"5026\" data-end=\"5105\">\n<p class=\"\" data-start=\"5028\" data-end=\"5105\"><strong data-start=\"5028\" data-end=\"5062\">Ges\u00fcnderes, gl\u00e4nzenderes Haar:<\/strong> f\u00fcr sichtbar st\u00e4rkere und gl\u00e4nzende Haare.<\/p>\n<\/li>\n<\/ul>\n<p class=\"\" data-start=\"5107\" data-end=\"5235\"><strong data-start=\"5107\" data-end=\"5235\">Verleihen Sie Ihrem Haar mit der Strengthening Hair Mask Strengthening Haarmaske neue Vitalit\u00e4t \u2013 Schutz und St\u00e4rke in einer Behandlung.<\/strong><\/p>\n<p data-start=\"1798\" data-end=\"1912\">Follow us! <a href=\"https:\/\/www.instagram.com\/freeshopswiss\/\" target=\"_blank\" rel=\"noopener\">@freeshopswiss\u00a0<\/a><\/p>\n","protected":false},"excerpt":{"rendered":"<p>GROWTH BOMB Strengthening Hair Mask 175ml Reparieren, revitalisieren und sch\u00fctzen Sie Ihr Haar mit der Growth Bomb Strengthening Haarmaske, die speziell entwickelt wurde, um besch\u00e4digtes, trockenes oder geschw\u00e4chtes Haar zu n\u00e4hren und zu reparieren. Anreicherte mit einer Mischung aus nat\u00fcrlichen Inhaltsstoffen und wirksamen Aktivstoffen, hilft diese Maske, das Haar zu regenerieren und zu st\u00e4rken. Pflanzliche [&hellip;]<\/p>\n","protected":false},"featured_media":30058,"comment_status":"open","ping_status":"closed","template":"","meta":[],"pwb-brand":[999],"product_brand":[],"product_cat":[292,111,543],"product_tag":[419,293,420],"class_list":{"0":"post-30066","1":"product","2":"type-product","3":"status-publish","4":"has-post-thumbnail","6":"pwb-brand-growth-bomb","7":"product_cat-behandlungen","8":"product_cat-fur-sie-de","9":"product_cat-haarbehandlung","10":"product_tag-behandlungen-de","11":"product_tag-frau","12":"product_tag-haarbehandlung-de","14":"first","15":"outofstock","16":"taxable","17":"shipping-taxable","18":"purchasable","19":"product-type-simple"},"brands":[{"id":999,"name":"Growth Bomb","slug":"growth-bomb"}],"_links":{"self":[{"href":"https:\/\/www.freeshopfrontiera.ch\/de\/wp-json\/wp\/v2\/product\/30066","targetHints":{"allow":["GET"]}}],"collection":[{"href":"https:\/\/www.freeshopfrontiera.ch\/de\/wp-json\/wp\/v2\/product"}],"about":[{"href":"https:\/\/www.freeshopfrontiera.ch\/de\/wp-json\/wp\/v2\/types\/product"}],"replies":[{"embeddable":true,"href":"https:\/\/www.freeshopfrontiera.ch\/de\/wp-json\/wp\/v2\/comments?post=30066"}],"version-history":[{"count":2,"href":"https:\/\/www.freeshopfrontiera.ch\/de\/wp-json\/wp\/v2\/product\/30066\/revisions"}],"predecessor-version":[{"id":30070,"href":"https:\/\/www.freeshopfrontiera.ch\/de\/wp-json\/wp\/v2\/product\/30066\/revisions\/30070"}],"wp:featuredmedia":[{"embeddable":true,"href":"https:\/\/www.freeshopfrontiera.ch\/de\/wp-json\/wp\/v2\/media\/30058"}],"wp:attachment":[{"href":"https:\/\/www.freeshopfrontiera.ch\/de\/wp-json\/wp\/v2\/media?parent=30066"}],"wp:term":[{"taxonomy":"pwb-brand","embeddable":true,"href":"https:\/\/www.freeshopfrontiera.ch\/de\/wp-json\/wp\/v2\/pwb-brand?post=30066"},{"taxonomy":"product_brand","embeddable":true,"href":"https:\/\/www.freeshopfrontiera.ch\/de\/wp-json\/wp\/v2\/product_brand?post=30066"},{"taxonomy":"product_cat","embeddable":true,"href":"https:\/\/www.freeshopfrontiera.ch\/de\/wp-json\/wp\/v2\/product_cat?post=30066"},{"taxonomy":"product_tag","embeddable":true,"href":"https:\/\/www.freeshopfrontiera.ch\/de\/wp-json\/wp\/v2\/product_tag?post=30066"}],"curies":[{"name":"wp","href":"https:\/\/api.w.org\/{rel}","templated":true}]}}