{"id":30113,"date":"2025-05-12T14:06:13","date_gmt":"2025-05-12T14:06:13","guid":{"rendered":"https:\/\/www.freeshopfrontiera.ch\/shop\/collistar-talasso-scrub-cryoactive-toning-exfoliating-salts-700g\/"},"modified":"2025-05-12T14:20:52","modified_gmt":"2025-05-12T14:20:52","slug":"collistar-talasso-scrub-cryoactive-toning-exfoliating-salts-700g","status":"publish","type":"product","link":"https:\/\/www.freeshopfrontiera.ch\/de\/shop\/collistar-talasso-scrub-cryoactive-toning-exfoliating-salts-700g\/","title":{"rendered":"COLLISTAR Talasso Scrub Cryoactive Toning Exfoliating Salts 700g"},"content":{"rendered":"<p class=\"\" data-start=\"3228\" data-end=\"3512\">Erleben Sie die Kraft des Meeres und die Energie der K\u00e4lte mit dem <strong data-start=\"3295\" data-end=\"3333\">Collistar Talasso-Scrub Cryoactive<\/strong>, dem tonisierenden und peelenden K\u00f6rperscrub, das die Haut erneuert und die Sinne belebt. Eine Ganzk\u00f6rperpflege, die <strong data-start=\"3451\" data-end=\"3503\">Thalassotherapie, Aromatherapie und Kryotherapie<\/strong> vereint.<\/p>\n<p class=\"\" data-start=\"3514\" data-end=\"3859\">Die exklusive Formel mit <strong data-start=\"3539\" data-end=\"3553\">Meersalzen<\/strong>, <strong data-start=\"3555\" data-end=\"3575\">\u00e4therischen \u00d6len<\/strong> und <strong data-start=\"3580\" data-end=\"3591\">Menthol<\/strong> entfernt abgestorbene Hautzellen, regt die Mikrozirkulation an und hinterl\u00e4sst eine sichtbar glattere, straffere und strahlendere Haut. Die <strong data-start=\"3732\" data-end=\"3760\">intensive Peelingwirkung<\/strong> f\u00f6rdert die Zellerneuerung, w\u00e4hrend der &#8222;K\u00e4lte-Effekt&#8220; sofortige Frische und neue Energie schenkt.<\/p>\n<p class=\"\" data-start=\"3861\" data-end=\"4019\">Ideal gegen m\u00fcde, schlaffe Haut und einen fahlen Teint. Perfekt vor straffenden oder entschlackenden Behandlungen \u2013 oder einfach als belebendes Duscherlebnis.<\/p>\n<p class=\"\" data-start=\"4021\" data-end=\"4039\"><strong data-start=\"4021\" data-end=\"4038\">Hauptvorteile<\/strong>:<\/p>\n<ul data-start=\"4040\" data-end=\"4301\">\n<li class=\"\" data-start=\"4040\" data-end=\"4094\">\n<p class=\"\" data-start=\"4042\" data-end=\"4094\">Tiefenpeeling mit Meersalzen verschiedener K\u00f6rnung<\/p>\n<\/li>\n<li class=\"\" data-start=\"4095\" data-end=\"4155\">\n<p class=\"\" data-start=\"4097\" data-end=\"4155\">Tonisiert und erfrischt mit Menthol und \u00e4therischen \u00d6len<\/p>\n<\/li>\n<li class=\"\" data-start=\"4156\" data-end=\"4209\">\n<p class=\"\" data-start=\"4158\" data-end=\"4209\">F\u00f6rdert die Durchblutung und gl\u00e4ttet das Hautbild<\/p>\n<\/li>\n<li class=\"\" data-start=\"4210\" data-end=\"4259\">\n<p class=\"\" data-start=\"4212\" data-end=\"4259\">Macht die Haut weich, geschmeidig und duftend<\/p>\n<\/li>\n<li class=\"\" data-start=\"4260\" data-end=\"4301\">\n<p class=\"\" data-start=\"4262\" data-end=\"4301\">Erfrischender, revitalisierender Effekt<\/p>\n<\/li>\n<\/ul>\n<p class=\"\" data-start=\"4303\" data-end=\"4468\"><strong data-start=\"4303\" data-end=\"4316\">Anwendung<\/strong>:<br data-start=\"4317\" data-end=\"4320\" \/>Vor Gebrauch gut umr\u00fchren. Auf die feuchte Haut auftragen, in kreisenden Bewegungen einmassieren und gr\u00fcndlich absp\u00fclen. 1\u20132 Mal pro Woche anwenden.<\/p>\n<p class=\"\" data-start=\"4470\" data-end=\"4609\">Mit dem <strong data-start=\"4478\" data-end=\"4516\">Collistar Talasso-Scrub Cryoactive<\/strong> erlebt Ihre Haut neue Energie, Frische und Vitalit\u00e4t \u2013 ein echtes Spa-Erlebnis f\u00fcr zu Hause.<\/p>\n<p data-start=\"1646\" data-end=\"1788\">Follow us! <a href=\"https:\/\/www.instagram.com\/freeshopswiss\/\" target=\"_blank\" rel=\"noopener\">@freeshopswiss\u00a0<\/a><\/p>\n","protected":false},"excerpt":{"rendered":"<p>Erleben Sie die Kraft des Meeres und die Energie der K\u00e4lte mit dem Collistar Talasso-Scrub Cryoactive, dem tonisierenden und peelenden K\u00f6rperscrub, das die Haut erneuert und die Sinne belebt. Eine Ganzk\u00f6rperpflege, die Thalassotherapie, Aromatherapie und Kryotherapie vereint. Die exklusive Formel mit Meersalzen, \u00e4therischen \u00d6len und Menthol entfernt abgestorbene Hautzellen, regt die Mikrozirkulation an und hinterl\u00e4sst [&hellip;]<\/p>\n","protected":false},"featured_media":30101,"comment_status":"open","ping_status":"closed","template":"","meta":[],"pwb-brand":[437],"product_brand":[],"product_cat":[292],"product_tag":[419,293],"class_list":{"0":"post-30113","1":"product","2":"type-product","3":"status-publish","4":"has-post-thumbnail","6":"pwb-brand-collistar","7":"product_cat-behandlungen","8":"product_tag-behandlungen-de","9":"product_tag-frau","11":"first","12":"outofstock","13":"sale","14":"taxable","15":"shipping-taxable","16":"purchasable","17":"product-type-simple"},"brands":[{"id":437,"name":"Collistar","slug":"collistar"}],"_links":{"self":[{"href":"https:\/\/www.freeshopfrontiera.ch\/de\/wp-json\/wp\/v2\/product\/30113","targetHints":{"allow":["GET"]}}],"collection":[{"href":"https:\/\/www.freeshopfrontiera.ch\/de\/wp-json\/wp\/v2\/product"}],"about":[{"href":"https:\/\/www.freeshopfrontiera.ch\/de\/wp-json\/wp\/v2\/types\/product"}],"replies":[{"embeddable":true,"href":"https:\/\/www.freeshopfrontiera.ch\/de\/wp-json\/wp\/v2\/comments?post=30113"}],"version-history":[{"count":2,"href":"https:\/\/www.freeshopfrontiera.ch\/de\/wp-json\/wp\/v2\/product\/30113\/revisions"}],"predecessor-version":[{"id":30121,"href":"https:\/\/www.freeshopfrontiera.ch\/de\/wp-json\/wp\/v2\/product\/30113\/revisions\/30121"}],"wp:featuredmedia":[{"embeddable":true,"href":"https:\/\/www.freeshopfrontiera.ch\/de\/wp-json\/wp\/v2\/media\/30101"}],"wp:attachment":[{"href":"https:\/\/www.freeshopfrontiera.ch\/de\/wp-json\/wp\/v2\/media?parent=30113"}],"wp:term":[{"taxonomy":"pwb-brand","embeddable":true,"href":"https:\/\/www.freeshopfrontiera.ch\/de\/wp-json\/wp\/v2\/pwb-brand?post=30113"},{"taxonomy":"product_brand","embeddable":true,"href":"https:\/\/www.freeshopfrontiera.ch\/de\/wp-json\/wp\/v2\/product_brand?post=30113"},{"taxonomy":"product_cat","embeddable":true,"href":"https:\/\/www.freeshopfrontiera.ch\/de\/wp-json\/wp\/v2\/product_cat?post=30113"},{"taxonomy":"product_tag","embeddable":true,"href":"https:\/\/www.freeshopfrontiera.ch\/de\/wp-json\/wp\/v2\/product_tag?post=30113"}],"curies":[{"name":"wp","href":"https:\/\/api.w.org\/{rel}","templated":true}]}}