{"id":30132,"date":"2025-05-12T14:30:17","date_gmt":"2025-05-12T14:30:17","guid":{"rendered":"https:\/\/www.freeshopfrontiera.ch\/shop\/collistar-crio-gel-anticellulite-beautifying-400ml\/"},"modified":"2025-05-12T15:13:25","modified_gmt":"2025-05-12T15:13:25","slug":"collistar-crio-gel-anticellulite-beautifying-400ml","status":"publish","type":"product","link":"https:\/\/www.freeshopfrontiera.ch\/de\/shop\/collistar-crio-gel-anticellulite-beautifying-400ml\/","title":{"rendered":"COLLISTAR Crio-Gel Anticellulite Beautifying 400ml"},"content":{"rendered":"<p class=\"\" data-start=\"3338\" data-end=\"3622\">Bek\u00e4mpfen Sie Cellulite mit Frische und Wirkung \u2013 mit dem <strong data-start=\"3396\" data-end=\"3436\">Crio-Gel Anticellulite von Collistar<\/strong>, dem k\u00fchlenden K\u00f6rpergel, das die Haut gl\u00e4ttet, strafft und sichtbar versch\u00f6nert. Eine intensive Pflegeformel mit leichter, nicht fettender Textur f\u00fcr schnelle und sichtbare Ergebnisse.<\/p>\n<p class=\"\" data-start=\"3624\" data-end=\"3898\">Dank der kryogenen Wirkung von <strong data-start=\"3655\" data-end=\"3682\">Menthol und Minzextrakt<\/strong> wird die Mikrozirkulation angeregt und ein sofortiges Frischegef\u00fchl erzeugt. Angereichert mit <strong data-start=\"3777\" data-end=\"3816\">Rosskastanien- und Centella-Extrakt<\/strong>, unterst\u00fctzt das Gel die Entw\u00e4sserung und reduziert sichtbar Cellulite-Anzeichen.<\/p>\n<p class=\"\" data-start=\"3900\" data-end=\"4152\">Schon nach der ersten Anwendung wirkt die Haut glatter, fester und strahlender. Bei regelm\u00e4\u00dfiger Anwendung verbessert sich die Elastizit\u00e4t, und die Haut erscheint ebenm\u00e4\u00dfiger und definierter. Die schnell einziehende Gel-Textur ist ideal f\u00fcr den Sommer.<\/p>\n<p class=\"\" data-start=\"4154\" data-end=\"4172\"><strong data-start=\"4154\" data-end=\"4171\">Hauptvorteile<\/strong>:<\/p>\n<ul data-start=\"4173\" data-end=\"4402\">\n<li class=\"\" data-start=\"4173\" data-end=\"4227\">\n<p class=\"\" data-start=\"4175\" data-end=\"4227\">Sichtbarer, fortschreitender Anti-Cellulite-Effekt<\/p>\n<\/li>\n<li class=\"\" data-start=\"4228\" data-end=\"4275\">\n<p class=\"\" data-start=\"4230\" data-end=\"4275\">Tonisierender und entw\u00e4ssernder K\u00e4lteeffekt<\/p>\n<\/li>\n<li class=\"\" data-start=\"4276\" data-end=\"4317\">\n<p class=\"\" data-start=\"4278\" data-end=\"4317\">F\u00f6rdert die Mikrozirkulation der Haut<\/p>\n<\/li>\n<li class=\"\" data-start=\"4318\" data-end=\"4362\">\n<p class=\"\" data-start=\"4320\" data-end=\"4362\">Glattere, straffere, gleichm\u00e4\u00dfigere Haut<\/p>\n<\/li>\n<li class=\"\" data-start=\"4363\" data-end=\"4402\">\n<p class=\"\" data-start=\"4365\" data-end=\"4402\">Leichte, schnell einziehende Textur<\/p>\n<\/li>\n<\/ul>\n<p class=\"\" data-start=\"4404\" data-end=\"4683\"><strong data-start=\"4404\" data-end=\"4417\">Anwendung<\/strong>:<br data-start=\"4418\" data-end=\"4421\" \/>T\u00e4glich auf die betroffenen Stellen (Oberschenkel, Ges\u00e4\u00df, H\u00fcften) auftragen und mit kreisenden Bewegungen einmassieren, bis das Gel vollst\u00e4ndig eingezogen ist. F\u00fcr optimale Ergebnisse nach dem Duschen oder zusammen mit anderen Collistar-Pflegeprodukten anwenden.<\/p>\n<p class=\"\" data-start=\"4685\" data-end=\"4793\">Mit dem <strong data-start=\"4693\" data-end=\"4729\">Collistar Crio-Gel Anticellulite<\/strong> f\u00fchlt sich Ihre Haut straffer, glatter und sichtbar sch\u00f6ner an.<\/p>\n<p data-start=\"1771\" data-end=\"1878\">Follow us! <a href=\"https:\/\/www.instagram.com\/freeshopswiss\/\" target=\"_blank\" rel=\"noopener\">@freeshopswiss\u00a0<\/a><\/p>\n","protected":false},"excerpt":{"rendered":"<p>Bek\u00e4mpfen Sie Cellulite mit Frische und Wirkung \u2013 mit dem Crio-Gel Anticellulite von Collistar, dem k\u00fchlenden K\u00f6rpergel, das die Haut gl\u00e4ttet, strafft und sichtbar versch\u00f6nert. Eine intensive Pflegeformel mit leichter, nicht fettender Textur f\u00fcr schnelle und sichtbare Ergebnisse. Dank der kryogenen Wirkung von Menthol und Minzextrakt wird die Mikrozirkulation angeregt und ein sofortiges Frischegef\u00fchl erzeugt. [&hellip;]<\/p>\n","protected":false},"featured_media":30127,"comment_status":"open","ping_status":"closed","template":"","meta":[],"pwb-brand":[437],"product_brand":[],"product_cat":[292,111],"product_tag":[419,293],"class_list":{"0":"post-30132","1":"product","2":"type-product","3":"status-publish","4":"has-post-thumbnail","6":"pwb-brand-collistar","7":"product_cat-behandlungen","8":"product_cat-fur-sie-de","9":"product_tag-behandlungen-de","10":"product_tag-frau","12":"first","13":"outofstock","14":"sale","15":"taxable","16":"shipping-taxable","17":"purchasable","18":"product-type-simple"},"brands":[{"id":437,"name":"Collistar","slug":"collistar"}],"_links":{"self":[{"href":"https:\/\/www.freeshopfrontiera.ch\/de\/wp-json\/wp\/v2\/product\/30132","targetHints":{"allow":["GET"]}}],"collection":[{"href":"https:\/\/www.freeshopfrontiera.ch\/de\/wp-json\/wp\/v2\/product"}],"about":[{"href":"https:\/\/www.freeshopfrontiera.ch\/de\/wp-json\/wp\/v2\/types\/product"}],"replies":[{"embeddable":true,"href":"https:\/\/www.freeshopfrontiera.ch\/de\/wp-json\/wp\/v2\/comments?post=30132"}],"version-history":[{"count":2,"href":"https:\/\/www.freeshopfrontiera.ch\/de\/wp-json\/wp\/v2\/product\/30132\/revisions"}],"predecessor-version":[{"id":30139,"href":"https:\/\/www.freeshopfrontiera.ch\/de\/wp-json\/wp\/v2\/product\/30132\/revisions\/30139"}],"wp:featuredmedia":[{"embeddable":true,"href":"https:\/\/www.freeshopfrontiera.ch\/de\/wp-json\/wp\/v2\/media\/30127"}],"wp:attachment":[{"href":"https:\/\/www.freeshopfrontiera.ch\/de\/wp-json\/wp\/v2\/media?parent=30132"}],"wp:term":[{"taxonomy":"pwb-brand","embeddable":true,"href":"https:\/\/www.freeshopfrontiera.ch\/de\/wp-json\/wp\/v2\/pwb-brand?post=30132"},{"taxonomy":"product_brand","embeddable":true,"href":"https:\/\/www.freeshopfrontiera.ch\/de\/wp-json\/wp\/v2\/product_brand?post=30132"},{"taxonomy":"product_cat","embeddable":true,"href":"https:\/\/www.freeshopfrontiera.ch\/de\/wp-json\/wp\/v2\/product_cat?post=30132"},{"taxonomy":"product_tag","embeddable":true,"href":"https:\/\/www.freeshopfrontiera.ch\/de\/wp-json\/wp\/v2\/product_tag?post=30132"}],"curies":[{"name":"wp","href":"https:\/\/api.w.org\/{rel}","templated":true}]}}