{"id":30148,"date":"2025-05-12T14:55:29","date_gmt":"2025-05-12T14:55:29","guid":{"rendered":"https:\/\/www.freeshopfrontiera.ch\/shop\/collistar-corrective-protection-cream-spf50-100ml\/"},"modified":"2025-05-12T15:05:22","modified_gmt":"2025-05-12T15:05:22","slug":"collistar-corrective-protection-cream-spf50-100ml","status":"publish","type":"product","link":"https:\/\/www.freeshopfrontiera.ch\/de\/shop\/collistar-corrective-protection-cream-spf50-100ml\/","title":{"rendered":"COLLISTAR Corrective Protection Cream SPF50+ 100ml"},"content":{"rendered":"<h3 class=\"\" data-start=\"3541\" data-end=\"3662\"><strong data-start=\"3550\" data-end=\"3662\">Collistar Korrigierende Sonnenschutz K\u00f6rpercreme SPF50+ \u2013 Gegen Pigmentflecken &amp; F\u00fcr Gleichm\u00e4\u00dfige Haut 100ml<\/strong><\/h3>\n<p class=\"\" data-start=\"3664\" data-end=\"3883\">Sch\u00fctzen Sie Ihre Haut vor der Sonne und bek\u00e4mpfen Sie dunkle Flecken mit der <strong data-start=\"3742\" data-end=\"3799\">Corrective Protection Body Cream SPF50+ von Collistar<\/strong>, der hochwirksamen Sonnencreme zur Vorbeugung und Reduzierung von Pigmentst\u00f6rungen.<\/p>\n<p class=\"\" data-start=\"3885\" data-end=\"4174\">Die <strong data-start=\"3889\" data-end=\"3928\">gezielte Anti-Pigmentflecken-Formel<\/strong> kombiniert <strong data-start=\"3940\" data-end=\"3967\">moderne UVA-\/UVB-Filter<\/strong> mit <strong data-start=\"3972\" data-end=\"3986\">Niacinamid<\/strong>, einem bew\u00e4hrten Wirkstoff zur sichtbaren Reduzierung von <strong data-start=\"4045\" data-end=\"4064\">dunklen Flecken<\/strong> und zur Verbesserung des Hauttons. <strong data-start=\"4100\" data-end=\"4113\">Vitamin E<\/strong> sch\u00fctzt vor freien Radikalen und st\u00e4rkt die Hautelastizit\u00e4t.<\/p>\n<p class=\"\" data-start=\"4176\" data-end=\"4438\">Ideal f\u00fcr Haut, die zu <strong data-start=\"4199\" data-end=\"4275\">Hyperpigmentierung, Sonnenflecken, Aknenarben oder ungleichm\u00e4\u00dfigem Teint<\/strong> neigt. Bei regelm\u00e4\u00dfiger Anwendung hilft sie, <strong data-start=\"4321\" data-end=\"4351\">neue Flecken zu verhindern<\/strong> und <strong data-start=\"4356\" data-end=\"4381\">bestehende zu mildern<\/strong>, f\u00fcr eine sichtbar strahlendere und gleichm\u00e4\u00dfigere Haut.<\/p>\n<p class=\"\" data-start=\"4440\" data-end=\"4640\">Die leichte Textur zieht schnell ein, hinterl\u00e4sst keine wei\u00dfen R\u00fcckst\u00e4nde und ist auch f\u00fcr empfindliche Haut geeignet. Ideal f\u00fcr den t\u00e4glichen Gebrauch \u2013 ob in der Stadt, am Strand oder in den Bergen.<\/p>\n<p class=\"\" data-start=\"4642\" data-end=\"4660\"><strong data-start=\"4642\" data-end=\"4659\">Hauptvorteile<\/strong>:<\/p>\n<ul data-start=\"4661\" data-end=\"4923\">\n<li class=\"\" data-start=\"4661\" data-end=\"4695\">\n<p class=\"\" data-start=\"4663\" data-end=\"4695\">Sehr hoher Sonnenschutz SPF50+<\/p>\n<\/li>\n<li class=\"\" data-start=\"4696\" data-end=\"4740\">\n<p class=\"\" data-start=\"4698\" data-end=\"4740\">Wirkt gegen und beugt Pigmentflecken vor<\/p>\n<\/li>\n<li class=\"\" data-start=\"4741\" data-end=\"4793\">\n<p class=\"\" data-start=\"4743\" data-end=\"4793\">Niacinamid sorgt f\u00fcr einen gleichm\u00e4\u00dfigen Hautton<\/p>\n<\/li>\n<li class=\"\" data-start=\"4794\" data-end=\"4834\">\n<p class=\"\" data-start=\"4796\" data-end=\"4834\">Antioxidative Wirkung dank Vitamin E<\/p>\n<\/li>\n<li class=\"\" data-start=\"4835\" data-end=\"4869\">\n<p class=\"\" data-start=\"4837\" data-end=\"4869\">Leichte, nicht fettende Textur<\/p>\n<\/li>\n<li class=\"\" data-start=\"4870\" data-end=\"4923\">\n<p class=\"\" data-start=\"4872\" data-end=\"4923\">F\u00fcr empfindliche und ungleichm\u00e4\u00dfige Haut geeignet<\/p>\n<\/li>\n<\/ul>\n<p class=\"\" data-start=\"4925\" data-end=\"5060\"><strong data-start=\"4925\" data-end=\"4938\">Anwendung<\/strong>:<br data-start=\"4939\" data-end=\"4942\" \/>Gro\u00dfz\u00fcgig vor dem Sonnenbad auftragen. Regelm\u00e4\u00dfig nachcremen, besonders nach dem Schwimmen oder bei starkem Schwitzen.<\/p>\n<p class=\"\" data-start=\"5062\" data-end=\"5197\">Mit der <strong data-start=\"5070\" data-end=\"5118\">Collistar Corrective Protection Cream SPF50+<\/strong> ist Ihre Haut optimal gesch\u00fctzt \u2013 ebenm\u00e4\u00dfig, gepflegt und voller Ausstrahlung.<\/p>\n<p data-start=\"1850\" data-end=\"1997\">Follow us! <a href=\"https:\/\/www.instagram.com\/freeshopswiss\/\" target=\"_blank\" rel=\"noopener\">@freeshopswiss\u00a0<\/a><\/p>\n","protected":false},"excerpt":{"rendered":"<p>Collistar Korrigierende Sonnenschutz K\u00f6rpercreme SPF50+ \u2013 Gegen Pigmentflecken &amp; F\u00fcr Gleichm\u00e4\u00dfige Haut 100ml Sch\u00fctzen Sie Ihre Haut vor der Sonne und bek\u00e4mpfen Sie dunkle Flecken mit der Corrective Protection Body Cream SPF50+ von Collistar, der hochwirksamen Sonnencreme zur Vorbeugung und Reduzierung von Pigmentst\u00f6rungen. Die gezielte Anti-Pigmentflecken-Formel kombiniert moderne UVA-\/UVB-Filter mit Niacinamid, einem bew\u00e4hrten Wirkstoff zur [&hellip;]<\/p>\n","protected":false},"featured_media":30144,"comment_status":"open","ping_status":"closed","template":"","meta":[],"pwb-brand":[437],"product_brand":[],"product_cat":[292,86,111,425],"product_tag":[419,293,953,554,492],"class_list":{"0":"post-30148","1":"product","2":"type-product","3":"status-publish","4":"has-post-thumbnail","6":"pwb-brand-collistar","7":"product_cat-behandlungen","8":"product_cat-fur-ihn-de","9":"product_cat-fur-sie-de","10":"product_cat-solari-de","11":"product_tag-behandlungen-de","12":"product_tag-frau","13":"product_tag-uomo-de","14":"product_tag-sonnenschutzcreme","15":"product_tag-sonnenschutzmittel","17":"first","18":"outofstock","19":"sale","20":"taxable","21":"shipping-taxable","22":"purchasable","23":"product-type-simple"},"brands":[{"id":437,"name":"Collistar","slug":"collistar"}],"_links":{"self":[{"href":"https:\/\/www.freeshopfrontiera.ch\/de\/wp-json\/wp\/v2\/product\/30148","targetHints":{"allow":["GET"]}}],"collection":[{"href":"https:\/\/www.freeshopfrontiera.ch\/de\/wp-json\/wp\/v2\/product"}],"about":[{"href":"https:\/\/www.freeshopfrontiera.ch\/de\/wp-json\/wp\/v2\/types\/product"}],"replies":[{"embeddable":true,"href":"https:\/\/www.freeshopfrontiera.ch\/de\/wp-json\/wp\/v2\/comments?post=30148"}],"version-history":[{"count":2,"href":"https:\/\/www.freeshopfrontiera.ch\/de\/wp-json\/wp\/v2\/product\/30148\/revisions"}],"predecessor-version":[{"id":30154,"href":"https:\/\/www.freeshopfrontiera.ch\/de\/wp-json\/wp\/v2\/product\/30148\/revisions\/30154"}],"wp:featuredmedia":[{"embeddable":true,"href":"https:\/\/www.freeshopfrontiera.ch\/de\/wp-json\/wp\/v2\/media\/30144"}],"wp:attachment":[{"href":"https:\/\/www.freeshopfrontiera.ch\/de\/wp-json\/wp\/v2\/media?parent=30148"}],"wp:term":[{"taxonomy":"pwb-brand","embeddable":true,"href":"https:\/\/www.freeshopfrontiera.ch\/de\/wp-json\/wp\/v2\/pwb-brand?post=30148"},{"taxonomy":"product_brand","embeddable":true,"href":"https:\/\/www.freeshopfrontiera.ch\/de\/wp-json\/wp\/v2\/product_brand?post=30148"},{"taxonomy":"product_cat","embeddable":true,"href":"https:\/\/www.freeshopfrontiera.ch\/de\/wp-json\/wp\/v2\/product_cat?post=30148"},{"taxonomy":"product_tag","embeddable":true,"href":"https:\/\/www.freeshopfrontiera.ch\/de\/wp-json\/wp\/v2\/product_tag?post=30148"}],"curies":[{"name":"wp","href":"https:\/\/api.w.org\/{rel}","templated":true}]}}