{"id":30178,"date":"2025-05-12T15:31:05","date_gmt":"2025-05-12T15:31:05","guid":{"rendered":"https:\/\/www.freeshopfrontiera.ch\/shop\/collistar-attivi-puri-hair-hyaluronic-acid-shampoo-500ml\/"},"modified":"2025-05-12T15:38:23","modified_gmt":"2025-05-12T15:38:23","slug":"collistar-attivi-puri-hair-hyaluronic-acid-shampoo-500ml","status":"publish","type":"product","link":"https:\/\/www.freeshopfrontiera.ch\/de\/shop\/collistar-attivi-puri-hair-hyaluronic-acid-shampoo-500ml\/","title":{"rendered":"COLLISTAR Attivi Puri Hair Hyaluronic Acid Shampoo 500ml"},"content":{"rendered":"<p class=\"\" data-start=\"3747\" data-end=\"4088\">Hydratisieren und revitalisieren Sie Ihr Haar mit dem <strong data-start=\"3801\" data-end=\"3848\">Collistar Attivi Puri Hyalurons\u00e4ure Shampoo<\/strong>, ideal f\u00fcr trockenes, dehydriertes oder t\u00e4glich behandeltes Haar. Die <strong data-start=\"3919\" data-end=\"3940\">innovative Formel<\/strong> mit <strong data-start=\"3945\" data-end=\"3962\">Hyalurons\u00e4ure<\/strong> spendet <strong data-start=\"3971\" data-end=\"4002\">tiefenwirksame Feuchtigkeit<\/strong> und sch\u00fctzt die Haarfaser, sodass Ihr Haar weicher, gl\u00e4nzender und ges\u00fcnder aussieht.<\/p>\n<p class=\"\" data-start=\"4090\" data-end=\"4450\"><strong data-start=\"4090\" data-end=\"4107\">Hyalurons\u00e4ure<\/strong>, bekannt f\u00fcr ihre hochgradig feuchtigkeitsspendenden und regenerierenden Eigenschaften, wirkt effektiv auf die L\u00e4ngen und Spitzen, bek\u00e4mpft Trockenheit und verbessert die Elastizit\u00e4t des Haares. Die sanfte Formel, die f\u00fcr den h\u00e4ufigen Gebrauch entwickelt wurde, <strong data-start=\"4370\" data-end=\"4398\">beschwert das Haar nicht<\/strong>, sondern l\u00e4sst es leicht, vital und leicht k\u00e4mmbar.<\/p>\n<p class=\"\" data-start=\"4452\" data-end=\"4686\">Ideal f\u00fcr alle Haartypen, besonders f\u00fcr diejenigen, die eine t\u00e4gliche Feuchtigkeitsbehandlung ben\u00f6tigen, ist dieses Shampoo perfekt f\u00fcr feines oder behandeltes Haar und verleiht ihm Weichheit, Glanz und Volumen, ohne es zu beschweren.<\/p>\n<p class=\"\" data-start=\"4688\" data-end=\"4845\">Die <strong data-start=\"4692\" data-end=\"4721\">leichte und sanfte Textur<\/strong> ist auch f\u00fcr empfindliche Kopfhaut geeignet, und die 500-ml-Gr\u00f6\u00dfe bietet eine praktische L\u00f6sung f\u00fcr die t\u00e4gliche Anwendung.<\/p>\n<p class=\"\" data-start=\"4847\" data-end=\"4867\"><strong data-start=\"4847\" data-end=\"4864\">Hauptvorteile<\/strong>:<\/p>\n<ul data-start=\"4868\" data-end=\"5177\">\n<li class=\"\" data-start=\"4868\" data-end=\"4926\">\n<p class=\"\" data-start=\"4870\" data-end=\"4926\">Spendet Feuchtigkeit und regeneriert mit Hyalurons\u00e4ure<\/p>\n<\/li>\n<li class=\"\" data-start=\"4927\" data-end=\"4971\">\n<p class=\"\" data-start=\"4929\" data-end=\"4971\">Sanfte Formel f\u00fcr den t\u00e4glichen Gebrauch<\/p>\n<\/li>\n<li class=\"\" data-start=\"4972\" data-end=\"5031\">\n<p class=\"\" data-start=\"4974\" data-end=\"5031\">Hinterl\u00e4sst das Haar weich, gl\u00e4nzend und leicht k\u00e4mmbar<\/p>\n<\/li>\n<li class=\"\" data-start=\"5032\" data-end=\"5089\">\n<p class=\"\" data-start=\"5034\" data-end=\"5089\">Beschwert das Haar nicht, geeignet f\u00fcr alle Haartypen<\/p>\n<\/li>\n<li class=\"\" data-start=\"5090\" data-end=\"5143\">\n<p class=\"\" data-start=\"5092\" data-end=\"5143\">Ideal f\u00fcr trockenes, feines oder behandeltes Haar<\/p>\n<\/li>\n<li class=\"\" data-start=\"5144\" data-end=\"5177\">\n<p class=\"\" data-start=\"5146\" data-end=\"5177\">Professionelle Gr\u00f6\u00dfe \u2013 500 ml<\/p>\n<\/li>\n<\/ul>\n<p class=\"\" data-start=\"5179\" data-end=\"5376\"><strong data-start=\"5179\" data-end=\"5192\">Anwendung<\/strong>:<br data-start=\"5193\" data-end=\"5196\" \/>Auf nasses Haar auftragen, sanft einmassieren und aussp\u00fclen. Bei Bedarf wiederholen. Perfekt f\u00fcr die t\u00e4gliche Anwendung, um sichtbar hydratisiertes und gl\u00e4nzendes Haar zu erhalten.<\/p>\n<p class=\"\" data-start=\"5378\" data-end=\"5490\">Mit dem <strong data-start=\"5386\" data-end=\"5433\">Collistar Attivi Puri Hyalurons\u00e4ure Shampoo<\/strong> ist Ihr Haar gen\u00e4hrt, hydratisiert und voller Vitalit\u00e4t.<\/p>\n<p data-start=\"1922\" data-end=\"2035\">Follow us! <a href=\"https:\/\/www.instagram.com\/freeshopswiss\/\" target=\"_blank\" rel=\"noopener\">@freeshopswiss\u00a0<\/a><\/p>\n","protected":false},"excerpt":{"rendered":"<p>Hydratisieren und revitalisieren Sie Ihr Haar mit dem Collistar Attivi Puri Hyalurons\u00e4ure Shampoo, ideal f\u00fcr trockenes, dehydriertes oder t\u00e4glich behandeltes Haar. Die innovative Formel mit Hyalurons\u00e4ure spendet tiefenwirksame Feuchtigkeit und sch\u00fctzt die Haarfaser, sodass Ihr Haar weicher, gl\u00e4nzender und ges\u00fcnder aussieht. Hyalurons\u00e4ure, bekannt f\u00fcr ihre hochgradig feuchtigkeitsspendenden und regenerierenden Eigenschaften, wirkt effektiv auf die L\u00e4ngen [&hellip;]<\/p>\n","protected":false},"featured_media":30174,"comment_status":"open","ping_status":"closed","template":"","meta":[],"pwb-brand":[437],"product_brand":[],"product_cat":[292,111,543],"product_tag":[419,293,420],"class_list":{"0":"post-30178","1":"product","2":"type-product","3":"status-publish","4":"has-post-thumbnail","6":"pwb-brand-collistar","7":"product_cat-behandlungen","8":"product_cat-fur-sie-de","9":"product_cat-haarbehandlung","10":"product_tag-behandlungen-de","11":"product_tag-frau","12":"product_tag-haarbehandlung-de","14":"first","15":"outofstock","16":"sale","17":"taxable","18":"shipping-taxable","19":"purchasable","20":"product-type-simple"},"brands":[{"id":437,"name":"Collistar","slug":"collistar"}],"_links":{"self":[{"href":"https:\/\/www.freeshopfrontiera.ch\/de\/wp-json\/wp\/v2\/product\/30178","targetHints":{"allow":["GET"]}}],"collection":[{"href":"https:\/\/www.freeshopfrontiera.ch\/de\/wp-json\/wp\/v2\/product"}],"about":[{"href":"https:\/\/www.freeshopfrontiera.ch\/de\/wp-json\/wp\/v2\/types\/product"}],"replies":[{"embeddable":true,"href":"https:\/\/www.freeshopfrontiera.ch\/de\/wp-json\/wp\/v2\/comments?post=30178"}],"version-history":[{"count":2,"href":"https:\/\/www.freeshopfrontiera.ch\/de\/wp-json\/wp\/v2\/product\/30178\/revisions"}],"predecessor-version":[{"id":30185,"href":"https:\/\/www.freeshopfrontiera.ch\/de\/wp-json\/wp\/v2\/product\/30178\/revisions\/30185"}],"wp:featuredmedia":[{"embeddable":true,"href":"https:\/\/www.freeshopfrontiera.ch\/de\/wp-json\/wp\/v2\/media\/30174"}],"wp:attachment":[{"href":"https:\/\/www.freeshopfrontiera.ch\/de\/wp-json\/wp\/v2\/media?parent=30178"}],"wp:term":[{"taxonomy":"pwb-brand","embeddable":true,"href":"https:\/\/www.freeshopfrontiera.ch\/de\/wp-json\/wp\/v2\/pwb-brand?post=30178"},{"taxonomy":"product_brand","embeddable":true,"href":"https:\/\/www.freeshopfrontiera.ch\/de\/wp-json\/wp\/v2\/product_brand?post=30178"},{"taxonomy":"product_cat","embeddable":true,"href":"https:\/\/www.freeshopfrontiera.ch\/de\/wp-json\/wp\/v2\/product_cat?post=30178"},{"taxonomy":"product_tag","embeddable":true,"href":"https:\/\/www.freeshopfrontiera.ch\/de\/wp-json\/wp\/v2\/product_tag?post=30178"}],"curies":[{"name":"wp","href":"https:\/\/api.w.org\/{rel}","templated":true}]}}