{"id":30264,"date":"2025-05-14T10:52:38","date_gmt":"2025-05-14T10:52:38","guid":{"rendered":"https:\/\/www.freeshopfrontiera.ch\/shop\/la-mer-the-cool-micellar-cleanser-200ml\/"},"modified":"2025-05-14T11:01:34","modified_gmt":"2025-05-14T11:01:34","slug":"la-mer-the-cool-micellar-cleanser-200ml","status":"publish","type":"product","link":"https:\/\/www.freeshopfrontiera.ch\/de\/shop\/la-mer-the-cool-micellar-cleanser-200ml\/","title":{"rendered":"LA MER The Cool Micellar Cleanser 200ml"},"content":{"rendered":"<p class=\"\" data-start=\"2046\" data-end=\"2484\">Der <strong data-start=\"2050\" data-end=\"2087\">LA MER The Cool Micellar Cleanser<\/strong> ist weit mehr als ein einfacher Reiniger \u2013 er ist ein luxuri\u00f6ser All-in-One-Pflegeschritt, der <strong data-start=\"2183\" data-end=\"2259\">die Haut sanft reinigt, mit Feuchtigkeit versorgt und angenehm erfrischt<\/strong>, ganz ohne Absp\u00fclen. Mit seiner fortschrittlichen Mizellentechnologie und dem exklusiven <strong data-start=\"2349\" data-end=\"2367\">Miracle Broth\u2122<\/strong> bietet dieser Reiniger eine gr\u00fcndliche, aber besonders sanfte Reinigung \u2013 ideal selbst f\u00fcr empfindlichste Hauttypen.<\/p>\n<p class=\"\" data-start=\"2486\" data-end=\"2841\">Mizellen wirken wie Magneten und <strong data-start=\"2519\" data-end=\"2577\">ziehen Unreinheiten, Make-up, Talg und Schmutzpartikel<\/strong> effektiv an, sodass die Haut sauber, ausgeglichen und sichtbar strahlender erscheint. Im Gegensatz zu vielen anderen Mizellenreinigern <strong data-start=\"2713\" data-end=\"2771\">trocknet The Cool Micellar Cleanser die Haut nicht aus<\/strong>, sondern pflegt sie intensiv mit regenerierenden marinen Wirkstoffen.<\/p>\n<p class=\"\" data-start=\"2843\" data-end=\"3137\">Die angenehm gelartige, fl\u00fcssige Textur schenkt der Haut sofortige <strong data-start=\"2910\" data-end=\"2938\">Frische und Wohlbefinden<\/strong>, reduziert R\u00f6tungen und hinterl\u00e4sst ein geschmeidiges, belebtes Hautgef\u00fchl. Ideal f\u00fcr die morgendliche Reinigung oder als erster Schritt Ihrer abendlichen Pflege zum sanften, effektiven Abschminken.<\/p>\n<p class=\"\" data-start=\"3139\" data-end=\"3231\">Das gro\u00dfz\u00fcgige Format von 200ml garantiert eine lange Anwendungsdauer bei t\u00e4glicher Nutzung.<\/p>\n<p class=\"\" data-start=\"3233\" data-end=\"3256\"><strong data-start=\"3233\" data-end=\"3254\">Wichtige Vorteile<\/strong><\/p>\n<ul data-start=\"3257\" data-end=\"3556\">\n<li class=\"\" data-start=\"3257\" data-end=\"3322\">\n<p class=\"\" data-start=\"3259\" data-end=\"3322\">Sanfte Reinigung und Make-up-Entfernung f\u00fcr Gesicht und Augen<\/p>\n<\/li>\n<li class=\"\" data-start=\"3323\" data-end=\"3372\">\n<p class=\"\" data-start=\"3325\" data-end=\"3372\">Erfrischt und beruhigt die Haut ohne Absp\u00fclen<\/p>\n<\/li>\n<li class=\"\" data-start=\"3373\" data-end=\"3423\">\n<p class=\"\" data-start=\"3375\" data-end=\"3423\">Mit Miracle Broth\u2122 f\u00fcr Regeneration und Pflege<\/p>\n<\/li>\n<li class=\"\" data-start=\"3424\" data-end=\"3482\">\n<p class=\"\" data-start=\"3426\" data-end=\"3482\">Hinterl\u00e4sst die Haut weich, hydratisiert und strahlend<\/p>\n<\/li>\n<li class=\"\" data-start=\"3483\" data-end=\"3556\">\n<p class=\"\" data-start=\"3485\" data-end=\"3556\">F\u00fcr alle Hauttypen geeignet, auch f\u00fcr empfindliche oder reaktive Haut<\/p>\n<\/li>\n<\/ul>\n<p class=\"\" data-start=\"3558\" data-end=\"3704\">Entdecken Sie die Leichtigkeit und Wirksamkeit des <strong data-start=\"3609\" data-end=\"3641\">Mizellenreinigers von LA MER<\/strong> \u2013 f\u00fcr ein Reinigungserlebnis voller Frische, Pflege und Luxus.<\/p>\n<p data-start=\"1957\" data-end=\"2110\">Follow us! <a href=\"https:\/\/www.instagram.com\/freeshopswiss\/\" target=\"_blank\" rel=\"noopener\">@freeshopswiss\u00a0<\/a><\/p>\n","protected":false},"excerpt":{"rendered":"<p>Der LA MER The Cool Micellar Cleanser ist weit mehr als ein einfacher Reiniger \u2013 er ist ein luxuri\u00f6ser All-in-One-Pflegeschritt, der die Haut sanft reinigt, mit Feuchtigkeit versorgt und angenehm erfrischt, ganz ohne Absp\u00fclen. Mit seiner fortschrittlichen Mizellentechnologie und dem exklusiven Miracle Broth\u2122 bietet dieser Reiniger eine gr\u00fcndliche, aber besonders sanfte Reinigung \u2013 ideal selbst [&hellip;]<\/p>\n","protected":false},"featured_media":30260,"comment_status":"open","ping_status":"closed","template":"","meta":[],"pwb-brand":[962],"product_brand":[],"product_cat":[292,546],"product_tag":[419,293,300],"class_list":{"0":"post-30264","1":"product","2":"type-product","3":"status-publish","4":"has-post-thumbnail","6":"pwb-brand-la-mer","7":"product_cat-behandlungen","8":"product_cat-gesichtsbehandlung","9":"product_tag-behandlungen-de","10":"product_tag-frau","11":"product_tag-gesichtsbehandlungen","13":"first","14":"instock","15":"taxable","16":"shipping-taxable","17":"purchasable","18":"product-type-simple"},"brands":[{"id":962,"name":"La Mer","slug":"la-mer"}],"_links":{"self":[{"href":"https:\/\/www.freeshopfrontiera.ch\/de\/wp-json\/wp\/v2\/product\/30264","targetHints":{"allow":["GET"]}}],"collection":[{"href":"https:\/\/www.freeshopfrontiera.ch\/de\/wp-json\/wp\/v2\/product"}],"about":[{"href":"https:\/\/www.freeshopfrontiera.ch\/de\/wp-json\/wp\/v2\/types\/product"}],"replies":[{"embeddable":true,"href":"https:\/\/www.freeshopfrontiera.ch\/de\/wp-json\/wp\/v2\/comments?post=30264"}],"version-history":[{"count":3,"href":"https:\/\/www.freeshopfrontiera.ch\/de\/wp-json\/wp\/v2\/product\/30264\/revisions"}],"predecessor-version":[{"id":30269,"href":"https:\/\/www.freeshopfrontiera.ch\/de\/wp-json\/wp\/v2\/product\/30264\/revisions\/30269"}],"wp:featuredmedia":[{"embeddable":true,"href":"https:\/\/www.freeshopfrontiera.ch\/de\/wp-json\/wp\/v2\/media\/30260"}],"wp:attachment":[{"href":"https:\/\/www.freeshopfrontiera.ch\/de\/wp-json\/wp\/v2\/media?parent=30264"}],"wp:term":[{"taxonomy":"pwb-brand","embeddable":true,"href":"https:\/\/www.freeshopfrontiera.ch\/de\/wp-json\/wp\/v2\/pwb-brand?post=30264"},{"taxonomy":"product_brand","embeddable":true,"href":"https:\/\/www.freeshopfrontiera.ch\/de\/wp-json\/wp\/v2\/product_brand?post=30264"},{"taxonomy":"product_cat","embeddable":true,"href":"https:\/\/www.freeshopfrontiera.ch\/de\/wp-json\/wp\/v2\/product_cat?post=30264"},{"taxonomy":"product_tag","embeddable":true,"href":"https:\/\/www.freeshopfrontiera.ch\/de\/wp-json\/wp\/v2\/product_tag?post=30264"}],"curies":[{"name":"wp","href":"https:\/\/api.w.org\/{rel}","templated":true}]}}