{"id":30297,"date":"2025-05-14T12:30:08","date_gmt":"2025-05-14T12:30:08","guid":{"rendered":"https:\/\/www.freeshopfrontiera.ch\/shop\/growth-bomb-supercharge-spray-restorage-refresh-125ml\/"},"modified":"2025-05-14T12:53:22","modified_gmt":"2025-05-14T12:53:22","slug":"growth-bomb-supercharge-spray-restorage-refresh-125ml","status":"publish","type":"product","link":"https:\/\/www.freeshopfrontiera.ch\/de\/shop\/growth-bomb-supercharge-spray-restorage-refresh-125ml\/","title":{"rendered":"GROWTH BOMB Supercharge Spray Restorage &#038; Refresh 125ml"},"content":{"rendered":"<p class=\"\" data-start=\"2126\" data-end=\"2520\">Der <strong data-start=\"2130\" data-end=\"2183\">GROWTH BOMB Supercharge Spray Restorage &amp; Refresh<\/strong> ist ein praktisches Leave-in-Treatment f\u00fcr alle, die ihre Kopfhaut <strong data-start=\"2251\" data-end=\"2323\">stimulieren, das Haar erfrischen und das nat\u00fcrliche Wachstum f\u00f6rdern<\/strong> m\u00f6chten \u2013 schnell, einfach und effektiv. Mit einer kraftvollen Mischung aus nat\u00fcrlichen, energiespendenden Inhaltsstoffen ist dieses Spray der t\u00e4gliche Energieschub f\u00fcr st\u00e4rkeres, ges\u00fcnderes Haar.<\/p>\n<p class=\"\" data-start=\"2522\" data-end=\"2805\">Im Mittelpunkt steht <strong data-start=\"2543\" data-end=\"2554\">Guaran\u00e1<\/strong>, eine aus dem Amazonas stammende Pflanze, bekannt f\u00fcr ihre durchblutungsf\u00f6rdernden und tonisierenden Eigenschaften. Zusammen mit <strong data-start=\"2684\" data-end=\"2729\">Niacinamid, Biotin, Koffein und Aloe Vera<\/strong> wird die Kopfhaut gepflegt, beruhigt und optimal mit Feuchtigkeit versorgt.<\/p>\n<p class=\"\" data-start=\"2807\" data-end=\"3166\">Die leichte, nicht fettende Textur zieht schnell ein und hinterl\u00e4sst <strong data-start=\"2876\" data-end=\"2908\">ein sofortiges Frischegef\u00fchl<\/strong>, ohne das Haar zu beschweren. Das Spray kann auf trockenem oder feuchtem Haar angewendet werden und <strong data-start=\"3009\" data-end=\"3041\">muss nicht ausgesp\u00fclt werden<\/strong>. Bei regelm\u00e4\u00dfiger Anwendung hilft es, <strong data-start=\"3080\" data-end=\"3109\">Haarausfall zu reduzieren<\/strong>, die Kopfhaut zu st\u00e4rken und die Haarwurzeln zu beleben.<\/p>\n<p class=\"\" data-start=\"3168\" data-end=\"3302\">Ideal f\u00fcr alle Haartypen \u2013 auch f\u00fcr chemisch behandeltes oder empfindliches Haar \u2013 ist es die perfekte L\u00f6sung f\u00fcr die t\u00e4gliche Pflege.<\/p>\n<p class=\"\" data-start=\"3304\" data-end=\"3329\"><strong data-start=\"3304\" data-end=\"3327\">Wichtigste Vorteile<\/strong><\/p>\n<ul data-start=\"3330\" data-end=\"3560\">\n<li class=\"\" data-start=\"3330\" data-end=\"3387\">\n<p class=\"\" data-start=\"3332\" data-end=\"3387\">Regt die Kopfhaut an und unterst\u00fctzt das Haarwachstum<\/p>\n<\/li>\n<li class=\"\" data-start=\"3388\" data-end=\"3431\">\n<p class=\"\" data-start=\"3390\" data-end=\"3431\">Erfrischt und belebt ohne zu beschweren<\/p>\n<\/li>\n<li class=\"\" data-start=\"3432\" data-end=\"3481\">\n<p class=\"\" data-start=\"3434\" data-end=\"3481\">Mit Guaran\u00e1, Biotin, Niacinamid und Aloe Vera<\/p>\n<\/li>\n<li class=\"\" data-start=\"3482\" data-end=\"3528\">\n<p class=\"\" data-start=\"3484\" data-end=\"3528\">Leave-in-Formel f\u00fcr den t\u00e4glichen Gebrauch<\/p>\n<\/li>\n<li class=\"\" data-start=\"3529\" data-end=\"3560\">\n<p class=\"\" data-start=\"3531\" data-end=\"3560\">F\u00fcr alle Haartypen geeignet<\/p>\n<\/li>\n<\/ul>\n<p class=\"\" data-start=\"3562\" data-end=\"3684\"><strong data-start=\"3562\" data-end=\"3595\">GROWTH BOMB Supercharge Spray<\/strong> bringt neue Energie und Frische in Ihre Haarpflege \u2013 jeden Tag, mit nur einem Spr\u00fchsto\u00df.<\/p>\n<p data-start=\"2034\" data-end=\"2190\">Follow us! <a href=\"https:\/\/www.instagram.com\/freeshopswiss\/\" target=\"_blank\" rel=\"noopener\">@freeshopswiss\u00a0<\/a><\/p>\n","protected":false},"excerpt":{"rendered":"<p>Der GROWTH BOMB Supercharge Spray Restorage &amp; Refresh ist ein praktisches Leave-in-Treatment f\u00fcr alle, die ihre Kopfhaut stimulieren, das Haar erfrischen und das nat\u00fcrliche Wachstum f\u00f6rdern m\u00f6chten \u2013 schnell, einfach und effektiv. Mit einer kraftvollen Mischung aus nat\u00fcrlichen, energiespendenden Inhaltsstoffen ist dieses Spray der t\u00e4gliche Energieschub f\u00fcr st\u00e4rkeres, ges\u00fcnderes Haar. Im Mittelpunkt steht Guaran\u00e1, eine [&hellip;]<\/p>\n","protected":false},"featured_media":30288,"comment_status":"open","ping_status":"closed","template":"","meta":[],"pwb-brand":[999],"product_brand":[],"product_cat":[292,111,543],"product_tag":[419,293,420],"class_list":{"0":"post-30297","1":"product","2":"type-product","3":"status-publish","4":"has-post-thumbnail","6":"pwb-brand-growth-bomb","7":"product_cat-behandlungen","8":"product_cat-fur-sie-de","9":"product_cat-haarbehandlung","10":"product_tag-behandlungen-de","11":"product_tag-frau","12":"product_tag-haarbehandlung-de","14":"first","15":"outofstock","16":"taxable","17":"shipping-taxable","18":"purchasable","19":"product-type-simple"},"brands":[{"id":999,"name":"Growth Bomb","slug":"growth-bomb"}],"_links":{"self":[{"href":"https:\/\/www.freeshopfrontiera.ch\/de\/wp-json\/wp\/v2\/product\/30297","targetHints":{"allow":["GET"]}}],"collection":[{"href":"https:\/\/www.freeshopfrontiera.ch\/de\/wp-json\/wp\/v2\/product"}],"about":[{"href":"https:\/\/www.freeshopfrontiera.ch\/de\/wp-json\/wp\/v2\/types\/product"}],"replies":[{"embeddable":true,"href":"https:\/\/www.freeshopfrontiera.ch\/de\/wp-json\/wp\/v2\/comments?post=30297"}],"version-history":[{"count":2,"href":"https:\/\/www.freeshopfrontiera.ch\/de\/wp-json\/wp\/v2\/product\/30297\/revisions"}],"predecessor-version":[{"id":30304,"href":"https:\/\/www.freeshopfrontiera.ch\/de\/wp-json\/wp\/v2\/product\/30297\/revisions\/30304"}],"wp:featuredmedia":[{"embeddable":true,"href":"https:\/\/www.freeshopfrontiera.ch\/de\/wp-json\/wp\/v2\/media\/30288"}],"wp:attachment":[{"href":"https:\/\/www.freeshopfrontiera.ch\/de\/wp-json\/wp\/v2\/media?parent=30297"}],"wp:term":[{"taxonomy":"pwb-brand","embeddable":true,"href":"https:\/\/www.freeshopfrontiera.ch\/de\/wp-json\/wp\/v2\/pwb-brand?post=30297"},{"taxonomy":"product_brand","embeddable":true,"href":"https:\/\/www.freeshopfrontiera.ch\/de\/wp-json\/wp\/v2\/product_brand?post=30297"},{"taxonomy":"product_cat","embeddable":true,"href":"https:\/\/www.freeshopfrontiera.ch\/de\/wp-json\/wp\/v2\/product_cat?post=30297"},{"taxonomy":"product_tag","embeddable":true,"href":"https:\/\/www.freeshopfrontiera.ch\/de\/wp-json\/wp\/v2\/product_tag?post=30297"}],"curies":[{"name":"wp","href":"https:\/\/api.w.org\/{rel}","templated":true}]}}