{"id":30330,"date":"2025-05-14T13:47:44","date_gmt":"2025-05-14T13:47:44","guid":{"rendered":"https:\/\/www.freeshopfrontiera.ch\/shop\/roundlab-dokdo-cleanser-150ml\/"},"modified":"2025-05-14T13:56:18","modified_gmt":"2025-05-14T13:56:18","slug":"roundlab-dokdo-cleanser-150ml","status":"publish","type":"product","link":"https:\/\/www.freeshopfrontiera.ch\/de\/shop\/roundlab-dokdo-cleanser-150ml\/","title":{"rendered":"ROUNDLAB Dokdo Cleanser 150ml"},"content":{"rendered":"<p class=\"\" data-start=\"1853\" data-end=\"2165\">Der <strong data-start=\"1857\" data-end=\"1884\">ROUNDLAB Dokdo Cleanser<\/strong> ist ein sanfter, aber wirkungsvoller Gesichtsreiniger, der die Haut <strong data-start=\"1953\" data-end=\"1998\">gr\u00fcndlich reinigt, ohne sie auszutrocknen<\/strong>. Angereichert mit <strong data-start=\"2017\" data-end=\"2075\">mineralstoffreichem Tiefseewasser von den Dokdo-Inseln<\/strong>, bietet er eine erfrischende, ausgleichende Reinigung \u2013 ideal auch f\u00fcr empfindliche Haut.<\/p>\n<p class=\"\" data-start=\"2167\" data-end=\"2513\">Dank seines <strong data-start=\"2179\" data-end=\"2205\">leicht sauren pH-Werts<\/strong>, der dem nat\u00fcrlichen pH-Wert der Haut \u00e4hnelt, unterst\u00fctzt er eine gesunde Hautbarriere und beugt Trockenheit, Spannungsgef\u00fchlen und Reizungen vor. Der cremige, feine Schaum entfernt zuverl\u00e4ssig <strong data-start=\"2400\" data-end=\"2455\">Unreinheiten, \u00fcbersch\u00fcssigen Talg und Make-up-Reste<\/strong>, w\u00e4hrend die Haut weich, rein und erfrischt zur\u00fcckbleibt.<\/p>\n<p class=\"\" data-start=\"2515\" data-end=\"2852\">Beruhigende und feuchtigkeitsspendende Inhaltsstoffe wie <strong data-start=\"2572\" data-end=\"2612\">Panthenol, Allantoin und Beta-Glucan<\/strong> pflegen die Haut zus\u00e4tzlich und st\u00e4rken ihre Widerstandsf\u00e4higkeit gegen\u00fcber \u00e4u\u00dferen Einfl\u00fcssen. Die Formel ist <strong data-start=\"2724\" data-end=\"2796\">frei von Alkohol, Parabenen, Mineral\u00f6len und k\u00fcnstlichen Duftstoffen<\/strong> \u2013 ideal f\u00fcr alle Hauttypen, auch f\u00fcr sehr empfindliche.<\/p>\n<p class=\"\" data-start=\"2854\" data-end=\"2942\"><strong data-start=\"2854\" data-end=\"2867\">Ideal f\u00fcr<\/strong>: t\u00e4gliche Reinigung, Double Cleansing, empfindliche oder dehydrierte Haut.<\/p>\n<p class=\"\" data-start=\"2944\" data-end=\"2963\"><strong data-start=\"2944\" data-end=\"2961\">Hauptvorteile<\/strong><\/p>\n<ul data-start=\"2964\" data-end=\"3195\">\n<li class=\"\" data-start=\"2964\" data-end=\"3011\">\n<p class=\"\" data-start=\"2966\" data-end=\"3011\">pH-ausgewogen f\u00fcr eine gesunde Hautbarriere<\/p>\n<\/li>\n<li class=\"\" data-start=\"3012\" data-end=\"3053\">\n<p class=\"\" data-start=\"3014\" data-end=\"3053\">Reinigt gr\u00fcndlich, ohne auszutrocknen<\/p>\n<\/li>\n<li class=\"\" data-start=\"3054\" data-end=\"3101\">\n<p class=\"\" data-start=\"3056\" data-end=\"3101\">Mit mineralhaltigem Tiefseewasser aus Dokdo<\/p>\n<\/li>\n<li class=\"\" data-start=\"3102\" data-end=\"3148\">\n<p class=\"\" data-start=\"3104\" data-end=\"3148\">Beruhigt, spendet Feuchtigkeit und sch\u00fctzt<\/p>\n<\/li>\n<li class=\"\" data-start=\"3149\" data-end=\"3195\">\n<p class=\"\" data-start=\"3151\" data-end=\"3195\">Saubere Formel ohne reizende Inhaltsstoffe<\/p>\n<\/li>\n<\/ul>\n<p class=\"\" data-start=\"3197\" data-end=\"3336\">Mit dem <strong data-start=\"3205\" data-end=\"3232\">ROUNDLAB Dokdo Cleanser<\/strong> wird Ihre t\u00e4gliche Reinigung zu einem sanften Pflegeerlebnis f\u00fcr klare, gesunde und hydratisierte Haut.<\/p>\n<p data-start=\"1702\" data-end=\"1896\">Follow us! <a href=\"https:\/\/www.instagram.com\/freeshopswiss\/\" target=\"_blank\" rel=\"noopener\">@freeshopswiss\u00a0<\/a><\/p>\n","protected":false},"excerpt":{"rendered":"<p>Der ROUNDLAB Dokdo Cleanser ist ein sanfter, aber wirkungsvoller Gesichtsreiniger, der die Haut gr\u00fcndlich reinigt, ohne sie auszutrocknen. Angereichert mit mineralstoffreichem Tiefseewasser von den Dokdo-Inseln, bietet er eine erfrischende, ausgleichende Reinigung \u2013 ideal auch f\u00fcr empfindliche Haut. Dank seines leicht sauren pH-Werts, der dem nat\u00fcrlichen pH-Wert der Haut \u00e4hnelt, unterst\u00fctzt er eine gesunde Hautbarriere und [&hellip;]<\/p>\n","protected":false},"featured_media":30326,"comment_status":"open","ping_status":"closed","template":"","meta":[],"pwb-brand":[1001],"product_brand":[],"product_cat":[292,111,546,3769],"product_tag":[419,293,300,3612],"class_list":{"0":"post-30330","1":"product","2":"type-product","3":"status-publish","4":"has-post-thumbnail","6":"pwb-brand-roundlab","7":"product_cat-behandlungen","8":"product_cat-fur-sie-de","9":"product_cat-gesichtsbehandlung","10":"product_cat-k-beauty-de","11":"product_tag-behandlungen-de","12":"product_tag-frau","13":"product_tag-gesichtsbehandlungen","14":"product_tag-k-beauty-de","16":"first","17":"outofstock","18":"sale","19":"taxable","20":"shipping-taxable","21":"purchasable","22":"product-type-simple"},"brands":[{"id":1001,"name":"Roundlab","slug":"roundlab"}],"_links":{"self":[{"href":"https:\/\/www.freeshopfrontiera.ch\/de\/wp-json\/wp\/v2\/product\/30330","targetHints":{"allow":["GET"]}}],"collection":[{"href":"https:\/\/www.freeshopfrontiera.ch\/de\/wp-json\/wp\/v2\/product"}],"about":[{"href":"https:\/\/www.freeshopfrontiera.ch\/de\/wp-json\/wp\/v2\/types\/product"}],"replies":[{"embeddable":true,"href":"https:\/\/www.freeshopfrontiera.ch\/de\/wp-json\/wp\/v2\/comments?post=30330"}],"version-history":[{"count":2,"href":"https:\/\/www.freeshopfrontiera.ch\/de\/wp-json\/wp\/v2\/product\/30330\/revisions"}],"predecessor-version":[{"id":30339,"href":"https:\/\/www.freeshopfrontiera.ch\/de\/wp-json\/wp\/v2\/product\/30330\/revisions\/30339"}],"wp:featuredmedia":[{"embeddable":true,"href":"https:\/\/www.freeshopfrontiera.ch\/de\/wp-json\/wp\/v2\/media\/30326"}],"wp:attachment":[{"href":"https:\/\/www.freeshopfrontiera.ch\/de\/wp-json\/wp\/v2\/media?parent=30330"}],"wp:term":[{"taxonomy":"pwb-brand","embeddable":true,"href":"https:\/\/www.freeshopfrontiera.ch\/de\/wp-json\/wp\/v2\/pwb-brand?post=30330"},{"taxonomy":"product_brand","embeddable":true,"href":"https:\/\/www.freeshopfrontiera.ch\/de\/wp-json\/wp\/v2\/product_brand?post=30330"},{"taxonomy":"product_cat","embeddable":true,"href":"https:\/\/www.freeshopfrontiera.ch\/de\/wp-json\/wp\/v2\/product_cat?post=30330"},{"taxonomy":"product_tag","embeddable":true,"href":"https:\/\/www.freeshopfrontiera.ch\/de\/wp-json\/wp\/v2\/product_tag?post=30330"}],"curies":[{"name":"wp","href":"https:\/\/api.w.org\/{rel}","templated":true}]}}