{"id":30350,"date":"2025-05-14T14:06:27","date_gmt":"2025-05-14T14:06:27","guid":{"rendered":"https:\/\/www.freeshopfrontiera.ch\/shop\/roundlab-dokdo-toner-200ml\/"},"modified":"2025-05-14T14:16:44","modified_gmt":"2025-05-14T14:16:44","slug":"roundlab-dokdo-toner-200ml","status":"publish","type":"product","link":"https:\/\/www.freeshopfrontiera.ch\/de\/shop\/roundlab-dokdo-toner-200ml\/","title":{"rendered":"ROUNDLAB Dokdo Toner 200ml"},"content":{"rendered":"<p class=\"\" data-start=\"1812\" data-end=\"2137\">Der <strong data-start=\"1816\" data-end=\"1840\">ROUNDLAB Dokdo Toner<\/strong> ist ein erfrischender, sanfter Gesichtstoner, der sich f\u00fcr alle Hauttypen eignet \u2013 auch f\u00fcr empfindliche Haut. Er enth\u00e4lt <strong data-start=\"1963\" data-end=\"2021\">mineralstoffreiches Tiefseewasser von den Dokdo-Inseln<\/strong>, das hilft, die Haut nach der Reinigung zu <strong data-start=\"2065\" data-end=\"2136\">beruhigen, auszugleichen und intensiv mit Feuchtigkeit zu versorgen<\/strong>.<\/p>\n<p class=\"\" data-start=\"2139\" data-end=\"2428\">Mit seinem <strong data-start=\"2150\" data-end=\"2175\">leicht sauren pH-Wert<\/strong> unterst\u00fctzt er die nat\u00fcrliche Hautbarriere und beugt Irritationen vor. Die leichte Formel enth\u00e4lt wirksame Inhaltsstoffe wie <strong data-start=\"2301\" data-end=\"2314\">Panthenol<\/strong>, <strong data-start=\"2316\" data-end=\"2327\">Betaine<\/strong> und <strong data-start=\"2332\" data-end=\"2345\">Allantoin<\/strong>, die f\u00fcr ihre beruhigenden und feuchtigkeitsspendenden Eigenschaften bekannt sind.<\/p>\n<p class=\"\" data-start=\"2430\" data-end=\"2689\">Ideal als erster Schritt in der Pflegeroutine, verbessert dieser Toner die Aufnahme der nachfolgenden Produkte und maximiert ihre Wirkung. Die w\u00e4ssrige Textur zieht schnell ein und hinterl\u00e4sst ein erfrischtes, hydratisiertes Hautgef\u00fchl \u2013 ganz ohne R\u00fcckst\u00e4nde.<\/p>\n<p class=\"\" data-start=\"2691\" data-end=\"2768\"><strong data-start=\"2691\" data-end=\"2704\">Ideal f\u00fcr<\/strong>: empfindliche, feuchtigkeitsarme, Mischhaut oder gereizte Haut.<\/p>\n<p class=\"\" data-start=\"2770\" data-end=\"2789\"><strong data-start=\"2770\" data-end=\"2787\">Hauptvorteile<\/strong><\/p>\n<ul data-start=\"2790\" data-end=\"3095\">\n<li class=\"\" data-start=\"2790\" data-end=\"2845\">\n<p class=\"\" data-start=\"2792\" data-end=\"2845\">pH-ausgeglichener Toner zum Schutz der Hautbarriere<\/p>\n<\/li>\n<li class=\"\" data-start=\"2846\" data-end=\"2902\">\n<p class=\"\" data-start=\"2848\" data-end=\"2902\">Spendet Feuchtigkeit und beruhigt nach der Reinigung<\/p>\n<\/li>\n<li class=\"\" data-start=\"2903\" data-end=\"2949\">\n<p class=\"\" data-start=\"2905\" data-end=\"2949\">Mit mineralreichem Tiefseewasser aus Dokdo<\/p>\n<\/li>\n<li class=\"\" data-start=\"2950\" data-end=\"3007\">\n<p class=\"\" data-start=\"2952\" data-end=\"3007\">Beruhigt und bereitet die Haut optimal auf Pflege vor<\/p>\n<\/li>\n<li class=\"\" data-start=\"3008\" data-end=\"3067\">\n<p class=\"\" data-start=\"3010\" data-end=\"3067\">Leichte Formel, alkoholfrei, ohne k\u00fcnstliche Duftstoffe<\/p>\n<\/li>\n<li class=\"\" data-start=\"3068\" data-end=\"3095\">\n<p class=\"\" data-start=\"3070\" data-end=\"3095\">Dermatologisch getestet<\/p>\n<\/li>\n<\/ul>\n<p class=\"\" data-start=\"3097\" data-end=\"3239\">Mit dem <strong data-start=\"3105\" data-end=\"3129\">ROUNDLAB Dokdo Toner<\/strong> wird Ihre Pflegeroutine zum ausgleichenden Frischemoment f\u00fcr eine gesunde, hydratisierte und strahlende Haut. Der <strong data-start=\"1816\" data-end=\"1840\">ROUNDLAB Dokdo Toner<\/strong> ist ein erfrischender, sanfter Gesichtstoner, der sich f\u00fcr alle Hauttypen eignet \u2013 auch f\u00fcr empfindliche Haut.<\/p>\n<p data-start=\"1724\" data-end=\"1885\">Follow us! <a href=\"https:\/\/www.instagram.com\/freeshopswiss\/\" target=\"_blank\" rel=\"noopener\">@freeshopswiss\u00a0<\/a><\/p>\n","protected":false},"excerpt":{"rendered":"<p>Der ROUNDLAB Dokdo Toner ist ein erfrischender, sanfter Gesichtstoner, der sich f\u00fcr alle Hauttypen eignet \u2013 auch f\u00fcr empfindliche Haut. Er enth\u00e4lt mineralstoffreiches Tiefseewasser von den Dokdo-Inseln, das hilft, die Haut nach der Reinigung zu beruhigen, auszugleichen und intensiv mit Feuchtigkeit zu versorgen. Mit seinem leicht sauren pH-Wert unterst\u00fctzt er die nat\u00fcrliche Hautbarriere und beugt [&hellip;]<\/p>\n","protected":false},"featured_media":30345,"comment_status":"open","ping_status":"closed","template":"","meta":[],"pwb-brand":[1001],"product_brand":[],"product_cat":[292,111,546,3769],"product_tag":[419,293,300,3612],"class_list":{"0":"post-30350","1":"product","2":"type-product","3":"status-publish","4":"has-post-thumbnail","6":"pwb-brand-roundlab","7":"product_cat-behandlungen","8":"product_cat-fur-sie-de","9":"product_cat-gesichtsbehandlung","10":"product_cat-k-beauty-de","11":"product_tag-behandlungen-de","12":"product_tag-frau","13":"product_tag-gesichtsbehandlungen","14":"product_tag-k-beauty-de","16":"first","17":"outofstock","18":"sale","19":"taxable","20":"shipping-taxable","21":"purchasable","22":"product-type-simple"},"brands":[{"id":1001,"name":"Roundlab","slug":"roundlab"}],"_links":{"self":[{"href":"https:\/\/www.freeshopfrontiera.ch\/de\/wp-json\/wp\/v2\/product\/30350","targetHints":{"allow":["GET"]}}],"collection":[{"href":"https:\/\/www.freeshopfrontiera.ch\/de\/wp-json\/wp\/v2\/product"}],"about":[{"href":"https:\/\/www.freeshopfrontiera.ch\/de\/wp-json\/wp\/v2\/types\/product"}],"replies":[{"embeddable":true,"href":"https:\/\/www.freeshopfrontiera.ch\/de\/wp-json\/wp\/v2\/comments?post=30350"}],"version-history":[{"count":2,"href":"https:\/\/www.freeshopfrontiera.ch\/de\/wp-json\/wp\/v2\/product\/30350\/revisions"}],"predecessor-version":[{"id":30355,"href":"https:\/\/www.freeshopfrontiera.ch\/de\/wp-json\/wp\/v2\/product\/30350\/revisions\/30355"}],"wp:featuredmedia":[{"embeddable":true,"href":"https:\/\/www.freeshopfrontiera.ch\/de\/wp-json\/wp\/v2\/media\/30345"}],"wp:attachment":[{"href":"https:\/\/www.freeshopfrontiera.ch\/de\/wp-json\/wp\/v2\/media?parent=30350"}],"wp:term":[{"taxonomy":"pwb-brand","embeddable":true,"href":"https:\/\/www.freeshopfrontiera.ch\/de\/wp-json\/wp\/v2\/pwb-brand?post=30350"},{"taxonomy":"product_brand","embeddable":true,"href":"https:\/\/www.freeshopfrontiera.ch\/de\/wp-json\/wp\/v2\/product_brand?post=30350"},{"taxonomy":"product_cat","embeddable":true,"href":"https:\/\/www.freeshopfrontiera.ch\/de\/wp-json\/wp\/v2\/product_cat?post=30350"},{"taxonomy":"product_tag","embeddable":true,"href":"https:\/\/www.freeshopfrontiera.ch\/de\/wp-json\/wp\/v2\/product_tag?post=30350"}],"curies":[{"name":"wp","href":"https:\/\/api.w.org\/{rel}","templated":true}]}}