{"id":30365,"date":"2025-05-14T14:30:09","date_gmt":"2025-05-14T14:30:09","guid":{"rendered":"https:\/\/www.freeshopfrontiera.ch\/shop\/roundlab-birch-juice-sun-cream-50ml\/"},"modified":"2025-05-14T14:40:40","modified_gmt":"2025-05-14T14:40:40","slug":"roundlab-birch-juice-sun-cream-50ml","status":"publish","type":"product","link":"https:\/\/www.freeshopfrontiera.ch\/de\/shop\/roundlab-birch-juice-sun-cream-50ml\/","title":{"rendered":"ROUNDLAB Birch Juice Sun Cream 50ml"},"content":{"rendered":"<p class=\"\" data-start=\"1835\" data-end=\"2215\">Die <strong data-start=\"1839\" data-end=\"1873\">ROUNDLAB Birch Juice Sun Cream<\/strong> ist eine breitbandige Gesichts-Sonnencreme mit <strong data-start=\"1921\" data-end=\"1938\">SPF50+ PA++++<\/strong>, angereichert mit <strong data-start=\"1957\" data-end=\"1971\">Birkensaft<\/strong>, um die Haut intensiv zu <strong data-start=\"1997\" data-end=\"2069\">befeuchten, zu beruhigen und gleichzeitig vor UV-Sch\u00e4den zu sch\u00fctzen<\/strong>. Sie vereint wirksamen Sonnenschutz mit sanfter Hautpflege in einer <strong data-start=\"2138\" data-end=\"2180\">leichten, angenehm zu tragenden Textur<\/strong>, ideal f\u00fcr den t\u00e4glichen Gebrauch.<\/p>\n<p class=\"\" data-start=\"2217\" data-end=\"2585\"><strong data-start=\"2217\" data-end=\"2231\">Birkensaft<\/strong> ist bekannt f\u00fcr seine regenerierenden und ausgleichenden Eigenschaften. Er st\u00e4rkt die Hautbarriere, verbessert die Elastizit\u00e4t und verleiht der Haut ein gesundes Strahlen. Die Formel enth\u00e4lt zus\u00e4tzlich <strong data-start=\"2434\" data-end=\"2448\">Niacinamid<\/strong> und <strong data-start=\"2453\" data-end=\"2470\">Hyalurons\u00e4ure<\/strong>, um die Haut intensiv zu durchfeuchten und den Teint zu verfeinern \u2013 <strong data-start=\"2540\" data-end=\"2584\">ohne fettigen Film oder wei\u00dfe R\u00fcckst\u00e4nde<\/strong>.<\/p>\n<p class=\"\" data-start=\"2587\" data-end=\"2824\">Die seidige Textur zieht schnell ein und eignet sich perfekt als Make-up-Grundlage oder als letzter Schritt der Pflegeroutine. Die sanfte Formel ist <strong data-start=\"2736\" data-end=\"2783\">alkoholfrei, parfumfrei und ohne Mineral\u00f6le<\/strong>, daher ideal auch f\u00fcr empfindliche Haut.<\/p>\n<p class=\"\" data-start=\"2826\" data-end=\"2929\"><strong data-start=\"2826\" data-end=\"2839\">Ideal f\u00fcr<\/strong>: t\u00e4glicher Gebrauch, trockene oder empfindliche Haut, Schutz in der Stadt oder im Freien.<\/p>\n<p class=\"\" data-start=\"2931\" data-end=\"2950\"><strong data-start=\"2931\" data-end=\"2948\">Hauptvorteile<\/strong><\/p>\n<ul data-start=\"2951\" data-end=\"3250\">\n<li class=\"\" data-start=\"2951\" data-end=\"2985\">\n<p class=\"\" data-start=\"2953\" data-end=\"2985\">Hoher UV-Schutz: SPF50+ PA++++<\/p>\n<\/li>\n<li class=\"\" data-start=\"2986\" data-end=\"3029\">\n<p class=\"\" data-start=\"2988\" data-end=\"3029\">Intensive Feuchtigkeit durch Birkensaft<\/p>\n<\/li>\n<li class=\"\" data-start=\"3030\" data-end=\"3083\">\n<p class=\"\" data-start=\"3032\" data-end=\"3083\">Leichte, nicht fettende Formel ohne Wei\u00dfel-Effekt<\/p>\n<\/li>\n<li class=\"\" data-start=\"3084\" data-end=\"3137\">\n<p class=\"\" data-start=\"3086\" data-end=\"3137\">Mit Niacinamid und Hyalurons\u00e4ure f\u00fcr extra Pflege<\/p>\n<\/li>\n<li class=\"\" data-start=\"3138\" data-end=\"3192\">\n<p class=\"\" data-start=\"3140\" data-end=\"3192\">Beruhigt die Haut und sch\u00fctzt vor Umwelteinfl\u00fcssen<\/p>\n<\/li>\n<li class=\"\" data-start=\"3193\" data-end=\"3250\">\n<p class=\"\" data-start=\"3195\" data-end=\"3250\">Dermatologisch getestet und besonders hautvertr\u00e4glich<\/p>\n<\/li>\n<\/ul>\n<p class=\"\" data-start=\"3252\" data-end=\"3398\">Mit der <strong data-start=\"3260\" data-end=\"3294\">ROUNDLAB Birch Juice Sun Cream<\/strong> erh\u00e4lt Ihre Haut t\u00e4glich Schutz und Pflege in einem Schritt \u2013 sanft, wirksam und angenehm auf der Haut.<\/p>\n<p data-start=\"3252\" data-end=\"3398\">\n<p data-start=\"1771\" data-end=\"1902\">Follow us! <a href=\"https:\/\/www.instagram.com\/freeshopswiss\/\" target=\"_blank\" rel=\"noopener\">@freeshopswiss\u00a0<\/a><\/p>\n","protected":false},"excerpt":{"rendered":"<p>Die ROUNDLAB Birch Juice Sun Cream ist eine breitbandige Gesichts-Sonnencreme mit SPF50+ PA++++, angereichert mit Birkensaft, um die Haut intensiv zu befeuchten, zu beruhigen und gleichzeitig vor UV-Sch\u00e4den zu sch\u00fctzen. Sie vereint wirksamen Sonnenschutz mit sanfter Hautpflege in einer leichten, angenehm zu tragenden Textur, ideal f\u00fcr den t\u00e4glichen Gebrauch. Birkensaft ist bekannt f\u00fcr seine regenerierenden [&hellip;]<\/p>\n","protected":false},"featured_media":30361,"comment_status":"open","ping_status":"closed","template":"","meta":[],"pwb-brand":[1001],"product_brand":[],"product_cat":[292,86,111,3769,425],"product_tag":[419,293,953,3612,5051,554,492,5047],"class_list":{"0":"post-30365","1":"product","2":"type-product","3":"status-publish","4":"has-post-thumbnail","6":"pwb-brand-roundlab","7":"product_cat-behandlungen","8":"product_cat-fur-ihn-de","9":"product_cat-fur-sie-de","10":"product_cat-k-beauty-de","11":"product_cat-solari-de","12":"product_tag-behandlungen-de","13":"product_tag-frau","14":"product_tag-uomo-de","15":"product_tag-k-beauty-de","16":"product_tag-muttertag","17":"product_tag-sonnenschutzcreme","18":"product_tag-sonnenschutzmittel","19":"product_tag-unter-30-chf","21":"first","22":"instock","23":"sale","24":"taxable","25":"shipping-taxable","26":"purchasable","27":"product-type-simple"},"brands":[{"id":1001,"name":"Roundlab","slug":"roundlab"}],"_links":{"self":[{"href":"https:\/\/www.freeshopfrontiera.ch\/de\/wp-json\/wp\/v2\/product\/30365","targetHints":{"allow":["GET"]}}],"collection":[{"href":"https:\/\/www.freeshopfrontiera.ch\/de\/wp-json\/wp\/v2\/product"}],"about":[{"href":"https:\/\/www.freeshopfrontiera.ch\/de\/wp-json\/wp\/v2\/types\/product"}],"replies":[{"embeddable":true,"href":"https:\/\/www.freeshopfrontiera.ch\/de\/wp-json\/wp\/v2\/comments?post=30365"}],"version-history":[{"count":3,"href":"https:\/\/www.freeshopfrontiera.ch\/de\/wp-json\/wp\/v2\/product\/30365\/revisions"}],"predecessor-version":[{"id":30377,"href":"https:\/\/www.freeshopfrontiera.ch\/de\/wp-json\/wp\/v2\/product\/30365\/revisions\/30377"}],"wp:featuredmedia":[{"embeddable":true,"href":"https:\/\/www.freeshopfrontiera.ch\/de\/wp-json\/wp\/v2\/media\/30361"}],"wp:attachment":[{"href":"https:\/\/www.freeshopfrontiera.ch\/de\/wp-json\/wp\/v2\/media?parent=30365"}],"wp:term":[{"taxonomy":"pwb-brand","embeddable":true,"href":"https:\/\/www.freeshopfrontiera.ch\/de\/wp-json\/wp\/v2\/pwb-brand?post=30365"},{"taxonomy":"product_brand","embeddable":true,"href":"https:\/\/www.freeshopfrontiera.ch\/de\/wp-json\/wp\/v2\/product_brand?post=30365"},{"taxonomy":"product_cat","embeddable":true,"href":"https:\/\/www.freeshopfrontiera.ch\/de\/wp-json\/wp\/v2\/product_cat?post=30365"},{"taxonomy":"product_tag","embeddable":true,"href":"https:\/\/www.freeshopfrontiera.ch\/de\/wp-json\/wp\/v2\/product_tag?post=30365"}],"curies":[{"name":"wp","href":"https:\/\/api.w.org\/{rel}","templated":true}]}}