{"id":30386,"date":"2025-05-14T15:02:29","date_gmt":"2025-05-14T15:02:29","guid":{"rendered":"https:\/\/www.freeshopfrontiera.ch\/shop\/doctor-babor-microbiomic-awakening-eye-cream-15ml\/"},"modified":"2025-05-14T15:09:20","modified_gmt":"2025-05-14T15:09:20","slug":"doctor-babor-microbiomic-awakening-eye-cream-15ml","status":"publish","type":"product","link":"https:\/\/www.freeshopfrontiera.ch\/de\/shop\/doctor-babor-microbiomic-awakening-eye-cream-15ml\/","title":{"rendered":"DOCTOR BABOR MicroBiomic Awakening Eye Cream 15ml"},"content":{"rendered":"<p class=\"\" data-start=\"1707\" data-end=\"2042\">Die <strong data-start=\"1711\" data-end=\"1746\">MicroBiomic Awakening Eye Cream<\/strong> von <strong data-start=\"1751\" data-end=\"1767\">DOCTOR BABOR<\/strong> ist eine hochwirksame Augenpflege, die f\u00fcr ein <strong data-start=\"1815\" data-end=\"1881\">glatteres, frischeres und sichtbar erholteres Erscheinungsbild<\/strong> sorgt. Mit <strong data-start=\"1893\" data-end=\"1913\">5,8 % Niacinamid<\/strong> wirkt sie gezielt gegen Augenringe, Schwellungen und erste Zeichen von M\u00fcdigkeit und verbessert gleichzeitig die Hautfestigkeit.<\/p>\n<p class=\"\" data-start=\"2044\" data-end=\"2330\">Angereichert mit <strong data-start=\"2061\" data-end=\"2084\">Pr\u00e4- und Probiotika<\/strong> st\u00e4rkt sie das nat\u00fcrliche <strong data-start=\"2111\" data-end=\"2133\">Mikrobiom der Haut<\/strong>, das gerade im sensiblen Augenbereich f\u00fcr ein gesundes Gleichgewicht sorgt. Die beruhigende Wirkung reduziert R\u00f6tungen und Schwellungen, w\u00e4hrend die Haut sichtbar elastischer und strahlender wird.<\/p>\n<p class=\"\" data-start=\"2332\" data-end=\"2528\">Die leichte, seidige Textur zieht schnell ein, ohne zu fetten, und eignet sich ideal als Basis f\u00fcr Make-up. Dermatologisch getestet und <strong data-start=\"2468\" data-end=\"2499\">f\u00fcr alle Hauttypen geeignet<\/strong>, auch f\u00fcr empfindliche Haut.<\/p>\n<p class=\"\" data-start=\"2530\" data-end=\"2599\"><strong data-start=\"2530\" data-end=\"2543\">Ideal f\u00fcr<\/strong>: Augenringe, Schwellungen, m\u00fcde oder fahle Augenpartie.<\/p>\n<p class=\"\" data-start=\"2601\" data-end=\"2620\"><strong data-start=\"2601\" data-end=\"2618\">Hauptvorteile<\/strong><\/p>\n<ul data-start=\"2621\" data-end=\"2922\">\n<li class=\"\" data-start=\"2621\" data-end=\"2691\">\n<p class=\"\" data-start=\"2623\" data-end=\"2691\">5,8 % Niacinamid f\u00fcr einen gleichm\u00e4\u00dfigen Teint und mehr Festigkeit<\/p>\n<\/li>\n<li class=\"\" data-start=\"2692\" data-end=\"2740\">\n<p class=\"\" data-start=\"2694\" data-end=\"2740\">St\u00e4rkt das Mikrobiom mit Pr\u00e4- und Probiotika<\/p>\n<\/li>\n<li class=\"\" data-start=\"2741\" data-end=\"2789\">\n<p class=\"\" data-start=\"2743\" data-end=\"2789\">Mildert feine Linien und M\u00fcdigkeitsanzeichen<\/p>\n<\/li>\n<li class=\"\" data-start=\"2790\" data-end=\"2829\">\n<p class=\"\" data-start=\"2792\" data-end=\"2829\">Leichte, schnell einziehende Textur<\/p>\n<\/li>\n<li class=\"\" data-start=\"2830\" data-end=\"2890\">\n<p class=\"\" data-start=\"2832\" data-end=\"2890\">Dermatologisch getestet, auch f\u00fcr sensible Haut geeignet<\/p>\n<\/li>\n<li class=\"\" data-start=\"2891\" data-end=\"2922\">\n<p class=\"\" data-start=\"2893\" data-end=\"2922\">Ideal als Make-up-Unterlage<\/p>\n<\/li>\n<\/ul>\n<p class=\"\" data-start=\"2924\" data-end=\"3062\">Mit der <strong data-start=\"2932\" data-end=\"2980\">DOCTOR BABOR MicroBiomic Awakening Eye Cream<\/strong> wirkt Ihre Augenpartie sichtbar frischer, glatter und jugendlicher \u2013 Tag f\u00fcr Tag.<\/p>\n<p data-start=\"1635\" data-end=\"1794\">Follow us! <a href=\"https:\/\/www.instagram.com\/freeshopswiss\/\" target=\"_blank\" rel=\"noopener\">@freeshopswiss\u00a0<\/a><\/p>\n","protected":false},"excerpt":{"rendered":"<p>Die MicroBiomic Awakening Eye Cream von DOCTOR BABOR ist eine hochwirksame Augenpflege, die f\u00fcr ein glatteres, frischeres und sichtbar erholteres Erscheinungsbild sorgt. Mit 5,8 % Niacinamid wirkt sie gezielt gegen Augenringe, Schwellungen und erste Zeichen von M\u00fcdigkeit und verbessert gleichzeitig die Hautfestigkeit. Angereichert mit Pr\u00e4- und Probiotika st\u00e4rkt sie das nat\u00fcrliche Mikrobiom der Haut, das [&hellip;]<\/p>\n","protected":false},"featured_media":30382,"comment_status":"open","ping_status":"closed","template":"","meta":[],"pwb-brand":[808],"product_brand":[],"product_cat":[292,111,549],"product_tag":[478,419,293],"class_list":{"0":"post-30386","1":"product","2":"type-product","3":"status-publish","4":"has-post-thumbnail","6":"pwb-brand-babor","7":"product_cat-behandlungen","8":"product_cat-fur-sie-de","9":"product_cat-augenpflegebehandlung","10":"product_tag-augenbehandlungen","11":"product_tag-behandlungen-de","12":"product_tag-frau","14":"first","15":"instock","16":"sale","17":"taxable","18":"shipping-taxable","19":"purchasable","20":"product-type-simple"},"brands":[{"id":808,"name":"Babor","slug":"babor"}],"_links":{"self":[{"href":"https:\/\/www.freeshopfrontiera.ch\/de\/wp-json\/wp\/v2\/product\/30386","targetHints":{"allow":["GET"]}}],"collection":[{"href":"https:\/\/www.freeshopfrontiera.ch\/de\/wp-json\/wp\/v2\/product"}],"about":[{"href":"https:\/\/www.freeshopfrontiera.ch\/de\/wp-json\/wp\/v2\/types\/product"}],"replies":[{"embeddable":true,"href":"https:\/\/www.freeshopfrontiera.ch\/de\/wp-json\/wp\/v2\/comments?post=30386"}],"version-history":[{"count":1,"href":"https:\/\/www.freeshopfrontiera.ch\/de\/wp-json\/wp\/v2\/product\/30386\/revisions"}],"predecessor-version":[{"id":30390,"href":"https:\/\/www.freeshopfrontiera.ch\/de\/wp-json\/wp\/v2\/product\/30386\/revisions\/30390"}],"wp:featuredmedia":[{"embeddable":true,"href":"https:\/\/www.freeshopfrontiera.ch\/de\/wp-json\/wp\/v2\/media\/30382"}],"wp:attachment":[{"href":"https:\/\/www.freeshopfrontiera.ch\/de\/wp-json\/wp\/v2\/media?parent=30386"}],"wp:term":[{"taxonomy":"pwb-brand","embeddable":true,"href":"https:\/\/www.freeshopfrontiera.ch\/de\/wp-json\/wp\/v2\/pwb-brand?post=30386"},{"taxonomy":"product_brand","embeddable":true,"href":"https:\/\/www.freeshopfrontiera.ch\/de\/wp-json\/wp\/v2\/product_brand?post=30386"},{"taxonomy":"product_cat","embeddable":true,"href":"https:\/\/www.freeshopfrontiera.ch\/de\/wp-json\/wp\/v2\/product_cat?post=30386"},{"taxonomy":"product_tag","embeddable":true,"href":"https:\/\/www.freeshopfrontiera.ch\/de\/wp-json\/wp\/v2\/product_tag?post=30386"}],"curies":[{"name":"wp","href":"https:\/\/api.w.org\/{rel}","templated":true}]}}