{"id":30400,"date":"2025-05-14T15:25:30","date_gmt":"2025-05-14T15:25:30","guid":{"rendered":"https:\/\/www.freeshopfrontiera.ch\/shop\/doctor-babor-microbiomic-clay-multi-cleanser-75ml\/"},"modified":"2025-05-14T15:34:45","modified_gmt":"2025-05-14T15:34:45","slug":"doctor-babor-microbiomic-clay-multi-cleanser-75ml","status":"publish","type":"product","link":"https:\/\/www.freeshopfrontiera.ch\/de\/shop\/doctor-babor-microbiomic-clay-multi-cleanser-75ml\/","title":{"rendered":"DOCTOR BABOR MicroBiomic Clay Multi-Cleanser 75ml"},"content":{"rendered":"<p class=\"\" data-start=\"2332\" data-end=\"2768\">Der <strong data-start=\"2336\" data-end=\"2384\">DOCTOR BABOR MicroBiomic Clay Multi-Cleanser<\/strong> ist ein innovatives Hautpflegeprodukt, das eine <strong data-start=\"2433\" data-end=\"2509\">intensive Reinigung mit der Pflege eines mikrobiomfreundlichen Komplexes<\/strong> kombiniert. Mit einem Gehalt von <strong data-start=\"2543\" data-end=\"2566\">10 % Kaolin-Tonerde<\/strong>, bekannt f\u00fcr seine reinigenden und talgregulierenden Eigenschaften, entfernt er effektiv \u00fcbersch\u00fcssigen Talg, Schmutz und Umweltr\u00fcckst\u00e4nde \u2013 ohne die Hautbarriere zu st\u00f6ren oder die Haut auszutrocknen.<\/p>\n<p class=\"\" data-start=\"2770\" data-end=\"3152\">Dank des enthaltenen <strong data-start=\"2791\" data-end=\"2838\">Mikrobiom-Komplexes aus Pr\u00e4- und Probiotika<\/strong> unterst\u00fctzt der Cleanser das nat\u00fcrliche Gleichgewicht der Hautflora. Dies hilft, Unreinheiten zu reduzieren, Irritationen zu beruhigen und das gesamte Hautbild zu verbessern. Anders als viele Tonerdeprodukte trocknet er die Haut nicht aus, sondern sorgt f\u00fcr ein angenehm gepflegtes und ausbalanciertes Hautgef\u00fchl.<\/p>\n<p class=\"\" data-start=\"3154\" data-end=\"3468\">Die vielseitige Formel eignet sich sowohl als <strong data-start=\"3200\" data-end=\"3222\">t\u00e4glicher Cleanser<\/strong> als auch als <strong data-start=\"3236\" data-end=\"3262\">tiefenreinigende Maske<\/strong>, die ein- bis zweimal pro Woche angewendet werden kann. Bei l\u00e4ngerer Einwirkzeit entfaltet die Tonerde ihre volle absorbierende Kraft, kl\u00e4rt die Poren und verleiht dem Teint neue Frische und Ebenm\u00e4\u00dfigkeit.<\/p>\n<p class=\"\" data-start=\"3470\" data-end=\"3631\">Ideal f\u00fcr <strong data-start=\"3480\" data-end=\"3537\">Mischhaut, fettige oder zu Unreinheiten neigende Haut<\/strong>, aber auch f\u00fcr empfindliche Haut geeignet dank der sanften und hautfreundlichen Formulierung.<\/p>\n<p class=\"\" data-start=\"3633\" data-end=\"3653\"><strong data-start=\"3633\" data-end=\"3650\">Hauptvorteile<\/strong>:<\/p>\n<ul data-start=\"3654\" data-end=\"4010\">\n<li class=\"\" data-start=\"3654\" data-end=\"3721\">\n<p class=\"\" data-start=\"3656\" data-end=\"3721\">10 % Kaolin-Tonerde zur porentiefen Reinigung und Talgkontrolle<\/p>\n<\/li>\n<li class=\"\" data-start=\"3722\" data-end=\"3796\">\n<p class=\"\" data-start=\"3724\" data-end=\"3796\">Unterst\u00fctzt das Gleichgewicht des Mikrobioms durch Pr\u00e4- und Probiotika<\/p>\n<\/li>\n<li class=\"\" data-start=\"3797\" data-end=\"3864\">\n<p class=\"\" data-start=\"3799\" data-end=\"3864\">Als Cleanser und Maske verwendbar \u2013 f\u00fcr eine flexible Anwendung<\/p>\n<\/li>\n<li class=\"\" data-start=\"3865\" data-end=\"3906\">\n<p class=\"\" data-start=\"3867\" data-end=\"3906\">Cremige Textur, die nicht austrocknet<\/p>\n<\/li>\n<li class=\"\" data-start=\"3907\" data-end=\"3954\">\n<p class=\"\" data-start=\"3909\" data-end=\"3954\">Verfeinert das Hautbild und reduziert Glanz<\/p>\n<\/li>\n<li class=\"\" data-start=\"3955\" data-end=\"4010\">\n<p class=\"\" data-start=\"3957\" data-end=\"4010\">Dermatologisch getestet, auch f\u00fcr empfindliche Haut<\/p>\n<\/li>\n<\/ul>\n<p class=\"\" data-start=\"4012\" data-end=\"4203\">Der <strong data-start=\"4016\" data-end=\"4064\">DOCTOR BABOR MicroBiomic Clay Multi-Cleanser<\/strong> schenkt Ihrer Haut eine tiefenwirksame Reinigung mit gleichzeitiger Pflege und Schutz \u2013 f\u00fcr ein sichtbar reineres und ges\u00fcnderes Hautbild.<\/p>\n<p data-start=\"1645\" data-end=\"1805\">Follow us! <a href=\"https:\/\/www.instagram.com\/freeshopswiss\/\" target=\"_blank\" rel=\"noopener\">@freeshopswiss\u00a0<\/a><\/p>\n","protected":false},"excerpt":{"rendered":"<p>Der DOCTOR BABOR MicroBiomic Clay Multi-Cleanser ist ein innovatives Hautpflegeprodukt, das eine intensive Reinigung mit der Pflege eines mikrobiomfreundlichen Komplexes kombiniert. Mit einem Gehalt von 10 % Kaolin-Tonerde, bekannt f\u00fcr seine reinigenden und talgregulierenden Eigenschaften, entfernt er effektiv \u00fcbersch\u00fcssigen Talg, Schmutz und Umweltr\u00fcckst\u00e4nde \u2013 ohne die Hautbarriere zu st\u00f6ren oder die Haut auszutrocknen. Dank des [&hellip;]<\/p>\n","protected":false},"featured_media":30396,"comment_status":"open","ping_status":"closed","template":"","meta":[],"pwb-brand":[808],"product_brand":[],"product_cat":[292,111,546],"product_tag":[419,293,300],"class_list":{"0":"post-30400","1":"product","2":"type-product","3":"status-publish","4":"has-post-thumbnail","6":"pwb-brand-babor","7":"product_cat-behandlungen","8":"product_cat-fur-sie-de","9":"product_cat-gesichtsbehandlung","10":"product_tag-behandlungen-de","11":"product_tag-frau","12":"product_tag-gesichtsbehandlungen","14":"first","15":"instock","16":"sale","17":"taxable","18":"shipping-taxable","19":"purchasable","20":"product-type-simple"},"brands":[{"id":808,"name":"Babor","slug":"babor"}],"_links":{"self":[{"href":"https:\/\/www.freeshopfrontiera.ch\/de\/wp-json\/wp\/v2\/product\/30400","targetHints":{"allow":["GET"]}}],"collection":[{"href":"https:\/\/www.freeshopfrontiera.ch\/de\/wp-json\/wp\/v2\/product"}],"about":[{"href":"https:\/\/www.freeshopfrontiera.ch\/de\/wp-json\/wp\/v2\/types\/product"}],"replies":[{"embeddable":true,"href":"https:\/\/www.freeshopfrontiera.ch\/de\/wp-json\/wp\/v2\/comments?post=30400"}],"version-history":[{"count":2,"href":"https:\/\/www.freeshopfrontiera.ch\/de\/wp-json\/wp\/v2\/product\/30400\/revisions"}],"predecessor-version":[{"id":30405,"href":"https:\/\/www.freeshopfrontiera.ch\/de\/wp-json\/wp\/v2\/product\/30400\/revisions\/30405"}],"wp:featuredmedia":[{"embeddable":true,"href":"https:\/\/www.freeshopfrontiera.ch\/de\/wp-json\/wp\/v2\/media\/30396"}],"wp:attachment":[{"href":"https:\/\/www.freeshopfrontiera.ch\/de\/wp-json\/wp\/v2\/media?parent=30400"}],"wp:term":[{"taxonomy":"pwb-brand","embeddable":true,"href":"https:\/\/www.freeshopfrontiera.ch\/de\/wp-json\/wp\/v2\/pwb-brand?post=30400"},{"taxonomy":"product_brand","embeddable":true,"href":"https:\/\/www.freeshopfrontiera.ch\/de\/wp-json\/wp\/v2\/product_brand?post=30400"},{"taxonomy":"product_cat","embeddable":true,"href":"https:\/\/www.freeshopfrontiera.ch\/de\/wp-json\/wp\/v2\/product_cat?post=30400"},{"taxonomy":"product_tag","embeddable":true,"href":"https:\/\/www.freeshopfrontiera.ch\/de\/wp-json\/wp\/v2\/product_tag?post=30400"}],"curies":[{"name":"wp","href":"https:\/\/api.w.org\/{rel}","templated":true}]}}