{"id":30415,"date":"2025-05-14T15:45:23","date_gmt":"2025-05-14T15:45:23","guid":{"rendered":"https:\/\/www.freeshopfrontiera.ch\/shop\/doctor-babor-microbiomic-renewal-overnight-mask-75ml\/"},"modified":"2025-05-14T15:51:35","modified_gmt":"2025-05-14T15:51:35","slug":"doctor-babor-microbiomic-renewal-overnight-mask-75ml","status":"publish","type":"product","link":"https:\/\/www.freeshopfrontiera.ch\/de\/shop\/doctor-babor-microbiomic-renewal-overnight-mask-75ml\/","title":{"rendered":"DOCTOR BABOR MicroBiomic Renewal Overnight Mask 75ml"},"content":{"rendered":"<h3 class=\"\" data-start=\"3255\" data-end=\"3363\"><strong data-start=\"3264\" data-end=\"3363\">DOCTOR BABOR MicroBiomic Renewal Overnight Mask 75ml \u2013 Regenerierende Nachtmaske mit 9% Pro-NMF<\/strong><\/h3>\n<p class=\"\" data-start=\"3365\" data-end=\"3596\">Erleben Sie die Kraft der n\u00e4chtlichen Hauterneuerung mit der <strong data-start=\"3426\" data-end=\"3477\">DOCTOR BABOR MicroBiomic Renewal Overnight Mask<\/strong>, einer intensiven Gesichtsmaske zur Unterst\u00fctzung des Hautmikrobioms und f\u00fcr ein sichtbar erholtes Hautbild am Morgen.<\/p>\n<p class=\"\" data-start=\"3598\" data-end=\"3900\">Der hochwirksame <strong data-start=\"3615\" data-end=\"3648\">9% Pro-NMF Postbiotik-Komplex<\/strong> mit Apfelpektin und fermentierten Inhaltsstoffen st\u00e4rkt die Hautbarriere und unterst\u00fctzt den nat\u00fcrlichen Feuchtigkeitsfaktor (NMF). Ideal f\u00fcr trockene, m\u00fcde oder gestresste Haut \u2013 die Maske regeneriert w\u00e4hrend des Schlafs und schenkt neue Elastizit\u00e4t.<\/p>\n<p class=\"\" data-start=\"3902\" data-end=\"4241\">Angereichert mit <strong data-start=\"3919\" data-end=\"3947\">rotem Ahornrindenextrakt<\/strong>, einem nat\u00fcrlichen Antioxidans, sowie einer pflegenden Mischung aus <strong data-start=\"4016\" data-end=\"4037\">pflanzlichen \u00d6len<\/strong> (Sheabutter, Mandel-, Macadamia-, Argan- und Traubenkern\u00f6l) bietet die cremige Textur intensive Pflege und Schutz. Hyalurons\u00e4ure sorgt f\u00fcr langanhaltende Feuchtigkeit und ein pralles, glattes Hautgef\u00fchl.<\/p>\n<p class=\"\" data-start=\"4243\" data-end=\"4263\"><strong data-start=\"4243\" data-end=\"4261\">Hauptvorteile:<\/strong><\/p>\n<ul data-start=\"4264\" data-end=\"4522\">\n<li class=\"\" data-start=\"4264\" data-end=\"4305\">\n<p class=\"\" data-start=\"4266\" data-end=\"4305\">Tiefe und langanhaltende Feuchtigkeit<\/p>\n<\/li>\n<li class=\"\" data-start=\"4306\" data-end=\"4337\">\n<p class=\"\" data-start=\"4308\" data-end=\"4337\">St\u00e4rkung des Hautmikrobioms<\/p>\n<\/li>\n<li class=\"\" data-start=\"4338\" data-end=\"4376\">\n<p class=\"\" data-start=\"4340\" data-end=\"4376\">Antioxidativer Schutz &amp; Anti-Aging<\/p>\n<\/li>\n<li class=\"\" data-start=\"4377\" data-end=\"4419\">\n<p class=\"\" data-start=\"4379\" data-end=\"4419\">Reichhaltige Pflege bei trockener Haut<\/p>\n<\/li>\n<li class=\"\" data-start=\"4420\" data-end=\"4522\">\n<p class=\"\" data-start=\"4422\" data-end=\"4522\">Vegane Formel ohne Parabene, Silikone, Mineral\u00f6le, PEGs, Mikroplastik oder synthetische Duftstoffe<\/p>\n<\/li>\n<\/ul>\n<p class=\"\" data-start=\"4524\" data-end=\"4724\"><strong data-start=\"4524\" data-end=\"4538\">Anwendung:<\/strong> 1\u20132 Mal pro Woche auf die gereinigte Haut von Gesicht, Hals und Dekollet\u00e9 auftragen, Augenpartie aussparen. 10 Minuten einwirken lassen, Reste einmassieren und \u00fcber Nacht wirken lassen.<\/p>\n<p class=\"\" data-start=\"4726\" data-end=\"4833\">Starten Sie frisch und strahlend in den Tag \u2013 mit DOCTOR BABOR, der Maske, die \u00fcber Nacht f\u00fcr Sie arbeitet.<\/p>\n<p data-start=\"4726\" data-end=\"4833\">\n<p data-start=\"1794\" data-end=\"1893\">Follow us! <a href=\"https:\/\/www.instagram.com\/freeshopswiss\/\" target=\"_blank\" rel=\"noopener\">@freeshopswiss\u00a0<\/a><\/p>\n","protected":false},"excerpt":{"rendered":"<p>DOCTOR BABOR MicroBiomic Renewal Overnight Mask 75ml \u2013 Regenerierende Nachtmaske mit 9% Pro-NMF Erleben Sie die Kraft der n\u00e4chtlichen Hauterneuerung mit der DOCTOR BABOR MicroBiomic Renewal Overnight Mask, einer intensiven Gesichtsmaske zur Unterst\u00fctzung des Hautmikrobioms und f\u00fcr ein sichtbar erholtes Hautbild am Morgen. Der hochwirksame 9% Pro-NMF Postbiotik-Komplex mit Apfelpektin und fermentierten Inhaltsstoffen st\u00e4rkt die [&hellip;]<\/p>\n","protected":false},"featured_media":30411,"comment_status":"open","ping_status":"closed","template":"","meta":[],"pwb-brand":[808],"product_brand":[],"product_cat":[292,111,546],"product_tag":[419,293,300],"class_list":{"0":"post-30415","1":"product","2":"type-product","3":"status-publish","4":"has-post-thumbnail","6":"pwb-brand-babor","7":"product_cat-behandlungen","8":"product_cat-fur-sie-de","9":"product_cat-gesichtsbehandlung","10":"product_tag-behandlungen-de","11":"product_tag-frau","12":"product_tag-gesichtsbehandlungen","14":"first","15":"instock","16":"sale","17":"taxable","18":"shipping-taxable","19":"purchasable","20":"product-type-simple"},"brands":[{"id":808,"name":"Babor","slug":"babor"}],"_links":{"self":[{"href":"https:\/\/www.freeshopfrontiera.ch\/de\/wp-json\/wp\/v2\/product\/30415","targetHints":{"allow":["GET"]}}],"collection":[{"href":"https:\/\/www.freeshopfrontiera.ch\/de\/wp-json\/wp\/v2\/product"}],"about":[{"href":"https:\/\/www.freeshopfrontiera.ch\/de\/wp-json\/wp\/v2\/types\/product"}],"replies":[{"embeddable":true,"href":"https:\/\/www.freeshopfrontiera.ch\/de\/wp-json\/wp\/v2\/comments?post=30415"}],"version-history":[{"count":2,"href":"https:\/\/www.freeshopfrontiera.ch\/de\/wp-json\/wp\/v2\/product\/30415\/revisions"}],"predecessor-version":[{"id":30419,"href":"https:\/\/www.freeshopfrontiera.ch\/de\/wp-json\/wp\/v2\/product\/30415\/revisions\/30419"}],"wp:featuredmedia":[{"embeddable":true,"href":"https:\/\/www.freeshopfrontiera.ch\/de\/wp-json\/wp\/v2\/media\/30411"}],"wp:attachment":[{"href":"https:\/\/www.freeshopfrontiera.ch\/de\/wp-json\/wp\/v2\/media?parent=30415"}],"wp:term":[{"taxonomy":"pwb-brand","embeddable":true,"href":"https:\/\/www.freeshopfrontiera.ch\/de\/wp-json\/wp\/v2\/pwb-brand?post=30415"},{"taxonomy":"product_brand","embeddable":true,"href":"https:\/\/www.freeshopfrontiera.ch\/de\/wp-json\/wp\/v2\/product_brand?post=30415"},{"taxonomy":"product_cat","embeddable":true,"href":"https:\/\/www.freeshopfrontiera.ch\/de\/wp-json\/wp\/v2\/product_cat?post=30415"},{"taxonomy":"product_tag","embeddable":true,"href":"https:\/\/www.freeshopfrontiera.ch\/de\/wp-json\/wp\/v2\/product_tag?post=30415"}],"curies":[{"name":"wp","href":"https:\/\/api.w.org\/{rel}","templated":true}]}}