{"id":30592,"date":"2025-05-16T14:51:14","date_gmt":"2025-05-16T14:51:14","guid":{"rendered":"https:\/\/www.freeshopfrontiera.ch\/shop\/rabanne-million-gold-eau-de-parfum-intense\/"},"modified":"2025-05-16T15:04:36","modified_gmt":"2025-05-16T15:04:36","slug":"rabanne-million-gold-eau-de-parfum-intense","status":"publish","type":"product","link":"https:\/\/www.freeshopfrontiera.ch\/de\/shop\/rabanne-million-gold-eau-de-parfum-intense\/","title":{"rendered":"RABANNE Million Gold Eau de Parfum Intense"},"content":{"rendered":"<p class=\"\" data-start=\"2889\" data-end=\"3225\">Erlebe pure Ausstrahlung mit <strong data-start=\"2918\" data-end=\"2956\">Million Gold Eau de Parfum Intense<\/strong> von Rabanne. Ein sinnlicher, intensiver und luxuri\u00f6ser Duft f\u00fcr alle, die sich mit Stil und Selbstbewusstsein von der Masse abheben m\u00f6chten. Diese Neuinterpretation des ikonischen 1 Million ist noch reicher, tiefer und eleganter \u2013 eine echte Hommage an modernen Luxus.<\/p>\n<p class=\"\" data-start=\"3227\" data-end=\"3656\">Million Gold er\u00f6ffnet mit fruchtig-w\u00fcrzigen Noten, in denen <strong data-start=\"3287\" data-end=\"3300\">Mandarine<\/strong> auf <strong data-start=\"3305\" data-end=\"3323\">sonniges Amber<\/strong> trifft \u2013 ein leuchtender und magnetischer Auftakt. Im Herzen entfalten sich warme florale und gourmandige Akkorde, die f\u00fcr eine elegante und umh\u00fcllende Aura sorgen. Die Basisnote ist kraftvoll und langanhaltend, mit <strong data-start=\"3540\" data-end=\"3564\">amberartigen H\u00f6lzern<\/strong>, <strong data-start=\"3566\" data-end=\"3579\">Patchouli<\/strong> und <strong data-start=\"3584\" data-end=\"3595\">Vanille<\/strong>, die eine unvergessliche, raffinierte Duftspur hinterlassen.<\/p>\n<p class=\"\" data-start=\"3658\" data-end=\"3752\">Der ikonische goldene Flakon zeigt sich in neuem Glanz \u2013 ein Symbol f\u00fcr St\u00e4rke und Raffinesse.<\/p>\n<p class=\"\" data-start=\"3754\" data-end=\"3786\"><strong data-start=\"3754\" data-end=\"3784\">Darum wirst du ihn lieben:<\/strong><\/p>\n<ul data-start=\"3787\" data-end=\"4000\">\n<li class=\"\" data-start=\"3787\" data-end=\"3857\">\n<p class=\"\" data-start=\"3789\" data-end=\"3857\">Intensives Eau de Parfum mit warmen, w\u00fcrzigen und ambrierten Noten<\/p>\n<\/li>\n<li class=\"\" data-start=\"3858\" data-end=\"3900\">\n<p class=\"\" data-start=\"3860\" data-end=\"3900\">Ideal f\u00fcr Abende und besondere Anl\u00e4sse<\/p>\n<\/li>\n<li class=\"\" data-start=\"3901\" data-end=\"3963\">\n<p class=\"\" data-start=\"3903\" data-end=\"3963\">Sinnlich und langanhaltend \u2013 f\u00fcr einen bleibenden Eindruck<\/p>\n<\/li>\n<li class=\"\" data-start=\"3964\" data-end=\"4000\">\n<p class=\"\" data-start=\"3966\" data-end=\"4000\">Luxuri\u00f6ses und ikonisches Design<\/p>\n<\/li>\n<\/ul>\n<p class=\"\" data-start=\"4002\" data-end=\"4143\"><strong data-start=\"4002\" data-end=\"4034\">RABANNE Million Gold Intense<\/strong> ist mehr als nur ein Parfum \u2013 es ist ein Statement, ein Aufruf, jeden Tag mit Ausstrahlung und Mut zu leben.<\/p>\n<p data-start=\"1395\" data-end=\"1541\">Follow us! <a href=\"https:\/\/www.instagram.com\/freeshopswiss\/\" target=\"_blank\" rel=\"noopener\">@freeshopswiss\u00a0<\/a><\/p>\n","protected":false},"excerpt":{"rendered":"<p>Erlebe pure Ausstrahlung mit Million Gold Eau de Parfum Intense von Rabanne. Ein sinnlicher, intensiver und luxuri\u00f6ser Duft f\u00fcr alle, die sich mit Stil und Selbstbewusstsein von der Masse abheben m\u00f6chten. Diese Neuinterpretation des ikonischen 1 Million ist noch reicher, tiefer und eleganter \u2013 eine echte Hommage an modernen Luxus. Million Gold er\u00f6ffnet mit fruchtig-w\u00fcrzigen [&hellip;]<\/p>\n","protected":false},"featured_media":30574,"comment_status":"open","ping_status":"closed","template":"","meta":[],"pwb-brand":[378],"product_brand":[],"product_cat":[84],"product_tag":[790,952,254,293],"class_list":{"0":"post-30592","1":"product","2":"type-product","3":"status-publish","4":"has-post-thumbnail","6":"pwb-brand-rabanne","7":"product_cat-duefte","8":"product_tag-womens-fragrances-de","9":"product_tag-profumi-de","10":"product_tag-eau-de-parfum-de","11":"product_tag-frau","13":"first","14":"instock","15":"sale","16":"taxable","17":"shipping-taxable","18":"purchasable","19":"product-type-variable","20":"has-default-attributes"},"brands":[{"id":378,"name":"Rabanne","slug":"rabanne"}],"_links":{"self":[{"href":"https:\/\/www.freeshopfrontiera.ch\/de\/wp-json\/wp\/v2\/product\/30592","targetHints":{"allow":["GET"]}}],"collection":[{"href":"https:\/\/www.freeshopfrontiera.ch\/de\/wp-json\/wp\/v2\/product"}],"about":[{"href":"https:\/\/www.freeshopfrontiera.ch\/de\/wp-json\/wp\/v2\/types\/product"}],"replies":[{"embeddable":true,"href":"https:\/\/www.freeshopfrontiera.ch\/de\/wp-json\/wp\/v2\/comments?post=30592"}],"version-history":[{"count":1,"href":"https:\/\/www.freeshopfrontiera.ch\/de\/wp-json\/wp\/v2\/product\/30592\/revisions"}],"predecessor-version":[{"id":30599,"href":"https:\/\/www.freeshopfrontiera.ch\/de\/wp-json\/wp\/v2\/product\/30592\/revisions\/30599"}],"wp:featuredmedia":[{"embeddable":true,"href":"https:\/\/www.freeshopfrontiera.ch\/de\/wp-json\/wp\/v2\/media\/30574"}],"wp:attachment":[{"href":"https:\/\/www.freeshopfrontiera.ch\/de\/wp-json\/wp\/v2\/media?parent=30592"}],"wp:term":[{"taxonomy":"pwb-brand","embeddable":true,"href":"https:\/\/www.freeshopfrontiera.ch\/de\/wp-json\/wp\/v2\/pwb-brand?post=30592"},{"taxonomy":"product_brand","embeddable":true,"href":"https:\/\/www.freeshopfrontiera.ch\/de\/wp-json\/wp\/v2\/product_brand?post=30592"},{"taxonomy":"product_cat","embeddable":true,"href":"https:\/\/www.freeshopfrontiera.ch\/de\/wp-json\/wp\/v2\/product_cat?post=30592"},{"taxonomy":"product_tag","embeddable":true,"href":"https:\/\/www.freeshopfrontiera.ch\/de\/wp-json\/wp\/v2\/product_tag?post=30592"}],"curies":[{"name":"wp","href":"https:\/\/api.w.org\/{rel}","templated":true}]}}