{"id":30724,"date":"2025-05-19T11:57:23","date_gmt":"2025-05-19T11:57:23","guid":{"rendered":"https:\/\/www.freeshopfrontiera.ch\/shop\/mixsoon-bean-essence\/"},"modified":"2025-05-19T12:41:50","modified_gmt":"2025-05-19T12:41:50","slug":"mixsoon-bean-essence","status":"publish","type":"product","link":"https:\/\/www.freeshopfrontiera.ch\/de\/shop\/mixsoon-bean-essence\/","title":{"rendered":"MIXSOON Bean Essence"},"content":{"rendered":"<h3 class=\"\" data-start=\"3565\" data-end=\"3633\"><strong data-start=\"3574\" data-end=\"3633\">MIXSOON Bean Essence: Die Perfekte Pflege f\u00fcr Ihre Haut<\/strong><\/h3>\n<p class=\"\" data-start=\"3635\" data-end=\"3668\"><strong data-start=\"3635\" data-end=\"3668\">Was ist MIXSOON Bean Essence?<\/strong><\/p>\n<p class=\"\" data-start=\"3670\" data-end=\"3909\">Bean Essence ist ein innovatives Hautpflegeprodukt mit intensiven feuchtigkeitsspendenden und regenerierenden Eigenschaften. Die konzentrierte Formel ist ideal f\u00fcr alle, die sich eine strahlendere, elastischere und ges\u00fcndere Haut w\u00fcnschen.<\/p>\n<p class=\"\" data-start=\"3911\" data-end=\"3944\"><strong data-start=\"3911\" data-end=\"3944\">Eine Essenz mit Tiefenwirkung<\/strong><\/p>\n<p class=\"\" data-start=\"3946\" data-end=\"4214\">Dieses konzentrierte Pflegeprodukt nutzt Bohnenextrakt, um die Haut tiefgehend zu hydratisieren und zu n\u00e4hren. Die leichte Textur zieht schnell ein, ohne einen fettigen Film zu hinterlassen. Der praktische Flakon ist einfach anzuwenden und f\u00fcr alle Hauttypen geeignet.<\/p>\n<p class=\"\" data-start=\"4216\" data-end=\"4241\"><strong data-start=\"4216\" data-end=\"4241\">Vorteile f\u00fcr die Haut<\/strong><\/p>\n<p class=\"\" data-start=\"4243\" data-end=\"4585\">Bohnenextrakt ist reich an Antioxidantien, die die Haut vor Sch\u00e4den durch freie Radikale sch\u00fctzen. Zus\u00e4tzlich wird die Kollagenproduktion angeregt, wodurch die Hautelastizit\u00e4t verbessert wird. Bei t\u00e4glicher Anwendung hilft MIXSOON Bean Essence, Anzeichen der Hautalterung zu reduzieren und die Haut jugendlicher und straffer wirken zu lassen.<\/p>\n<p class=\"\" data-start=\"4587\" data-end=\"4625\"><strong data-start=\"4587\" data-end=\"4625\">Tiefenhydration mit Langzeiteffekt<\/strong><\/p>\n<p class=\"\" data-start=\"4627\" data-end=\"4872\">Dank der einzigartigen Formulierung bleibt die Haut den ganzen Tag \u00fcber mit Feuchtigkeit versorgt. Die Haut f\u00fchlt sich weicher, glatter und sichtbar ges\u00fcnder an. Ideal f\u00fcr trockene oder dehydrierte Haut \u2013 ein Muss in der t\u00e4glichen Pflegeroutine.<\/p>\n<p class=\"\" data-start=\"4874\" data-end=\"4887\"><strong data-start=\"4874\" data-end=\"4887\">Anwendung<\/strong><\/p>\n<p class=\"\" data-start=\"4889\" data-end=\"5142\">Einige Tropfen auf die gereinigte, trockene Haut auftragen und sanft in kreisenden Bewegungen einmassieren. Morgens und abends vor der Feuchtigkeitscreme anwenden. Dank der leichten Textur eignet sich das Produkt auch hervorragend als Make-up-Grundlage.<\/p>\n<p class=\"\" data-start=\"5144\" data-end=\"5182\"><strong data-start=\"5144\" data-end=\"5182\">Warum MIXSOON Bean Essence w\u00e4hlen?<\/strong><\/p>\n<p class=\"\" data-start=\"5184\" data-end=\"5376\">F\u00fcr eine gesunde und strahlende Haut ist Bean Essence die ideale Wahl. Die nat\u00fcrliche Formel mit Bohnenextrakt und Antioxidantien l\u00e4sst die Haut sichtbar j\u00fcnger, glatter und frischer aussehen.<\/p>\n<p class=\"\" data-start=\"5378\" data-end=\"5429\">Folgen Sie uns f\u00fcr alle Neuigkeiten! <a href=\"https:\/\/www.instagram.com\/freeshopswiss\/\" target=\"_blank\" rel=\"noopener\">@freeshopswiss<\/a><\/p>\n","protected":false},"excerpt":{"rendered":"<p>MIXSOON Bean Essence: Die Perfekte Pflege f\u00fcr Ihre Haut Was ist MIXSOON Bean Essence? Bean Essence ist ein innovatives Hautpflegeprodukt mit intensiven feuchtigkeitsspendenden und regenerierenden Eigenschaften. Die konzentrierte Formel ist ideal f\u00fcr alle, die sich eine strahlendere, elastischere und ges\u00fcndere Haut w\u00fcnschen. Eine Essenz mit Tiefenwirkung Dieses konzentrierte Pflegeprodukt nutzt Bohnenextrakt, um die Haut tiefgehend [&hellip;]<\/p>\n","protected":false},"featured_media":9586,"comment_status":"open","ping_status":"closed","template":"","meta":[],"pwb-brand":[299],"product_brand":[],"product_cat":[292,111,546,3769],"product_tag":[419,300,3612],"class_list":{"0":"post-30724","1":"product","2":"type-product","3":"status-publish","4":"has-post-thumbnail","6":"pwb-brand-mixsoon","7":"product_cat-behandlungen","8":"product_cat-fur-sie-de","9":"product_cat-gesichtsbehandlung","10":"product_cat-k-beauty-de","11":"product_tag-behandlungen-de","12":"product_tag-gesichtsbehandlungen","13":"product_tag-k-beauty-de","15":"first","16":"instock","17":"sale","18":"taxable","19":"shipping-taxable","20":"purchasable","21":"product-type-variable"},"brands":[{"id":299,"name":"Mixsoon","slug":"mixsoon"}],"_links":{"self":[{"href":"https:\/\/www.freeshopfrontiera.ch\/de\/wp-json\/wp\/v2\/product\/30724","targetHints":{"allow":["GET"]}}],"collection":[{"href":"https:\/\/www.freeshopfrontiera.ch\/de\/wp-json\/wp\/v2\/product"}],"about":[{"href":"https:\/\/www.freeshopfrontiera.ch\/de\/wp-json\/wp\/v2\/types\/product"}],"replies":[{"embeddable":true,"href":"https:\/\/www.freeshopfrontiera.ch\/de\/wp-json\/wp\/v2\/comments?post=30724"}],"version-history":[{"count":1,"href":"https:\/\/www.freeshopfrontiera.ch\/de\/wp-json\/wp\/v2\/product\/30724\/revisions"}],"predecessor-version":[{"id":30729,"href":"https:\/\/www.freeshopfrontiera.ch\/de\/wp-json\/wp\/v2\/product\/30724\/revisions\/30729"}],"wp:featuredmedia":[{"embeddable":true,"href":"https:\/\/www.freeshopfrontiera.ch\/de\/wp-json\/wp\/v2\/media\/9586"}],"wp:attachment":[{"href":"https:\/\/www.freeshopfrontiera.ch\/de\/wp-json\/wp\/v2\/media?parent=30724"}],"wp:term":[{"taxonomy":"pwb-brand","embeddable":true,"href":"https:\/\/www.freeshopfrontiera.ch\/de\/wp-json\/wp\/v2\/pwb-brand?post=30724"},{"taxonomy":"product_brand","embeddable":true,"href":"https:\/\/www.freeshopfrontiera.ch\/de\/wp-json\/wp\/v2\/product_brand?post=30724"},{"taxonomy":"product_cat","embeddable":true,"href":"https:\/\/www.freeshopfrontiera.ch\/de\/wp-json\/wp\/v2\/product_cat?post=30724"},{"taxonomy":"product_tag","embeddable":true,"href":"https:\/\/www.freeshopfrontiera.ch\/de\/wp-json\/wp\/v2\/product_tag?post=30724"}],"curies":[{"name":"wp","href":"https:\/\/api.w.org\/{rel}","templated":true}]}}