{"id":30821,"date":"2024-12-10T08:16:18","date_gmt":"2024-12-10T08:16:18","guid":{"rendered":"https:\/\/www.freeshopfrontiera.ch\/shop\/la-nuit-de-lhomme-le-parfum\/"},"modified":"2025-05-28T10:00:30","modified_gmt":"2025-05-28T10:00:30","slug":"la-nuit-de-lhomme-le-parfum","status":"publish","type":"product","link":"https:\/\/www.freeshopfrontiera.ch\/de\/shop\/la-nuit-de-lhomme-le-parfum\/","title":{"rendered":"La Nuit de l&#8217;Homme Le Parfum 100ml"},"content":{"rendered":"<p class=\"\" data-start=\"2022\" data-end=\"2112\"><strong data-start=\"2022\" data-end=\"2112\">YSL La Nuit de l\u2019Homme Le Parfum Eau de Parfum: Ein intensiver und faszinierender Duft<\/strong><\/p>\n<p class=\"\" data-start=\"2114\" data-end=\"2446\">Yves Saint Laurent La Nuit de l\u2019Homme Le Parfum ist ein Herrenduft, der Eleganz, Geheimnis und Verf\u00fchrung verk\u00f6rpert. Dieses intensive Parfum richtet sich an M\u00e4nner, die einen unvergesslichen Eindruck hinterlassen wollen. Mit seiner raffinierten und sinnlichen Komposition ist die Le Parfum-Variante ideal f\u00fcr ganz besondere Abende.<\/p>\n<p class=\"\" data-start=\"2448\" data-end=\"2489\"><strong data-start=\"2448\" data-end=\"2489\">Eine Essenz von Eleganz und Geheimnis<\/strong><\/p>\n<p class=\"\" data-start=\"2491\" data-end=\"2867\">La Nuit de l\u2019Homme Le Parfum ist ein Duft, der sofort Aufmerksamkeit erregt. Frische und w\u00fcrzige Noten verbinden sich mit einem floralen Herzen und einer holzigen Basis zu einem perfekten Gleichgewicht. Die Kopfnote aus Kardamom verleiht Frische und Intensit\u00e4t. Im Herzen entfaltet sich Lavendel, w\u00e4hrend die Basisnoten aus Vetiver und Amber dem Duft Tiefe und W\u00e4rme schenken.<\/p>\n<p class=\"\" data-start=\"2869\" data-end=\"2917\"><strong data-start=\"2869\" data-end=\"2917\">Yves Saint Laurent: Ein Symbol f\u00fcr Exzellenz<\/strong><\/p>\n<p class=\"\" data-start=\"2919\" data-end=\"3194\">Yves Saint Laurent steht f\u00fcr h\u00f6chste Qualit\u00e4t in Mode und Parf\u00fcmerie. La Nuit de l\u2019Homme setzt diese Tradition fort und vereint Klasse und Raffinesse. Jedes Detail \u2013 von der Duftkomposition bis hin zur edlen Verpackung \u2013 unterstreicht die Einzigartigkeit des modernen Mannes.<\/p>\n<p class=\"\" data-start=\"3196\" data-end=\"3226\"><strong data-start=\"3196\" data-end=\"3226\">Ideal f\u00fcr besondere Abende<\/strong><\/p>\n<p class=\"\" data-start=\"3228\" data-end=\"3543\">Le Parfum ist die perfekte Wahl f\u00fcr ein romantisches Date oder einen besonderen Anlass. Sein intensiver und umh\u00fcllender Duft macht jeden Moment unvergesslich und verleiht Selbstbewusstsein und Charme. Dank seiner langen Haltbarkeit bleibt der Duft viele Stunden auf der Haut und hinterl\u00e4sst eine unverkennbare Spur.<\/p>\n<p class=\"\" data-start=\"3545\" data-end=\"3554\"><strong data-start=\"3545\" data-end=\"3554\">Fazit<\/strong><\/p>\n<p class=\"\" data-start=\"3556\" data-end=\"3788\">Yves Saint Laurent La Nuit de l\u2019Homme Le Parfum ist ein eleganter Duft f\u00fcr M\u00e4nner, die Intensit\u00e4t, Raffinesse und Verf\u00fchrung suchen. Die Kombination aus Frische, W\u00fcrze und Holz macht ihn zur idealen Wahl f\u00fcr besondere Gelegenheiten.<\/p>\n<p class=\"\" data-start=\"3790\" data-end=\"3827\"><strong data-start=\"3790\" data-end=\"3827\">Folgen Sie all unseren Neuheiten!<\/strong><\/p>\n<p>&#8211;<\/p>\n<p>Verfolgen Sie alle unsere Neuigkeiten! <a href=\"https:\/\/www.instagram.com\/freeshopswiss\/\" target=\"_blank\" rel=\"noopener\">@freeshopswiss<\/a><\/p>\n","protected":false},"excerpt":{"rendered":"<p><em><strong>Yves Saint Laurent La Nuit de l&#8217;Homme Le Parfum <\/strong>ist ein intensives und verf\u00fchrerisches Herrenparf\u00fcm mit frischen, w\u00fcrzigen und holzigen Noten, perfekt f\u00fcr besondere Abende.<\/em><\/p>\n","protected":false},"featured_media":9102,"comment_status":"open","ping_status":"closed","template":"","meta":[],"pwb-brand":[268],"product_brand":[],"product_cat":[84,86,98],"product_tag":[952,254,1642],"class_list":{"0":"post-30821","1":"product","2":"type-product","3":"status-publish","4":"has-post-thumbnail","6":"pwb-brand-yves-saint-laurent","7":"product_cat-duefte","8":"product_cat-fur-ihn-de","9":"product_cat-hohepunkte","10":"product_tag-profumi-de","11":"product_tag-eau-de-parfum-de","12":"product_tag-mens-fragrances-de","14":"first","15":"instock","16":"sale","17":"taxable","18":"shipping-taxable","19":"purchasable","20":"product-type-simple"},"brands":[{"id":268,"name":"Yves Saint Laurent","slug":"yves-saint-laurent"}],"_links":{"self":[{"href":"https:\/\/www.freeshopfrontiera.ch\/de\/wp-json\/wp\/v2\/product\/30821","targetHints":{"allow":["GET"]}}],"collection":[{"href":"https:\/\/www.freeshopfrontiera.ch\/de\/wp-json\/wp\/v2\/product"}],"about":[{"href":"https:\/\/www.freeshopfrontiera.ch\/de\/wp-json\/wp\/v2\/types\/product"}],"replies":[{"embeddable":true,"href":"https:\/\/www.freeshopfrontiera.ch\/de\/wp-json\/wp\/v2\/comments?post=30821"}],"version-history":[{"count":3,"href":"https:\/\/www.freeshopfrontiera.ch\/de\/wp-json\/wp\/v2\/product\/30821\/revisions"}],"predecessor-version":[{"id":31451,"href":"https:\/\/www.freeshopfrontiera.ch\/de\/wp-json\/wp\/v2\/product\/30821\/revisions\/31451"}],"wp:featuredmedia":[{"embeddable":true,"href":"https:\/\/www.freeshopfrontiera.ch\/de\/wp-json\/wp\/v2\/media\/9102"}],"wp:attachment":[{"href":"https:\/\/www.freeshopfrontiera.ch\/de\/wp-json\/wp\/v2\/media?parent=30821"}],"wp:term":[{"taxonomy":"pwb-brand","embeddable":true,"href":"https:\/\/www.freeshopfrontiera.ch\/de\/wp-json\/wp\/v2\/pwb-brand?post=30821"},{"taxonomy":"product_brand","embeddable":true,"href":"https:\/\/www.freeshopfrontiera.ch\/de\/wp-json\/wp\/v2\/product_brand?post=30821"},{"taxonomy":"product_cat","embeddable":true,"href":"https:\/\/www.freeshopfrontiera.ch\/de\/wp-json\/wp\/v2\/product_cat?post=30821"},{"taxonomy":"product_tag","embeddable":true,"href":"https:\/\/www.freeshopfrontiera.ch\/de\/wp-json\/wp\/v2\/product_tag?post=30821"}],"curies":[{"name":"wp","href":"https:\/\/api.w.org\/{rel}","templated":true}]}}