{"id":30849,"date":"2025-01-10T10:33:47","date_gmt":"2025-01-10T10:33:47","guid":{"rendered":"https:\/\/www.freeshopfrontiera.ch\/shop\/born-in-roma-intense\/"},"modified":"2025-01-10T10:33:47","modified_gmt":"2025-01-10T10:33:47","slug":"born-in-roma-intense","status":"publish","type":"product","link":"https:\/\/www.freeshopfrontiera.ch\/de\/shop\/born-in-roma-intense\/","title":{"rendered":"Born in Roma Intense"},"content":{"rendered":"<div class=\"flex-shrink-0 flex flex-col relative items-end\">\n<div>\n<div class=\"pt-0\">\n<div class=\"gizmo-bot-avatar flex h-8 w-8 items-center justify-center overflow-hidden rounded-full\">\n<div class=\"relative p-1 rounded-sm flex items-center justify-center bg-token-main-surface-primary text-token-text-primary h-8 w-8\"><strong>VALENTINO Born in Roma Donna Intense Eau de Parfum: Eleganz und Leidenschaft in einer Flasche<\/strong><\/div>\n<\/div>\n<\/div>\n<\/div>\n<\/div>\n<div class=\"group\/conversation-turn relative flex w-full min-w-0 flex-col agent-turn\">\n<div class=\"flex-col gap-1 md:gap-3\">\n<div class=\"flex max-w-full flex-col flex-grow\">\n<div class=\"min-h-8 text-message flex w-full flex-col items-end gap-2 whitespace-normal break-words text-start [.text-message+&amp;]:mt-5\" dir=\"auto\" data-message-author-role=\"assistant\" data-message-id=\"472162df-1bb2-469f-90bf-b707aecb7d51\" data-message-model-slug=\"gpt-4o-mini\">\n<div class=\"flex w-full flex-col gap-1 empty:hidden first:pt-[3px]\">\n<div class=\"markdown prose w-full break-words dark:prose-invert light\">\n<p><strong>Ein ikonisches und verf\u00fchrerisches Parf\u00fcm<\/strong><br \/>\nVALENTINO Born in Roma Donna Intense Eau de Parfum ist ein Parf\u00fcm, das die Essenz moderner und kultivierter Weiblichkeit einf\u00e4ngt. Mit einer intensiven und einh\u00fcllenden Duftkomposition zelebriert dieses Parf\u00fcm die Eleganz und innere St\u00e4rke der Frau. Sein Duft ist eine perfekte Balance zwischen Frische und W\u00e4rme, ideal f\u00fcr jeden Anlass. Der Duft beginnt mit einer bet\u00f6renden und intensiven Note schwarzer Johannisbeeren, die Frische und Lebendigkeit verleiht. Im Herzen bahnt sich die florale Essenz des Jasmins ihren Weg, ein Symbol f\u00fcr Eleganz und Weiblichkeit. Die Basisnoten hingegen sind gepr\u00e4gt von einer Mischung aus Bourbon-Vanille und Zedernholz, die dem Parf\u00fcm Tiefe und Best\u00e4ndigkeit verleihen. Der Flakon von VALENTINO Born in Roma Donna Intense ist ein wahres Kunstwerk. Die Flasche aus transparentem Glas ist mit eleganten Details verziert, die an den ikonischen Stil des Hauses Valentino erinnern. Seine geschwungene Form und die dunkle Farbe der Fl\u00fcssigkeit spiegeln die Sinnlichkeit und Intensit\u00e4t des enthaltenen Duftes wider. Dieses Parf\u00fcm ist perfekt f\u00fcr die Frau, die auffallen m\u00f6chte. Es ist ein Duft, der eine starke, aber auch romantische und sensible Pers\u00f6nlichkeit zum Ausdruck bringt. VALENTINO Born in Roma Donna Intense ist ideal f\u00fcr den Abend, f\u00fcr besondere Anl\u00e4sse oder f\u00fcr jene Gelegenheiten, bei denen Sie einen unausl\u00f6schlichen Eindruck hinterlassen m\u00f6chten.             <\/p>\n<p>Verfolgen Sie alle unsere Neuigkeiten! <a href=\"https:\/\/www.instagram.com\/freeshopswiss\/\" target=\"_blank\" rel=\"noopener\">@freeshopswiss<\/a><\/p>\n<\/div>\n<\/div>\n<\/div>\n<\/div>\n<\/div>\n<\/div>\n","protected":false},"excerpt":{"rendered":"<p><em><strong>VALENTINO Born in Roma Donna Intense Eau de Parfum<\/strong> ist ein umh\u00fcllender und sinnlicher Duft, der Eleganz und Weiblichkeit ausdr\u00fcckt. Die blumigen und holzigen Noten erzeugen einen intensiven und raffinierten Kontrast, perfekt f\u00fcr die mutige und kultivierte Frau. <\/em><\/p>\n","protected":false},"featured_media":9478,"comment_status":"open","ping_status":"closed","template":"","meta":[],"pwb-brand":[298],"product_brand":[],"product_cat":[84,111],"product_tag":[790,952,254,293],"class_list":{"0":"post-30849","1":"product","2":"type-product","3":"status-publish","4":"has-post-thumbnail","6":"pwb-brand-valentino","7":"product_cat-duefte","8":"product_cat-fur-sie-de","9":"product_tag-womens-fragrances-de","10":"product_tag-profumi-de","11":"product_tag-eau-de-parfum-de","12":"product_tag-frau","14":"first","15":"instock","16":"sale","17":"taxable","18":"shipping-taxable","19":"purchasable","20":"product-type-variable","21":"has-default-attributes"},"brands":[{"id":298,"name":"Valentino","slug":"valentino"}],"_links":{"self":[{"href":"https:\/\/www.freeshopfrontiera.ch\/de\/wp-json\/wp\/v2\/product\/30849","targetHints":{"allow":["GET"]}}],"collection":[{"href":"https:\/\/www.freeshopfrontiera.ch\/de\/wp-json\/wp\/v2\/product"}],"about":[{"href":"https:\/\/www.freeshopfrontiera.ch\/de\/wp-json\/wp\/v2\/types\/product"}],"replies":[{"embeddable":true,"href":"https:\/\/www.freeshopfrontiera.ch\/de\/wp-json\/wp\/v2\/comments?post=30849"}],"version-history":[{"count":0,"href":"https:\/\/www.freeshopfrontiera.ch\/de\/wp-json\/wp\/v2\/product\/30849\/revisions"}],"wp:featuredmedia":[{"embeddable":true,"href":"https:\/\/www.freeshopfrontiera.ch\/de\/wp-json\/wp\/v2\/media\/9478"}],"wp:attachment":[{"href":"https:\/\/www.freeshopfrontiera.ch\/de\/wp-json\/wp\/v2\/media?parent=30849"}],"wp:term":[{"taxonomy":"pwb-brand","embeddable":true,"href":"https:\/\/www.freeshopfrontiera.ch\/de\/wp-json\/wp\/v2\/pwb-brand?post=30849"},{"taxonomy":"product_brand","embeddable":true,"href":"https:\/\/www.freeshopfrontiera.ch\/de\/wp-json\/wp\/v2\/product_brand?post=30849"},{"taxonomy":"product_cat","embeddable":true,"href":"https:\/\/www.freeshopfrontiera.ch\/de\/wp-json\/wp\/v2\/product_cat?post=30849"},{"taxonomy":"product_tag","embeddable":true,"href":"https:\/\/www.freeshopfrontiera.ch\/de\/wp-json\/wp\/v2\/product_tag?post=30849"}],"curies":[{"name":"wp","href":"https:\/\/api.w.org\/{rel}","templated":true}]}}